{"id":252,"date":"2016-05-26T21:20:21","date_gmt":"2016-05-26T21:20:21","guid":{"rendered":"http:\/\/www.la-bussola.it\/?page_id=252"},"modified":"2022-05-09T09:32:47","modified_gmt":"2022-05-09T09:32:47","slug":"startseite","status":"publish","type":"page","link":"https:\/\/www.la-bussola.it\/de\/startseite\/","title":{"rendered":"Startseite"},"content":{"rendered":"<div class=\"welcome-txt\">\n<h1>HERZLICH WILLKOMMEN<\/h1>\n<p><strong>Camping La Bussola liegt direkt am Meer<\/strong>, und hat sowohl die Unterk\u00fcnfte als auch den Campingplatz. Der kleine Pinienwald, der die Anlage vom Meer trennt, macht die Luft gesund. Die Lage ist ausgezeichnet aufgrund der N\u00e4he zu dem Naturschutzgebiet Oasi Lago Salso und den anderen Sehensw\u00fcrdigkeiten.<br \/>\n<strong>Sandstrand<\/strong>: Mit einem direkten Zugang zum Sandstrand und einem sicheren Meer, ist Camping La Bussola der ideale Urlaubsort f\u00fcr Familien mit Kindern. Sie k\u00f6nnen ruhige Ferien ohne Animation verbringen, aber Sie k\u00f6nnen jedenfalls sportliche und soziale Aktivit\u00e4ten mit anderen G\u00e4sten aus\u00fcben.<\/p>\n<\/div>\n<div class=\"clearfix\"><\/div>\n<div class=\"three-box\">\n<div class=\"box\"><a class=\"foto\" href=\"\/alloggi\"><img decoding=\"async\" src=\"\/wp-content\/themes\/labussola\/images\/box_home_camping.jpg\" alt=\"\" \/><\/a><br \/>\n<a class=\"title\" href=\"\/alloggi\/\">Campingurlaub am Meer<\/a><\/p>\n<div class=\"descr\">Il camping &#8220;La Bussola&#8221; sorge sulla riviera sud di Manfredonia. Si trova direttamente sul mare&#8230;<\/div>\n<\/div>\n<div class=\"box\"><a class=\"foto\" href=\"\/ristorante\/\"><img decoding=\"async\" src=\"\/wp-content\/themes\/labussola\/images\/box_home_ristorante.jpg\" alt=\"\" \/><\/a><br \/>\n<a class=\"title\" href=\"\/ristorante\/\">Restaurant: der vielseitige Geschmack Apuliens\u2026und nicht nur!<\/a><\/p>\n<div class=\"descr\">Fiore all\u2019occhiello della nostra cucina sono i frutti di mare crudi, gli antipasti di mare cotti, i saporiti primi realizzati con pasta fresca fatta in casa&#8230;<\/div>\n<\/div>\n<div class=\"box mr0\"><a class=\"foto\" href=\"\/escursioni\"><img decoding=\"async\" src=\"\/wp-content\/themes\/labussola\/images\/box_home_itinerari.jpg\" alt=\"\" \/><\/a><br \/>\n<a class=\"title\" href=\"\/escursioni\/\">Itinerari Gargano e Puglia<\/a><\/p>\n<div class=\"descr\">Der Gargano ist ein Vorgebirge, wo man Ausfl\u00fcge machen kann, um ein wunderbares Land zu erforschen&#8230;<\/div>\n<\/div>\n<\/div>\n<div class=\"clearfix\"><\/div>\n<div class=\"itinerari-box\"><a href=\"\/escursioni\/san-giovanni-rotondo\/\"><img decoding=\"async\" src=\"\/wp-content\/uploads\/2015\/02\/sangiovannirotondo-230x230.jpg\" alt=\"\" \/><br \/>\nSan Giovanni Rotondo<\/a><br \/>\n<a href=\"\/escursioni\/vieste-e-peschici\/\"><img decoding=\"async\" src=\"\/wp-content\/uploads\/2015\/02\/vieste-230x230.jpg\" alt=\"\" \/><br \/>\nVieste und Peschici<\/a><br \/>\n<a href=\"\/escursioni\/monte-santangelo\/\"><img decoding=\"async\" src=\"\/wp-content\/uploads\/2015\/02\/montesantangelo-230x230.jpg\" alt=\"\" \/><br \/>\nMonte Sant&#8217;Angelo<\/a><br \/>\n<a href=\"\/escursioni\/mattinata\/\"><img decoding=\"async\" src=\"\/wp-content\/uploads\/2015\/02\/mattinata-230x230.jpg\" alt=\"\" \/><br \/>\nMattinata<\/a><br \/>\n<a href=\"\/escursioni\/manfredonia-e-siponto\/\"><img decoding=\"async\" src=\"\/wp-content\/uploads\/2015\/02\/manfredonia-230x230.jpg\" alt=\"\" \/><br \/>\nManfredonia und Siponto<\/a><br \/>\n<a class=\"mr0\" href=\"\/escursioni\/castel-del-monte-e-alberobello\/\"><img decoding=\"async\" src=\"\/wp-content\/uploads\/2015\/02\/alberobello-230x230.jpg\" alt=\"\" \/><br \/>\nAlberobello<\/a><\/div>\n","protected":false},"excerpt":{"rendered":"<p>HERZLICH WILLKOMMEN Camping La Bussola liegt direkt am Meer, und hat sowohl die Unterk\u00fcnfte als auch den Campingplatz. Der kleine Pinienwald, der die Anlage vom Meer trennt, macht die Luft gesund. Die Lage ist ausgezeichnet aufgrund der N\u00e4he zu dem<\/p>\n","protected":false},"author":3,"featured_media":0,"parent":0,"menu_order":0,"comment_status":"closed","ping_status":"closed","template":"","meta":{"footnotes":""},"class_list":["post-252","page","type-page","status-publish","hentry"],"_links":{"self":[{"href":"https:\/\/www.la-bussola.it\/de\/wp-json\/wp\/v2\/pages\/252","targetHints":{"allow":["GET"]}}],"collection":[{"href":"https:\/\/www.la-bussola.it\/de\/wp-json\/wp\/v2\/pages"}],"about":[{"href":"https:\/\/www.la-bussola.it\/de\/wp-json\/wp\/v2\/types\/page"}],"author":[{"embeddable":true,"href":"https:\/\/www.la-bussola.it\/de\/wp-json\/wp\/v2\/users\/3"}],"replies":[{"embeddable":true,"href":"https:\/\/www.la-bussola.it\/de\/wp-json\/wp\/v2\/comments?post=252"}],"version-history":[{"count":0,"href":"https:\/\/www.la-bussola.it\/de\/wp-json\/wp\/v2\/pages\/252\/revisions"}],"wp:attachment":[{"href":"https:\/\/www.la-bussola.it\/de\/wp-json\/wp\/v2\/media?parent=252"}],"curies":[{"name":"wp","href":"https:\/\/api.w.org\/{rel}","templated":true}]}}