{"id":253,"date":"2016-05-26T21:16:21","date_gmt":"2016-05-26T21:16:21","guid":{"rendered":"http:\/\/www.la-bussola.it\/?page_id=253"},"modified":"2022-05-09T09:23:41","modified_gmt":"2022-05-09T09:23:41","slug":"camp-beschreibung-und-buchungsart","status":"publish","type":"page","link":"https:\/\/www.la-bussola.it\/de\/camp-beschreibung-und-buchungsart\/","title":{"rendered":"Camp-Beschreibung und Buchungsart"},"content":{"rendered":"<p><strong>Unterkunftsbeschreibung<\/strong><\/p>\n<p>Camping La Bussola hat 200 Betten und 50 Unterk\u00fcnfte: kleine Villen, kleine Wohnungen, gemauerte Bungalows, Holzcottages, Mansarden und Wohnwagen. Alle sind schlicht und funktional und haben Au\u00dfenr\u00e4ume, wie z.B. Garten, Veranda, Terrasse oder Balkon. Au\u00dferdem sind sie ganz und sachlich eingerichtet und sie sind mit 19 Zoll Fernsehen und Bettw\u00e4sche ausgestattet. Die Kochnische besteht aus Einbauk\u00fcche mit vier Kochplatten (zwei Kochplatten in Unterk\u00fcnften mit 2 Betten), 140 Lt K\u00fchlschrank (au\u00dfer der Unterkunft N1, wo das Fassungsverm\u00f6gen f\u00fcr die Personenanzahl angemessen ist), Geschirr und T\u00f6pfen aus Edelstahl, Besteck, Mokka und alles ist f\u00fcr die Personenanzahl angemessen. Um die Unterkunft zu putzen, gibt es die Hauptwerkzeuge. Das Warmwasser, das vor allem \u00fcber Sonnenkollektoren erzeugt wird, wird in aller Unterk\u00fcnften und Anlagen versorgt. Das Wasser ist trinkbar und es wird von Acquedotto Pugliese (Wasserleitung) versorgt (es gibt keinen Brunnen).<\/p>\n<p><strong><span style=\"text-decoration: underline;\">EINZIMMERWOHNUNGEN MIT 2 BETTEN<\/span><\/strong><\/p>\n<p><span style=\"text-decoration: underline;\">Einzimmerwohnung &#8220;D&#8221; (Mansarde)- 2 Betten<\/span><\/p>\n<p>Kleine Einzimmerwohnung f\u00fcr 2 Personen (12 m2) + Balkon, billig und f\u00fcr Jugendlichen geeignet. Sie ist mit Doppelbett, Kochnische, kleinem Bad mit WC, Waschbecken und bodengleicher Dusche ausgestattet. Sie ist an andere Wohnungen angebaut und liegt im zweiten Stockwerk vom alten Bauernhof (Sciale). Es gibt keinen Lift. Sie ist durch zwei Treppen (30 Stufen) erreichbar. Entfernung vom Strand: 300 m.<\/p>\n<p><span style=\"text-decoration: underline;\">Kleine Villa &#8220;N 4&#8221;- 2 Betten<\/span><\/p>\n<p>Kleine Einzimmerwohnung f\u00fcr 2 Personen im Erdgeschoss (12 m2 + 8 m2 eingez\u00e4unter Innenhof). Sie ist billig und f\u00fcr Jugendlichen geeignet. Sie ist mit Klimaanlage, Doppelbett, Kochnische, kleinem Bad mit WC, Waschbecken und Au\u00dfenduschkabine im Innenhof ausgestattet. Die Wohnung ist unabh\u00e4ngig. Entfernung vom Strand: 250 m.<\/p>\n<p><span style=\"text-decoration: underline;\">\u00a0<\/span><\/p>\n<p><strong><span style=\"text-decoration: underline;\">EINZIMMERWOHNUNGEN MIT 4 BETTEN<\/span><\/strong><\/p>\n<p><span style=\"text-decoration: underline;\">Einzimmerwohnung \u201eA\u201c- 4 Betten<\/span><\/p>\n<p>K\u00fcrzlich Renovierter gemauerter Reihenbungalow mit Holzdecke f\u00fcr 4 Personen (18 m2 + 12 m2 Innenhof). Wanddoppelbett, vom Stockbett trennende Faltt\u00fcr, Kochnische, Bad mit WC, Waschbecken und bodengleicher Dusche mit Handbrause. Entfernung vom Strand: von 80 m bis 200 m.<\/p>\n<p><span style=\"text-decoration: underline;\">Einzimmerwohnungen &#8220;B&#8221; und &#8220;C&#8221;- 4\/5 Betten<\/span><\/p>\n<p>K\u00fcrzlich Renovierter gemauerter Bungalow mit Holzdecke f\u00fcr 4-5 Personen (23 m2 + 12 m2 Innenhof). Wanddoppelbett, vom Stockbett trennende Faltt\u00fcr, f\u00fcnftes Bett auf Anfrage (Klappbett), Kochnische, Bad mit WC, Waschbecken und bodengleicher Dusche mit Handbrause. Die Wohnung ist einzeln (Bungalow \u201eB\u201c) oder an den Bungalow \u201eC\u201c angebaut. <span class=\"Y2IQFc\" lang=\"de\">Einige von ihnen sind mit einer Klimaanlage ausgestattet. <\/span>Entfernung vom Strand: von 100 m bis 200 m.<\/p>\n<p><span style=\"text-decoration: underline;\">Kleine Villa &#8220;N 3&#8221;- 4 Betten<\/span><\/p>\n<p>Einzimmerwohnung f\u00fcr 4 Personen (20 m2 + 30 m2 Garten). Zimmer mit Doppelbett und einer beweglichen Trennwand f\u00fcr das Stockbett; Kochnische; Bad mit WC, Waschbecken, Dusche mit Handbrause. Es gibt einen Kamin f\u00fcr den Winter. Die Wohnung ist unabh\u00e4ngig, auch wenn sie an andere Wohnungen angebaut ist. Entfernung vom Strand: 250 m.<\/p>\n<p><strong><span style=\"text-decoration: underline;\">ZWEIZIMMERWOHNUNGEN &#8220;E&#8221;, &#8220;F&#8221;, &#8220;G&#8221;, &#8220;H&#8221;, &#8220;L&#8221; MIT 4\/6 BETTEN<\/span><\/strong><\/p>\n<p><span style=\"text-decoration: underline;\">Zweizimmerwohnung &#8220;E&#8221; (Mansarde)- 4\/6 Betten<\/span><\/p>\n<p>Zweizimmerwohnung f\u00fcr 4 Personen (20 m2 + 10 m2 gedeckte Terrasse). Doppelbettzimmer, Wohnzimmer mit Stockbett und Kochnische, Bad mit Duschkabine, WC, Waschbecken und Bidet. Sie ist an andere Wohnungen angebaut und liegt im zweiten Stockwerk vom alten Bauernhof (Sciale). Es gibt keinen Lift. Sie ist durch zwei Treppen (30 Stufen) erreichbar. Entfernung vom Strand: 300 m.<\/p>\n<p><span style=\"text-decoration: underline;\">Zweizimmerwohnung &#8220;F&#8221;- 4\/6 Betten<\/span><\/p>\n<p>Kleine Zweizimmerwohnung f\u00fcr 4-6 Personen (28 m2 + 10 m2 gedeckter Innenhof). Doppelbettzimmer, Wohnzimmer mit einem oder zwei Stockbetten (umbaubar in 2 Doppelbetten), Kochnische, Bad mit bodengleicher Dusche, WC, Bidet, Waschbecken. Die Wohnung ist an die Mansarden und den Restaurant angebaut und liegt im Erdgeschoss vom alten Bauernhof (Sciale). Entfernung vom Strand: 300 m.<\/p>\n<p><span style=\"text-decoration: underline;\">Zweizimmerwohnung &#8220;G&#8221; &#8211; 4\/6 Betten<\/span><\/p>\n<p>Kleine Zweizimmerwohnung f\u00fcr 4-6 Personen im Hochparterre (28 m2 + 10 m2 Innenhof oder weite gedeckte Terrasse). Doppelbettzimmer, Wohnzimmer mit einem oder zwei Stockbetten (umbaubar in 2 Doppelbetten), Kochnische, Bad mit bodengleicher Dusche, WC, Bidet und Waschbecken. Die Wohnung ist an die Mansarden und den Restaurant angebaut und liegt im alten Bauernhof (Sciale), einen Stock h\u00f6heren als die Wohnung \u201eF\u201c. Sie ist durch eine Treppe erreichbar. Entfernung vom Strand: 300 m.<\/p>\n<p><span style=\"text-decoration: underline;\">Zweizimmerwohnung &#8220;H&#8221; &#8211; 4 Betten<\/span><\/p>\n<p>Kleine Zweizimmerwohnung mit Klimaanlage f\u00fcr 4 Personen (22 m2 + 18 m2 v\u00f6llig eingez\u00e4unter Innenhof). Doppelbettzimmer, Zimmer mit Stockbett und Kochnische, <span class=\"Y2IQFc\" lang=\"de\">Klimaanlage, <\/span>Bad mit Waschbecken, WC, Bidet, Duschkabine. Es geht um zwei angebaute Wohnungen. Entfernung vom Strand: 80 m.<\/p>\n<p><span style=\"text-decoration: underline;\">Cottage &#8220;L&#8221; &#8211; 4\/6 Betten<\/span><\/p>\n<p>K\u00fcrzlich renovierte und isolierte Zweizimmerwohnung aus Holz (32 m2 + 20 m2 Innenhof). Doppelbettzimmer mit Stockbett und einer Schiebet\u00fcr zwischen den beiden Betten, Wohnzimmer mit Stockbett und Kochnische, <span class=\"Y2IQFc\" lang=\"de\">Klimaanlage,\u00a0<\/span>Bad mit Duschkabine, WC und Waschbecken. Die Wohnung ist unabh\u00e4ngig. Entfernung vom Strand: 100 m.<\/p>\n<p><span style=\"text-decoration: underline;\">\u00a0<\/span><\/p>\n<p><strong><span style=\"text-decoration: underline;\">DREIZIMMERWOHNUNGEN &#8220;M&#8221;, &#8220;N 2&#8221;, &#8220;N 5&#8221;<\/span><\/strong><\/p>\n<p><span style=\"text-decoration: underline;\">Cottage &#8220;M&#8221; &#8211; 4 Betten<\/span><\/p>\n<p>K\u00fcrzlich renovierte und isolierte Dreizimmerwohnung (26 m2 + 8 m2 Innenhof). Doppelbettzimmer, Zimmer mit Stockbett, kleine Wohnzimmer mit Kochnische, Bad mit Duschkabine, WC und Waschbecken. Die Wohnung ist an ein anderes Cottage angebaut. Entfernung vom Strand: 200 m.<\/p>\n<p><span style=\"text-decoration: underline;\">Kleine Villa &#8220;N 2&#8221; &#8211; 6\/8 Betten<\/span><\/p>\n<p>Dreizimmerwohnung mit Klimaanlage (40 m2 + 35 m2 eingez\u00e4unter Garten; es ist m\u00f6glich, ein oder zwei Stockbetten in einem einzigen Zimmer hinzuzuf\u00fcgen). Vorraum, Bad mit Duschkabine, WC, und Waschbecken, Au\u00dfenduschkabine und Au\u00dfenwaschbecken. Die K\u00fcche und das gemauerten Barbecue liegen im Garten, wo man unter einer gedeckten Veranda essen kann. Die Wohnung ist unabh\u00e4ngig, auch wenn sie an andere Wohnungen angebaut ist. Entfernung vom Strand: 250 m.<\/p>\n<p><span style=\"text-decoration: underline;\">Kleine Villa &#8220;N 5&#8221; &#8211; 4\/5 Betten<\/span><\/p>\n<p>Dreizimmerwohnung von 30 m2 + 6 m2 Innenhof. Zwei Zimmer mit Doppelbett, Wohnzimmer mit Kochnische (f\u00fcnftes Klappbett, sofern m\u00f6glich), Bad (WC, bodengleiche Dusche mit Handbrause), Klimaanlage. Die Wohnung ist unabh\u00e4ngig. Entfernung vom Strand: 300 m.<\/p>\n<p><strong><span style=\"text-decoration: underline;\">VIERZIMMERWOHNUNG &#8220;N 1&#8221;<\/span><\/strong><\/p>\n<p><span style=\"text-decoration: underline;\">Villa &#8220;N 1&#8221; &#8211; 8\/10 Betten<\/span><\/p>\n<p>Vierzimmerwohnung mit Klimaanlage von 80 m2 + 25 m2 Innenhof + 300 m2 v\u00f6llig eingez\u00e4unter Privatgarten mit gemauertem Barbecue. Doppelbettzimmer, ein anderes aus dem weiten Salon gewonnenes Doppelbettzimmer mit Schiebefaltt\u00fcr, Zimmer mit Stockbett (umbaubar in Doppelbett), Wohnzimmer mit einem oder zwei Stockbetten, K\u00fcche, zwei unabh\u00e4ngige B\u00e4der mit Dusche, Waschbecken, WC und Bidet. Die Wohnung ist unabh\u00e4ngig, auch wenn sie an andere Wohnungen angebaut ist. Entfernung vom Strand: 200 m.<\/p>\n<p><strong><span style=\"text-decoration: underline;\">WOHNWAGEN &#8220;P&#8221;<\/span><\/strong><\/p>\n<p>Die Wohnwagen, mit 4 Betten (P1) oder mit 2 Einzelbetten (P2) sind mit Laube und Au\u00dfenkochnische, K\u00fchlschrank, Geschirr, Tisch mit St\u00fchlen und Kissen ausgestattet. Sie haben kein Bad aber sie sind in der N\u00e4he von unseren Anlagen, die Warmwasser kostenlos versorgen. Entfernung vom Strand: 80 m.<\/p>\n<hr \/>\n<p><em><strong>Aufenthaltsdauer<\/strong><\/em><br \/>\nDas Startdatum und die Dauer des Aufenthalts sind sowohl f\u00fcr das Dorf als auch f\u00fcr den Campingplatz kostenlos.<\/p>\n<p><em><strong>Check-in<\/strong><\/em><br \/>\nSie k\u00f6nnen ab 16 Uhr am Anreisetag einchecken und Sie m\u00fcssen bis 10 Uhr am Abreisetag auschecken. Wenn Sie, sofern m\u00f6glich, die Unterkunft vor 16 Uhr m\u00f6chten, k\u00f6nnen Sie gegen dem fehlenden Aufr\u00e4umen nichts einwenden.<br \/>\nDie Camper k\u00f6nnen den ganzen Tag mit Ausnahme von Ruhestunden (von 14 Uhr bis 16 Uhr und von 23 Uhr bis 7:30 Uhr) im Campingplatz eintreten.<\/p>\n<p><strong><em>Aufenthaltspreis<\/em><\/strong><br \/>\nDie Aufenthaltspreise beziehen sich auf Wochenaufenthalte und umfassen Unterkunft, Personen, Wasser-, Strom- und Gasverbrauch, Bettw\u00e4sche und einen reservierten Parkplatz pro Unterkunft (zwei f\u00fcr N1).<br \/>\nUnter der Preislisten der verschieden Angeboten gibt es alle Extrainformationen und Extrapreise.<br \/>\nDie am Anreisetag angegebene Personenanzahl wird f\u00fcr die Gesamtdauer des Aufenthalts ber\u00fccksichtigt. Keine Abwesenheit wird in Betracht gezogen. Extrapersonen k\u00f6nnen keinen Aufenthalt ohne die Genehmigung der Leitung, die die Zuzahlung entscheiden wird, nehmen.<\/p>\n<p><strong><em>Preislisten und interne Regelung<\/em><\/strong><br \/>\nDie vorliegenden Regeln und Preislisten, zusammen mit der internen Regelung, k\u00f6nnen von der Webseite heruntergeladen werden. Sie sind auch an unseren schwarzen Brettern angeschlagen und m\u00fcssen von unseren G\u00e4sten gekannt und eingewilligt werden. Lesen Sie bitte die Regelung und halten Sie sich an diese. Auf Anfrage kann sie im Voraus in Papierform versendet werden.<\/p>\n<p><strong><em>Verg\u00fcnstigungen und Vereinbarungen<\/em><\/strong><\/p>\n<p><em>Verg\u00fcnstigungen:<\/em><\/p>\n<ul>\n<li>\u00a0<em>Langaufenthalt<\/em>: Erm\u00e4\u00dfigung von 10% auf der zweiten Woche und von 20% auf der dritten Wochen oder den folgenden Wochen bei Aufenthalten von mindestens 3 Wochen. Die Erm\u00e4\u00dfigung betrifft die billigen Wochen und ist mit anderen Verg\u00fcnstigungen kombinierbar;<\/li>\n<li>\u00a0<em>Senioren<\/em>: kombinierbare Erm\u00e4\u00dfigung von 5% auf dem Gesamtbetrag f\u00fcr den Aufenthalt f\u00fcr Personen ab 65 Jahren, die eine Vereinbarung mit unserem Restaurant haben;<\/li>\n<li>\u00a0<em>Bei Aufenthalten von mindestens einer Woche<\/em>, kostenloser Strandservice (Sonnenschirm und 2 Liegebetten). Die Pl\u00e4tze werden von der Direktion und nach Verf\u00fcgbarkeit angewiesen;<\/li>\n<li>\u00a0<em>Stellplatzreservierung mit einer Vorauszahlung des Gesamtbetrags f\u00fcr den Aufenthalt<\/em>: kombinierbare Erm\u00e4\u00dfigung von 10%;<\/li>\n<li>Campingpl\u00e4tze \u00fcber 5 Tage 5% Rabatt auf die Aufenthaltskosten.<\/li>\n<\/ul>\n<p><em>Vereinbarungen:<\/em><\/p>\n<ul>\n<li>Mitglieder von Touring Club und Unicredito = Erm\u00e4\u00dfigung von 10% auf dem Gesamtbetrag f\u00fcr den Aufenthalt;<\/li>\n<li>Expocaravanclub, Federcampeggio, Plein Air, usw. = Erm\u00e4\u00dfigung von 5% auf dem Gesamtbetrag f\u00fcr die Unterkunft.<\/li>\n<\/ul>\n<p><strong><em>Fakultative Kosten<\/em><\/strong><br \/>\n&#8211; W\u00e4scherei und B\u00fcglerei: \u20ac 5 pro Waschgang (5 Kg);<br \/>\n&#8211; Wiege: \u20ac30 pro Woche (bei Buchung anzufordern);<br \/>\n&#8211; Tennisplatz: Einzelplatz \u20ac10 pro Stunde, Doppelplatz \u20ac15 pro Stunde;<br \/>\n&#8211; Hallenfu\u00dfballplatz (max. 10 Spieler): \u20ac30 pro Stunde;<br \/>\n&#8211; Nachtbeleuchtung von Tennis &#8211; oder Hallenfu\u00dfballplatz: \u20ac3 pro Stunde;<br \/>\n&#8211; Klimaanlage (verf\u00fcgbar in Unterk\u00fcnfte \u201cB1\u201d, \u201cD1\u201d, \u201cH 1\u201d,\u201cL1\u201d, \u201cN2\u201d, \u201cN4\u201d, \u201cN5\u201d, \u201cC1\u201d e \u201cC4\u201d): \u20ac30 pro Woche.<\/p>\n<p><strong><em>Zahlungs &#8211; und Buchungsart<br \/>\n<\/em><\/strong>Die \u00dcbernachtungsvorschl\u00e4ge gelten bis zu ihrer Verf\u00fcgbarkeit als g\u00fcltig. Diese werden erst nach Zahlung der Kaution des Mitunterzeichners (30% der Gesamtkosten des Aufenthalts) endg\u00fcltig reserviert, die in jedem Fall f\u00fcr den gesamten Betrag zur\u00fcckerstattet wird, wenn dies der Fall ist Aufgrund der Pandemie.<\/p>\n<p>Verwenden Sie f\u00fcr die von der Bank gezahlte Anzahlung die folgenden Referenzen: IBAN IT48 X054 2478 4500 0000 1001385 (bei \u00dcberweisung aus dem Ausland auch BIC: BPBAIT3BXXX) Banca Popolare di Bari, Zweigstelle Manfredonia.<\/p>\n<p><strong><em>Unterkunftskaution<\/em><\/strong><br \/>\nAm Anreisetag, zusammen mit dem Restbetrag, muss eine Kaution von \u20ac100 bezahlen werden. Diese Kaution wird am Ende des Aufenthalts, bei der Schl\u00fcsselr\u00fcckgabe und nach der Unterkunftskontrolle vonseiten unseres Personals, zur\u00fcckgegeben. Wenn die Unterkunft nicht geputzt ist oder es Sch\u00e4den gibt (vor allem bez\u00fcglich der Fliegengitter), werden wir einen Pauschalbetrag von der Kaution abrechnen. Wenn Sie w\u00e4hrend der Schlie\u00dfungszeit von Rezeption abreisen und unser Personal keine Kontrolle machen kann, geben wir Ihnen die Kaution im Nachhinein per Postanweisung oder Bank\u00fcberweisung zur\u00fcck. Die am Anreisetag oder w\u00e4hrend des Aufenthalts bemerkten Sch\u00e4den, Unregelm\u00e4\u00dfigkeiten und M\u00e4ngel m\u00fcssen sofort gemeldet werden.<\/p>\n<p><em><strong>Verzichte<\/strong><\/em><br \/>\nWir ber\u00fccksichtigen nur die Absagen oder die Verzichte, die per Telegramm, Fax, Einschreiben oder E-Mail gesendet werden. Wenn die Absage bis 7 Tagen vor dem Aufenthaltsbeginn gemacht wird, wird die Best\u00e4tigungsanzahlung mit einer Abrechnung von 10% f\u00fcr die Verwaltungskosten zur\u00fcckgegeben. Nach dieser Frist k\u00f6nnen Sie eine andere Aufenthaltszeit ausw\u00e4hlen, ansonsten verlieren Sie die bezahlte Best\u00e4tigungsanzahlung. Wenn Sie auf den Aufenthalt freiwillig verzichten oder im Fall von kurzem Aufenthalt wegen versp\u00e4teter Anreise, vorzeitiger Abreise usw., werden Sie nicht zur\u00fcckgezahlt sein.<\/p>\n<p><strong><em>Beschwerden<\/em><\/strong><br \/>\nBei Buchung fordern Sie bitte detaillierte Informationen an, um sicher zu sein, dass unser Camp Ihre Erwartungen erf\u00fcllt. Die am Anreisetage gemachten Beschwerden \u00fcber unsere Anlage, unsere Unterk\u00fcnfte, usw., befreien Sie nicht von der Restbetragszahlung. Unser Personal tut sein Bestes, um Ihre Urlaub angenehm zu machen. Setzen Sie sich bitte in Verbindung mit der Direktion, wenn Sie Probleme haben.<\/p>\n<p><strong><em>G\u00e4ste<\/em><\/strong><br \/>\nDie Besuche der Freunde und Verwandten von unseren G\u00e4sten sind oft eine Diskussionsbasis, da sie die Nachbarn st\u00f6ren. Deshalb m\u00fcssen diese Besuche von der Direktion genehmigt werden und sie sind von 8 Uhr bis 23:30 Uhr zugelassen. Aufgrund der Buchung m\u00fcssen Ihre G\u00e4ste die Ausweispapiere bei der Rezeption abgeben und wenn sie mehr als eine Stunde bleiben, m\u00fcssen sie einen Tagessatz von \u20ac10 f\u00fcr den ersten Gast (der Stellplatz f\u00fcr ein Auto oder ein Motorrad im Strandparkplatz ist eingeschlossen) und von \u20ac3 f\u00fcr jeden Extragast, einschlie\u00dflich Kinder ab 3 Jahren, zahlen. F\u00fcr G\u00e4ste ohne Kraftfahrzeug: Erm\u00e4\u00dfigung von \u20ac4.<br \/>\nAlle G\u00e4ste m\u00fcssen sich an unsere interne Regelung anhalten.<\/p>\n<p><strong><em>Kraftfahrzeuge: Verkehr und Parkplatz<\/em><\/strong><br \/>\nW\u00e4hrend der Ruhestunden (von 14 Uhr bis 16 Uhr und von 23:30 Uhr bis 7:30 Uhr) ist der Fahrzeugverkehr innerhalb des Camps verboten. Von 30. Juni bis 1. September sind der Zugang und der Verkehr von Motorfahrzeugen innerhalb unserer Anlage verboten \u0336 mit der Ausnahme von Anreise und Abreise, um die Koffer zu laden und abzuladen oder die Unterbringung den Campern zu erleichtern, und von Servicefahrzeugen und Fahrr\u00e4dern. In diesem Zeitraum, f\u00fcr jede Wohnung oder jeden Camper mit Fahrzeug, wird ein reservierter Stellplatz im Parkplatz oder in der N\u00e4he von den Unterk\u00fcnften angewiesen. F\u00fcr jedes Extraauto oder Extramotorrad gibt es einen Tagessatz von \u20ac3,50 (Auto) und \u20ac2,50 (Motorrad).<\/p>\n<p><strong><em>Haustiere<\/em><\/strong><br \/>\nHaustiere sind zugelassen, aber sie m\u00fcssen bei der Buchung oder am Anreisetag (nur f\u00fcr Camper) gemeldet werden. Sie m\u00fcssen den Impfschein haben. Innerhalb des Camps m\u00fcssen sie immer an der Leine, und mit dem Maulkorb (wenn n\u00f6tig), gehalten werden. Sie k\u00f6nnen am Strand anhalten und in von der Direktion entschiedenen Zonen baden. In den Zeiten E, F, G, H, I ist der Wochenpreis von \u20ac30 f\u00fcr den Hund und \u20ac20 f\u00fcr die Katze. F\u00fcr Camper, wie in der Tabelle dargestellt.<\/p>\n<p><strong><em>Dienste und Strand<\/em><\/strong><br \/>\nCamping La Bussola hat zwei Caf\u00e9s, Restaurant-Pizzeria mit Holzofen, kleine Verkaufsstelle am Strand, wo Sie abgepackte Produkte einkaufen k\u00f6nnen. Jeden Tag k\u00f6nnen Sie frische Bedarfslebensmittel (unauffindbar beim Strand) bestellen und im Nachhinein abholen.<br \/>\nDer Waschsalon und die B\u00fcglerei stehen zur Verf\u00fcgung.<br \/>\nAu\u00dferdem gibt es einen weiten Privatsandstrand, der mit Sanit\u00e4ranlagen, Warm- und Kaltdusche, kostenpflichtigem Teil mit Sonnenschirmen, Liegest\u00fchlen und Liegebetten, kostenlosem Teil ausgestattet ist. Die Badeaufsicht steht zur Verf\u00fcgung.<\/p>\n<p><strong><em>Sportliche Aktivit\u00e4ten und Unterhaltung<\/em><\/strong><br \/>\nPl\u00e4tze f\u00fcr Tennis, Hallenfu\u00dfball, Beachvolley, Beachsoccer, Tischtennis, Tischfu\u00dfball, Boccia und Darts stehen zur Verf\u00fcgung. Au\u00dferdem k\u00f6nnen Sie die Ausr\u00fcstung f\u00fcr diese Sporte leihen oder kaufen.<br \/>\nDer Spielplatz liegt am Strand und ist immer offen mit einem freien Zugang.<br \/>\nKeine Zahlung f\u00fcr Clubkarte.<\/p>\n<p><strong><em>Sonstiges<\/em><\/strong><br \/>\nSt\u00e4dtische Verkehrsmittel verbinden das Camp mit Manfredonia und dem Gesch\u00e4ftszentrum \u201eCentro Commerciale Gargano\u201c mit festen Zeiten, die an unseren schwarzen Brettern angeschlagen sind. Au\u00dferdem verbindet ein billiges Taxiservice den Bahnhof mit unserem Camp.<br \/>\nAuf Reservierung steht ein Shuttlebusservice zur Verf\u00fcgung: Bestimmungsorte, Preise, Art und Weise sind zu vereinbaren.<br \/>\nDie \u00e4rztliche Betreuung findet im Krankenhaus von Manfredonia statt, wo es eine neuzeitliche und ausgestattete Notaufnahme gibt. Ansonsten k\u00f6nnen Sie Privat\u00e4rzte auf Ihrer Kosten kontaktieren.<br \/>\nUnsere Anlage liegt in einem der wichtigsten Feuchtgebiete Europas, ein Ziel f\u00fcr Vogelbeobachter aus aller Welt. Manchmal, in der D\u00e4mmerung und f\u00fcr kurze Zeit, k\u00f6nnte es die M\u00fccken geben. Wappnen Sie sich bitte gegen M\u00fccken.<br \/>\nWenn es Unterschiede zwischen den italienischen Text und der \u00dcbersetzung in anderen Sprachen in Bezug auf Preislisten und Aufenthaltsart gibt, gilt der italienische Text.<\/p>\n","protected":false},"excerpt":{"rendered":"<p>Unterkunftsbeschreibung Camping La Bussola hat 200 Betten und 50 Unterk\u00fcnfte: kleine Villen, kleine Wohnungen, gemauerte Bungalows, Holzcottages, Mansarden und Wohnwagen. Alle sind schlicht und funktional und haben Au\u00dfenr\u00e4ume, wie z.B. Garten, Veranda, Terrasse oder Balkon. Au\u00dferdem sind sie ganz und<\/p>\n","protected":false},"author":3,"featured_media":0,"parent":0,"menu_order":0,"comment_status":"closed","ping_status":"closed","template":"","meta":{"footnotes":""},"class_list":["post-253","page","type-page","status-publish","hentry"],"_links":{"self":[{"href":"https:\/\/www.la-bussola.it\/de\/wp-json\/wp\/v2\/pages\/253","targetHints":{"allow":["GET"]}}],"collection":[{"href":"https:\/\/www.la-bussola.it\/de\/wp-json\/wp\/v2\/pages"}],"about":[{"href":"https:\/\/www.la-bussola.it\/de\/wp-json\/wp\/v2\/types\/page"}],"author":[{"embeddable":true,"href":"https:\/\/www.la-bussola.it\/de\/wp-json\/wp\/v2\/users\/3"}],"replies":[{"embeddable":true,"href":"https:\/\/www.la-bussola.it\/de\/wp-json\/wp\/v2\/comments?post=253"}],"version-history":[{"count":0,"href":"https:\/\/www.la-bussola.it\/de\/wp-json\/wp\/v2\/pages\/253\/revisions"}],"wp:attachment":[{"href":"https:\/\/www.la-bussola.it\/de\/wp-json\/wp\/v2\/media?parent=253"}],"curies":[{"name":"wp","href":"https:\/\/api.w.org\/{rel}","templated":true}]}}