{"id":254,"date":"2016-05-26T21:18:53","date_gmt":"2016-05-26T21:18:53","guid":{"rendered":"http:\/\/www.la-bussola.it\/?page_id=254"},"modified":"2025-01-15T16:13:40","modified_gmt":"2025-01-15T16:13:40","slug":"unterkunfte","status":"publish","type":"page","link":"https:\/\/www.la-bussola.it\/de\/unterkunfte\/","title":{"rendered":"Unterk\u00fcnfte"},"content":{"rendered":"<p>Km von der Stadt. Der Boden ist eben und dadurch geeignet, um Fahrrad zu fahren. Er ist von Hochstammb\u00e4umen (Eukalyptus, Schmalbl\u00e4ttrige \u00d6lweide, See-Kiefer, Aleppo-Kiefer, Weidenblatt-Akazie, Pappel, Eiche, usw.) beschattet.<br \/>\nDie Unterk\u00fcnfte sind eingerichtet und ausgestattet mit: Bad mit Dusche, Kochnische, Fernsehen, Minibar, <span class=\"Y2IQFc\" lang=\"de\">einige mit Klimaanlage, <\/span>reserviertem Parkplatz.<br \/>\nDie Meeres- und Sonnenfreunde verf\u00fcgen \u00fcber einen weiten Sandstrand von etwa 200 m, der teilweise frei und teilweise ausgestattet ist.<br \/>\nDas leicht abfallende Meer ist sicher und f\u00fcr Kinder geeignet. Camping La Bussola ist der ideale Urlaubsort f\u00fcr Familien, die ruhige Ferien hier verbringen k\u00f6nnen.<\/p>\n<p style=\"text-align: center;\"><strong>ANGEBOT &#8220;RESIDENCE&#8221; <\/strong><\/p>\n<p><strong>SAISONALE ZEITEN: <\/strong><\/p>\n<p><strong>A)<\/strong> 15.03 &#8211; 23.05<\/p>\n<p><strong>B)<\/strong> 24.05 &#8211; 6.06<\/p>\n<p><strong>C)<\/strong> 7.06 &#8211; 13.06<\/p>\n<p><strong>D)<\/strong> (Ostern) 18.04 &#8211; 23.04<\/p>\n<p><strong>D)<\/strong> 14.06 &#8211; 20.06 | 27.09 &#8211; 31.10<\/p>\n<p><strong>E)<\/strong> 21.06 &#8211; 4.07 | 30.08 \u2013 26.09<\/p>\n<p><strong>F)<\/strong> 5.07 &#8211; 11.07<\/p>\n<p><strong>G)<\/strong> 12.07 &#8211; 18.07<\/p>\n<p><strong>H)<\/strong> 19.07 &#8211; 1.08<\/p>\n<p><strong>I)<\/strong> 2.08 &#8211; 29.08<\/p>\n<p>UNTERKUNFTSPREIS PRO WOCHE<\/p>\n<table class=\"tbl\" border=\"0\" width=\"100%\" cellspacing=\"1\" cellpadding=\"0\">\n<tbody>\n<tr>\n<td class=\"title\" align=\"center\" bgcolor=\"#087dc2\" width=\"19%\">UNTERKUNFT<\/td>\n<td class=\"title\" align=\"center\" bgcolor=\"#087dc2\" width=\"9%\">A<\/td>\n<td class=\"title\" align=\"center\" bgcolor=\"#087dc2\" width=\"9%\">B<\/td>\n<td class=\"title\" align=\"center\" bgcolor=\"#087dc2\" width=\"9%\">C<\/td>\n<td class=\"title\" align=\"center\" bgcolor=\"#087dc2\" width=\"9%\">D<\/td>\n<td class=\"title\" align=\"center\" bgcolor=\"#087dc2\" width=\"9%\">E<\/td>\n<td class=\"title\" align=\"center\" bgcolor=\"#087dc2\" width=\"9%\">F<\/td>\n<td class=\"title\" align=\"center\" bgcolor=\"#087dc2\" width=\"9%\">G<\/td>\n<td class=\"title\" align=\"center\" bgcolor=\"#087dc2\" width=\"9%\">H<\/td>\n<td class=\"title\" align=\"center\" bgcolor=\"#087dc2\" width=\"9%\">I<\/td>\n<\/tr>\n<tr>\n<td valign=\"middle\" bgcolor=\"#F5F5F5\">Mansarde D 2 Betten<\/td>\n<td align=\"center\" valign=\"middle\" bgcolor=\"#F5F5F5\">\u20ac 150<\/td>\n<td align=\"center\" valign=\"middle\" bgcolor=\"#F5F5F5\">\u20ac 180<\/td>\n<td align=\"center\" valign=\"middle\" bgcolor=\"#F5F5F5\">\u20ac 200<\/td>\n<td align=\"center\" valign=\"middle\" bgcolor=\"#F5F5F5\">\u20ac 230<\/td>\n<td align=\"center\" valign=\"middle\" bgcolor=\"#F5F5F5\">\u20ac 250<\/td>\n<td align=\"center\" valign=\"middle\" bgcolor=\"#F5F5F5\">\u20ac 300<\/td>\n<td align=\"center\" valign=\"middle\" bgcolor=\"#F5F5F5\">\u20ac 350<\/td>\n<td align=\"center\" valign=\"middle\" bgcolor=\"#F5F5F5\">\u20ac 400<\/td>\n<td align=\"center\" valign=\"middle\" bgcolor=\"#F5F5F5\">\u20ac 450<\/td>\n<\/tr>\n<tr>\n<td valign=\"middle\" bgcolor=\"#F5F5F5\">Mansarde E 4 Betten<\/td>\n<td align=\"center\" valign=\"middle\" bgcolor=\"#F5F5F5\">\u20ac 250<\/td>\n<td align=\"center\" valign=\"middle\" bgcolor=\"#F5F5F5\">\u20ac 280<\/td>\n<td align=\"center\" valign=\"middle\" bgcolor=\"#F5F5F5\">\u20ac 300<\/td>\n<td align=\"center\" valign=\"middle\" bgcolor=\"#F5F5F5\">\u20ac 350<\/td>\n<td align=\"center\" valign=\"middle\" bgcolor=\"#F5F5F5\">\u20ac 380<\/td>\n<td align=\"center\" valign=\"middle\" bgcolor=\"#F5F5F5\">\u20ac 420<\/td>\n<td align=\"center\" valign=\"middle\" bgcolor=\"#F5F5F5\">\u20ac 500<\/td>\n<td align=\"center\" valign=\"middle\" bgcolor=\"#F5F5F5\">\u20ac 600<\/td>\n<td align=\"center\" valign=\"middle\" bgcolor=\"#F5F5F5\">\u20ac 700<\/td>\n<\/tr>\n<tr>\n<td valign=\"middle\" bgcolor=\"#F5F5F5\">Einzimmerwohnung A 4 Betten<\/td>\n<td align=\"center\" valign=\"middle\" bgcolor=\"#F5F5F5\">\u20ac 200<\/td>\n<td align=\"center\" valign=\"middle\" bgcolor=\"#F5F5F5\">\u20ac 220<\/td>\n<td align=\"center\" valign=\"middle\" bgcolor=\"#F5F5F5\">\u20ac 250<\/td>\n<td align=\"center\" valign=\"middle\" bgcolor=\"#F5F5F5\">\u20ac 300<\/td>\n<td align=\"center\" valign=\"middle\" bgcolor=\"#F5F5F5\">\u20ac 350<\/td>\n<td align=\"center\" valign=\"middle\" bgcolor=\"#F5F5F5\">\u20ac 400<\/td>\n<td align=\"center\" valign=\"middle\" bgcolor=\"#F5F5F5\">\u20ac 430<\/td>\n<td align=\"center\" valign=\"middle\" bgcolor=\"#F5F5F5\">\u20ac 500<\/td>\n<td align=\"center\" valign=\"middle\" bgcolor=\"#F5F5F5\">\u20ac 620<\/td>\n<\/tr>\n<tr>\n<td valign=\"middle\" bgcolor=\"#F5F5F5\">Einzimmerwohnung B 4 Betten<\/td>\n<td align=\"center\" valign=\"middle\" bgcolor=\"#F5F5F5\">\u20ac 210<\/td>\n<td align=\"center\" valign=\"middle\" bgcolor=\"#F5F5F5\">\u20ac 230<\/td>\n<td align=\"center\" valign=\"middle\" bgcolor=\"#F5F5F5\">\u20ac 265<\/td>\n<td align=\"center\" valign=\"middle\" bgcolor=\"#F5F5F5\">\u20ac 320<\/td>\n<td align=\"center\" valign=\"middle\" bgcolor=\"#F5F5F5\">\u20ac 370<\/td>\n<td align=\"center\" valign=\"middle\" bgcolor=\"#F5F5F5\">\u20ac 420<\/td>\n<td align=\"center\" valign=\"middle\" bgcolor=\"#F5F5F5\">\u20ac 450<\/td>\n<td align=\"center\" valign=\"middle\" bgcolor=\"#F5F5F5\">\u20ac 550<\/td>\n<td align=\"center\" valign=\"middle\" bgcolor=\"#F5F5F5\">\u20ac 660<\/td>\n<\/tr>\n<tr>\n<td valign=\"middle\" bgcolor=\"#F5F5F5\">Einzimmerwohnung C 4 Betten<\/td>\n<td align=\"center\" valign=\"middle\" bgcolor=\"#F5F5F5\">\u20ac 230<\/td>\n<td align=\"center\" valign=\"middle\" bgcolor=\"#F5F5F5\">\u20ac 250<\/td>\n<td align=\"center\" valign=\"middle\" bgcolor=\"#F5F5F5\">\u20ac 280<\/td>\n<td align=\"center\" valign=\"middle\" bgcolor=\"#F5F5F5\">\u20ac 310<\/td>\n<td align=\"center\" valign=\"middle\" bgcolor=\"#F5F5F5\">\u20ac 360<\/td>\n<td align=\"center\" valign=\"middle\" bgcolor=\"#F5F5F5\">\u20ac 410<\/td>\n<td align=\"center\" valign=\"middle\" bgcolor=\"#F5F5F5\">\u20ac 450<\/td>\n<td align=\"center\" valign=\"middle\" bgcolor=\"#F5F5F5\">\u20ac 530<\/td>\n<td align=\"center\" valign=\"middle\" bgcolor=\"#F5F5F5\">\u20ac 640<\/td>\n<\/tr>\n<tr>\n<td valign=\"middle\" bgcolor=\"#F5F5F5\">Zweizimmerwohnung F 4 Betten<\/td>\n<td align=\"center\" valign=\"middle\" bgcolor=\"#F5F5F5\">\u20ac 250<\/td>\n<td align=\"center\" valign=\"middle\" bgcolor=\"#F5F5F5\">\u20ac 290<\/td>\n<td align=\"center\" valign=\"middle\" bgcolor=\"#F5F5F5\">\u20ac 335<\/td>\n<td align=\"center\" valign=\"middle\" bgcolor=\"#F5F5F5\">\u20ac 390<\/td>\n<td align=\"center\" valign=\"middle\" bgcolor=\"#F5F5F5\">\u20ac 430<\/td>\n<td align=\"center\" valign=\"middle\" bgcolor=\"#F5F5F5\">\u20ac 480<\/td>\n<td align=\"center\" valign=\"middle\" bgcolor=\"#F5F5F5\">\u20ac 550<\/td>\n<td align=\"center\" valign=\"middle\" bgcolor=\"#F5F5F5\">\u20ac 680<\/td>\n<td align=\"center\" valign=\"middle\" bgcolor=\"#F5F5F5\">\u20ac 800<\/td>\n<\/tr>\n<tr>\n<td valign=\"middle\" bgcolor=\"#F5F5F5\">Zweizimmerwohnung G 4 Betten<\/td>\n<td align=\"center\" valign=\"middle\" bgcolor=\"#F5F5F5\">\u20ac 230<\/td>\n<td align=\"center\" valign=\"middle\" bgcolor=\"#F5F5F5\">\u20ac 265<\/td>\n<td align=\"center\" valign=\"middle\" bgcolor=\"#F5F5F5\">\u20ac 300<\/td>\n<td align=\"center\" valign=\"middle\" bgcolor=\"#F5F5F5\">\u20ac 345<\/td>\n<td align=\"center\" valign=\"middle\" bgcolor=\"#F5F5F5\">\u20ac 400<\/td>\n<td align=\"center\" valign=\"middle\" bgcolor=\"#F5F5F5\">\u20ac 460<\/td>\n<td align=\"center\" valign=\"middle\" bgcolor=\"#F5F5F5\">\u20ac 520<\/td>\n<td align=\"center\" valign=\"middle\" bgcolor=\"#F5F5F5\">\u20ac 640<\/td>\n<td align=\"center\" valign=\"middle\" bgcolor=\"#F5F5F5\">\u20ac 760<\/td>\n<\/tr>\n<tr>\n<td valign=\"middle\" bgcolor=\"#F5F5F5\">Zweizimmerwohnung H 4 Betten<\/td>\n<td align=\"center\" valign=\"middle\" bgcolor=\"#F5F5F5\">\u20ac 250<\/td>\n<td align=\"center\" valign=\"middle\" bgcolor=\"#F5F5F5\">\u20ac 285<\/td>\n<td align=\"center\" valign=\"middle\" bgcolor=\"#F5F5F5\">\u20ac 320<\/td>\n<td align=\"center\" valign=\"middle\" bgcolor=\"#F5F5F5\">\u20ac 350<\/td>\n<td align=\"center\" valign=\"middle\" bgcolor=\"#F5F5F5\">\u20ac 390<\/td>\n<td align=\"center\" valign=\"middle\" bgcolor=\"#F5F5F5\">\u20ac 430<\/td>\n<td align=\"center\" valign=\"middle\" bgcolor=\"#F5F5F5\">\u20ac 530<\/td>\n<td align=\"center\" valign=\"middle\" bgcolor=\"#F5F5F5\">\u20ac 650<\/td>\n<td align=\"center\" valign=\"middle\" bgcolor=\"#F5F5F5\">\u20ac 780<\/td>\n<\/tr>\n<tr>\n<td valign=\"middle\" bgcolor=\"#F5F5F5\">Cottage L 4 Betten<\/td>\n<td align=\"center\" valign=\"middle\" bgcolor=\"#F5F5F5\">\u20ac 260<\/td>\n<td align=\"center\" valign=\"middle\" bgcolor=\"#F5F5F5\">\u20ac 300<\/td>\n<td align=\"center\" valign=\"middle\" bgcolor=\"#F5F5F5\">\u20ac 345<\/td>\n<td align=\"center\" valign=\"middle\" bgcolor=\"#F5F5F5\">\u20ac 400<\/td>\n<td align=\"center\" valign=\"middle\" bgcolor=\"#F5F5F5\">\u20ac 430<\/td>\n<td align=\"center\" valign=\"middle\" bgcolor=\"#F5F5F5\">\u20ac 530<\/td>\n<td align=\"center\" valign=\"middle\" bgcolor=\"#F5F5F5\">\u20ac 580<\/td>\n<td align=\"center\" valign=\"middle\" bgcolor=\"#F5F5F5\">\u20ac 700<\/td>\n<td align=\"center\" valign=\"middle\" bgcolor=\"#F5F5F5\">\u20ac 820<\/td>\n<\/tr>\n<tr>\n<td valign=\"middle\" bgcolor=\"#F5F5F5\">Cottage M 4 Betten<\/td>\n<td align=\"center\" valign=\"middle\" bgcolor=\"#F5F5F5\">\u20ac 270<\/td>\n<td align=\"center\" valign=\"middle\" bgcolor=\"#F5F5F5\">\u20ac 310<\/td>\n<td align=\"center\" valign=\"middle\" bgcolor=\"#F5F5F5\">\u20ac 360<\/td>\n<td align=\"center\" valign=\"middle\" bgcolor=\"#F5F5F5\">\u20ac 415<\/td>\n<td align=\"center\" valign=\"middle\" bgcolor=\"#F5F5F5\">\u20ac 475<\/td>\n<td align=\"center\" valign=\"middle\" bgcolor=\"#F5F5F5\">\u20ac 545<\/td>\n<td align=\"center\" valign=\"middle\" bgcolor=\"#F5F5F5\">\u20ac 600<\/td>\n<td align=\"center\" valign=\"middle\" bgcolor=\"#F5F5F5\">\u20ac 710<\/td>\n<td align=\"center\" valign=\"middle\" bgcolor=\"#F5F5F5\">\u20ac 880<\/td>\n<\/tr>\n<tr>\n<td valign=\"middle\" bgcolor=\"#F5F5F5\">Villa N 1 8 Betten<\/td>\n<td align=\"center\" valign=\"middle\" bgcolor=\"#F5F5F5\">\u20ac 400<\/td>\n<td align=\"center\" valign=\"middle\" bgcolor=\"#F5F5F5\">\u20ac 460<\/td>\n<td align=\"center\" valign=\"middle\" bgcolor=\"#F5F5F5\">\u20ac 530<\/td>\n<td align=\"center\" valign=\"middle\" bgcolor=\"#F5F5F5\">\u20ac 610<\/td>\n<td align=\"center\" valign=\"middle\" bgcolor=\"#F5F5F5\">\u20ac 700<\/td>\n<td align=\"center\" valign=\"middle\" bgcolor=\"#F5F5F5\">\u20ac 780<\/td>\n<td align=\"center\" valign=\"middle\" bgcolor=\"#F5F5F5\">\u20ac 920<\/td>\n<td align=\"center\" valign=\"middle\" bgcolor=\"#F5F5F5\">\u20ac 1100<\/td>\n<td align=\"center\" valign=\"middle\" bgcolor=\"#F5F5F5\">\u20ac 1280<\/td>\n<\/tr>\n<tr>\n<td valign=\"middle\" bgcolor=\"#F5F5F5\">Kleine Villa N 2 6 Betten<\/td>\n<td align=\"center\" valign=\"middle\" bgcolor=\"#F5F5F5\">\u20ac 320<\/td>\n<td align=\"center\" valign=\"middle\" bgcolor=\"#F5F5F5\">\u20ac 365<\/td>\n<td align=\"center\" valign=\"middle\" bgcolor=\"#F5F5F5\">\u20ac 420<\/td>\n<td align=\"center\" valign=\"middle\" bgcolor=\"#F5F5F5\">\u20ac 480<\/td>\n<td align=\"center\" valign=\"middle\" bgcolor=\"#F5F5F5\">\u20ac 550<\/td>\n<td align=\"center\" valign=\"middle\" bgcolor=\"#F5F5F5\">\u20ac 620<\/td>\n<td align=\"center\" valign=\"middle\" bgcolor=\"#F5F5F5\">\u20ac 720<\/td>\n<td align=\"center\" valign=\"middle\" bgcolor=\"#F5F5F5\">\u20ac 830<\/td>\n<td align=\"center\" valign=\"middle\" bgcolor=\"#F5F5F5\">\u20ac 950<\/td>\n<\/tr>\n<tr>\n<td valign=\"middle\" bgcolor=\"#F5F5F5\">Kleine Villa N 3 4 Betten<\/td>\n<td align=\"center\" valign=\"middle\" bgcolor=\"#F5F5F5\">\u20ac 250<\/td>\n<td align=\"center\" valign=\"middle\" bgcolor=\"#F5F5F5\">\u20ac 290<\/td>\n<td align=\"center\" valign=\"middle\" bgcolor=\"#F5F5F5\">\u20ac 335<\/td>\n<td align=\"center\" valign=\"middle\" bgcolor=\"#F5F5F5\">\u20ac 390<\/td>\n<td align=\"center\" valign=\"middle\" bgcolor=\"#F5F5F5\">\u20ac 450<\/td>\n<td align=\"center\" valign=\"middle\" bgcolor=\"#F5F5F5\">\u20ac 500<\/td>\n<td align=\"center\" valign=\"middle\" bgcolor=\"#F5F5F5\">\u20ac 570<\/td>\n<td align=\"center\" valign=\"middle\" bgcolor=\"#F5F5F5\">\u20ac 670<\/td>\n<td align=\"center\" valign=\"middle\" bgcolor=\"#F5F5F5\">\u20ac 790<\/td>\n<\/tr>\n<tr>\n<td valign=\"middle\" bgcolor=\"#F5F5F5\">Kleine Villa N 4 2 Betten<\/td>\n<td align=\"center\" valign=\"middle\" bgcolor=\"#F5F5F5\">\u20ac 150<\/td>\n<td align=\"center\" valign=\"middle\" bgcolor=\"#F5F5F5\">\u20ac 190<\/td>\n<td align=\"center\" valign=\"middle\" bgcolor=\"#F5F5F5\">\u20ac 210<\/td>\n<td align=\"center\" valign=\"middle\" bgcolor=\"#F5F5F5\">\u20ac 230<\/td>\n<td align=\"center\" valign=\"middle\" bgcolor=\"#F5F5F5\">\u20ac 265<\/td>\n<td align=\"center\" valign=\"middle\" bgcolor=\"#F5F5F5\">\u20ac 305<\/td>\n<td align=\"center\" valign=\"middle\" bgcolor=\"#F5F5F5\">\u20ac 365<\/td>\n<td align=\"center\" valign=\"middle\" bgcolor=\"#F5F5F5\">\u20ac 440<\/td>\n<td align=\"center\" valign=\"middle\" bgcolor=\"#F5F5F5\">\u20ac 530<\/td>\n<\/tr>\n<tr>\n<td valign=\"middle\" bgcolor=\"#F5F5F5\">Kleine Villa N 5 4 Betten<\/td>\n<td align=\"center\" valign=\"middle\" bgcolor=\"#F5F5F5\">\u20ac 280<\/td>\n<td align=\"center\" valign=\"middle\" bgcolor=\"#F5F5F5\">\u20ac 330<\/td>\n<td align=\"center\" valign=\"middle\" bgcolor=\"#F5F5F5\">\u20ac 380<\/td>\n<td align=\"center\" valign=\"middle\" bgcolor=\"#F5F5F5\">\u20ac 440<\/td>\n<td align=\"center\" valign=\"middle\" bgcolor=\"#F5F5F5\">\u20ac 490<\/td>\n<td align=\"center\" valign=\"middle\" bgcolor=\"#F5F5F5\">\u20ac 560<\/td>\n<td align=\"center\" valign=\"middle\" bgcolor=\"#F5F5F5\">\u20ac 640<\/td>\n<td align=\"center\" valign=\"middle\" bgcolor=\"#F5F5F5\">\u20ac 750<\/td>\n<td align=\"center\" valign=\"middle\" bgcolor=\"#F5F5F5\">\u20ac 920<\/td>\n<\/tr>\n<tr>\n<td valign=\"middle\" bgcolor=\"#F5F5F5\">Wohnwagen P 1 4 Betten<\/td>\n<td align=\"center\" valign=\"middle\" bgcolor=\"#F5F5F5\">\u20ac 100<\/td>\n<td align=\"center\" valign=\"middle\" bgcolor=\"#F5F5F5\">\u20ac 115<\/td>\n<td align=\"center\" valign=\"middle\" bgcolor=\"#F5F5F5\">\u20ac 135<\/td>\n<td align=\"center\" valign=\"middle\" bgcolor=\"#F5F5F5\">\u20ac 155<\/td>\n<td align=\"center\" valign=\"middle\" bgcolor=\"#F5F5F5\">\u20ac 180<\/td>\n<td align=\"center\" valign=\"middle\" bgcolor=\"#F5F5F5\">\u20ac 205<\/td>\n<td align=\"center\" valign=\"middle\" bgcolor=\"#F5F5F5\">\u20ac 245<\/td>\n<td align=\"center\" valign=\"middle\" bgcolor=\"#F5F5F5\">\u20ac 295<\/td>\n<td align=\"center\" valign=\"middle\" bgcolor=\"#F5F5F5\">\u20ac 355<\/td>\n<\/tr>\n<tr>\n<td valign=\"middle\" bgcolor=\"#F5F5F5\">Wohnwagen P 2 2 Betten<\/td>\n<td align=\"center\" valign=\"middle\" bgcolor=\"#F5F5F5\">\u20ac 90<\/td>\n<td align=\"center\" valign=\"middle\" bgcolor=\"#F5F5F5\">\u20ac 105<\/td>\n<td align=\"center\" valign=\"middle\" bgcolor=\"#F5F5F5\">\u20ac 120<\/td>\n<td align=\"center\" valign=\"middle\" bgcolor=\"#F5F5F5\">\u20ac 140<\/td>\n<td align=\"center\" valign=\"middle\" bgcolor=\"#F5F5F5\">\u20ac 160<\/td>\n<td align=\"center\" valign=\"middle\" bgcolor=\"#F5F5F5\">\u20ac 185<\/td>\n<td align=\"center\" valign=\"middle\" bgcolor=\"#F5F5F5\">\u20ac 220<\/td>\n<td align=\"center\" valign=\"middle\" bgcolor=\"#F5F5F5\">\u20ac 265<\/td>\n<td align=\"center\" valign=\"middle\" bgcolor=\"#F5F5F5\">\u20ac 320<\/td>\n<\/tr>\n<tr>\n<td valign=\"middle\" bgcolor=\"#F5F5F5\">Zelt 4 Betten<\/td>\n<td align=\"center\" valign=\"middle\" bgcolor=\"#F5F5F5\">\u20ac 50<\/td>\n<td align=\"center\" valign=\"middle\" bgcolor=\"#F5F5F5\">\u20ac 75<\/td>\n<td align=\"center\" valign=\"middle\" bgcolor=\"#F5F5F5\">\u20ac 85<\/td>\n<td align=\"center\" valign=\"middle\" bgcolor=\"#F5F5F5\">\u20ac 95<\/td>\n<td align=\"center\" valign=\"middle\" bgcolor=\"#F5F5F5\">\u20ac 110<\/td>\n<td align=\"center\" valign=\"middle\" bgcolor=\"#F5F5F5\">\u20ac 125<\/td>\n<td align=\"center\" valign=\"middle\" bgcolor=\"#F5F5F5\">\u20ac 150<\/td>\n<td align=\"center\" valign=\"middle\" bgcolor=\"#F5F5F5\">\u20ac 180<\/td>\n<td align=\"center\" valign=\"middle\" bgcolor=\"#F5F5F5\">\u20ac 215<\/td>\n<\/tr>\n<tr>\n<td class=\"title\" align=\"center\" bgcolor=\"#087dc2\" width=\"19%\">UNTERKUNFT<\/td>\n<td class=\"title\" align=\"center\" bgcolor=\"#087dc2\" width=\"9%\">A<\/td>\n<td class=\"title\" align=\"center\" bgcolor=\"#087dc2\" width=\"9%\">B<\/td>\n<td class=\"title\" align=\"center\" bgcolor=\"#087dc2\" width=\"9%\">C<\/td>\n<td class=\"title\" align=\"center\" bgcolor=\"#087dc2\" width=\"9%\">D<\/td>\n<td class=\"title\" align=\"center\" bgcolor=\"#087dc2\" width=\"9%\">E<\/td>\n<td class=\"title\" align=\"center\" bgcolor=\"#087dc2\" width=\"9%\">F<\/td>\n<td class=\"title\" align=\"center\" bgcolor=\"#087dc2\" width=\"9%\">G<\/td>\n<td class=\"title\" align=\"center\" bgcolor=\"#087dc2\" width=\"9%\">H<\/td>\n<td class=\"title\" align=\"center\" bgcolor=\"#087dc2\" width=\"9%\">I<\/td>\n<\/tr>\n<\/tbody>\n<\/table>\n<div id=\"tw-container\" class=\"YQaNob\" data-cp=\"1\" data-is-ver=\"false\" data-nnttsvi=\"1\" data-sm=\"1\" data-sugg-time=\"500\" data-sugg-url=\"https:\/\/clients1.google.com\/complete\/search\" data-uilc=\"it\">\n<div id=\"tw-ob\" class=\"tw-src-ltr\">\n<div class=\"oSioSc\">\n<div id=\"tw-target\">\n<div id=\"kAz1tf\" class=\"g9WsWb\">\n<div id=\"tw-target-text-container\" class=\"tw-ta-container hide-focus-ring tw-nfl\" tabindex=\"0\">\n<p id=\"tw-target-text\" class=\"tw-data-text tw-text-large XcVN5d tw-ta\" dir=\"ltr\" data-placeholder=\"Traduzione\">In der Nebensaison betr\u00e4gt der Tagespreis f\u00fcr ein Studio-Apartment 40,00 \u20ac f\u00fcr 2 Personen; 60,00 \u20ac f\u00fcr 4 Personen; Zweizimmerwohnung mit 4-5 Betten \u20ac 80,00;<\/p>\n<\/div>\n<div class=\"iYB33c\">\n<div id=\"tw-tmenu\" class=\"tw-menu\"><strong>In der Nebensaison ist die Kochnische unbenutzbar. Wenn Sie die Heizung anfordern, m\u00fcssen Sie eine t\u00e4gliche Zuzahlung von \u20ac5 (Einzimmerwohnung), \u20ac8 (Zweizimmerwohnung) oder \u20ac10 (andere Wohnungen) bezahlen.<\/strong><\/div>\n<\/div>\n<\/div>\n<\/div>\n<\/div>\n<\/div>\n<\/div>\n<p>* Der Aufenthalt beginnt mit der Ankunft ab 16:00 Uhr und endet am Abreisetag um 10:00 Uhr. <span class=\"Y2IQFc\" lang=\"de\">F\u00fcr eine fr\u00fchzeitige Anreise fragen Sie an der Rezeption, ob die Unterkunft verf\u00fcgbar ist.<\/span><\/p>\n<p>* Die Lieferung von Bettw\u00e4sche ist im Preis enthalten (w\u00f6chentlicher Wechsel). Badet\u00fccher und K\u00fcchent\u00fccher k\u00f6nnen bei der Ankunft gemietet werden, 5,00 \u20ac pro Person und Wechsel und 5,00 \u20ac f\u00fcr vier Personen bzw. Wechsel.<\/p>\n<p>* Sie m\u00fcssen Ihre Unterkunft aufr\u00e4umen und putzen. Wenn die Unterkunft bei der Schl\u00fcsselr\u00fcckgabe nicht geputzt ist, werden wir einen Pauschalbetrag von der Kaution abrechnen (Einzimmerwohnung und Wohnwagen: \u20ac15; Zweizimmerwohnung: \u20ac20; Dreizimmerwohnung: \u20ac25; Vierzimmerwohnung: \u20ac30).<\/p>\n<p>* Auf Anfrage steht der Reinigungsdienst mit einem Tagessatz von \u20ac2 pro Person zur Verf\u00fcgung. Der Dienst enth\u00e4lt das Aufr\u00e4umen der Unterkunft, einschlie\u00dflich die K\u00fcche.<\/p>\n<p>* Die Preise beinhalten den Verlust des Strom-, Wasser, Gasverbrauchs, der Mehrwertsteuer und der Kurtaxe.<\/p>\n<p>*<span class=\"Y2IQFc\" lang=\"de\">W\u00e4hrend der \u00d6ffnungszeit des Strandbades ist der Strandservice kostenlos <\/span>( <span class=\"Y2IQFc\" lang=\"de\">Sonnenschirm und zwei Liegest\u00fchle pro Unterkunft<\/span>, Doppelzimmer f\u00fcr die Vierzimmerwohnung), <span class=\"Y2IQFc\" lang=\"de\">f\u00fcr Aufenthalte von mindestens einer Woche. <\/span><span class=\"Y2IQFc\" lang=\"de\">Die Pl\u00e4tze am Strand werden vom Management je nach Verf\u00fcgbarkeit vergeben. Bei Aufenthalten von weniger als einer Woche kostenpflichtiger Strandservice.<\/span><\/p>\n<p>* Parken des ersten Autos inbegriffen; F\u00fcr jedes Auto mehr 25,00 \u20ac pro Woche.<\/p>\n<p>* Klimaanlage, falls erforderlich, \u20ac 30,00 pro Woche (in den Unterk\u00fcnften B1, C1, C4, C6, H1, L1, N1 N2, N4 e N5).<\/p>\n<p>* Haustiere erlaubt W\u00f6chentliche Kosten \u20ac 30,00 pro Hund, \u20ac 20,00 pro Katze. Einschlie\u00dflich der Kosten f\u00fcr die Sanierung der Unterkunft.<\/p>\n<p>* Kaution: 100,00 \u20ac, die am Ende des Aufenthalts nach R\u00fcckgabe und Abnahme der Unterkunft zur\u00fcckerstattet wird.<\/p>\n<h2>MAHLZEITEN<\/h2>\n<p>Es ist m\u00f6glich, das Catering auf Anfrage auf eine der folgenden Arten zu nutzen:<\/p>\n<ol>\n<li>Mittagessen an der Strandbar;<\/li>\n<li>buchen Sie Gerichte zum Mitnehmen oder ein Lunchpaket im Restaurant;<\/li>\n<li><strong>Vereinbarung mit unserem Restaurant (f\u00fcr einen Mindestzeitraum von 6 aufeinanderfolgenden Tagen).<\/strong><\/li>\n<\/ol>\n<p>Preise pro Person (es ist auch m\u00f6glich, ein einziges Angebot auszuw\u00e4hlen):<\/p>\n<p>&#8211; Italienisches Fr\u00fchst\u00fcck \u20ac4,50;<\/p>\n<p>&#8211; Mittagessen \u20ac18;<\/p>\n<p>&#8211; Abendessen \u20ac14;<\/p>\n<p>&#8211; Frei f\u00fcr Kinder unter 3 Jahren, wenn sie die Mahlzeiten ihrer Eltern haben;<\/p>\n<p>&#8211; Erm\u00e4\u00dfigung von 30% f\u00fcr Kinder von 3 bis unter 8 Jahren (Kindermen\u00fc);<\/p>\n<p>&#8211; Erm\u00e4\u00dfigung von 20% f\u00fcr Kinder von 8 bis unter 12 Jahren.<\/p>\n<p>Mittagessen und Abendessen einschlie\u00dfen: erster Gang, zweiter Gang, Beilage, Obst oder Dessert, Wasser, Wein und Kaffee. Die Vereinbarung beginnt mit dem Mittagessen oder dem Abendessen am Anreisetag und endet mit dem Fr\u00fchst\u00fcck am Abreisetag.<\/p>\n<p id=\"tw-target-text\" class=\"tw-data-text tw-text-large XcVN5d tw-ta\" dir=\"ltr\" data-placeholder=\"Traduzione\"><span class=\"Y2IQFc\" lang=\"de\"><strong>Die Halbpension oder Vollpension<\/strong> enth\u00e4lt:<\/span><\/p>\n<p>Italienisches Fr\u00fchst\u00fcck, das Mittag- oder Abendessen, mit einer Auswahl an Speisen und einem Tischservice oder Buffetservice f\u00fcr einige Gerichte. Wein, Wasser und Kaffee sind eingeschlossen. Wir bieten auch ein Kindermen\u00fc an. Extraverzehr muss t\u00e4glich beim Restaurant bezahlen werden. Es ist m\u00f6glich, das Mittagessen gegen Box-Lunch auszuwechseln, um am Strand oder w\u00e4hrend der Ausfl\u00fcge zu essen.<\/p>\n<p>Die Hotelformel, die eine Woche dauert, beinhaltet zweiw\u00f6chentliches Aufr\u00e4umen und Reinigen der Wohnung sowie einen zweiw\u00f6chentlichen Wechsel der Bettw\u00e4sche und Handt\u00fccher. Wenn Sie sich f\u00fcr die Halbpension entscheiden, sind die Reinigung der Unterkunft und die Bereitstellung von Handt\u00fcchern nicht inbegriffen.<\/p>\n<p>Das Aufr\u00e4umen und die Reinigung finden zwischen 10 Uhr und 12 Uhr oder zwischen 16 Uhr und 18 Uhr statt.<\/p>\n","protected":false},"excerpt":{"rendered":"<p>Km von der Stadt. Der Boden ist eben und dadurch geeignet, um Fahrrad zu fahren. Er ist von Hochstammb\u00e4umen (Eukalyptus, Schmalbl\u00e4ttrige \u00d6lweide, See-Kiefer, Aleppo-Kiefer, Weidenblatt-Akazie, Pappel, Eiche, usw.) beschattet. Die Unterk\u00fcnfte sind eingerichtet und ausgestattet mit: Bad mit Dusche, Kochnische,<\/p>\n","protected":false},"author":3,"featured_media":34,"parent":0,"menu_order":0,"comment_status":"closed","ping_status":"closed","template":"","meta":{"footnotes":""},"class_list":["post-254","page","type-page","status-publish","has-post-thumbnail","hentry"],"_links":{"self":[{"href":"https:\/\/www.la-bussola.it\/de\/wp-json\/wp\/v2\/pages\/254","targetHints":{"allow":["GET"]}}],"collection":[{"href":"https:\/\/www.la-bussola.it\/de\/wp-json\/wp\/v2\/pages"}],"about":[{"href":"https:\/\/www.la-bussola.it\/de\/wp-json\/wp\/v2\/types\/page"}],"author":[{"embeddable":true,"href":"https:\/\/www.la-bussola.it\/de\/wp-json\/wp\/v2\/users\/3"}],"replies":[{"embeddable":true,"href":"https:\/\/www.la-bussola.it\/de\/wp-json\/wp\/v2\/comments?post=254"}],"version-history":[{"count":0,"href":"https:\/\/www.la-bussola.it\/de\/wp-json\/wp\/v2\/pages\/254\/revisions"}],"wp:featuredmedia":[{"embeddable":true,"href":"https:\/\/www.la-bussola.it\/de\/wp-json\/wp\/v2\/media\/34"}],"wp:attachment":[{"href":"https:\/\/www.la-bussola.it\/de\/wp-json\/wp\/v2\/media?parent=254"}],"curies":[{"name":"wp","href":"https:\/\/api.w.org\/{rel}","templated":true}]}}