{"id":255,"date":"2017-12-24T16:45:45","date_gmt":"2017-12-24T16:45:45","guid":{"rendered":"http:\/\/www.la-bussola.it\/?page_id=255"},"modified":"2025-01-15T16:16:10","modified_gmt":"2025-01-15T16:16:10","slug":"campingplatz","status":"publish","type":"page","link":"https:\/\/www.la-bussola.it\/de\/campingplatz\/","title":{"rendered":"Campingplatz"},"content":{"rendered":"<p>Hier finden die Camper schattige Stellpl\u00e4tze in der N\u00e4he von dem Strand und den Sanit\u00e4ranlagen, die Warmwasser kostenlos versorgen. Die Steckdosent\u00fcrme sind zentralisiert.<\/p>\n<p><strong>Preisg\u00fcnstige Langaufenthalte f\u00fcr Wohnmobile und Wohnwagen in der Nebensaison.<\/strong><\/p>\n<p><strong>2 Personen + 1 Haustier + Wohnmobile oder Wohnwagen mit Auto (Warmwasser) von 1.11. bis 31.03.<\/strong><\/p>\n<p>&nbsp;<\/p>\n<h2 style=\"text-align: center;\">TAGESPREISE F\u00dcR WOHNMOBILE<\/h2>\n<table class=\"tbl\" border=\"0\" width=\"100%\" cellspacing=\"1\" cellpadding=\"0\">\n<tbody>\n<tr>\n<td class=\"title\" align=\"center\" bgcolor=\"#087dc2\" width=\"7%\">ZEIT<\/td>\n<td class=\"title\" align=\"center\" bgcolor=\"#087dc2\" width=\"7%\">A<\/td>\n<td class=\"title\" align=\"center\" bgcolor=\"#087dc2\" width=\"7%\">B<\/td>\n<td class=\"title\" align=\"center\" bgcolor=\"#087dc2\" width=\"7%\">C<\/td>\n<td class=\"title\" align=\"center\" bgcolor=\"#087dc2\" width=\"7%\">D<\/td>\n<td class=\"title\" align=\"center\" bgcolor=\"#087dc2\" width=\"7%\">E<\/td>\n<\/tr>\n<tr>\n<td valign=\"middle\" bgcolor=\"#eaeaea\" height=\"30\">Wohnmobilpreis *<\/td>\n<td align=\"center\" valign=\"middle\" bgcolor=\"#F5F5F5\" height=\"30\">16,00<\/td>\n<td align=\"center\" valign=\"middle\" bgcolor=\"#F5F5F5\" height=\"30\">20,00<\/td>\n<td align=\"center\" valign=\"middle\" bgcolor=\"#F5F5F5\" height=\"30\">22,00<\/td>\n<td align=\"center\" valign=\"middle\" bgcolor=\"#F5F5F5\" height=\"30\">27,00<\/td>\n<td align=\"center\" valign=\"middle\" bgcolor=\"#F5F5F5\" height=\"30\">35,00<\/td>\n<\/tr>\n<tr>\n<td valign=\"middle\" bgcolor=\"#eaeaea\" height=\"30\">Extraerwachsene<\/td>\n<td align=\"center\" valign=\"middle\" bgcolor=\"#F5F5F5\" height=\"30\">3,00<\/td>\n<td align=\"center\" valign=\"middle\" bgcolor=\"#F5F5F5\" height=\"30\">3,00<\/td>\n<td align=\"center\" valign=\"middle\" bgcolor=\"#F5F5F5\" height=\"30\">4,00<\/td>\n<td align=\"center\" valign=\"middle\" bgcolor=\"#F5F5F5\" height=\"30\">5,00<\/td>\n<td align=\"center\" valign=\"middle\" bgcolor=\"#F5F5F5\" height=\"30\">6,00<\/td>\n<\/tr>\n<tr>\n<td valign=\"middle\" bgcolor=\"#eaeaea\" height=\"30\">Extrakind<\/td>\n<td align=\"center\" valign=\"middle\" bgcolor=\"#F5F5F5\" height=\"30\">Frei<\/td>\n<td align=\"center\" valign=\"middle\" bgcolor=\"#F5F5F5\" height=\"30\">3,00<\/td>\n<td align=\"center\" valign=\"middle\" bgcolor=\"#F5F5F5\" height=\"30\">3,00<\/td>\n<td align=\"center\" valign=\"middle\" bgcolor=\"#F5F5F5\" height=\"30\">4,00<\/td>\n<td align=\"center\" valign=\"middle\" bgcolor=\"#F5F5F5\" height=\"30\">5,00<\/td>\n<\/tr>\n<tr>\n<td valign=\"middle\" bgcolor=\"#eaeaea\" height=\"30\">Anh\u00e4nger<\/td>\n<td align=\"center\" valign=\"middle\" bgcolor=\"#F5F5F5\" height=\"30\">2,00<\/td>\n<td align=\"center\" valign=\"middle\" bgcolor=\"#F5F5F5\" height=\"30\">2,00<\/td>\n<td align=\"center\" valign=\"middle\" bgcolor=\"#F5F5F5\" height=\"30\">3,00<\/td>\n<td align=\"center\" valign=\"middle\" bgcolor=\"#F5F5F5\" height=\"30\">3,00<\/td>\n<td align=\"center\" valign=\"middle\" bgcolor=\"#F5F5F5\" height=\"30\">4,00<\/td>\n<\/tr>\n<tr>\n<td valign=\"middle\" bgcolor=\"#eaeaea\" height=\"30\">Igluzelt in der N\u00e4he vom Wohnmobil<\/td>\n<td align=\"center\" valign=\"middle\" bgcolor=\"#F5F5F5\" height=\"30\">3,00<\/td>\n<td align=\"center\" valign=\"middle\" bgcolor=\"#F5F5F5\" height=\"30\">4,00<\/td>\n<td align=\"center\" valign=\"middle\" bgcolor=\"#F5F5F5\" height=\"30\">5,00<\/td>\n<td align=\"center\" valign=\"middle\" bgcolor=\"#F5F5F5\" height=\"30\">6,00<\/td>\n<td align=\"center\" valign=\"middle\" bgcolor=\"#F5F5F5\" height=\"30\">7,00<\/td>\n<\/tr>\n<tr>\n<td valign=\"middle\" bgcolor=\"#eaeaea\" height=\"30\">Strom (6HP)<\/td>\n<td align=\"center\" valign=\"middle\" bgcolor=\"#F5F5F5\" height=\"30\">5,00<\/td>\n<td align=\"center\" valign=\"middle\" bgcolor=\"#F5F5F5\" height=\"30\">5,00<\/td>\n<td align=\"center\" valign=\"middle\" bgcolor=\"#F5F5F5\" height=\"30\">5,00<\/td>\n<td align=\"center\" valign=\"middle\" bgcolor=\"#F5F5F5\" height=\"30\">5,00<\/td>\n<td align=\"center\" valign=\"middle\" bgcolor=\"#F5F5F5\" height=\"30\">5,00<\/td>\n<\/tr>\n<tr>\n<td valign=\"middle\" bgcolor=\"#eaeaea\" height=\"30\">Hund<\/td>\n<td align=\"center\" valign=\"middle\" bgcolor=\"#F5F5F5\" height=\"30\">gratis<\/td>\n<td align=\"center\" valign=\"middle\" bgcolor=\"#F5F5F5\" height=\"30\">gratis<\/td>\n<td align=\"center\" valign=\"middle\" bgcolor=\"#F5F5F5\" height=\"30\">gratis<\/td>\n<td align=\"center\" valign=\"middle\" bgcolor=\"#F5F5F5\" height=\"30\">4,00<\/td>\n<td align=\"center\" valign=\"middle\" bgcolor=\"#F5F5F5\" height=\"30\">4,00<\/td>\n<\/tr>\n<tr>\n<td valign=\"middle\" bgcolor=\"#eaeaea\" height=\"30\">Tagessatz **<\/td>\n<td align=\"center\" valign=\"middle\" bgcolor=\"#F5F5F5\" height=\"30\">13,00<\/td>\n<td align=\"center\" valign=\"middle\" bgcolor=\"#F5F5F5\" height=\"30\">16,00<\/td>\n<td align=\"center\" valign=\"middle\" bgcolor=\"#F5F5F5\" height=\"30\">18,00<\/td>\n<td align=\"center\" valign=\"middle\" bgcolor=\"#F5F5F5\" height=\"30\">20,00<\/td>\n<td align=\"center\" valign=\"middle\" bgcolor=\"#F5F5F5\" height=\"30\">24,00<\/td>\n<\/tr>\n<tr>\n<td valign=\"middle\" bgcolor=\"#eaeaea\" height=\"30\">Camper stop***<\/td>\n<td align=\"center\" valign=\"middle\" bgcolor=\"#F5F5F5\" height=\"30\">15,00<\/td>\n<td align=\"center\" valign=\"middle\" bgcolor=\"#F5F5F5\" height=\"30\">15,00<\/td>\n<td align=\"center\" valign=\"middle\" bgcolor=\"#F5F5F5\" height=\"30\">15,00<\/td>\n<td align=\"center\" valign=\"middle\" bgcolor=\"#F5F5F5\" height=\"30\">15,00<\/td>\n<td align=\"center\" valign=\"middle\" bgcolor=\"#F5F5F5\" height=\"30\">15,00<\/td>\n<\/tr>\n<tr>\n<td valign=\"middle\" bgcolor=\"#eaeaea\" height=\"30\">Wochenende, ohne Strom (Samstag und Sonntag) ****<\/td>\n<td align=\"center\" valign=\"middle\" bgcolor=\"#F5F5F5\" height=\"30\">28,00<\/td>\n<td align=\"center\" valign=\"middle\" bgcolor=\"#F5F5F5\" height=\"30\">34,00<\/td>\n<td align=\"center\" valign=\"middle\" bgcolor=\"#F5F5F5\" height=\"30\">38,00<\/td>\n<td align=\"center\" valign=\"middle\" bgcolor=\"#F5F5F5\" height=\"30\">44,00<\/td>\n<td align=\"center\" valign=\"middle\" bgcolor=\"#F5F5F5\" height=\"30\">52,00<\/td>\n<\/tr>\n<tr>\n<td valign=\"middle\" bgcolor=\"#eaeaea\" height=\"30\">Wohnmobilservice (Versorgung und Entsorgung, ohne Aufenthalt)<\/td>\n<td align=\"center\" valign=\"middle\" bgcolor=\"#F5F5F5\" height=\"30\">5,00<\/td>\n<td align=\"center\" valign=\"middle\" bgcolor=\"#F5F5F5\" height=\"30\">5,00<\/td>\n<td align=\"center\" valign=\"middle\" bgcolor=\"#F5F5F5\" height=\"30\">5,00<\/td>\n<td align=\"center\" valign=\"middle\" bgcolor=\"#F5F5F5\" height=\"30\">5,00<\/td>\n<td align=\"center\" valign=\"middle\" bgcolor=\"#F5F5F5\" height=\"30\">5,00<\/td>\n<\/tr>\n<\/tbody>\n<\/table>\n<p><strong> SAISONALE ZEITEN CAMPING:<\/strong><\/p>\n<p><strong>A)<\/strong> 1.04 &#8211; 30.04<\/p>\n<p><strong>B)<\/strong> 1.05 &#8211; 16.05<\/p>\n<p><strong>C)<\/strong> 17.05 &#8211; 30.05 | 1.10 &#8211; 31.10<\/p>\n<p><strong>D)<\/strong> 1.07 &#8211; 31.07 | 1.09 &#8211; 30.09<\/p>\n<p><strong>E)<\/strong> 1.08 &#8211; 31.08<\/p>\n<p><strong>C)<\/strong> (Ostern) 18.04 &#8211; 23.04<\/p>\n<p>* Der Wohnmobilpreis enth\u00e4lt den Stellplatz f\u00fcr einen Aufenthalt von 24 Stunden f\u00fcr 2 Erwachsenen und ein Kind (im Alter von 3-8 Jahren), Warmwasser, Wasserversorgung und Wasserentsorgung, Strandservice bei einem Aufenthalt von mehr als 3 Tagen (Sonnenschirm und 2 Liegebetten).<br \/>\n** Der Tagessatz besteht in einem Aufenthalt von 7 Uhr bis 21 Uhr f\u00fcr 4 Personen und enth\u00e4lt Stellplatz, Stromanschluss, Wasserversorgung und Wasserentsorgung.<br \/>\n*** Vom 1. Oktober bis 29. April (Nebensaison) gibt es das Angebot \u201eCamper stop\u201c, das ein Wohnmobil f\u00fcr 2 Personen (oder einen Wohnwagen mit Auto), ein Haustier, Stromanschluss (6 HP) enth\u00e4lt.<br \/>\n**** Das Angebot \u201eWochenende\u201c besteht in einem Aufenthalt von Freitagnachmittag bis Sonntagabend f\u00fcr 4 Personen, Wasserversorgung und Wasserentsorgung.<\/p>\n<h2>WOHNWAGEN UND- ZELTPREIS PRO TAG<\/h2>\n<table class=\"tbl\" border=\"0\" width=\"100%\" cellspacing=\"1\" cellpadding=\"0\">\n<tbody>\n<tr>\n<td class=\"title\" align=\"center\" bgcolor=\"#087dc2\" width=\"7%\"><\/td>\n<td class=\"title\" align=\"center\" bgcolor=\"#087dc2\" width=\"7%\">A<\/td>\n<td class=\"title\" align=\"center\" bgcolor=\"#087dc2\" width=\"7%\">B<\/td>\n<td class=\"title\" align=\"center\" bgcolor=\"#087dc2\" width=\"7%\">C<\/td>\n<td class=\"title\" align=\"center\" bgcolor=\"#087dc2\" width=\"7%\">D<\/td>\n<td class=\"title\" align=\"center\" bgcolor=\"#087dc2\" width=\"7%\">E<\/td>\n<\/tr>\n<tr>\n<td valign=\"middle\" bgcolor=\"#eaeaea\" height=\"30\">Erwachsenen<\/td>\n<td align=\"center\" valign=\"middle\" bgcolor=\"#F5F5F5\" height=\"30\">3,00<\/td>\n<td align=\"center\" valign=\"middle\" bgcolor=\"#F5F5F5\" height=\"30\">4,00<\/td>\n<td align=\"center\" valign=\"middle\" bgcolor=\"#F5F5F5\" height=\"30\">5,00<\/td>\n<td align=\"center\" valign=\"middle\" bgcolor=\"#F5F5F5\" height=\"30\">6,00<\/td>\n<td align=\"center\" valign=\"middle\" bgcolor=\"#F5F5F5\" height=\"30\">8,00<\/td>\n<\/tr>\n<tr>\n<td valign=\"middle\" bgcolor=\"#eaeaea\" height=\"30\">Kinder (im Alter von 3- 8 Jahren)<\/td>\n<td align=\"center\" valign=\"middle\" bgcolor=\"#F5F5F5\" height=\"30\">2,00<\/td>\n<td align=\"center\" valign=\"middle\" bgcolor=\"#F5F5F5\" height=\"30\">3,00<\/td>\n<td align=\"center\" valign=\"middle\" bgcolor=\"#F5F5F5\" height=\"30\">4,00<\/td>\n<td align=\"center\" valign=\"middle\" bgcolor=\"#F5F5F5\" height=\"30\">5,00<\/td>\n<td align=\"center\" valign=\"middle\" bgcolor=\"#F5F5F5\" height=\"30\">6,00<\/td>\n<\/tr>\n<tr>\n<td valign=\"middle\" bgcolor=\"#eaeaea\" height=\"30\">Igluzelt &#8211; 2 Personen<\/td>\n<td align=\"center\" valign=\"middle\" bgcolor=\"#F5F5F5\" height=\"30\">2,00<\/td>\n<td align=\"center\" valign=\"middle\" bgcolor=\"#F5F5F5\" height=\"30\">3,00<\/td>\n<td align=\"center\" valign=\"middle\" bgcolor=\"#F5F5F5\" height=\"30\">4,00<\/td>\n<td align=\"center\" valign=\"middle\" bgcolor=\"#F5F5F5\" height=\"30\">5,00<\/td>\n<td align=\"center\" valign=\"middle\" bgcolor=\"#F5F5F5\" height=\"30\">6,00<\/td>\n<\/tr>\n<tr>\n<td valign=\"middle\" bgcolor=\"#eaeaea\" height=\"30\">Zelt\/Zeltanh\u00e4nger<\/td>\n<td align=\"center\" valign=\"middle\" bgcolor=\"#F5F5F5\" height=\"30\">3,00<\/td>\n<td align=\"center\" valign=\"middle\" bgcolor=\"#F5F5F5\" height=\"30\">4,00<\/td>\n<td align=\"center\" valign=\"middle\" bgcolor=\"#F5F5F5\" height=\"30\">5,00<\/td>\n<td align=\"center\" valign=\"middle\" bgcolor=\"#F5F5F5\" height=\"30\">6,00<\/td>\n<td align=\"center\" valign=\"middle\" bgcolor=\"#F5F5F5\" height=\"30\">7,00<\/td>\n<\/tr>\n<tr>\n<td valign=\"middle\" bgcolor=\"#eaeaea\" height=\"30\">Wohnwagen<\/td>\n<td align=\"center\" valign=\"middle\" bgcolor=\"#F5F5F5\" height=\"30\">5,00<\/td>\n<td align=\"center\" valign=\"middle\" bgcolor=\"#F5F5F5\" height=\"30\">6,00<\/td>\n<td align=\"center\" valign=\"middle\" bgcolor=\"#F5F5F5\" height=\"30\">7,00<\/td>\n<td align=\"center\" valign=\"middle\" bgcolor=\"#F5F5F5\" height=\"30\">8,00<\/td>\n<td align=\"center\" valign=\"middle\" bgcolor=\"#F5F5F5\" height=\"30\">9,00<\/td>\n<\/tr>\n<tr>\n<td valign=\"middle\" bgcolor=\"#eaeaea\" height=\"30\">Auto<\/td>\n<td align=\"center\" valign=\"middle\" bgcolor=\"#F5F5F5\" height=\"30\">2,00<\/td>\n<td align=\"center\" valign=\"middle\" bgcolor=\"#F5F5F5\" height=\"30\">3,00<\/td>\n<td align=\"center\" valign=\"middle\" bgcolor=\"#F5F5F5\" height=\"30\">3,00<\/td>\n<td align=\"center\" valign=\"middle\" bgcolor=\"#F5F5F5\" height=\"30\">3,00<\/td>\n<td align=\"center\" valign=\"middle\" bgcolor=\"#F5F5F5\" height=\"30\">4,00<\/td>\n<\/tr>\n<tr>\n<td valign=\"middle\" bgcolor=\"#eaeaea\" height=\"30\">Motorrad<\/td>\n<td align=\"center\" valign=\"middle\" bgcolor=\"#F5F5F5\" height=\"30\">1,00<\/td>\n<td align=\"center\" valign=\"middle\" bgcolor=\"#F5F5F5\" height=\"30\">2,00<\/td>\n<td align=\"center\" valign=\"middle\" bgcolor=\"#F5F5F5\" height=\"30\">2,00<\/td>\n<td align=\"center\" valign=\"middle\" bgcolor=\"#F5F5F5\" height=\"30\">3,00<\/td>\n<td align=\"center\" valign=\"middle\" bgcolor=\"#F5F5F5\" height=\"30\">3,00<\/td>\n<\/tr>\n<tr>\n<td valign=\"middle\" bgcolor=\"#eaeaea\" height=\"30\">Anh\u00e4nger<\/td>\n<td align=\"center\" valign=\"middle\" bgcolor=\"#F5F5F5\" height=\"30\">2,00<\/td>\n<td align=\"center\" valign=\"middle\" bgcolor=\"#F5F5F5\" height=\"30\">2,00<\/td>\n<td align=\"center\" valign=\"middle\" bgcolor=\"#F5F5F5\" height=\"30\">3,00<\/td>\n<td align=\"center\" valign=\"middle\" bgcolor=\"#F5F5F5\" height=\"30\">3,00<\/td>\n<td align=\"center\" valign=\"middle\" bgcolor=\"#F5F5F5\" height=\"30\">4,00<\/td>\n<\/tr>\n<tr>\n<td valign=\"middle\" bgcolor=\"#eaeaea\" height=\"30\">Strom f\u00fcr Wohnwagen<\/td>\n<td align=\"center\" valign=\"middle\" bgcolor=\"#F5F5F5\" height=\"30\">5,00<\/td>\n<td align=\"center\" valign=\"middle\" bgcolor=\"#F5F5F5\" height=\"30\">5,00<\/td>\n<td align=\"center\" valign=\"middle\" bgcolor=\"#F5F5F5\" height=\"30\">5,00<\/td>\n<td align=\"center\" valign=\"middle\" bgcolor=\"#F5F5F5\" height=\"30\">5,00<\/td>\n<td align=\"center\" valign=\"middle\" bgcolor=\"#F5F5F5\" height=\"30\">5,00<\/td>\n<\/tr>\n<tr>\n<td valign=\"middle\" bgcolor=\"#eaeaea\" height=\"30\">Strom f\u00fcr Zelt\/Anh\u00e4nger<\/td>\n<td align=\"center\" valign=\"middle\" bgcolor=\"#F5F5F5\" height=\"30\">3,00<\/td>\n<td align=\"center\" valign=\"middle\" bgcolor=\"#F5F5F5\" height=\"30\">3,00<\/td>\n<td align=\"center\" valign=\"middle\" bgcolor=\"#F5F5F5\" height=\"30\">3,00<\/td>\n<td align=\"center\" valign=\"middle\" bgcolor=\"#F5F5F5\" height=\"30\">3,00<\/td>\n<td align=\"center\" valign=\"middle\" bgcolor=\"#F5F5F5\" height=\"30\">3,00<\/td>\n<\/tr>\n<tr>\n<td valign=\"middle\" bgcolor=\"#eaeaea\" height=\"30\">Hund<\/td>\n<td align=\"center\" valign=\"middle\" bgcolor=\"#F5F5F5\" height=\"30\">Frei<\/td>\n<td align=\"center\" valign=\"middle\" bgcolor=\"#F5F5F5\" height=\"30\">Frei<\/td>\n<td align=\"center\" valign=\"middle\" bgcolor=\"#F5F5F5\" height=\"30\">Frei<\/td>\n<td align=\"center\" valign=\"middle\" bgcolor=\"#F5F5F5\" height=\"30\">4,00<\/td>\n<td align=\"center\" valign=\"middle\" bgcolor=\"#F5F5F5\" height=\"30\">4,00<\/td>\n<\/tr>\n<\/tbody>\n<\/table>\n<p>&#8211; kostenloser Strandservice (Sonnenschirm und 2 Liegebetten) bei Aufenthalten von mehr als 3 Tagen.<br \/>\n&#8211; Die Stellpl\u00e4tze werden von Hochstammb\u00e4umen beschattet und sind mit zentralisierten Steckdosent\u00fcrmen (6 HP) ausgestattet.<br \/>\n&#8211; Der Campingplatz hat zwei k\u00fcrzlich renovierte Sanit\u00e4ranlagen, die das \u00fcber Sonnenkollektoren durch Speichertanke erzeugte Warmwasser kostenlos versorgen.<br \/>\n&#8211; 5% Erm\u00e4\u00dfigung bei einem Aufenthalt von mindestens 6 Tagen.<br \/>\n&#8211; Um die am n\u00e4chsten am Meer gelegenen Stellpl\u00e4tze oder die am schattigsten zu buchen, m\u00fcssen Sie im Voraus bezahlen. In diesem Fall haben Sie eine 10% Erm\u00e4\u00dfigung auf dem Gesamtbetrag f\u00fcr den Aufenthalt. Die Erm\u00e4\u00dfigung ist mit der 5% Erm\u00e4\u00dfigung bei einem Aufenthalt von mindestens 6 Tagen kombinierbar.<br \/>\n&#8211; Der Aufenthalt beginnt ab Anreisezeit und dauert 24 Stunden.<br \/>\n&#8211; K\u00fchlschrankverleih: 4\u20ac pro Tag.<\/p>\n","protected":false},"excerpt":{"rendered":"<p>Hier finden die Camper schattige Stellpl\u00e4tze in der N\u00e4he von dem Strand und den Sanit\u00e4ranlagen, die Warmwasser kostenlos versorgen. Die Steckdosent\u00fcrme sind zentralisiert. Preisg\u00fcnstige Langaufenthalte f\u00fcr Wohnmobile und Wohnwagen in der Nebensaison. 2 Personen + 1 Haustier + Wohnmobile oder<\/p>\n","protected":false},"author":3,"featured_media":35,"parent":0,"menu_order":0,"comment_status":"closed","ping_status":"closed","template":"","meta":{"footnotes":""},"class_list":["post-255","page","type-page","status-publish","has-post-thumbnail","hentry"],"_links":{"self":[{"href":"https:\/\/www.la-bussola.it\/de\/wp-json\/wp\/v2\/pages\/255","targetHints":{"allow":["GET"]}}],"collection":[{"href":"https:\/\/www.la-bussola.it\/de\/wp-json\/wp\/v2\/pages"}],"about":[{"href":"https:\/\/www.la-bussola.it\/de\/wp-json\/wp\/v2\/types\/page"}],"author":[{"embeddable":true,"href":"https:\/\/www.la-bussola.it\/de\/wp-json\/wp\/v2\/users\/3"}],"replies":[{"embeddable":true,"href":"https:\/\/www.la-bussola.it\/de\/wp-json\/wp\/v2\/comments?post=255"}],"version-history":[{"count":0,"href":"https:\/\/www.la-bussola.it\/de\/wp-json\/wp\/v2\/pages\/255\/revisions"}],"wp:featuredmedia":[{"embeddable":true,"href":"https:\/\/www.la-bussola.it\/de\/wp-json\/wp\/v2\/media\/35"}],"wp:attachment":[{"href":"https:\/\/www.la-bussola.it\/de\/wp-json\/wp\/v2\/media?parent=255"}],"curies":[{"name":"wp","href":"https:\/\/api.w.org\/{rel}","templated":true}]}}