{"id":256,"date":"2017-12-26T11:45:02","date_gmt":"2017-12-26T11:45:02","guid":{"rendered":"http:\/\/www.la-bussola.it\/?page_id=256"},"modified":"2022-03-20T09:27:50","modified_gmt":"2022-03-20T09:27:50","slug":"restaurant-de","status":"publish","type":"page","link":"https:\/\/www.la-bussola.it\/de\/restaurant-de\/","title":{"rendered":"Restaurant"},"content":{"rendered":"<p style=\"text-align: justify;\"> Es ist wunderbar, Apulien zu besuchen und seine Orte zu erforschen, aber es ist noch besser, seine typischen Gerichte zu probieren. In Apulien gibt es verschiedene gute Restaurants und unter ihnen gibt es \u201eLa Bussola\u201c, ein angenehmes Ziel f\u00fcr die Gourmets..<\/p>\n<p style=\"text-align: justify;\"> Das Restaurant liegt in einem renovierten alten Bauernhof, der Sciale genannt ist. Es geht um einen typischen Bau, der auf Anfang 1900 zur\u00fcckgeht und die Kreuzgew\u00f6lbe aus Tuffstein hat.<\/p>\n<p style=\"text-align: justify;\"> Unsere Spezialit\u00e4ten sind die rohen und gekochten Meeresfr\u00fcchte, die gem\u00e4\u00df der Tradition zubereiteten Fisch- und Fleischhauptg\u00e4nge mit hausgemachten Nudeln, die hausgemachten Desserts. Wir bieten auch eine gute Pizza und ein duftendes Brot an, die in unserem Holzofen gebackt werden.<\/p>\n<div id='gallery-1' class='gallery galleryid-256 gallery-columns-6 gallery-size-medium'><dl class='gallery-item'>\n\t\t\t<dt class='gallery-icon landscape'>\n\t\t\t\t<a href='https:\/\/www.la-bussola.it\/wp-content\/uploads\/2015\/02\/ristorante1.jpg' rel=\"lightbox[256]\"><img loading=\"lazy\" decoding=\"async\" width=\"300\" height=\"206\" src=\"https:\/\/www.la-bussola.it\/wp-content\/uploads\/2015\/02\/ristorante1-300x206.jpg\" class=\"attachment-medium size-medium\" alt=\"\" srcset=\"https:\/\/www.la-bussola.it\/wp-content\/uploads\/2015\/02\/ristorante1-300x206.jpg 300w, https:\/\/www.la-bussola.it\/wp-content\/uploads\/2015\/02\/ristorante1.jpg 700w\" sizes=\"auto, (max-width: 300px) 100vw, 300px\" \/><\/a>\n\t\t\t<\/dt><\/dl><dl class='gallery-item'>\n\t\t\t<dt class='gallery-icon landscape'>\n\t\t\t\t<a href='https:\/\/www.la-bussola.it\/wp-content\/uploads\/2015\/02\/ristorante5.jpg' rel=\"lightbox[256]\"><img loading=\"lazy\" decoding=\"async\" width=\"300\" height=\"206\" src=\"https:\/\/www.la-bussola.it\/wp-content\/uploads\/2015\/02\/ristorante5-300x206.jpg\" class=\"attachment-medium size-medium\" alt=\"\" srcset=\"https:\/\/www.la-bussola.it\/wp-content\/uploads\/2015\/02\/ristorante5-300x206.jpg 300w, https:\/\/www.la-bussola.it\/wp-content\/uploads\/2015\/02\/ristorante5.jpg 700w\" sizes=\"auto, (max-width: 300px) 100vw, 300px\" \/><\/a>\n\t\t\t<\/dt><\/dl><dl class='gallery-item'>\n\t\t\t<dt class='gallery-icon landscape'>\n\t\t\t\t<a href='https:\/\/www.la-bussola.it\/wp-content\/uploads\/2015\/02\/ristorante2.jpg' rel=\"lightbox[256]\"><img loading=\"lazy\" decoding=\"async\" width=\"300\" height=\"206\" src=\"https:\/\/www.la-bussola.it\/wp-content\/uploads\/2015\/02\/ristorante2-300x206.jpg\" class=\"attachment-medium size-medium\" alt=\"\" srcset=\"https:\/\/www.la-bussola.it\/wp-content\/uploads\/2015\/02\/ristorante2-300x206.jpg 300w, https:\/\/www.la-bussola.it\/wp-content\/uploads\/2015\/02\/ristorante2.jpg 700w\" sizes=\"auto, (max-width: 300px) 100vw, 300px\" \/><\/a>\n\t\t\t<\/dt><\/dl><dl class='gallery-item'>\n\t\t\t<dt class='gallery-icon landscape'>\n\t\t\t\t<a href='https:\/\/www.la-bussola.it\/wp-content\/uploads\/2015\/02\/ristorante3.jpg' rel=\"lightbox[256]\"><img loading=\"lazy\" decoding=\"async\" width=\"300\" height=\"206\" src=\"https:\/\/www.la-bussola.it\/wp-content\/uploads\/2015\/02\/ristorante3-300x206.jpg\" class=\"attachment-medium size-medium\" alt=\"\" srcset=\"https:\/\/www.la-bussola.it\/wp-content\/uploads\/2015\/02\/ristorante3-300x206.jpg 300w, https:\/\/www.la-bussola.it\/wp-content\/uploads\/2015\/02\/ristorante3.jpg 700w\" sizes=\"auto, (max-width: 300px) 100vw, 300px\" \/><\/a>\n\t\t\t<\/dt><\/dl><dl class='gallery-item'>\n\t\t\t<dt class='gallery-icon landscape'>\n\t\t\t\t<a href='https:\/\/www.la-bussola.it\/wp-content\/uploads\/2015\/02\/ristorante4.jpg' rel=\"lightbox[256]\"><img loading=\"lazy\" decoding=\"async\" width=\"300\" height=\"206\" src=\"https:\/\/www.la-bussola.it\/wp-content\/uploads\/2015\/02\/ristorante4-300x206.jpg\" class=\"attachment-medium size-medium\" alt=\"\" srcset=\"https:\/\/www.la-bussola.it\/wp-content\/uploads\/2015\/02\/ristorante4-300x206.jpg 300w, https:\/\/www.la-bussola.it\/wp-content\/uploads\/2015\/02\/ristorante4.jpg 700w\" sizes=\"auto, (max-width: 300px) 100vw, 300px\" \/><\/a>\n\t\t\t<\/dt><\/dl><dl class='gallery-item'>\n\t\t\t<dt class='gallery-icon landscape'>\n\t\t\t\t<a href='https:\/\/www.la-bussola.it\/wp-content\/uploads\/2015\/02\/ristorante7.jpg' rel=\"lightbox[256]\"><img loading=\"lazy\" decoding=\"async\" width=\"300\" height=\"206\" src=\"https:\/\/www.la-bussola.it\/wp-content\/uploads\/2015\/02\/ristorante7-300x206.jpg\" class=\"attachment-medium size-medium\" alt=\"\" srcset=\"https:\/\/www.la-bussola.it\/wp-content\/uploads\/2015\/02\/ristorante7-300x206.jpg 300w, https:\/\/www.la-bussola.it\/wp-content\/uploads\/2015\/02\/ristorante7.jpg 700w\" sizes=\"auto, (max-width: 300px) 100vw, 300px\" \/><\/a>\n\t\t\t<\/dt><\/dl><br style=\"clear: both\" \/><dl class='gallery-item'>\n\t\t\t<dt class='gallery-icon landscape'>\n\t\t\t\t<a href='https:\/\/www.la-bussola.it\/wp-content\/uploads\/2015\/02\/ristorante9.jpg' rel=\"lightbox[256]\"><img loading=\"lazy\" decoding=\"async\" width=\"300\" height=\"206\" src=\"https:\/\/www.la-bussola.it\/wp-content\/uploads\/2015\/02\/ristorante9-300x206.jpg\" class=\"attachment-medium size-medium\" alt=\"\" srcset=\"https:\/\/www.la-bussola.it\/wp-content\/uploads\/2015\/02\/ristorante9-300x206.jpg 300w, https:\/\/www.la-bussola.it\/wp-content\/uploads\/2015\/02\/ristorante9.jpg 700w\" sizes=\"auto, (max-width: 300px) 100vw, 300px\" \/><\/a>\n\t\t\t<\/dt><\/dl><dl class='gallery-item'>\n\t\t\t<dt class='gallery-icon landscape'>\n\t\t\t\t<a href='https:\/\/www.la-bussola.it\/wp-content\/uploads\/2015\/02\/ristorante11.jpg' rel=\"lightbox[256]\"><img loading=\"lazy\" decoding=\"async\" width=\"300\" height=\"206\" src=\"https:\/\/www.la-bussola.it\/wp-content\/uploads\/2015\/02\/ristorante11-300x206.jpg\" class=\"attachment-medium size-medium\" alt=\"\" srcset=\"https:\/\/www.la-bussola.it\/wp-content\/uploads\/2015\/02\/ristorante11-300x206.jpg 300w, https:\/\/www.la-bussola.it\/wp-content\/uploads\/2015\/02\/ristorante11.jpg 700w\" sizes=\"auto, (max-width: 300px) 100vw, 300px\" \/><\/a>\n\t\t\t<\/dt><\/dl><dl class='gallery-item'>\n\t\t\t<dt class='gallery-icon landscape'>\n\t\t\t\t<a href='https:\/\/www.la-bussola.it\/wp-content\/uploads\/2015\/02\/ristorante8.jpg' rel=\"lightbox[256]\"><img loading=\"lazy\" decoding=\"async\" width=\"300\" height=\"206\" src=\"https:\/\/www.la-bussola.it\/wp-content\/uploads\/2015\/02\/ristorante8-300x206.jpg\" class=\"attachment-medium size-medium\" alt=\"\" srcset=\"https:\/\/www.la-bussola.it\/wp-content\/uploads\/2015\/02\/ristorante8-300x206.jpg 300w, https:\/\/www.la-bussola.it\/wp-content\/uploads\/2015\/02\/ristorante8.jpg 700w\" sizes=\"auto, (max-width: 300px) 100vw, 300px\" \/><\/a>\n\t\t\t<\/dt><\/dl><dl class='gallery-item'>\n\t\t\t<dt class='gallery-icon landscape'>\n\t\t\t\t<a href='https:\/\/www.la-bussola.it\/wp-content\/uploads\/2015\/02\/ristorante12.jpg' rel=\"lightbox[256]\"><img loading=\"lazy\" decoding=\"async\" width=\"300\" height=\"206\" src=\"https:\/\/www.la-bussola.it\/wp-content\/uploads\/2015\/02\/ristorante12-300x206.jpg\" class=\"attachment-medium size-medium\" alt=\"\" srcset=\"https:\/\/www.la-bussola.it\/wp-content\/uploads\/2015\/02\/ristorante12-300x206.jpg 300w, https:\/\/www.la-bussola.it\/wp-content\/uploads\/2015\/02\/ristorante12.jpg 700w\" sizes=\"auto, (max-width: 300px) 100vw, 300px\" \/><\/a>\n\t\t\t<\/dt><\/dl><dl class='gallery-item'>\n\t\t\t<dt class='gallery-icon landscape'>\n\t\t\t\t<a href='https:\/\/www.la-bussola.it\/wp-content\/uploads\/2015\/02\/ristorante10.jpg' rel=\"lightbox[256]\"><img loading=\"lazy\" decoding=\"async\" width=\"300\" height=\"206\" src=\"https:\/\/www.la-bussola.it\/wp-content\/uploads\/2015\/02\/ristorante10-300x206.jpg\" class=\"attachment-medium size-medium\" alt=\"\" srcset=\"https:\/\/www.la-bussola.it\/wp-content\/uploads\/2015\/02\/ristorante10-300x206.jpg 300w, https:\/\/www.la-bussola.it\/wp-content\/uploads\/2015\/02\/ristorante10.jpg 700w\" sizes=\"auto, (max-width: 300px) 100vw, 300px\" \/><\/a>\n\t\t\t<\/dt><\/dl>\n\t\t\t<br style='clear: both' \/>\n\t\t<\/div>\n\n","protected":false},"excerpt":{"rendered":"<p>Es ist wunderbar, Apulien zu besuchen und seine Orte zu erforschen, aber es ist noch besser, seine typischen Gerichte zu probieren. In Apulien gibt es verschiedene gute Restaurants und unter ihnen gibt es \u201eLa Bussola\u201c, ein angenehmes Ziel f\u00fcr die<\/p>\n","protected":false},"author":3,"featured_media":0,"parent":0,"menu_order":0,"comment_status":"closed","ping_status":"closed","template":"","meta":{"footnotes":""},"class_list":["post-256","page","type-page","status-publish","hentry"],"_links":{"self":[{"href":"https:\/\/www.la-bussola.it\/de\/wp-json\/wp\/v2\/pages\/256","targetHints":{"allow":["GET"]}}],"collection":[{"href":"https:\/\/www.la-bussola.it\/de\/wp-json\/wp\/v2\/pages"}],"about":[{"href":"https:\/\/www.la-bussola.it\/de\/wp-json\/wp\/v2\/types\/page"}],"author":[{"embeddable":true,"href":"https:\/\/www.la-bussola.it\/de\/wp-json\/wp\/v2\/users\/3"}],"replies":[{"embeddable":true,"href":"https:\/\/www.la-bussola.it\/de\/wp-json\/wp\/v2\/comments?post=256"}],"version-history":[{"count":0,"href":"https:\/\/www.la-bussola.it\/de\/wp-json\/wp\/v2\/pages\/256\/revisions"}],"wp:attachment":[{"href":"https:\/\/www.la-bussola.it\/de\/wp-json\/wp\/v2\/media?parent=256"}],"curies":[{"name":"wp","href":"https:\/\/api.w.org\/{rel}","templated":true}]}}