{"id":257,"date":"2017-12-26T11:44:54","date_gmt":"2017-12-26T11:44:54","guid":{"rendered":"http:\/\/www.la-bussola.it\/?page_id=257"},"modified":"2022-05-09T09:31:04","modified_gmt":"2022-05-09T09:31:04","slug":"strand","status":"publish","type":"page","link":"https:\/\/www.la-bussola.it\/de\/strand\/","title":{"rendered":"Strand"},"content":{"rendered":"<h2>STRANDEQUIPMENTPREIS<\/h2>\n<p><strong>ZEIT: JUNI UND SEPTEMBER<\/strong><\/p>\n<table class=\"tbl\" border=\"0\" width=\"100%\" cellspacing=\"1\" cellpadding=\"0\">\n<tbody>\n<tr>\n<td class=\"title\" align=\"center\" bgcolor=\"#087dc2\" width=\"31%\" height=\"30\"><\/td>\n<td class=\"title\" align=\"center\" bgcolor=\"#087dc2\" width=\"18%\" height=\"30\">Sonnenschirm<\/td>\n<td class=\"title\" align=\"center\" bgcolor=\"#087dc2\" width=\"18%\" height=\"30\">Liegestuhl oder Regisseurstuhl<\/td>\n<td class=\"title\" align=\"center\" bgcolor=\"#087dc2\" width=\"18%\" height=\"30\">Liegebett<\/td>\n<td class=\"title\" align=\"center\" bgcolor=\"#087dc2\" width=\"18%\" height=\"30\">Tris*<\/td>\n<\/tr>\n<tr>\n<td valign=\"middle\" bgcolor=\"#eaeaea\" height=\"30\">Alltag<\/td>\n<td align=\"center\" valign=\"middle\" bgcolor=\"#F5F5F5\" height=\"30\">4,00<\/td>\n<td align=\"center\" valign=\"middle\" bgcolor=\"#F5F5F5\" height=\"30\">3,00<\/td>\n<td align=\"center\" valign=\"middle\" bgcolor=\"#F5F5F5\" height=\"30\">3,50<\/td>\n<td align=\"center\" valign=\"middle\" bgcolor=\"#F5F5F5\" height=\"30\">10,00<\/td>\n<\/tr>\n<tr>\n<td valign=\"middle\" bgcolor=\"#eaeaea\" height=\"30\">Vor dem Feiertag\/Feiertag<\/td>\n<td align=\"center\" valign=\"middle\" bgcolor=\"#F5F5F5\" height=\"30\">5,00<\/td>\n<td align=\"center\" valign=\"middle\" bgcolor=\"#F5F5F5\" height=\"30\">3,50<\/td>\n<td align=\"center\" valign=\"middle\" bgcolor=\"#F5F5F5\" height=\"30\">4,00<\/td>\n<td align=\"center\" valign=\"middle\" bgcolor=\"#F5F5F5\" height=\"30\">11,00<\/td>\n<\/tr>\n<tr>\n<td valign=\"middle\" bgcolor=\"#eaeaea\" height=\"30\">1 Woche<\/td>\n<td align=\"center\" valign=\"middle\" bgcolor=\"#F5F5F5\" height=\"30\">30,00<\/td>\n<td align=\"center\" valign=\"middle\" bgcolor=\"#F5F5F5\" height=\"30\">25,00<\/td>\n<td align=\"center\" valign=\"middle\" bgcolor=\"#F5F5F5\" height=\"30\">25,50<\/td>\n<td align=\"center\" valign=\"middle\" bgcolor=\"#F5F5F5\" height=\"30\">75,00<\/td>\n<\/tr>\n<tr>\n<td valign=\"middle\" bgcolor=\"#eaeaea\" height=\"30\">2 Wochen<\/td>\n<td align=\"center\" valign=\"middle\" bgcolor=\"#F5F5F5\" height=\"30\">55,00<\/td>\n<td align=\"center\" valign=\"middle\" bgcolor=\"#F5F5F5\" height=\"30\">45,00<\/td>\n<td align=\"center\" valign=\"middle\" bgcolor=\"#F5F5F5\" height=\"30\">50,00<\/td>\n<td align=\"center\" valign=\"middle\" bgcolor=\"#F5F5F5\" height=\"30\">135,00<\/td>\n<\/tr>\n<tr>\n<td valign=\"middle\" bgcolor=\"#eaeaea\" height=\"30\">3 Wochen<\/td>\n<td align=\"center\" valign=\"middle\" bgcolor=\"#F5F5F5\" height=\"30\">75,00<\/td>\n<td align=\"center\" valign=\"middle\" bgcolor=\"#F5F5F5\" height=\"30\">60,00<\/td>\n<td align=\"center\" valign=\"middle\" bgcolor=\"#F5F5F5\" height=\"30\">70,00<\/td>\n<td align=\"center\" valign=\"middle\" bgcolor=\"#F5F5F5\" height=\"30\">190,00<\/td>\n<\/tr>\n<tr>\n<td valign=\"middle\" bgcolor=\"#eaeaea\" height=\"30\">1 Monat<\/td>\n<td align=\"center\" valign=\"middle\" bgcolor=\"#F5F5F5\" height=\"30\">100,00<\/td>\n<td align=\"center\" valign=\"middle\" bgcolor=\"#F5F5F5\" height=\"30\">85,00<\/td>\n<td align=\"center\" valign=\"middle\" bgcolor=\"#F5F5F5\" height=\"30\">95,00<\/td>\n<td align=\"center\" valign=\"middle\" bgcolor=\"#F5F5F5\" height=\"30\">260,00<\/td>\n<\/tr>\n<\/tbody>\n<\/table>\n<p>* Tris = Sonnenschirm + 2 Liegebetten (oder 2 Liegest\u00fchle)<br \/>\n<strong>ZEIT: JULI UND AUGUST<\/strong><\/p>\n<table class=\"tbl\" border=\"0\" width=\"100%\" cellspacing=\"1\" cellpadding=\"0\">\n<tbody>\n<tr>\n<td class=\"title\" align=\"center\" bgcolor=\"#087dc2\" width=\"31%\" height=\"30\"><\/td>\n<td class=\"title\" align=\"center\" bgcolor=\"#087dc2\" width=\"18%\" height=\"30\">Sonnenschirm<\/td>\n<td class=\"title\" align=\"center\" bgcolor=\"#087dc2\" width=\"18%\" height=\"30\">Liegestuhl oder Regisseurstuhl<\/td>\n<td class=\"title\" align=\"center\" bgcolor=\"#087dc2\" width=\"18%\" height=\"30\">Liegebett<\/td>\n<td class=\"title\" align=\"center\" bgcolor=\"#087dc2\" width=\"18%\" height=\"30\">Tris<\/td>\n<\/tr>\n<tr>\n<td valign=\"middle\" bgcolor=\"#eaeaea\" height=\"30\">Alltag<\/td>\n<td align=\"center\" valign=\"middle\" bgcolor=\"#F5F5F5\">5,00<\/td>\n<td align=\"center\" valign=\"middle\" bgcolor=\"#F5F5F5\">3,50<\/td>\n<td align=\"center\" valign=\"middle\" bgcolor=\"#F5F5F5\">4,00<\/td>\n<td align=\"center\" valign=\"middle\" bgcolor=\"#F5F5F5\">11,50<\/td>\n<\/tr>\n<tr>\n<td valign=\"middle\" bgcolor=\"#eaeaea\" height=\"30\">Vor dem Feiertag\/Feiertag<\/td>\n<td align=\"center\" valign=\"middle\" bgcolor=\"#F5F5F5\">5,50<\/td>\n<td align=\"center\" valign=\"middle\" bgcolor=\"#F5F5F5\">4,00<\/td>\n<td align=\"center\" valign=\"middle\" bgcolor=\"#F5F5F5\">4,50<\/td>\n<td align=\"center\" valign=\"middle\" bgcolor=\"#F5F5F5\">12,00<\/td>\n<\/tr>\n<tr>\n<td valign=\"middle\" bgcolor=\"#eaeaea\" height=\"30\">1 Woche<\/td>\n<td align=\"center\" valign=\"middle\" bgcolor=\"#F5F5F5\">36,00<\/td>\n<td align=\"center\" valign=\"middle\" bgcolor=\"#F5F5F5\">30,00<\/td>\n<td align=\"center\" valign=\"middle\" bgcolor=\"#F5F5F5\">33,00<\/td>\n<td align=\"center\" valign=\"middle\" bgcolor=\"#F5F5F5\">95,00<\/td>\n<\/tr>\n<tr>\n<td valign=\"middle\" bgcolor=\"#eaeaea\" height=\"30\">2 Wochen<\/td>\n<td align=\"center\" valign=\"middle\" bgcolor=\"#F5F5F5\">65,00<\/td>\n<td align=\"center\" valign=\"middle\" bgcolor=\"#F5F5F5\">55,00<\/td>\n<td align=\"center\" valign=\"middle\" bgcolor=\"#F5F5F5\">65,00<\/td>\n<td align=\"center\" valign=\"middle\" bgcolor=\"#F5F5F5\">160,00<\/td>\n<\/tr>\n<tr>\n<td valign=\"middle\" bgcolor=\"#eaeaea\" height=\"30\">3 Wochen<\/td>\n<td align=\"center\" valign=\"middle\" bgcolor=\"#F5F5F5\">95,00<\/td>\n<td align=\"center\" valign=\"middle\" bgcolor=\"#F5F5F5\">85,00<\/td>\n<td align=\"center\" valign=\"middle\" bgcolor=\"#F5F5F5\">95,00<\/td>\n<td align=\"center\" valign=\"middle\" bgcolor=\"#F5F5F5\">275,00<\/td>\n<\/tr>\n<tr>\n<td valign=\"middle\" bgcolor=\"#eaeaea\" height=\"30\">1 Monat<\/td>\n<td align=\"center\" valign=\"middle\" bgcolor=\"#F5F5F5\">130,00<\/td>\n<td align=\"center\" valign=\"middle\" bgcolor=\"#F5F5F5\">110,00<\/td>\n<td align=\"center\" valign=\"middle\" bgcolor=\"#F5F5F5\">130,00<\/td>\n<td align=\"center\" valign=\"middle\" bgcolor=\"#F5F5F5\">350,00<\/td>\n<\/tr>\n<tr>\n<td valign=\"middle\" bgcolor=\"#eaeaea\" height=\"30\">2 Monate<\/td>\n<td align=\"center\" valign=\"middle\" bgcolor=\"#F5F5F5\">250,00<\/td>\n<td align=\"center\" valign=\"middle\" bgcolor=\"#F5F5F5\">200,00<\/td>\n<td align=\"center\" valign=\"middle\" bgcolor=\"#F5F5F5\">240,00<\/td>\n<td align=\"center\" valign=\"middle\" bgcolor=\"#F5F5F5\">600,00<\/td>\n<\/tr>\n<tr>\n<td valign=\"middle\" bgcolor=\"#eaeaea\" height=\"30\">3 Monate<\/td>\n<td align=\"center\" valign=\"middle\" bgcolor=\"#F5F5F5\" height=\"30\">310,00<\/td>\n<td align=\"center\" valign=\"middle\" bgcolor=\"#F5F5F5\" height=\"30\">260,00<\/td>\n<td align=\"center\" valign=\"middle\" bgcolor=\"#F5F5F5\" height=\"30\">290,00<\/td>\n<td align=\"center\" valign=\"middle\" bgcolor=\"#F5F5F5\" height=\"30\">820,00<\/td>\n<\/tr>\n<\/tbody>\n<\/table>\n<p><strong> ZUZAHLUNG F\u00dcR SONNENSCHIRM IN DER ERSTEN REIHE (JULI UND AUGUST)<\/strong><\/p>\n<table class=\"tbl\" border=\"0\" width=\"100%\" cellspacing=\"1\" cellpadding=\"0\">\n<tbody>\n<tr>\n<td valign=\"middle\" bgcolor=\"#eaeaea\" width=\"31%\" height=\"30\">Tagessatz<\/td>\n<td align=\"center\" valign=\"middle\" bgcolor=\"#F5F5F5\" width=\"18%\">1,50<\/td>\n<td align=\"center\" valign=\"middle\" bgcolor=\"#eaeaea\" width=\"18%\">3 Wochen<\/td>\n<td align=\"center\" valign=\"middle\" bgcolor=\"#F5F5F5\" width=\"18%\">25,00<\/td>\n<\/tr>\n<tr>\n<td valign=\"middle\" bgcolor=\"#eaeaea\" height=\"30\">1 Woche<\/td>\n<td align=\"center\" valign=\"middle\" bgcolor=\"#F5F5F5\">9,00<\/td>\n<td align=\"center\" valign=\"middle\" bgcolor=\"#eaeaea\">1 Wochen<\/td>\n<td align=\"center\" valign=\"middle\" bgcolor=\"#F5F5F5\">34,00<\/td>\n<\/tr>\n<tr>\n<td valign=\"middle\" bgcolor=\"#eaeaea\" height=\"30\">2 Wochen<\/td>\n<td align=\"center\" valign=\"middle\" bgcolor=\"#F5F5F5\">17,00<\/td>\n<td align=\"center\" valign=\"middle\" bgcolor=\"#eaeaea\">2 und 3 Monate<\/td>\n<td align=\"center\" valign=\"middle\" bgcolor=\"#F5F5F5\">Frei<\/td>\n<\/tr>\n<\/tbody>\n<\/table>\n<p>* Der Strand steht unseren G\u00e4sten und anderen zahlenden Personen zur Verf\u00fcgung. Die Personen von au\u00dfen haben freien Fu\u00dfg\u00e4ngerzugang und sie k\u00f6nnen das kostenpflichtige Teil, das ausgestattet und reserviert ist, oder das kostenlose Teil w\u00e4hlen. Au\u00dferdem k\u00f6nnen sie ihr Strandequipment in dem kostenlosen Teil benutzen, ohne die Grenzen des kostenpflichtigen Teiles und der Strandlinie zu \u00fcberschreiten.<br \/>\n* Vor dem ausgestatteten Teil gibt es eine weite Fl\u00e4che (L\u00e4nge: 90 m; Weite: 220 m) mit feinem Sand und Hochstammb\u00e4umen, wie zum Beispiel Eukalyptus, Schmalbl\u00e4ttrige \u00d6lweide, Weidenblatt-Akazie, Aleppo-Kiefer, See-Kiefer, Palme, usw.<br \/>\n* Die Sonnenschirme, die Liegebetten und die Liegest\u00fchle k\u00f6nnen auch f\u00fcr das kostenlose Teil geliehen werden.<br \/>\n* Freier Zugang zum Platz f\u00fcr Beach-Volley, Beach-Soccer, Beach-Tennis, Boccia und zum Kinderspielplatz.<br \/>\n* Tretbootverleih: \u20ac12 pro Stunde.<br \/>\n* M\u00fcnze f\u00fcr Dusche: kalte Dusche \u20ac0,20; warme Dusche \u20ac0,50.<br \/>\n* Schlauchbootpumpe: \u20ac0,20.<br \/>\n* Laubenvermietung (Struktur mit Holzdach \u2013 4 Sitzpl\u00e4tze): \u20ac6 pro Tag.<\/p>\n<p><strong> PARKPLATZ F\u00dcR PERSONEN VON AU\u1e9eEN<\/strong>(Tagessatz)<\/p>\n<table class=\"tbl\" border=\"0\" width=\"100%\" cellspacing=\"1\" cellpadding=\"0\">\n<tbody>\n<tr>\n<td class=\"title\" align=\"center\" bgcolor=\"#087dc2\" width=\"31%\" height=\"30\">ZEIT<\/td>\n<td class=\"title\" align=\"center\" bgcolor=\"#087dc2\" width=\"18%\" height=\"30\">25.04 \u2013 30.06<\/td>\n<td class=\"title\" align=\"center\" bgcolor=\"#087dc2\" width=\"18%\" height=\"30\">01.08 \u2013 30.08<\/td>\n<td class=\"title\" align=\"center\" bgcolor=\"#087dc2\" width=\"18%\" height=\"30\">Ab 24.08<\/td>\n<td class=\"title\" align=\"center\" bgcolor=\"#087dc2\" width=\"18%\" height=\"30\">Abonnement *<\/td>\n<\/tr>\n<tr>\n<td valign=\"middle\" bgcolor=\"#eaeaea\" height=\"30\">Alltag<\/td>\n<td align=\"center\" valign=\"middle\" bgcolor=\"#F5F5F5\">4,00<\/td>\n<td align=\"center\" valign=\"middle\" bgcolor=\"#F5F5F5\">5,00<\/td>\n<td align=\"center\" valign=\"middle\" bgcolor=\"#F5F5F5\">4,00<\/td>\n<td align=\"center\" valign=\"middle\" bgcolor=\"#F5F5F5\">38,00<\/td>\n<\/tr>\n<tr>\n<td valign=\"middle\" bgcolor=\"#eaeaea\" height=\"30\">Vor dem Feiertag\/Feiertag<\/td>\n<td align=\"center\" valign=\"middle\" bgcolor=\"#F5F5F5\">5,00<\/td>\n<td align=\"center\" valign=\"middle\" bgcolor=\"#F5F5F5\">6,00<\/td>\n<td align=\"center\" valign=\"middle\" bgcolor=\"#F5F5F5\">5,00<\/td>\n<td align=\"center\" valign=\"middle\" bgcolor=\"#F5F5F5\">&#8211;<\/td>\n<\/tr>\n<tr>\n<td valign=\"middle\" bgcolor=\"#eaeaea\" height=\"30\">Ab 14:30 Uhr<\/td>\n<td align=\"center\" valign=\"middle\" bgcolor=\"#F5F5F5\">3,00<\/td>\n<td align=\"center\" valign=\"middle\" bgcolor=\"#F5F5F5\">4,00<\/td>\n<td align=\"center\" valign=\"middle\" bgcolor=\"#F5F5F5\">3,00<\/td>\n<td align=\"center\" valign=\"middle\" bgcolor=\"#F5F5F5\">23,00<\/td>\n<\/tr>\n<\/tbody>\n<\/table>\n<p>* Abonnement f\u00fcr 10 Eintritte hintereinander<\/p>\n<p>* Der nicht reservierte kostenpflichtige Parkplatz ist f\u00fcr die t\u00e4glichen Strandbenutzer und er ist von 7:30 Uhr bis 20:00 Uhr ge\u00f6ffnet.<br \/>\n* Der Zugang ist automatisiert (FAAC System). Um vom Parkplatz auszugehen, m\u00fcssen Sie die Eintrittskarte an der Strandcaf\u00e9 abgeben, den Tagessatz bezahlen und das Ticket f\u00fcr den Ausgang abholen.<br \/>\n* Zuzahlung von \u20ac10 f\u00fcr Fahrzeuge gr\u00f6\u00dfer als PKW im Juli und August (Feiertage und vor den Feiertagen).<br \/>\n* Motorrad: 30% Erm\u00e4\u00dfigung auf Parkplatzpreise.<br \/>\n* Auf Anordnung der Hafenbeh\u00f6rde von Manfredonia ist es verboten, mit jeder Ausstattung im Parkplatz oder am Strand zu campen oder zu n\u00e4chtigen. Au\u00dferdem ist es strikt verboten, das Feuer, vor allem das offene Feuer, anzuz\u00fcnden.<\/p>\n","protected":false},"excerpt":{"rendered":"<p>STRANDEQUIPMENTPREIS ZEIT: JUNI UND SEPTEMBER Sonnenschirm Liegestuhl oder Regisseurstuhl Liegebett Tris* Alltag 4,00 3,00 3,50 10,00 Vor dem Feiertag\/Feiertag 5,00 3,50 4,00 11,00 1 Woche 30,00 25,00 25,50 75,00 2 Wochen 55,00 45,00 50,00 135,00 3 Wochen 75,00 60,00 70,00<\/p>\n","protected":false},"author":3,"featured_media":37,"parent":0,"menu_order":0,"comment_status":"closed","ping_status":"closed","template":"","meta":{"footnotes":""},"class_list":["post-257","page","type-page","status-publish","has-post-thumbnail","hentry"],"_links":{"self":[{"href":"https:\/\/www.la-bussola.it\/de\/wp-json\/wp\/v2\/pages\/257","targetHints":{"allow":["GET"]}}],"collection":[{"href":"https:\/\/www.la-bussola.it\/de\/wp-json\/wp\/v2\/pages"}],"about":[{"href":"https:\/\/www.la-bussola.it\/de\/wp-json\/wp\/v2\/types\/page"}],"author":[{"embeddable":true,"href":"https:\/\/www.la-bussola.it\/de\/wp-json\/wp\/v2\/users\/3"}],"replies":[{"embeddable":true,"href":"https:\/\/www.la-bussola.it\/de\/wp-json\/wp\/v2\/comments?post=257"}],"version-history":[{"count":0,"href":"https:\/\/www.la-bussola.it\/de\/wp-json\/wp\/v2\/pages\/257\/revisions"}],"wp:featuredmedia":[{"embeddable":true,"href":"https:\/\/www.la-bussola.it\/de\/wp-json\/wp\/v2\/media\/37"}],"wp:attachment":[{"href":"https:\/\/www.la-bussola.it\/de\/wp-json\/wp\/v2\/media?parent=257"}],"curies":[{"name":"wp","href":"https:\/\/api.w.org\/{rel}","templated":true}]}}