{"id":263,"date":"2017-12-26T11:45:02","date_gmt":"2017-12-26T11:45:02","guid":{"rendered":"http:\/\/www.la-bussola.it\/?page_id=263"},"modified":"2022-05-09T09:37:00","modified_gmt":"2022-05-09T09:37:00","slug":"lage","status":"publish","type":"page","link":"https:\/\/www.la-bussola.it\/de\/lage\/","title":{"rendered":"Lage"},"content":{"rendered":"<p><strong>Camping La Bussola<\/strong><br \/>\nS.P. 141 (ex S.S. 159) delle Saline KM 7+100 &#8211; 71043 Manfredonia (FG) &#8211; ITALY<br \/>\n<strong>Tel<\/strong>: +39 0884 571046 &#8211; <strong>Fax<\/strong>: +39 0884 571882 &#8211; <strong>Handy<\/strong>: +39 336 248870<br \/>\n<strong>E-mail<\/strong>: info@la-bussola.it<\/p>\n<p><strong>GPS<\/strong>: Breite N 41\u00b0 32\u2019 53\u201d &#8211; L\u00e4nge E 15\u00b0 53\u2019 46\u201d<\/p>\n<p><iframe loading=\"lazy\" style=\"border: 0;\" src=\"https:\/\/www.google.com\/maps\/embed?pb=!1m14!1m8!1m3!1d5972.091247407395!2d15.892900093423865!3d41.54660938923131!3m2!1i1024!2i768!4f13.1!3m3!1m2!1s0x0000000000000000%3A0x089926d0c0a39001!2sCampeggio+la+Bussola!5e0!3m2!1sit!2s!4v1423132438289\" width=\"100%\" height=\"400\" frameborder=\"0\"><\/iframe><\/p>\n<p>&nbsp;<\/p>\n<h2>Anreise<\/h2>\n<p><strong>Mit dem Auto<\/strong><\/p>\n<ul>\n<li>Aus Richtung Norden ist es g\u00fcnstig, die A14 (Bologna-Bari) bei der Ausfahrt Foggia zu verlassen und \u00fcber S.S. 89 (Richtung Manfredonia) anzureisen. Verlassen Sie die S.S.89 bei der Ausfahrt Manfredonia Sud und dann nehmen Sie die Abzweigung S.P. 141 in Richtung Zapponeta.<\/li>\n<li>Aus Richtung Zentrum ist es g\u00fcnstig, die A1 (Roma-Napoli) oder die A16 (Napoli-Bari) bei der Ausfahrt Candela zu verlassen und \u00fcber die Schnellstra\u00dfe (Richtung Foggia) anzureisen. Fahren Sie S.S. 89 in Richtung Manfredonia und dann S.P. 141 in Richtung Zapponeta.<\/li>\n<li>\u2022 Aus Richtung S\u00fcden ist es g\u00fcnstig, die A14 (Taranto-Bari) bei der Ausfahrt Cerignola Est zu verlassen und \u00fcber S.P. 77 anzureisen. Fahren Sie in Richtung Manfredonia und dann reisen Sie \u00fcber S.P. 141 delle Saline an.<\/li>\n<\/ul>\n<p><strong>Mit dem Zug<\/strong><\/p>\n<ul>\n<li>Am Bahnhof von Foggia angekommen, k\u00f6nnen Sie mit dem Zug oder Bus in Richtung Manfredonia fahren, oder Sie k\u00f6nnen ein Taxi oder unseren Shuttle-Bus (auf Reservierung) nehmen.<\/li>\n<\/ul>\n<p><strong>Mit dem Flugzeug<\/strong><\/p>\n<ul>\n<li>Von den Flugh\u00e4fen \u201ePalese\u201c (Bari) und &#8220;Gino Lisa&#8221; (Foggia) k\u00f6nnen Sie die \u00f6ffentlichen Verkehrsmittel oder unseren Shuttle-Bus (auf Reservierung) nutzen.<\/li>\n<\/ul>\n<hr size=\"1\" \/>\n<p><strong>Dienste<\/strong><\/p>\n<ul>\n<li>Die \u00f6ffentlichen Verkehrsmittel von und nach verschiedenen St\u00e4dten des Gargano oder in der N\u00e4he von Bari fahren von Manfredonia ab.<\/li>\n<li>Die Stadt ist mit der Linie \u201eL5\u201c mit einer Haltestelle an der Provinzstra\u00dfe Nr. 141.<\/li>\n<li>Der Autoverleih ist in Manfredonia verf\u00fcgbar.<\/li>\n<li>Tragfl\u00e4chenboote und F\u00e4hren nach Isole Tremiti von Manfredonia und Vieste.<\/li>\n<\/ul>\n<p><strong>Laden\u00f6ffnungszeiten in Manfredonia<\/strong><\/p>\n<ul>\n<li>Die Laden\u00f6ffnungszeiten sind abh\u00e4ngig vom Warenbereich.<\/li>\n<li>Das Gesch\u00e4ftszentrum \u201eCentro Commerciale Gargano\u201c ist 12Km von Camping La Bussola entfernt und es ist durchgehend ge\u00f6ffnet.<\/li>\n<li>Der Wochenmarkt findet am Dienstagmorgen statt.<\/li>\n<\/ul>\n","protected":false},"excerpt":{"rendered":"<p>Camping La Bussola S.P. 141 (ex S.S. 159) delle Saline KM 7+100 &#8211; 71043 Manfredonia (FG) &#8211; ITALY Tel: +39 0884 571046 &#8211; Fax: +39 0884 571882 &#8211; Handy: +39 336 248870 E-mail: info@la-bussola.it GPS: Breite N 41\u00b0 32\u2019 53\u201d<\/p>\n","protected":false},"author":3,"featured_media":0,"parent":0,"menu_order":0,"comment_status":"closed","ping_status":"closed","template":"","meta":{"footnotes":""},"class_list":["post-263","page","type-page","status-publish","hentry"],"_links":{"self":[{"href":"https:\/\/www.la-bussola.it\/de\/wp-json\/wp\/v2\/pages\/263","targetHints":{"allow":["GET"]}}],"collection":[{"href":"https:\/\/www.la-bussola.it\/de\/wp-json\/wp\/v2\/pages"}],"about":[{"href":"https:\/\/www.la-bussola.it\/de\/wp-json\/wp\/v2\/types\/page"}],"author":[{"embeddable":true,"href":"https:\/\/www.la-bussola.it\/de\/wp-json\/wp\/v2\/users\/3"}],"replies":[{"embeddable":true,"href":"https:\/\/www.la-bussola.it\/de\/wp-json\/wp\/v2\/comments?post=263"}],"version-history":[{"count":0,"href":"https:\/\/www.la-bussola.it\/de\/wp-json\/wp\/v2\/pages\/263\/revisions"}],"wp:attachment":[{"href":"https:\/\/www.la-bussola.it\/de\/wp-json\/wp\/v2\/media?parent=263"}],"curies":[{"name":"wp","href":"https:\/\/api.w.org\/{rel}","templated":true}]}}