{"id":265,"date":"2017-12-26T11:45:02","date_gmt":"2017-12-26T11:45:02","guid":{"rendered":"http:\/\/www.la-bussola.it\/?page_id=265"},"modified":"2017-12-26T16:08:17","modified_gmt":"2017-12-26T16:08:17","slug":"castel-del-monte-und-alberobello","status":"publish","type":"page","link":"https:\/\/www.la-bussola.it\/de\/castel-del-monte-und-alberobello\/","title":{"rendered":"Castel del Monte und Alberobello"},"content":{"rendered":"<p>Castel del Monte liegt auf einem flachen H\u00fcgel und stellt ein einzigartiges Denkmal dar, das bis heute ein R\u00e4tsel f\u00fcr Historiker und Gelehrte ist. Castel del Monte ist UNESCO-Weltkulturerbe und ist zweifellos unter den meist bewunderten und geheimnisvollsten Sehensw\u00fcrdigkeiten Italiens.<br \/>\nAlberobello ist durch ihre kegelbauten Trulli ber\u00fchmt, die wei\u00df gestrichene Bauten mit Kegeld\u00e4chern aus den ohne jeden M\u00f6rtel aufeinander geschichteten Kalksteinplatten sind. In Alberobello bestehen ganze Stadtteile aus Trulli, wie das Viertel Aia Piccola, und sie sind UNESCO-Weltkulturerbe.<\/p>\n<div id='gallery-1' class='gallery galleryid-265 gallery-columns-5 gallery-size-medium'><dl class='gallery-item'>\n\t\t\t<dt class='gallery-icon landscape'>\n\t\t\t\t<a href='https:\/\/www.la-bussola.it\/wp-content\/uploads\/2015\/02\/alberobello3.jpg' rel=\"lightbox[265]\"><img loading=\"lazy\" decoding=\"async\" width=\"300\" height=\"219\" src=\"https:\/\/www.la-bussola.it\/wp-content\/uploads\/2015\/02\/alberobello3-300x219.jpg\" class=\"attachment-medium size-medium\" alt=\"Alberobello\" srcset=\"https:\/\/www.la-bussola.it\/wp-content\/uploads\/2015\/02\/alberobello3-300x219.jpg 300w, https:\/\/www.la-bussola.it\/wp-content\/uploads\/2015\/02\/alberobello3.jpg 800w\" sizes=\"auto, (max-width: 300px) 100vw, 300px\" \/><\/a>\n\t\t\t<\/dt><\/dl><dl class='gallery-item'>\n\t\t\t<dt class='gallery-icon landscape'>\n\t\t\t\t<a href='https:\/\/www.la-bussola.it\/wp-content\/uploads\/2015\/02\/alberobello1.jpg' rel=\"lightbox[265]\"><img loading=\"lazy\" decoding=\"async\" width=\"300\" height=\"224\" src=\"https:\/\/www.la-bussola.it\/wp-content\/uploads\/2015\/02\/alberobello1-300x224.jpg\" class=\"attachment-medium size-medium\" alt=\"Alberobello\" srcset=\"https:\/\/www.la-bussola.it\/wp-content\/uploads\/2015\/02\/alberobello1-300x224.jpg 300w, https:\/\/www.la-bussola.it\/wp-content\/uploads\/2015\/02\/alberobello1.jpg 800w\" sizes=\"auto, (max-width: 300px) 100vw, 300px\" \/><\/a>\n\t\t\t<\/dt><\/dl><dl class='gallery-item'>\n\t\t\t<dt class='gallery-icon landscape'>\n\t\t\t\t<a href='https:\/\/www.la-bussola.it\/wp-content\/uploads\/2015\/02\/alberobello2.jpg' rel=\"lightbox[265]\"><img loading=\"lazy\" decoding=\"async\" width=\"300\" height=\"227\" src=\"https:\/\/www.la-bussola.it\/wp-content\/uploads\/2015\/02\/alberobello2-300x227.jpg\" class=\"attachment-medium size-medium\" alt=\"Alberobello\" srcset=\"https:\/\/www.la-bussola.it\/wp-content\/uploads\/2015\/02\/alberobello2-300x227.jpg 300w, https:\/\/www.la-bussola.it\/wp-content\/uploads\/2015\/02\/alberobello2.jpg 790w\" sizes=\"auto, (max-width: 300px) 100vw, 300px\" \/><\/a>\n\t\t\t<\/dt><\/dl><dl class='gallery-item'>\n\t\t\t<dt class='gallery-icon landscape'>\n\t\t\t\t<a href='https:\/\/www.la-bussola.it\/wp-content\/uploads\/2015\/02\/casteldelmonte1.jpg' rel=\"lightbox[265]\"><img loading=\"lazy\" decoding=\"async\" width=\"300\" height=\"225\" src=\"https:\/\/www.la-bussola.it\/wp-content\/uploads\/2015\/02\/casteldelmonte1-300x225.jpg\" class=\"attachment-medium size-medium\" alt=\"Castel del Monte\" srcset=\"https:\/\/www.la-bussola.it\/wp-content\/uploads\/2015\/02\/casteldelmonte1-300x225.jpg 300w, https:\/\/www.la-bussola.it\/wp-content\/uploads\/2015\/02\/casteldelmonte1.jpg 800w\" sizes=\"auto, (max-width: 300px) 100vw, 300px\" \/><\/a>\n\t\t\t<\/dt><\/dl><dl class='gallery-item'>\n\t\t\t<dt class='gallery-icon landscape'>\n\t\t\t\t<a href='https:\/\/www.la-bussola.it\/wp-content\/uploads\/2015\/02\/casteldelmonte2.jpg' rel=\"lightbox[265]\"><img loading=\"lazy\" decoding=\"async\" width=\"300\" height=\"225\" src=\"https:\/\/www.la-bussola.it\/wp-content\/uploads\/2015\/02\/casteldelmonte2-300x225.jpg\" class=\"attachment-medium size-medium\" alt=\"Castel del Monte\" srcset=\"https:\/\/www.la-bussola.it\/wp-content\/uploads\/2015\/02\/casteldelmonte2-300x225.jpg 300w, https:\/\/www.la-bussola.it\/wp-content\/uploads\/2015\/02\/casteldelmonte2.jpg 800w\" sizes=\"auto, (max-width: 300px) 100vw, 300px\" \/><\/a>\n\t\t\t<\/dt><\/dl><br style=\"clear: both\" \/>\n\t\t<\/div>\n\n","protected":false},"excerpt":{"rendered":"<p>Castel del Monte liegt auf einem flachen H\u00fcgel und stellt ein einzigartiges Denkmal dar, das bis heute ein R\u00e4tsel f\u00fcr Historiker und Gelehrte ist. Castel del Monte ist UNESCO-Weltkulturerbe und ist zweifellos unter den meist bewunderten und geheimnisvollsten Sehensw\u00fcrdigkeiten Italiens.<\/p>\n","protected":false},"author":3,"featured_media":47,"parent":0,"menu_order":0,"comment_status":"closed","ping_status":"closed","template":"","meta":{"footnotes":""},"class_list":["post-265","page","type-page","status-publish","has-post-thumbnail","hentry"],"_links":{"self":[{"href":"https:\/\/www.la-bussola.it\/de\/wp-json\/wp\/v2\/pages\/265","targetHints":{"allow":["GET"]}}],"collection":[{"href":"https:\/\/www.la-bussola.it\/de\/wp-json\/wp\/v2\/pages"}],"about":[{"href":"https:\/\/www.la-bussola.it\/de\/wp-json\/wp\/v2\/types\/page"}],"author":[{"embeddable":true,"href":"https:\/\/www.la-bussola.it\/de\/wp-json\/wp\/v2\/users\/3"}],"replies":[{"embeddable":true,"href":"https:\/\/www.la-bussola.it\/de\/wp-json\/wp\/v2\/comments?post=265"}],"version-history":[{"count":0,"href":"https:\/\/www.la-bussola.it\/de\/wp-json\/wp\/v2\/pages\/265\/revisions"}],"wp:featuredmedia":[{"embeddable":true,"href":"https:\/\/www.la-bussola.it\/de\/wp-json\/wp\/v2\/media\/47"}],"wp:attachment":[{"href":"https:\/\/www.la-bussola.it\/de\/wp-json\/wp\/v2\/media?parent=265"}],"curies":[{"name":"wp","href":"https:\/\/api.w.org\/{rel}","templated":true}]}}