{"id":266,"date":"2017-12-26T11:44:55","date_gmt":"2017-12-26T11:44:55","guid":{"rendered":"http:\/\/www.la-bussola.it\/?page_id=266"},"modified":"2017-12-26T16:06:44","modified_gmt":"2017-12-26T16:06:44","slug":"manfredonia-und-siponto","status":"publish","type":"page","link":"https:\/\/www.la-bussola.it\/de\/manfredonia-und-siponto\/","title":{"rendered":"Manfredonia und Siponto"},"content":{"rendered":"<p>Manfredonia ist ein Bade- und Fremdenverkehrsort mit alten und neuen H\u00e4usern. Sie ist auch eine See- und Hafenstadt, deren Name aus Manfred, K\u00f6nig von Sizilien und Sohn von Kaiser Friedrich II, stammt. Er gr\u00fcndete die Stadt Mitte des XIII Jahrhunderts, um die Einwohner von Siponto umzusiedeln, weil sie von den sarazenischen \u00dcberf\u00e4llen und einem Erdbeben besch\u00e4digt worden war.<br \/>\nManfred bildete das Schloss, das dann von Karl I von Anjou umgearbeitet wurde. Heute im Schloss liegt das Museo Nazionale del Gargano (Nationalmuseum von Gargano), wo man Stele Daunie finden kann, das hei\u03b2t Grabstelen aus Kalkstein. Die Reste der alten Stadt von Siponto sind viele arch\u00e4ologischen Funde und die sehr sch\u00f6ne Basilica von Santa Maria Maggiore di Siponto, die sich wenige Kilometer von der Stadt befinden.<\/p>\n<div id='gallery-1' class='gallery galleryid-266 gallery-columns-5 gallery-size-medium'><dl class='gallery-item'>\n\t\t\t<dt class='gallery-icon landscape'>\n\t\t\t\t<a href='https:\/\/www.la-bussola.it\/wp-content\/uploads\/2015\/02\/manfredonia1.jpg' rel=\"lightbox[266]\"><img loading=\"lazy\" decoding=\"async\" width=\"300\" height=\"225\" src=\"https:\/\/www.la-bussola.it\/wp-content\/uploads\/2015\/02\/manfredonia1-300x225.jpg\" class=\"attachment-medium size-medium\" alt=\"Il Castello di Manfredonia\" srcset=\"https:\/\/www.la-bussola.it\/wp-content\/uploads\/2015\/02\/manfredonia1-300x225.jpg 300w, https:\/\/www.la-bussola.it\/wp-content\/uploads\/2015\/02\/manfredonia1.jpg 700w\" sizes=\"auto, (max-width: 300px) 100vw, 300px\" \/><\/a>\n\t\t\t<\/dt><\/dl><dl class='gallery-item'>\n\t\t\t<dt class='gallery-icon landscape'>\n\t\t\t\t<a href='https:\/\/www.la-bussola.it\/wp-content\/uploads\/2015\/02\/porto.manfredonia.jpg' rel=\"lightbox[266]\"><img loading=\"lazy\" decoding=\"async\" width=\"300\" height=\"224\" src=\"https:\/\/www.la-bussola.it\/wp-content\/uploads\/2015\/02\/porto.manfredonia-300x224.jpg\" class=\"attachment-medium size-medium\" alt=\"Vista panoramica di Manfredonia\" srcset=\"https:\/\/www.la-bussola.it\/wp-content\/uploads\/2015\/02\/porto.manfredonia-300x224.jpg 300w, https:\/\/www.la-bussola.it\/wp-content\/uploads\/2015\/02\/porto.manfredonia.jpg 700w\" sizes=\"auto, (max-width: 300px) 100vw, 300px\" \/><\/a>\n\t\t\t<\/dt><\/dl><dl class='gallery-item'>\n\t\t\t<dt class='gallery-icon landscape'>\n\t\t\t\t<a href='https:\/\/www.la-bussola.it\/wp-content\/uploads\/2015\/02\/chiesa.siponto.mattnata.jpg' rel=\"lightbox[266]\"><img loading=\"lazy\" decoding=\"async\" width=\"300\" height=\"224\" src=\"https:\/\/www.la-bussola.it\/wp-content\/uploads\/2015\/02\/chiesa.siponto.mattnata-300x224.jpg\" class=\"attachment-medium size-medium\" alt=\"Chiesa di Siponto a Manfredonia\" srcset=\"https:\/\/www.la-bussola.it\/wp-content\/uploads\/2015\/02\/chiesa.siponto.mattnata-300x224.jpg 300w, https:\/\/www.la-bussola.it\/wp-content\/uploads\/2015\/02\/chiesa.siponto.mattnata.jpg 700w\" sizes=\"auto, (max-width: 300px) 100vw, 300px\" \/><\/a>\n\t\t\t<\/dt><\/dl><dl class='gallery-item'>\n\t\t\t<dt class='gallery-icon landscape'>\n\t\t\t\t<a href='https:\/\/www.la-bussola.it\/wp-content\/uploads\/2015\/02\/castello.manfredonia1.jpg' rel=\"lightbox[266]\"><img loading=\"lazy\" decoding=\"async\" width=\"300\" height=\"225\" src=\"https:\/\/www.la-bussola.it\/wp-content\/uploads\/2015\/02\/castello.manfredonia1-300x225.jpg\" class=\"attachment-medium size-medium\" alt=\"Il Castello di Manfredonia\" srcset=\"https:\/\/www.la-bussola.it\/wp-content\/uploads\/2015\/02\/castello.manfredonia1-300x225.jpg 300w, https:\/\/www.la-bussola.it\/wp-content\/uploads\/2015\/02\/castello.manfredonia1.jpg 700w\" sizes=\"auto, (max-width: 300px) 100vw, 300px\" \/><\/a>\n\t\t\t<\/dt><\/dl>\n\t\t\t<br style='clear: both' \/>\n\t\t<\/div>\n\n","protected":false},"excerpt":{"rendered":"<p>Manfredonia ist ein Bade- und Fremdenverkehrsort mit alten und neuen H\u00e4usern. Sie ist auch eine See- und Hafenstadt, deren Name aus Manfred, K\u00f6nig von Sizilien und Sohn von Kaiser Friedrich II, stammt. Er gr\u00fcndete die Stadt Mitte des XIII Jahrhunderts,<\/p>\n","protected":false},"author":3,"featured_media":44,"parent":0,"menu_order":0,"comment_status":"closed","ping_status":"closed","template":"","meta":{"footnotes":""},"class_list":["post-266","page","type-page","status-publish","has-post-thumbnail","hentry"],"_links":{"self":[{"href":"https:\/\/www.la-bussola.it\/de\/wp-json\/wp\/v2\/pages\/266","targetHints":{"allow":["GET"]}}],"collection":[{"href":"https:\/\/www.la-bussola.it\/de\/wp-json\/wp\/v2\/pages"}],"about":[{"href":"https:\/\/www.la-bussola.it\/de\/wp-json\/wp\/v2\/types\/page"}],"author":[{"embeddable":true,"href":"https:\/\/www.la-bussola.it\/de\/wp-json\/wp\/v2\/users\/3"}],"replies":[{"embeddable":true,"href":"https:\/\/www.la-bussola.it\/de\/wp-json\/wp\/v2\/comments?post=266"}],"version-history":[{"count":0,"href":"https:\/\/www.la-bussola.it\/de\/wp-json\/wp\/v2\/pages\/266\/revisions"}],"wp:featuredmedia":[{"embeddable":true,"href":"https:\/\/www.la-bussola.it\/de\/wp-json\/wp\/v2\/media\/44"}],"wp:attachment":[{"href":"https:\/\/www.la-bussola.it\/de\/wp-json\/wp\/v2\/media?parent=266"}],"curies":[{"name":"wp","href":"https:\/\/api.w.org\/{rel}","templated":true}]}}