{"id":267,"date":"2017-12-26T11:44:55","date_gmt":"2017-12-26T11:44:55","guid":{"rendered":"http:\/\/www.la-bussola.it\/?page_id=267"},"modified":"2017-12-26T16:05:07","modified_gmt":"2017-12-26T16:05:07","slug":"mattinata-de","status":"publish","type":"page","link":"https:\/\/www.la-bussola.it\/de\/mattinata-de\/","title":{"rendered":"Mattinata"},"content":{"rendered":"<p>Mattinata ist vegetationsreich. Neben den W\u00e4ldern gibt es die typische Mittelmeervegetation mit Pinien, Steineichen, Garigues, Zerreichen und Buchen.<br \/>\nDie Bauernh\u00f6fe und die freilaufenden Tiere machen dieses wunderbare Land mehr suggestiv. Normalerweise ist es m\u00f6glich, Milchprodukte zu probieren, dank der Bereitschaft von den dortigen Z\u00fcchtern.<\/p>\n<div id='gallery-1' class='gallery galleryid-267 gallery-columns-5 gallery-size-medium'><dl class='gallery-item'>\n\t\t\t<dt class='gallery-icon landscape'>\n\t\t\t\t<a href='https:\/\/www.la-bussola.it\/wp-content\/uploads\/2015\/02\/mattinata5.jpg' rel=\"lightbox[267]\"><img loading=\"lazy\" decoding=\"async\" width=\"300\" height=\"225\" src=\"https:\/\/www.la-bussola.it\/wp-content\/uploads\/2015\/02\/mattinata5-300x225.jpg\" class=\"attachment-medium size-medium\" alt=\"La spiaggia di Mattinata\" srcset=\"https:\/\/www.la-bussola.it\/wp-content\/uploads\/2015\/02\/mattinata5-300x225.jpg 300w, https:\/\/www.la-bussola.it\/wp-content\/uploads\/2015\/02\/mattinata5.jpg 600w\" sizes=\"auto, (max-width: 300px) 100vw, 300px\" \/><\/a>\n\t\t\t<\/dt><\/dl><dl class='gallery-item'>\n\t\t\t<dt class='gallery-icon landscape'>\n\t\t\t\t<a href='https:\/\/www.la-bussola.it\/wp-content\/uploads\/2015\/02\/mattinata3.jpg' rel=\"lightbox[267]\"><img loading=\"lazy\" decoding=\"async\" width=\"300\" height=\"224\" src=\"https:\/\/www.la-bussola.it\/wp-content\/uploads\/2015\/02\/mattinata3-300x224.jpg\" class=\"attachment-medium size-medium\" alt=\"La piana di Mattinata\" srcset=\"https:\/\/www.la-bussola.it\/wp-content\/uploads\/2015\/02\/mattinata3-300x224.jpg 300w, https:\/\/www.la-bussola.it\/wp-content\/uploads\/2015\/02\/mattinata3.jpg 600w\" sizes=\"auto, (max-width: 300px) 100vw, 300px\" \/><\/a>\n\t\t\t<\/dt><\/dl><dl class='gallery-item'>\n\t\t\t<dt class='gallery-icon landscape'>\n\t\t\t\t<a href='https:\/\/www.la-bussola.it\/wp-content\/uploads\/2015\/02\/mattinata1.jpg' rel=\"lightbox[267]\"><img loading=\"lazy\" decoding=\"async\" width=\"300\" height=\"225\" src=\"https:\/\/www.la-bussola.it\/wp-content\/uploads\/2015\/02\/mattinata1-300x225.jpg\" class=\"attachment-medium size-medium\" alt=\"Mattinata vista dall&#039;alto\" srcset=\"https:\/\/www.la-bussola.it\/wp-content\/uploads\/2015\/02\/mattinata1-300x225.jpg 300w, https:\/\/www.la-bussola.it\/wp-content\/uploads\/2015\/02\/mattinata1.jpg 600w\" sizes=\"auto, (max-width: 300px) 100vw, 300px\" \/><\/a>\n\t\t\t<\/dt><\/dl><dl class='gallery-item'>\n\t\t\t<dt class='gallery-icon landscape'>\n\t\t\t\t<a href='https:\/\/www.la-bussola.it\/wp-content\/uploads\/2015\/02\/mattinata2.jpg' rel=\"lightbox[267]\"><img loading=\"lazy\" decoding=\"async\" width=\"300\" height=\"225\" src=\"https:\/\/www.la-bussola.it\/wp-content\/uploads\/2015\/02\/mattinata2-300x225.jpg\" class=\"attachment-medium size-medium\" alt=\"Albero di ulivo\" srcset=\"https:\/\/www.la-bussola.it\/wp-content\/uploads\/2015\/02\/mattinata2-300x225.jpg 300w, https:\/\/www.la-bussola.it\/wp-content\/uploads\/2015\/02\/mattinata2.jpg 600w\" sizes=\"auto, (max-width: 300px) 100vw, 300px\" \/><\/a>\n\t\t\t<\/dt><\/dl><dl class='gallery-item'>\n\t\t\t<dt class='gallery-icon landscape'>\n\t\t\t\t<a href='https:\/\/www.la-bussola.it\/wp-content\/uploads\/2015\/02\/mattinata4.jpg' rel=\"lightbox[267]\"><img loading=\"lazy\" decoding=\"async\" width=\"300\" height=\"225\" src=\"https:\/\/www.la-bussola.it\/wp-content\/uploads\/2015\/02\/mattinata4-300x225.jpg\" class=\"attachment-medium size-medium\" alt=\"I Faraglioni di Puglia\" srcset=\"https:\/\/www.la-bussola.it\/wp-content\/uploads\/2015\/02\/mattinata4-300x225.jpg 300w, https:\/\/www.la-bussola.it\/wp-content\/uploads\/2015\/02\/mattinata4.jpg 600w\" sizes=\"auto, (max-width: 300px) 100vw, 300px\" \/><\/a>\n\t\t\t<\/dt><\/dl><br style=\"clear: both\" \/>\n\t\t<\/div>\n\n","protected":false},"excerpt":{"rendered":"<p>Mattinata ist vegetationsreich. Neben den W\u00e4ldern gibt es die typische Mittelmeervegetation mit Pinien, Steineichen, Garigues, Zerreichen und Buchen. Die Bauernh\u00f6fe und die freilaufenden Tiere machen dieses wunderbare Land mehr suggestiv. Normalerweise ist es m\u00f6glich, Milchprodukte zu probieren, dank der Bereitschaft<\/p>\n","protected":false},"author":3,"featured_media":46,"parent":0,"menu_order":0,"comment_status":"closed","ping_status":"closed","template":"","meta":{"footnotes":""},"class_list":["post-267","page","type-page","status-publish","has-post-thumbnail","hentry"],"_links":{"self":[{"href":"https:\/\/www.la-bussola.it\/de\/wp-json\/wp\/v2\/pages\/267","targetHints":{"allow":["GET"]}}],"collection":[{"href":"https:\/\/www.la-bussola.it\/de\/wp-json\/wp\/v2\/pages"}],"about":[{"href":"https:\/\/www.la-bussola.it\/de\/wp-json\/wp\/v2\/types\/page"}],"author":[{"embeddable":true,"href":"https:\/\/www.la-bussola.it\/de\/wp-json\/wp\/v2\/users\/3"}],"replies":[{"embeddable":true,"href":"https:\/\/www.la-bussola.it\/de\/wp-json\/wp\/v2\/comments?post=267"}],"version-history":[{"count":0,"href":"https:\/\/www.la-bussola.it\/de\/wp-json\/wp\/v2\/pages\/267\/revisions"}],"wp:featuredmedia":[{"embeddable":true,"href":"https:\/\/www.la-bussola.it\/de\/wp-json\/wp\/v2\/media\/46"}],"wp:attachment":[{"href":"https:\/\/www.la-bussola.it\/de\/wp-json\/wp\/v2\/media?parent=267"}],"curies":[{"name":"wp","href":"https:\/\/api.w.org\/{rel}","templated":true}]}}