{"id":270,"date":"2017-12-26T11:44:54","date_gmt":"2017-12-26T11:44:54","guid":{"rendered":"http:\/\/www.la-bussola.it\/?page_id=270"},"modified":"2017-12-26T15:59:44","modified_gmt":"2017-12-26T15:59:44","slug":"vieste-und-peschici","status":"publish","type":"page","link":"https:\/\/www.la-bussola.it\/de\/vieste-und-peschici\/","title":{"rendered":"Vieste und Peschici"},"content":{"rendered":"<p>Peschici ist ein ber\u00fchmter Badeort von Gargano aufgrund der Meeresqualit\u00e4t und des sehr guten Badens. Deshalb hat er mehrmals die von der Stiftung f\u00fcr Umwelterziehung vergebene Blaue Flagge gewonnen. Dank seiner wei\u00dfen Farbe und der Bucht ist Peschici ein des sch\u00f6nsten Panoramas Apuliens.<br \/>\nAufgrund der Meeresqualit\u00e4t auch Vieste ist mehrmals mit der Blaue Flagge ausgezeichnet worden. Die Stadt geh\u00f6rt zu dem Nationalpark Gargano und der Comunit\u00e0 montana del Gargano (Gebirgsgemeinschaft von Gargano). Am Anfang des Strandes steht ein etwa 25 Meter hoher Monolith, den man Pizzomunno nennt und das Wahrzeichen von Vieste ist. \u00dcber diesen Felsen gibt es verschiedene Legenden.<\/p>\n<div id='gallery-1' class='gallery galleryid-270 gallery-columns-5 gallery-size-medium'><dl class='gallery-item'>\n\t\t\t<dt class='gallery-icon landscape'>\n\t\t\t\t<a href='https:\/\/www.la-bussola.it\/wp-content\/uploads\/2015\/02\/peschici1.jpg' rel=\"lightbox[270]\"><img loading=\"lazy\" decoding=\"async\" width=\"300\" height=\"224\" src=\"https:\/\/www.la-bussola.it\/wp-content\/uploads\/2015\/02\/peschici1-300x224.jpg\" class=\"attachment-medium size-medium\" alt=\"Peschici\" srcset=\"https:\/\/www.la-bussola.it\/wp-content\/uploads\/2015\/02\/peschici1-300x224.jpg 300w, https:\/\/www.la-bussola.it\/wp-content\/uploads\/2015\/02\/peschici1.jpg 700w\" sizes=\"auto, (max-width: 300px) 100vw, 300px\" \/><\/a>\n\t\t\t<\/dt><\/dl><dl class='gallery-item'>\n\t\t\t<dt class='gallery-icon landscape'>\n\t\t\t\t<a href='https:\/\/www.la-bussola.it\/wp-content\/uploads\/2015\/02\/peschici2.jpg' rel=\"lightbox[270]\"><img loading=\"lazy\" decoding=\"async\" width=\"300\" height=\"225\" src=\"https:\/\/www.la-bussola.it\/wp-content\/uploads\/2015\/02\/peschici2-300x225.jpg\" class=\"attachment-medium size-medium\" alt=\"Peschici\" srcset=\"https:\/\/www.la-bussola.it\/wp-content\/uploads\/2015\/02\/peschici2-300x225.jpg 300w, https:\/\/www.la-bussola.it\/wp-content\/uploads\/2015\/02\/peschici2.jpg 700w\" sizes=\"auto, (max-width: 300px) 100vw, 300px\" \/><\/a>\n\t\t\t<\/dt><\/dl><dl class='gallery-item'>\n\t\t\t<dt class='gallery-icon landscape'>\n\t\t\t\t<a href='https:\/\/www.la-bussola.it\/wp-content\/uploads\/2015\/02\/vieste1.jpg' rel=\"lightbox[270]\"><img loading=\"lazy\" decoding=\"async\" width=\"300\" height=\"225\" src=\"https:\/\/www.la-bussola.it\/wp-content\/uploads\/2015\/02\/vieste1-300x225.jpg\" class=\"attachment-medium size-medium\" alt=\"Vieste\" srcset=\"https:\/\/www.la-bussola.it\/wp-content\/uploads\/2015\/02\/vieste1-300x225.jpg 300w, https:\/\/www.la-bussola.it\/wp-content\/uploads\/2015\/02\/vieste1.jpg 700w\" sizes=\"auto, (max-width: 300px) 100vw, 300px\" \/><\/a>\n\t\t\t<\/dt><\/dl><dl class='gallery-item'>\n\t\t\t<dt class='gallery-icon landscape'>\n\t\t\t\t<a href='https:\/\/www.la-bussola.it\/wp-content\/uploads\/2015\/02\/vieste2.jpg' rel=\"lightbox[270]\"><img loading=\"lazy\" decoding=\"async\" width=\"300\" height=\"225\" src=\"https:\/\/www.la-bussola.it\/wp-content\/uploads\/2015\/02\/vieste2-300x225.jpg\" class=\"attachment-medium size-medium\" alt=\"Vieste\" srcset=\"https:\/\/www.la-bussola.it\/wp-content\/uploads\/2015\/02\/vieste2-300x225.jpg 300w, https:\/\/www.la-bussola.it\/wp-content\/uploads\/2015\/02\/vieste2.jpg 700w\" sizes=\"auto, (max-width: 300px) 100vw, 300px\" \/><\/a>\n\t\t\t<\/dt><\/dl><dl class='gallery-item'>\n\t\t\t<dt class='gallery-icon landscape'>\n\t\t\t\t<a href='https:\/\/www.la-bussola.it\/wp-content\/uploads\/2015\/02\/vieste3.jpg' rel=\"lightbox[270]\"><img loading=\"lazy\" decoding=\"async\" width=\"300\" height=\"225\" src=\"https:\/\/www.la-bussola.it\/wp-content\/uploads\/2015\/02\/vieste3-300x225.jpg\" class=\"attachment-medium size-medium\" alt=\"Vieste\" srcset=\"https:\/\/www.la-bussola.it\/wp-content\/uploads\/2015\/02\/vieste3-300x225.jpg 300w, https:\/\/www.la-bussola.it\/wp-content\/uploads\/2015\/02\/vieste3.jpg 700w\" sizes=\"auto, (max-width: 300px) 100vw, 300px\" \/><\/a>\n\t\t\t<\/dt><\/dl><br style=\"clear: both\" \/>\n\t\t<\/div>\n\n","protected":false},"excerpt":{"rendered":"<p>Peschici ist ein ber\u00fchmter Badeort von Gargano aufgrund der Meeresqualit\u00e4t und des sehr guten Badens. Deshalb hat er mehrmals die von der Stiftung f\u00fcr Umwelterziehung vergebene Blaue Flagge gewonnen. Dank seiner wei\u00dfen Farbe und der Bucht ist Peschici ein des<\/p>\n","protected":false},"author":3,"featured_media":45,"parent":0,"menu_order":0,"comment_status":"closed","ping_status":"closed","template":"","meta":{"footnotes":""},"class_list":["post-270","page","type-page","status-publish","has-post-thumbnail","hentry"],"_links":{"self":[{"href":"https:\/\/www.la-bussola.it\/de\/wp-json\/wp\/v2\/pages\/270","targetHints":{"allow":["GET"]}}],"collection":[{"href":"https:\/\/www.la-bussola.it\/de\/wp-json\/wp\/v2\/pages"}],"about":[{"href":"https:\/\/www.la-bussola.it\/de\/wp-json\/wp\/v2\/types\/page"}],"author":[{"embeddable":true,"href":"https:\/\/www.la-bussola.it\/de\/wp-json\/wp\/v2\/users\/3"}],"replies":[{"embeddable":true,"href":"https:\/\/www.la-bussola.it\/de\/wp-json\/wp\/v2\/comments?post=270"}],"version-history":[{"count":0,"href":"https:\/\/www.la-bussola.it\/de\/wp-json\/wp\/v2\/pages\/270\/revisions"}],"wp:featuredmedia":[{"embeddable":true,"href":"https:\/\/www.la-bussola.it\/de\/wp-json\/wp\/v2\/media\/45"}],"wp:attachment":[{"href":"https:\/\/www.la-bussola.it\/de\/wp-json\/wp\/v2\/media?parent=270"}],"curies":[{"name":"wp","href":"https:\/\/api.w.org\/{rel}","templated":true}]}}