{"id":188,"date":"2016-05-02T17:25:22","date_gmt":"2016-05-02T17:25:22","guid":{"rendered":"http:\/\/www.la-bussola.it\/?page_id=188"},"modified":"2022-05-09T09:33:01","modified_gmt":"2022-05-09T09:33:01","slug":"home_fr","status":"publish","type":"page","link":"https:\/\/www.la-bussola.it\/fr\/home_fr\/","title":{"rendered":"Accueil"},"content":{"rendered":"<div class=\"welcome-txt\">\n<h1>BIENVENUE AU CAMPING LA BUSSOLA<\/h1>\n<p><strong>Directement sur la mer<\/strong>, s\u00e9par\u00e9 par une for\u00eat faisant partie int\u00e9grante du camping et rendant l\u2019air frais et sain (notamment gr\u00e2ce \u00e0 la pr\u00e9sence de pins et d\u2019eucalyptus), le domaine est compos\u00e9 d\u2019une partie r\u00e9serv\u00e9e aux h\u00e9bergements fixes et une autre \u00e0 la zone de camping. Le village se situe \u00e0 un emplacement privil\u00e9gi\u00e9, \u00e0 proximit\u00e9 de la r\u00e9serve naturelle de l\u2019<strong>l\u2019Oasis du Lac Sal\u00e9<\/strong> et de nombreuses attractions de la r\u00e9gion.<br \/>\n<strong>Plage<\/strong>: le camping dispose d\u2019un acc\u00e8s direct \u00e0 la mer, caract\u00e9ris\u00e9e par une plage de <strong>sable fin<\/strong>.<br \/>\nC\u2019est le lieu de vacances id\u00e9al pour des familles avec enfants. La mer est calme et sans danger.<br \/>\nSite agr\u00e9able pour passer un s\u00e9jour en toute tranquillit\u00e9, loin des rythmes forc\u00e9s de l\u2019animation, tout en ayant la possibilit\u00e9 de profiter des loisirs et activit\u00e9s sportives.<\/p>\n<\/div>\n<div class=\"clearfix\"><\/div>\n<div class=\"three-box\">\n<div class=\"box\"><a class=\"foto\" href=\"\/alloggi\"><img decoding=\"async\" src=\"\/wp-content\/themes\/labussola\/images\/box_home_camping.jpg\" alt=\"\" \/><\/a><br \/>\n<a class=\"title\" href=\"\/alloggi\/\">Une vacance au camping en bord de mer<\/a><\/p>\n<div class=\"descr\">Le camping \u201cLa Bussola\u201d est situ\u00e9 sur la c\u00f4te sud de Manfredonia. Il donne directement sur la mer\u2026<\/div>\n<\/div>\n<div class=\"box\"><a class=\"foto\" href=\"\/ristorante\/\"><img decoding=\"async\" src=\"\/wp-content\/themes\/labussola\/images\/box_home_ristorante.jpg\" alt=\"\" \/><\/a><br \/>\n<a class=\"title\" href=\"\/ristorante\/\">Le Restaurant : toutes les saveurs des Pouilles et pas seulement\u2026 \u00e0 table!<\/a><\/p>\n<div class=\"descr\">La fiert\u00e9 de notre cuisine sont les fruits de mer crus, les entr\u00e9es de fruits de mers et poissons cuits, les p\u00e2tes fraiches faites maison\u2026<\/div>\n<\/div>\n<div class=\"box mr0\"><a class=\"foto\" href=\"\/escursioni\"><img decoding=\"async\" src=\"\/wp-content\/themes\/labussola\/images\/box_home_itinerari.jpg\" alt=\"\" \/><\/a><br \/>\n<a class=\"title\" href=\"\/escursioni\/\">Le territoire de Gargano et des Pouilles<\/a><\/p>\n<div class=\"descr\">Le Gargano est un promontoire biologique o\u00f9 il est possible d\u2019effectuer de nombreuses excursions pour connaitre et explorer un incroyable territoire&#8230;<\/div>\n<\/div>\n<\/div>\n<div class=\"clearfix\"><\/div>\n<div class=\"itinerari-box\"><a href=\"\/escursioni\/san-giovanni-rotondo\/\"><img decoding=\"async\" src=\"\/wp-content\/uploads\/2015\/02\/sangiovannirotondo-230x230.jpg\" alt=\"\" \/><br \/>\nSan Giovanni Rotondo<\/a><br \/>\n<a href=\"\/escursioni\/vieste-e-peschici\/\"><img decoding=\"async\" src=\"\/wp-content\/uploads\/2015\/02\/vieste-230x230.jpg\" alt=\"\" \/><br \/>\nVieste et Peschici<\/a><br \/>\n<a href=\"\/escursioni\/monte-santangelo\/\"><img decoding=\"async\" src=\"\/wp-content\/uploads\/2015\/02\/montesantangelo-230x230.jpg\" alt=\"\" \/><br \/>\nMonte Sant&#8217;Angelo<\/a><br \/>\n<a href=\"\/escursioni\/mattinata\/\"><img decoding=\"async\" src=\"\/wp-content\/uploads\/2015\/02\/mattinata-230x230.jpg\" alt=\"\" \/><br \/>\nMattinata<\/a><br \/>\n<a href=\"\/escursioni\/manfredonia-e-siponto\/\"><img decoding=\"async\" src=\"\/wp-content\/uploads\/2015\/02\/manfredonia-230x230.jpg\" alt=\"\" \/><br \/>\nManfredonia et Siponto<\/a><br \/>\n<a class=\"mr0\" href=\"\/escursioni\/castel-del-monte-e-alberobello\/\"><img decoding=\"async\" src=\"\/wp-content\/uploads\/2015\/02\/alberobello-230x230.jpg\" alt=\"\" \/><br \/>\nAlberobello<\/a><\/div>\n","protected":false},"excerpt":{"rendered":"<p>BIENVENUE AU CAMPING LA BUSSOLA Directement sur la mer, s\u00e9par\u00e9 par une for\u00eat faisant partie int\u00e9grante du camping et rendant l\u2019air frais et sain (notamment gr\u00e2ce \u00e0 la pr\u00e9sence de pins et d\u2019eucalyptus), le domaine est compos\u00e9 d\u2019une partie r\u00e9serv\u00e9e<\/p>\n","protected":false},"author":3,"featured_media":0,"parent":0,"menu_order":0,"comment_status":"closed","ping_status":"closed","template":"","meta":{"footnotes":""},"class_list":["post-188","page","type-page","status-publish","hentry"],"_links":{"self":[{"href":"https:\/\/www.la-bussola.it\/fr\/wp-json\/wp\/v2\/pages\/188","targetHints":{"allow":["GET"]}}],"collection":[{"href":"https:\/\/www.la-bussola.it\/fr\/wp-json\/wp\/v2\/pages"}],"about":[{"href":"https:\/\/www.la-bussola.it\/fr\/wp-json\/wp\/v2\/types\/page"}],"author":[{"embeddable":true,"href":"https:\/\/www.la-bussola.it\/fr\/wp-json\/wp\/v2\/users\/3"}],"replies":[{"embeddable":true,"href":"https:\/\/www.la-bussola.it\/fr\/wp-json\/wp\/v2\/comments?post=188"}],"version-history":[{"count":0,"href":"https:\/\/www.la-bussola.it\/fr\/wp-json\/wp\/v2\/pages\/188\/revisions"}],"wp:attachment":[{"href":"https:\/\/www.la-bussola.it\/fr\/wp-json\/wp\/v2\/media?parent=188"}],"curies":[{"name":"wp","href":"https:\/\/api.w.org\/{rel}","templated":true}]}}