{"id":193,"date":"2016-05-03T11:06:15","date_gmt":"2016-05-03T11:06:15","guid":{"rendered":"http:\/\/www.la-bussola.it\/?page_id=193"},"modified":"2022-05-09T09:24:03","modified_gmt":"2022-05-09T09:24:03","slug":"description-du-camping-et-des-modes-de-reservation","status":"publish","type":"page","link":"https:\/\/www.la-bussola.it\/fr\/description-du-camping-et-des-modes-de-reservation\/","title":{"rendered":"Description"},"content":{"rendered":"<p><strong>Description des H\u00e9bergements<\/strong><\/p>\n<p>Le village dispose de 200 places distribu\u00e9es sur 50 logements comprenant villas, appartements, studios, bungalows, chalets en bois, mansardes et caravanes. Toutes les installations sont simples et pratiques et disposent d\u2019un espace ext\u00e9rieur pouvant \u00eatre un jardin, une cour, une terrasse ou un balcon. Elles sont meubl\u00e9es de fa\u00e7on compl\u00e8te et essentielle, dot\u00e9es de t\u00e9l\u00e9vision 19\u201d et de linges de lit. Le coin cuisine est compos\u00e9 d\u2019une plaque chauffante \u00e0 4 feux (\u00e0 2 feux dans les logements de 2 personnes), d\u2019un frigo de 140L (except\u00e9 pour le logement n\u00b0 1, avec une capacit\u00e9 adapt\u00e9e au nombre de personnes y s\u00e9journant), de vaisselles et d\u2019ustensiles de cuisines en acier inoxydable, de couverts, d\u2019une machine \u00e0 caf\u00e9 manuelle, le tout proportionnellement aux nombres de personnes log\u00e9es. Les produits n\u00e9cessaires au nettoyage du logement sont fournis. L\u2019eau chaude (produite principalement par des panneaux solaires) est distribu\u00e9e dans tous les h\u00e9bergements et services du camping ; l\u2019eau est potable et distribu\u00e9e par l\u2019Aqueduc des Pouilles (pas de puits).<\/p>\n<p><strong><span style=\"text-decoration: underline;\">STUDIOS 2 PERSONNES<\/span><\/strong><\/p>\n<p><span style=\"text-decoration: underline;\">Studio \u201cD\u201d (Mansarde) \u2013 2 personnes<\/span><\/p>\n<p>Studio de petite taille (12m\u00b2) pour 2 personnes + petit balcon, \u00e9conomique et appropri\u00e9 aux plus jeunes. Dispose d\u2019un lit double, d\u2019un coin cuisine, d\u2019une salle de bain avec toilette, lavabo et douche avec \u00e9vacuation directe au sol. Se trouve au 2\u00e8me \u00e9tage du complexe \u00abSciale \u00bb. Acc\u00e8s par 2 rampes d\u2019escaliers (30 marches), pas d\u2019ascenseur. Distance de la mer: 300 m.<\/p>\n<p><span style=\"text-decoration: underline;\">Studio \u201cN 4\u201d \u2013 2 personnes<\/span><\/p>\n<p>Studio de petite taille (12 m\u00b2 + 8 m\u00b2 de cour ferm\u00e9e) pour 2 personnes, situ\u00e9 au RDC, \u00e9conomique et adapt\u00e9 aux plus jeunes. Dispose de climatisation, d\u2019un lit double, d\u2019un coin cuisine, d\u2019une salle de bain avec toilette et lavabo, d\u2019une douche situ\u00e9e dans la cour. Logement ind\u00e9pendant. Distance de la mer: 250 m.<\/p>\n<p><span style=\"text-decoration: underline;\">\u00a0<\/span><\/p>\n<p><strong><span style=\"text-decoration: underline;\">STUDIOS 4 PERSONNES<\/span><\/strong><\/p>\n<p><span style=\"text-decoration: underline;\">Studio \u201cA\u201d \u2013 4 personnes<\/span><\/p>\n<p>Studio Bungalow avec plafond en bois pour 4 personnes, r\u00e9cemment r\u00e9nov\u00e9, de 18 m\u00b2 + 12 m\u00b2 de cour. Compos\u00e9 d\u2019un lit double mural, de lits superpos\u00e9s s\u00e9par\u00e9s par une porte pliante, d\u2019un coin cuisine, d\u2019une salle de bain avec toilette, lavabo et douche avec tige r\u00e9glable et \u00e9vacuation directe au sol. Logement adjacent \u00e0 d\u2019autres unit\u00e9s semblables. Distance de la mer: de 80 \u00e0 200 m.<\/p>\n<p><span style=\"text-decoration: underline;\">Studio \u201cB\u201d e \u201cC\u201d \u2013 4\/5 personnes <\/span><\/p>\n<p>Studios Bungalow comme ci-dessus, pour 4 \u00e0 5 personnes, de 23 m\u00b2 + 12 m\u00b2 de cour. Compos\u00e9s d\u2019un lit double mural, de lits superpos\u00e9s s\u00e9par\u00e9s par une porte pliante, d\u2019un coin cuisine, d\u2019une salle de bain avec toilette, lavabo et douche avec tige r\u00e9glable et \u00e9vacuation directe au sol. Logements pouvant \u00eatre s\u00e9par\u00e9s ou adjacents \u00e0 d\u2019autres. <span class=\"Y2IQFc\" lang=\"fr\">Certains d&#8217;entre eux sont \u00e9quip\u00e9s de la climatisation.\u00a0<\/span>Distance de la mer: de 100 \u00e0 200 m.<\/p>\n<p><span style=\"text-decoration: underline;\">Studio \u201cN 3\u201d \u2013 4 personnes<\/span><\/p>\n<p>Studio pour 4 personnes de 20 m\u00b2 + 30 m\u00b2 de jardin. Compos\u00e9 d\u2019une chambre avec lit double, de lits superpos\u00e9s s\u00e9par\u00e9s par un panneau mobile, d\u2019un coin cuisine, d\u2019une salle de bain avec toilette, lavabo et douche avec tige r\u00e9glable. Studio adjacent \u00e0 d\u2019autres logements mais ind\u00e9pendant. Distance de la mer: 250 m.<\/p>\n<p><strong><span style=\"text-decoration: underline;\">APPARTEMENTS 2 PIECES \u201cE\u201d, \u201cF\u201d, \u201cG\u201d, \u201cH\u201d, \u201cL\u201d DE 4 A 6 PERSONNES<\/span><\/strong><\/p>\n<p><span style=\"text-decoration: underline;\">Appartement \u201cE\u201d (Mansarde) \u2013 4 personnes<\/span><\/p>\n<p>Appartement 2 pi\u00e8ces pour 4 personnes de 20 m\u00b2 + 10 m\u00b2 de terrasse couverte. Compos\u00e9 d\u2019une chambre double, d\u2019une chambre\/s\u00e9jour avec lits superpos\u00e9s et coin cuisine, d\u2019une salle de bain avec douche, toilette, lavabo et bidet. Adjacent \u00e0 d\u2019autres unit\u00e9s, l\u2019appartement se trouve au 2\u00e8me \u00e9tage du complexe \u00abSciale\u00bb (ancienne ferme). Acc\u00e8s par 2 rampes d\u2019escaliers (30 marches), pas d\u2019ascenseur. Distance de la mer: 300 m.<\/p>\n<p><span style=\"text-decoration: underline;\">Appartement \u201cF\u201d \u2013 4\/6 personnes<\/span><\/p>\n<p>Appartement 2 pi\u00e8ces pour 4\/6 personnes, de 28 m\u00b2 + 10 m\u00b2 de cour couverte. Compos\u00e9 d\u2019une chambre double, d\u2019un s\u00e9jour avec 1 ou 2 lits superpos\u00e9s (pouvant se transformer en 2 lits doubles), d\u2019un coin cuisine, d\u2019une salle de bain avec douche (\u00e9vacuation directe au sol), toilette, bidet et lavabo. Se situe au RDC du complexe \u00abSciale\u00bb et est adjacent aux mansardes et au restaurant. Distance de la mer: 300 m.<\/p>\n<p><span style=\"text-decoration: underline;\">Appartement \u201cG\u201d \u2013 4\/6 personnes<\/span><\/p>\n<p>Appartement 2 pi\u00e8ces pour 4\/6 personnes, de 28 m\u00b2 + 10 m\u00b2 de cour ou terrasse couverte. Compos\u00e9 d\u2019une chambre double, d\u2019un s\u00e9jour avec 1 ou 2 lits superpos\u00e9s (pouvant devenir 2 lits doubles), d\u2019un coin cuisine, d\u2019une salle de bain avec douche (\u00e9vacuation directe au sol), toilette, bidet et lavabo. Se situe au 1er \u00e9tage du complexe \u00abSciale\u00bb, au-dessus des appartements \u00abF\u00bb et est unis aux mansardes et au restaurant. Acc\u00e8s par escalier. Distance de la mer: 300 m.<\/p>\n<p><span style=\"text-decoration: underline;\">Appartement \u201cH\u201d \u2013 4 personnes<\/span><\/p>\n<p>Appartement 2 pi\u00e8ces climatis\u00e9 pour 4 personnes, de 22 m\u00b2 + 18 m\u00b2 de cour enti\u00e8rement d\u00e9limit\u00e9e. Compos\u00e9 d\u2019une chambre double, <span class=\"Y2IQFc\" lang=\"fr\">autre environnement <\/span>avec lits superpos\u00e9s et coin cuisine, climatisation, d\u2019une salle de bain avec lavabo, toilette, bidet et douche. Logement adjacent \u00e0 un autre appartement. Distance de la mer: 80 m.<\/p>\n<p><span style=\"text-decoration: underline;\">Chalet \u201cL\u201d \u2013 4\/6 personnes<\/span><\/p>\n<p>Chalet en bois de construction r\u00e9cente, de 32 m\u00b2 enti\u00e8rement isol\u00e9 + 20 m\u00b2 de cour. Compos\u00e9 d\u2019une chambre double et de lits superpos\u00e9s s\u00e9par\u00e9s par une porte coulissante, d\u2019un s\u00e9jour avec lits superpos\u00e9s et coin cuisine, d\u2019une salle de bain avec douche, climatisation,\u00a0 toilette et lavabo. Distance de la mer : 100 m.<\/p>\n<p><span style=\"text-decoration: underline;\">\u00a0<\/span><\/p>\n<p><strong><span style=\"text-decoration: underline;\">APPARTEMENTS 3 PIECES \u201cM\u201d, \u201cN 2\u201d, \u201cN 5\u201d<\/span><\/strong><\/p>\n<p><span style=\"text-decoration: underline;\">Chalet \u201cM\u201d 4 personnes<\/span><\/p>\n<p>Chalet en bois de construction r\u00e9cente et compl\u00e9tement isol\u00e9 de 26 m\u00b2 + 8 m\u00b2 de cour. Compos\u00e9 d\u2019une chambre double, d\u2019une petite chambre avec lits superpos\u00e9s, d\u2019un petit s\u00e9jour avec coin cuisine, d\u2019une salle de bain avec douche, toilette et lavabo. Logement adjacent \u00e0 d\u2019autres chalets. Distance de la mer: 200 m.<\/p>\n<p><span style=\"text-decoration: underline;\">Appartement \u201cN 2\u201d 6\/8 personnes<\/span><\/p>\n<p>Appartement 3 pi\u00e8ces climatis\u00e9 de 40 m\u00b2 + 35 m\u00b2 de jardin ferm\u00e9 (possibilit\u00e9 d\u2019ajouter 1 ou 2 lits superpos\u00e9s dans une des 2 chambres), pi\u00e8ce de rangement, salle de bain avec douche, toilette et lavabo et 2\u00e8me douche externe + lavabo. Cuisine ext\u00e9rieure, situ\u00e9e dans le jardin o\u00f9 il est possible de manger sous une grande v\u00e9randa. Barbecue \u00e0 disposition. Logement adjacent \u00e0 un autre appartement mais ind\u00e9pendant. Distance de la mer: 250 m.<\/p>\n<p><span style=\"text-decoration: underline;\">Appartement \u201cN 5\u201d 4\/5 personnes<\/span><\/p>\n<p>Appartement 3 pi\u00e8ces climatis\u00e9 de 30 m\u00b2 + 6 m\u00b2 de cour. Compos\u00e9 de 2 chambres doubles, d\u2019un s\u00e9jour (possibilit\u00e9 d\u2019ajouter un lit pliant pour 1 personne), d\u2019un coin cuisine, d\u2019une salle de bain avec toilette, lavabo, douche avec tige r\u00e9glable et \u00e9vacuation directe au sol. Logement ind\u00e9pendant. Distance de la mer: 300 m.<\/p>\n<p><strong><span style=\"text-decoration: underline;\">APPARTEMENT 4 PIECES \u201cN 1\u201d<\/span><\/strong><\/p>\n<p><span style=\"text-decoration: underline;\">Villa N 1 8\/10 personnes<\/span><\/p>\n<p>Villa 4 pi\u00e8ces avec air conditionn\u00e9 de 80 m\u00b2 + 25 m\u00b2 de cour + 300 m\u00b2 de jardin priv\u00e9 enti\u00e8rement d\u00e9limit\u00e9 et avec barbecue en pierre. Compos\u00e9e d\u2019une chambre double, d\u2019un s\u00e9jour transform\u00e9 en 2\u00e8me chambre double s\u00e9par\u00e9e par une porte pliante, d\u2019une chambre avec lits superpos\u00e9s convertibles en un lit double, d\u2019une cuisine, de 2 salles de bains ind\u00e9pendantes avec douche, lavabo, toilette et bidet. Le logement est adjacent \u00e0 une autre unit\u00e9 mais ind\u00e9pendant. Distance de la mer: 200 m.<\/p>\n<p><strong><span style=\"text-decoration: underline;\">CARAVANE \u201cP\u201d<\/span><\/strong><\/p>\n<p>Les caravanes, de 4 personnes (P1) et de 2 personnes (P2) sont dot\u00e9es de auvents et coins cuisine externes, de frigos, couverts, table, chaises et coussins. Les occupants ne disposent pas de salle de bain interne mais ont acc\u00e8s librement aux sanitaires du camping qui distribuent de l\u2019eau chaude gratuitement. Distance de la mer: 80 m.<\/p>\n<hr \/>\n<p><em><strong>Dur\u00e9e du s\u00e9jour<\/strong><\/em><br \/>\nLa date de d\u00e9but et la dur\u00e9e du s\u00e9jour sont gratuites pour le village et le camping.<\/p>\n<p><em><strong>Horaires d\u2019arriv\u00e9e et de d\u00e9part<\/strong><\/em><br \/>\nLes h\u00e9bergements sont disponibles \u00e0 partir de 16 h le jour d\u2019arriv\u00e9e et devront \u00eatre lib\u00e9r\u00e9s avant 10h le jour du d\u00e9part. Les personnes d\u00e9sirant prendre possession de leurs logements, si possible, avant 16h, ne pourront pas \u00e9voquer l\u2019\u00e9ventuel manque de r\u00e9organisation de l\u2019installation.<br \/>\nLes campeurs peuvent arriver au camping entre 7h30 et 14h ou entre 16 h et 23 h.<\/p>\n<p><strong><em>Taxes de s\u00e9jour<br \/>\n<\/em><\/strong>Les taxes de s\u00e9jour indiqu\u00e9es dans nos tarifs s\u2019entendent pour les s\u00e9jours hebdomadaires et comprennent le logement, les personnes qui l\u2019occupent, la consommation d\u2019eau, d\u2019\u00e9lectricit\u00e9 et de gaz, le linge de lit et le parking d\u2019une voiture par chacun des logements (2 voitures pour le logement N.1).<br \/>\nSous chacun des tableaux de prix relatifs \u00e0 chaque formule sont indiqu\u00e9es informations et couts suppl\u00e9mentaires.<br \/>\nLes personnes d\u00e9clar\u00e9es \u00e0 l\u2019arriv\u00e9e seront consid\u00e9r\u00e9es pr\u00e9sentes pour toute la dur\u00e9e du s\u00e9jour r\u00e9serv\u00e9, sans tenir compte d\u2019\u00e9ventuelles absences.<br \/>\nL\u2019occupation du logement par des personnes diff\u00e9rentes de celles enregistr\u00e9es \u00e0 l\u2019arriv\u00e9e n\u2019est pas autoris\u00e9e sans l\u2019accord pr\u00e9alable de la direction qui d\u00e9cidera d\u2019un \u00e9ventuel montant \u00e0 ajouter.<\/p>\n<p><strong><em>Tarifs et R\u00e8glement int\u00e9rieur<\/em><\/strong><br \/>\nLes r\u00e8gles et tarifs pr\u00e9sents dans le r\u00e8glement int\u00e9rieur se trouvent sur notre site internet o\u00f9 ils peuvent \u00eatre t\u00e9l\u00e9charg\u00e9s. Ils sont \u00e9galement affich\u00e9s sur les panneaux d\u2019affichage pr\u00e9sents au sein du Camping et doivent \u00eatre lus et approuv\u00e9s par toutes personnes pr\u00e9sentes \u00e0 l\u2019int\u00e9rieur du village. Il est demand\u00e9 \u00e0 tous les occupants de lire le r\u00e8glement et de le respecter. Il peut \u00eatre envoy\u00e9 par courrier sur simple demande.<\/p>\n<p><strong><em>Offres Sp\u00e9ciales et Partenaires<\/em><\/strong><\/p>\n<p><em>Offres sp\u00e9ciales:<\/em><\/p>\n<ul>\n<li>\u00a0<em>S\u00e9jour de longue dur\u00e9e<\/em>: les s\u00e9jours d\u2019au moins 3 semaines b\u00e9n\u00e9ficient d\u2019une r\u00e9duction de 10% sur la deuxi\u00e8me semaine et d\u2019une r\u00e9duction de 20% sur la 3\u00e8me semaine et suivantes. La r\u00e9duction s\u2019applique aux semaines dont le prix est inf\u00e9rieur et ne peut \u00eatre cumul\u00e9e avec d\u2019autres offres promotionnelles;<\/li>\n<li>\u00a0<em>S\u00e9niors<\/em>: pour les plus de 65 ans en demi-pension ou pension compl\u00e8te, r\u00e9duction de 15% sur le montant total du s\u00e9jour d\u2019une dur\u00e9e minimum d\u2019une semaine. R\u00e9duction cumulable avec d\u2019autres offres promotionnelles;<\/li>\n<li>\u00a0<em>S\u00e9jour d\u2019une dur\u00e9e minimum d\u2019une semaine<\/em>, service plage offert (un parasol et 2 transats). Position attribu\u00e9e par la direction et sous r\u00e9serve de disponibilit\u00e9;<\/li>\n<li>\u00a0<em>R\u00e9servation d\u2019un emplacement avec paiement total anticip\u00e9<\/em>: r\u00e9duction de 10% cumulable avec d\u2019autres offres promotionnelles;<\/li>\n<li>Camping campings de plus de 5 jours 5% de r\u00e9duction sur le co\u00fbt du s\u00e9jour.<\/li>\n<\/ul>\n<p><em>Partenaires:<\/em><\/p>\n<ul>\n<li>Touring Club, Unicredito = r\u00e9duction de 10% sur le cout total su s\u00e9jour;<\/li>\n<li>Expocaravanclub, Federcampeggio, Plein Air etc. = r\u00e9duction de 5% sur le cout total du s\u00e9jour.<\/li>\n<\/ul>\n<p><strong><em>Tarifs options facultatives<\/em><\/strong><br \/>\n&#8211; Service de nettoyage et repassage: 5 \u20ac\/cycle de lavage (5 kg);<br \/>\n&#8211; Lit enfant 30 \u20ac\/semaine, \u00e0 indiquer au moment de la r\u00e9servation;<br \/>\n&#8211; Terrain de tennis : simple 10 \u20ac\/h , double 15 \u20ac\/h;<br \/>\n&#8211; Terrain de football max 10 joueurs: 30\u20ac\/h;<br \/>\n&#8211; Eclairage nocturne du terrain de tennis ou de football: 3 \u20ac\/h;<br \/>\n&#8211; Climatisation (pr\u00e9sente dans les logements \u201cB1\u201d, \u201cD1\u201d, \u201cH 1\u201d,\u201cL1\u201d, \u201cN2\u201d, \u201cN4\u201d, \u201cN5\u201d, \u201cC1\u201d e \u201cC4\u201d): 30 \u20ac\/semaine.<\/p>\n<p><strong><em>Modes de r\u00e9servation et de paiement<br \/>\n<\/em><\/strong>Les propositions d&#8217;h\u00e9bergement sont consid\u00e9r\u00e9es comme valables jusqu&#8217;\u00e0 leur disponibilit\u00e9, qui ne sera d\u00e9finitivement r\u00e9serv\u00e9e qu&#8217;apr\u00e8s le versement de l&#8217;acompte cosignataire (30% du co\u00fbt total du s\u00e9jour) qui sera dans tous les cas restitu\u00e9 pour l&#8217;int\u00e9gralit\u00e9 du montant s&#8217;il est impossible de profiter du s\u00e9jour r\u00e9serv\u00e9 en raison de la pand\u00e9mie.<\/p>\n<p>Pour l&#8217;acompte vers\u00e9 par la banque, utilisez les r\u00e9f\u00e9rences suivantes: IBAN IT48 X054 2478 4500 0000 1001385 (si le virement provient de l&#8217;\u00e9tranger, \u00e9galement le BIC: BPBAIT3BXXX) Banca Popolare di Bari, Succursale de Manfredonia<\/p>\n<p><strong><em>Caution<\/em><\/strong><br \/>\nUn d\u00e9p\u00f4t de caution de 100 \u20ac doit \u00eatre effectu\u00e9 \u00e0 l\u2019arriv\u00e9e, en m\u00eame temps que le paiement du solde. La totalit\u00e9 de la caution sera rendue \u00e0 la fin du s\u00e9jour apr\u00e8s l\u2019\u00e9tat des lieux du logement, op\u00e9ration qu\u2019effectuera le personnel au moment de la restitution des clefs. Une partie de la caution pourra \u00eatre \u00e9ventuellement gard\u00e9e pour l\u2019\u00e9tat du logement (m\u00e9nage non effectu\u00e9) ou pour des dommages caus\u00e9s (en particulier aux moustiquaires). Pour les d\u00e9parts avenants durant les horaires de fermeture de la r\u00e9ception, la restitution de la caution sera effectu\u00e9e par virement postal ou bancaire, apr\u00e8s que le personnel ait effectu\u00e9 les contr\u00f4les n\u00e9cessaires. Pannes, anomalies ou manquements relev\u00e9s \u00e0 l\u2019arriv\u00e9e ou pendant le s\u00e9jour doivent \u00eatre indiqu\u00e9s \u00e0 la r\u00e9ception le plus rapidement possible.<\/p>\n<p><em><strong>Annulations<\/strong><\/em><br \/>\nLes demandes d\u2019annulation seront prises en consid\u00e9ration uniquement si envoy\u00e9es par t\u00e9l\u00e9gramme, fax, lettre recommand\u00e9e ou e-mail. L\u2019acompte pourra \u00eatre rembours\u00e9, moins la d\u00e9duction de 10% pour frais administratifs, si la demande d\u2019annulation est effectu\u00e9e au moins 7 jours avant le d\u00e9but du s\u00e9jour. Apr\u00e8s ce d\u00e9lai il sera possible de d\u00e9placer le s\u00e9jour sur une autre p\u00e9riode o\u00f9 l\u2019acompte sera perdu. L\u2019annulation volontaire ou la r\u00e9duction de la p\u00e9riode de s\u00e9jour pour arriv\u00e9e tardive, d\u00e9part anticip\u00e9 ou pour toute autre raison ne pourra donner lieu \u00e0 un remboursement.<\/p>\n<p><strong><em>R\u00e9clamations<\/em><\/strong><br \/>\nAu moment de la r\u00e9servation, il est conseill\u00e9 aux vacanciers de demander toutes les informations n\u00e9cessaires, afin de s\u2019assurer que le Camping r\u00e9ponde aux propres exigences.<br \/>\nEventuelles contestations faites \u00e0 l\u2019arriv\u00e9e pour manque d\u2019approbation de la structure ou de l\u2019h\u00e9bergement, ou pour toute autre raison, ne lib\u00e8rent pas le client de l\u2019obligation du versement du solde indiqu\u00e9 au moment de la r\u00e9servation. Le personnel du Camping pr\u00eate toute son attention aux clients afin de rendre leurs vacances les plus agr\u00e9ables possible. Si malgr\u00e9 cela, quelque chose ne devait pas donner satisfaction, il est demand\u00e9 de prendre contact avec la direction afin de pouvoir intervenir et r\u00e9soudre les probl\u00e8mes \u00e9ventuels.<\/p>\n<p><strong><em>Visiteurs<\/em><\/strong><br \/>\nLes visites de familles et amis font souvent l\u2019objet de discussions aux seins des vacanciers car elles peuvent nuire au voisinage. Cela dit, les visites pr\u00e9alablement approuv\u00e9es sont autoris\u00e9es de 8h \u00e0 23h30. A leur arriv\u00e9es les visiteurs devront s\u2019enregistrer \u00e0 la r\u00e9ception et remettre un document d\u2019identit\u00e9 et, si leur pr\u00e9sence d\u00e9passe l\u2019heure, devront payer un forfait journalier de 10 \u20ac pour le 1er invit\u00e9 (parking Lido auto ou moto compris) et de 3\u20ac pour chaque invit\u00e9 suppl\u00e9mentaire, enfants de plus de 3 ans inclus. Pour les invit\u00e9s sans v\u00e9hicule: r\u00e9duction de 4\u20ac.<br \/>\nTous les visiteurs devront respecter les clauses du r\u00e8glement int\u00e9rieur.<\/p>\n<p><strong><em>V\u00e9hicules: circulation et parking<\/em><\/strong><br \/>\nPendant les heures de \u201crepos\u201d (de 14 h \u00e0 16 h et de 23 h 30 \u00e0 7 h 30), la circulation des v\u00e9hicules est interdite \u00e0 l\u2019int\u00e9rieur du Camping. Du 30 Juin au 1er Septembre l\u2019acc\u00e8s et la circulation des v\u00e9hicules \u00e0 moteurs sont interdits \u00e0 l\u2019int\u00e9rieur de la structure, sauf au moment de l\u2019arriv\u00e9e et du d\u00e9part pour la dur\u00e9e strictement n\u00e9cessaire au chargement et d\u00e9chargement des bagages et du mat\u00e9riel des campeurs. Sont exclus de cette interdiction les v\u00e9hicules de service et les v\u00e9los. Pendant cette p\u00e9riode, une place pour une voiture ou une moto est attribu\u00e9e \u00e0 cot\u00e9 de chaque logement ou emplacement ou au sein de la zone utilis\u00e9e pour le stationnement. Pour chaque voiture ou moto suppl\u00e9mentaire, il sera demand\u00e9 un suppl\u00e9ment journalier respectif de 3,50 \u20ac et 2,50 \u20ac.<\/p>\n<p><strong><em>Animaux<\/em><\/strong><br \/>\nLes animaux sont accept\u00e9s mais doivent \u00eatre signal\u00e9s au moment de la r\u00e9servation ou, pour les campeurs, au moment de leurs arriv\u00e9es. Ils devront \u00eatre en possession de leur carnet de vaccination et devront toujours \u00eatre tenus en laisse \u00e0 l\u2019int\u00e9rieur du Camping ou, si n\u00e9cessaire, musel\u00e9s. Sur la plage ils pourront nager et se promener aux endroits indiqu\u00e9s par la direction. Le tarif hebdomadaire, pour les p\u00e9riodes E, F, G, H, I est de 30\u20ac pour un chien et 20\u20ac pour un chat. Les tarifs pour les campeurs sont report\u00e9s dans les tarifs g\u00e9n\u00e9raux.<\/p>\n<p><strong><em>Commerces et Plage priv\u00e9e \u00abLido\u00bb<\/em><\/strong><br \/>\nLe village dispose de 2 bars, d\u2019un restaurant pizzeria au four \u00e0 bois, d\u2019une petite \u00e9picerie situ\u00e9e sur la plage (\u00abLido\u00bb) et disposant de produits confectionn\u00e9s. Il est possible de r\u00e9server \u201cquotidiennement\u201d toutes sortes de produits frais et de premi\u00e8res n\u00e9cessit\u00e9s (non disponibles au Lido), \u00e0 retirer successivement.<br \/>\nUne laverie automatique \u00e0 jetons et un espace de repassage sont \u00e0 disposition.<br \/>\nLa structure dispose d\u2019une vaste plage priv\u00e9e de sable fin dot\u00e9e de sanitaires et de douches chaudes et froides. Un espace est destin\u00e9 aux parasols, chaises et transats payants, un second espace \u00e0 la plage libre. La plage dispose d\u2019un service d\u2019assistance aux nageurs.<\/p>\n<p><strong><em>Activit\u00e9s sportives et r\u00e9cr\u00e9atives<\/em><\/strong><br \/>\nLe village dispose d\u2019installations sportives pour tennis, football, beach volley, football de plage, ping-pong, baby-foot, p\u00e9tanque et fl\u00e9chettes, mises \u00e0 la disposition des vacanciers. Sur place il est possible d\u2019acheter ou de louer le mat\u00e9riel n\u00e9cessaire \u00e0 la pratique d\u2019un de ces sports. Le parc de jeux pour enfants situ\u00e9 sur la plage est ouvert non-stop et en acc\u00e8s libre.<br \/>\nPas de cartes club payantes.<\/p>\n<p><strong><em>Autres<\/em><\/strong><br \/>\nUn service de transport urbain relie, \u00e0 heures fixes et affich\u00e9es \u00e0 l\u2019ext\u00e9rieur de la r\u00e9ception, le Camping avec la ville de Manfredonia (dans un sens comme dans l\u2019autre) et avec le centre commercial \u201cGargano\u201d. De plus, la gare est accessible facilement par taxi. Il est possible, sur r\u00e9servation, de b\u00e9n\u00e9ficier d\u2019un service de navette; trajets, prix et informations \u00e0 stabiliser.<br \/>\nLes soins m\u00e9dicaux sont effectu\u00e9s \u00e0 l\u2019h\u00f4pital public de Manfredonia o\u00f9 se trouve un service d\u2019urgence moderne et parfaitement \u00e9quip\u00e9. Il est \u00e9galement possible de recourir aux prestations de m\u00e9decins priv\u00e9s devant \u00eatre pay\u00e9s directement par le patient.<br \/>\nLe Camping se situe dans une des plus importantes zones humides prot\u00e9g\u00e9es d\u2019Europe, lieu culte d\u2019ornithologues provenant du monde entier; il est donc possible de se retrouver confronter \u00e0 de nombreux moustiques, en g\u00e9n\u00e9ral au moment du cr\u00e9puscule et pour une p\u00e9riode de temps limit\u00e9e. Penser \u00e0 vous fournir du n\u00e9cessaire.<\/p>\n<p>En cas de diff\u00e9rence d\u2019interpr\u00e9tation entre le texte italien et les textes traduits dans d\u2019autres langues, l\u2019original italien fait foi.<\/p>\n","protected":false},"excerpt":{"rendered":"<p>Description des H\u00e9bergements Le village dispose de 200 places distribu\u00e9es sur 50 logements comprenant villas, appartements, studios, bungalows, chalets en bois, mansardes et caravanes. Toutes les installations sont simples et pratiques et disposent d\u2019un espace ext\u00e9rieur pouvant \u00eatre un jardin,<\/p>\n","protected":false},"author":3,"featured_media":0,"parent":0,"menu_order":0,"comment_status":"closed","ping_status":"closed","template":"","meta":{"footnotes":""},"class_list":["post-193","page","type-page","status-publish","hentry"],"_links":{"self":[{"href":"https:\/\/www.la-bussola.it\/fr\/wp-json\/wp\/v2\/pages\/193","targetHints":{"allow":["GET"]}}],"collection":[{"href":"https:\/\/www.la-bussola.it\/fr\/wp-json\/wp\/v2\/pages"}],"about":[{"href":"https:\/\/www.la-bussola.it\/fr\/wp-json\/wp\/v2\/types\/page"}],"author":[{"embeddable":true,"href":"https:\/\/www.la-bussola.it\/fr\/wp-json\/wp\/v2\/users\/3"}],"replies":[{"embeddable":true,"href":"https:\/\/www.la-bussola.it\/fr\/wp-json\/wp\/v2\/comments?post=193"}],"version-history":[{"count":0,"href":"https:\/\/www.la-bussola.it\/fr\/wp-json\/wp\/v2\/pages\/193\/revisions"}],"wp:attachment":[{"href":"https:\/\/www.la-bussola.it\/fr\/wp-json\/wp\/v2\/media?parent=193"}],"curies":[{"name":"wp","href":"https:\/\/api.w.org\/{rel}","templated":true}]}}