{"id":201,"date":"2016-05-05T10:27:58","date_gmt":"2016-05-05T10:27:58","guid":{"rendered":"http:\/\/www.la-bussola.it\/?page_id=201"},"modified":"2025-01-15T16:14:07","modified_gmt":"2025-01-15T16:14:07","slug":"hebergements","status":"publish","type":"page","link":"https:\/\/www.la-bussola.it\/fr\/hebergements\/","title":{"rendered":"Hebergements"},"content":{"rendered":"<p>Le camping \u201cLa Bussola\u201d est situ\u00e9 sur la c\u00f4te sud de Manfredonia. Il se trouve directement sur la mer (pas de route \u00e0 traverser), \u00e0 environ 10km du centre-ville.<br \/>\nLe terrain sur lequel il est situ\u00e9 est plat, donc adapt\u00e9 \u00e0 la circulation des v\u00e9los, et ombrag\u00e9 par la pr\u00e9sence de grands arbres (eucalyptus, oliviers de Boh\u00e8me, pins d\u2019Alep, acacia saligna, peupliers, ch\u00eanes etc.)<br \/>\nLe Camping La Bussola dispose de logements meubl\u00e9s, dot\u00e9s de salle de bain avec toilette et douche, coin cuisine, t\u00e9l\u00e9vision, frigo, <span class=\"Y2IQFc\" lang=\"fr\">certains avec air conditionn\u00e9, <\/span><span class=\"Y2IQFc\" lang=\"fr\">place de parking dans les places de parking r\u00e9serv\u00e9es.<br \/>\n<\/span>Les amoureux de la mer et du soleil ont \u00e0 disposition une vaste plage de sable fin d\u2019environ 200m, en partie plage libre et en partie plage priv\u00e9e (parasol, chaises et transats).<br \/>\nLa mer, l\u00e9g\u00e8rement en pente, est sans danger et id\u00e9ale pour les enfants. C\u2019est un endroit parfaitement adapt\u00e9 \u00e0 des vacances en famille, pour vivre dans la tranquillit\u00e9 et le confort du camping.<\/p>\n<p style=\"text-align: center;\"><strong> FORMULE RESIDENCE<\/strong><\/p>\n<p><strong>P\u00c9RIODES SAISONNI\u00c8RES: <\/strong><\/p>\n<p><strong>A)<\/strong> 15.03 &#8211; 23.05<\/p>\n<p><strong>B)<\/strong> 24.05 &#8211; 6.06<\/p>\n<p><strong>C)<\/strong> 7.06 &#8211; 13.06<\/p>\n<p><strong>D)<\/strong> (P\u00e2ques) 18.04 &#8211; 23.04<\/p>\n<p><strong>D)<\/strong> 14.06 &#8211; 20.06 | 27.09 &#8211; 31.10<\/p>\n<p><strong>E)<\/strong> 21.06 &#8211; 4.07 | 30.08 \u2013 26.09<\/p>\n<p><strong>F)<\/strong> 5.07 &#8211; 11.07<\/p>\n<p><strong>G)<\/strong> 12.07 &#8211; 18.07<\/p>\n<p><strong>H)<\/strong> 19.07 &#8211; 1.08<\/p>\n<p><strong>I)<\/strong> 2.08 &#8211; 29.08<\/p>\n<p>TARIF HEBDOMADAIRE PAR HEBERGEMENT<br \/>\nPrix indiqu\u00e9 pour le nombre minimum de personnes<\/p>\n<table class=\"tbl\" border=\"0\" width=\"100%\" cellspacing=\"1\" cellpadding=\"0\">\n<tbody>\n<tr>\n<td class=\"title\" align=\"center\" bgcolor=\"#087dc2\" width=\"19%\">TYPE D\u2019HEBERGEMENT<\/td>\n<td class=\"title\" align=\"center\" bgcolor=\"#087dc2\" width=\"9%\">A<\/td>\n<td class=\"title\" align=\"center\" bgcolor=\"#087dc2\" width=\"9%\">B<\/td>\n<td class=\"title\" align=\"center\" bgcolor=\"#087dc2\" width=\"9%\">C<\/td>\n<td class=\"title\" align=\"center\" bgcolor=\"#087dc2\" width=\"9%\">D<\/td>\n<td class=\"title\" align=\"center\" bgcolor=\"#087dc2\" width=\"9%\">E<\/td>\n<td class=\"title\" align=\"center\" bgcolor=\"#087dc2\" width=\"9%\">F<\/td>\n<td class=\"title\" align=\"center\" bgcolor=\"#087dc2\" width=\"9%\">G<\/td>\n<td class=\"title\" align=\"center\" bgcolor=\"#087dc2\" width=\"9%\">H<\/td>\n<td class=\"title\" align=\"center\" bgcolor=\"#087dc2\" width=\"9%\">I<\/td>\n<\/tr>\n<tr>\n<td valign=\"middle\" bgcolor=\"#F5F5F5\">Mansarde D<br \/>\n2 pers.<\/td>\n<td align=\"center\" valign=\"middle\" bgcolor=\"#F5F5F5\">\u20ac 150<\/td>\n<td align=\"center\" valign=\"middle\" bgcolor=\"#F5F5F5\">\u20ac 180<\/td>\n<td align=\"center\" valign=\"middle\" bgcolor=\"#F5F5F5\">\u20ac 200<\/td>\n<td align=\"center\" valign=\"middle\" bgcolor=\"#F5F5F5\">\u20ac 230<\/td>\n<td align=\"center\" valign=\"middle\" bgcolor=\"#F5F5F5\">\u20ac 250<\/td>\n<td align=\"center\" valign=\"middle\" bgcolor=\"#F5F5F5\">\u20ac 300<\/td>\n<td align=\"center\" valign=\"middle\" bgcolor=\"#F5F5F5\">\u20ac 350<\/td>\n<td align=\"center\" valign=\"middle\" bgcolor=\"#F5F5F5\">\u20ac 400<\/td>\n<td align=\"center\" valign=\"middle\" bgcolor=\"#F5F5F5\">\u20ac 450<\/td>\n<\/tr>\n<tr>\n<td valign=\"middle\" bgcolor=\"#F5F5F5\">Mansarde E<br \/>\n4 pers.<\/td>\n<td align=\"center\" valign=\"middle\" bgcolor=\"#F5F5F5\">\u20ac 250<\/td>\n<td align=\"center\" valign=\"middle\" bgcolor=\"#F5F5F5\">\u20ac 280<\/td>\n<td align=\"center\" valign=\"middle\" bgcolor=\"#F5F5F5\">\u20ac 300<\/td>\n<td align=\"center\" valign=\"middle\" bgcolor=\"#F5F5F5\">\u20ac 350<\/td>\n<td align=\"center\" valign=\"middle\" bgcolor=\"#F5F5F5\">\u20ac 380<\/td>\n<td align=\"center\" valign=\"middle\" bgcolor=\"#F5F5F5\">\u20ac 420<\/td>\n<td align=\"center\" valign=\"middle\" bgcolor=\"#F5F5F5\">\u20ac 500<\/td>\n<td align=\"center\" valign=\"middle\" bgcolor=\"#F5F5F5\">\u20ac 600<\/td>\n<td align=\"center\" valign=\"middle\" bgcolor=\"#F5F5F5\">\u20ac 700<\/td>\n<\/tr>\n<tr>\n<td valign=\"middle\" bgcolor=\"#F5F5F5\">Studio A<br \/>\n4 pers.<\/td>\n<td align=\"center\" valign=\"middle\" bgcolor=\"#F5F5F5\">\u20ac 200<\/td>\n<td align=\"center\" valign=\"middle\" bgcolor=\"#F5F5F5\">\u20ac 220<\/td>\n<td align=\"center\" valign=\"middle\" bgcolor=\"#F5F5F5\">\u20ac 250<\/td>\n<td align=\"center\" valign=\"middle\" bgcolor=\"#F5F5F5\">\u20ac 300<\/td>\n<td align=\"center\" valign=\"middle\" bgcolor=\"#F5F5F5\">\u20ac 350<\/td>\n<td align=\"center\" valign=\"middle\" bgcolor=\"#F5F5F5\">\u20ac 400<\/td>\n<td align=\"center\" valign=\"middle\" bgcolor=\"#F5F5F5\">\u20ac 430<\/td>\n<td align=\"center\" valign=\"middle\" bgcolor=\"#F5F5F5\">\u20ac 500<\/td>\n<td align=\"center\" valign=\"middle\" bgcolor=\"#F5F5F5\">\u20ac 620<\/td>\n<\/tr>\n<tr>\n<td valign=\"middle\" bgcolor=\"#F5F5F5\">Studio B<br \/>\n4 pers.<\/td>\n<td align=\"center\" valign=\"middle\" bgcolor=\"#F5F5F5\">\u20ac 210<\/td>\n<td align=\"center\" valign=\"middle\" bgcolor=\"#F5F5F5\">\u20ac 230<\/td>\n<td align=\"center\" valign=\"middle\" bgcolor=\"#F5F5F5\">\u20ac 265<\/td>\n<td align=\"center\" valign=\"middle\" bgcolor=\"#F5F5F5\">\u20ac 320<\/td>\n<td align=\"center\" valign=\"middle\" bgcolor=\"#F5F5F5\">\u20ac 370<\/td>\n<td align=\"center\" valign=\"middle\" bgcolor=\"#F5F5F5\">\u20ac 420<\/td>\n<td align=\"center\" valign=\"middle\" bgcolor=\"#F5F5F5\">\u20ac 450<\/td>\n<td align=\"center\" valign=\"middle\" bgcolor=\"#F5F5F5\">\u20ac 550<\/td>\n<td align=\"center\" valign=\"middle\" bgcolor=\"#F5F5F5\">\u20ac 660<\/td>\n<\/tr>\n<tr>\n<td valign=\"middle\" bgcolor=\"#F5F5F5\">Studio C<br \/>\n4 pers.<\/td>\n<td align=\"center\" valign=\"middle\" bgcolor=\"#F5F5F5\">\u20ac 230<\/td>\n<td align=\"center\" valign=\"middle\" bgcolor=\"#F5F5F5\">\u20ac 250<\/td>\n<td align=\"center\" valign=\"middle\" bgcolor=\"#F5F5F5\">\u20ac 280<\/td>\n<td align=\"center\" valign=\"middle\" bgcolor=\"#F5F5F5\">\u20ac 310<\/td>\n<td align=\"center\" valign=\"middle\" bgcolor=\"#F5F5F5\">\u20ac 360<\/td>\n<td align=\"center\" valign=\"middle\" bgcolor=\"#F5F5F5\">\u20ac 410<\/td>\n<td align=\"center\" valign=\"middle\" bgcolor=\"#F5F5F5\">\u20ac 450<\/td>\n<td align=\"center\" valign=\"middle\" bgcolor=\"#F5F5F5\">\u20ac 530<\/td>\n<td align=\"center\" valign=\"middle\" bgcolor=\"#F5F5F5\">\u20ac 640<\/td>\n<\/tr>\n<tr>\n<td valign=\"middle\" bgcolor=\"#F5F5F5\">Appartement F<br \/>\n4 pers.<\/td>\n<td align=\"center\" valign=\"middle\" bgcolor=\"#F5F5F5\">\u20ac 250<\/td>\n<td align=\"center\" valign=\"middle\" bgcolor=\"#F5F5F5\">\u20ac 290<\/td>\n<td align=\"center\" valign=\"middle\" bgcolor=\"#F5F5F5\">\u20ac 335<\/td>\n<td align=\"center\" valign=\"middle\" bgcolor=\"#F5F5F5\">\u20ac 390<\/td>\n<td align=\"center\" valign=\"middle\" bgcolor=\"#F5F5F5\">\u20ac 430<\/td>\n<td align=\"center\" valign=\"middle\" bgcolor=\"#F5F5F5\">\u20ac 480<\/td>\n<td align=\"center\" valign=\"middle\" bgcolor=\"#F5F5F5\">\u20ac 550<\/td>\n<td align=\"center\" valign=\"middle\" bgcolor=\"#F5F5F5\">\u20ac 680<\/td>\n<td align=\"center\" valign=\"middle\" bgcolor=\"#F5F5F5\">\u20ac 800<\/td>\n<\/tr>\n<tr>\n<td valign=\"middle\" bgcolor=\"#F5F5F5\">Appartement G<br \/>\n4 pers.<\/td>\n<td align=\"center\" valign=\"middle\" bgcolor=\"#F5F5F5\">\u20ac 230<\/td>\n<td align=\"center\" valign=\"middle\" bgcolor=\"#F5F5F5\">\u20ac 265<\/td>\n<td align=\"center\" valign=\"middle\" bgcolor=\"#F5F5F5\">\u20ac 300<\/td>\n<td align=\"center\" valign=\"middle\" bgcolor=\"#F5F5F5\">\u20ac 345<\/td>\n<td align=\"center\" valign=\"middle\" bgcolor=\"#F5F5F5\">\u20ac 400<\/td>\n<td align=\"center\" valign=\"middle\" bgcolor=\"#F5F5F5\">\u20ac 460<\/td>\n<td align=\"center\" valign=\"middle\" bgcolor=\"#F5F5F5\">\u20ac 520<\/td>\n<td align=\"center\" valign=\"middle\" bgcolor=\"#F5F5F5\">\u20ac 640<\/td>\n<td align=\"center\" valign=\"middle\" bgcolor=\"#F5F5F5\">\u20ac 760<\/td>\n<\/tr>\n<tr>\n<td valign=\"middle\" bgcolor=\"#F5F5F5\">Appartement H<br \/>\n4 pers.<\/td>\n<td align=\"center\" valign=\"middle\" bgcolor=\"#F5F5F5\">\u20ac 250<\/td>\n<td align=\"center\" valign=\"middle\" bgcolor=\"#F5F5F5\">\u20ac 285<\/td>\n<td align=\"center\" valign=\"middle\" bgcolor=\"#F5F5F5\">\u20ac 320<\/td>\n<td align=\"center\" valign=\"middle\" bgcolor=\"#F5F5F5\">\u20ac 350<\/td>\n<td align=\"center\" valign=\"middle\" bgcolor=\"#F5F5F5\">\u20ac 390<\/td>\n<td align=\"center\" valign=\"middle\" bgcolor=\"#F5F5F5\">\u20ac 430<\/td>\n<td align=\"center\" valign=\"middle\" bgcolor=\"#F5F5F5\">\u20ac 530<\/td>\n<td align=\"center\" valign=\"middle\" bgcolor=\"#F5F5F5\">\u20ac 650<\/td>\n<td align=\"center\" valign=\"middle\" bgcolor=\"#F5F5F5\">\u20ac 780<\/td>\n<\/tr>\n<tr>\n<td valign=\"middle\" bgcolor=\"#F5F5F5\">Chalet L<br \/>\n4 pers.<\/td>\n<td align=\"center\" valign=\"middle\" bgcolor=\"#F5F5F5\">\u20ac 260<\/td>\n<td align=\"center\" valign=\"middle\" bgcolor=\"#F5F5F5\">\u20ac 300<\/td>\n<td align=\"center\" valign=\"middle\" bgcolor=\"#F5F5F5\">\u20ac 345<\/td>\n<td align=\"center\" valign=\"middle\" bgcolor=\"#F5F5F5\">\u20ac 400<\/td>\n<td align=\"center\" valign=\"middle\" bgcolor=\"#F5F5F5\">\u20ac 430<\/td>\n<td align=\"center\" valign=\"middle\" bgcolor=\"#F5F5F5\">\u20ac 530<\/td>\n<td align=\"center\" valign=\"middle\" bgcolor=\"#F5F5F5\">\u20ac 580<\/td>\n<td align=\"center\" valign=\"middle\" bgcolor=\"#F5F5F5\">\u20ac 700<\/td>\n<td align=\"center\" valign=\"middle\" bgcolor=\"#F5F5F5\">\u20ac 820<\/td>\n<\/tr>\n<tr>\n<td valign=\"middle\" bgcolor=\"#F5F5F5\">Chalet M<br \/>\n4 pers.<\/td>\n<td align=\"center\" valign=\"middle\" bgcolor=\"#F5F5F5\">\u20ac 270<\/td>\n<td align=\"center\" valign=\"middle\" bgcolor=\"#F5F5F5\">\u20ac 310<\/td>\n<td align=\"center\" valign=\"middle\" bgcolor=\"#F5F5F5\">\u20ac 360<\/td>\n<td align=\"center\" valign=\"middle\" bgcolor=\"#F5F5F5\">\u20ac 415<\/td>\n<td align=\"center\" valign=\"middle\" bgcolor=\"#F5F5F5\">\u20ac 475<\/td>\n<td align=\"center\" valign=\"middle\" bgcolor=\"#F5F5F5\">\u20ac 545<\/td>\n<td align=\"center\" valign=\"middle\" bgcolor=\"#F5F5F5\">\u20ac 600<\/td>\n<td align=\"center\" valign=\"middle\" bgcolor=\"#F5F5F5\">\u20ac 710<\/td>\n<td align=\"center\" valign=\"middle\" bgcolor=\"#F5F5F5\">\u20ac 880<\/td>\n<\/tr>\n<tr>\n<td valign=\"middle\" bgcolor=\"#F5F5F5\">Villa N 1<br \/>\n8 pers.<\/td>\n<td align=\"center\" valign=\"middle\" bgcolor=\"#F5F5F5\">\u20ac 400<\/td>\n<td align=\"center\" valign=\"middle\" bgcolor=\"#F5F5F5\">\u20ac 460<\/td>\n<td align=\"center\" valign=\"middle\" bgcolor=\"#F5F5F5\">\u20ac 530<\/td>\n<td align=\"center\" valign=\"middle\" bgcolor=\"#F5F5F5\">\u20ac 610<\/td>\n<td align=\"center\" valign=\"middle\" bgcolor=\"#F5F5F5\">\u20ac 700<\/td>\n<td align=\"center\" valign=\"middle\" bgcolor=\"#F5F5F5\">\u20ac 780<\/td>\n<td align=\"center\" valign=\"middle\" bgcolor=\"#F5F5F5\">\u20ac 920<\/td>\n<td align=\"center\" valign=\"middle\" bgcolor=\"#F5F5F5\">\u20ac 1100<\/td>\n<td align=\"center\" valign=\"middle\" bgcolor=\"#F5F5F5\">\u20ac 1280<\/td>\n<\/tr>\n<tr>\n<td valign=\"middle\" bgcolor=\"#F5F5F5\">Villa N 2<br \/>\n6 pers.<\/td>\n<td align=\"center\" valign=\"middle\" bgcolor=\"#F5F5F5\">\u20ac 320<\/td>\n<td align=\"center\" valign=\"middle\" bgcolor=\"#F5F5F5\">\u20ac 365<\/td>\n<td align=\"center\" valign=\"middle\" bgcolor=\"#F5F5F5\">\u20ac 420<\/td>\n<td align=\"center\" valign=\"middle\" bgcolor=\"#F5F5F5\">\u20ac 480<\/td>\n<td align=\"center\" valign=\"middle\" bgcolor=\"#F5F5F5\">\u20ac 550<\/td>\n<td align=\"center\" valign=\"middle\" bgcolor=\"#F5F5F5\">\u20ac 620<\/td>\n<td align=\"center\" valign=\"middle\" bgcolor=\"#F5F5F5\">\u20ac 720<\/td>\n<td align=\"center\" valign=\"middle\" bgcolor=\"#F5F5F5\">\u20ac 830<\/td>\n<td align=\"center\" valign=\"middle\" bgcolor=\"#F5F5F5\">\u20ac 950<\/td>\n<\/tr>\n<tr>\n<td valign=\"middle\" bgcolor=\"#F5F5F5\">Villa N 3<br \/>\n4 pers.<\/td>\n<td align=\"center\" valign=\"middle\" bgcolor=\"#F5F5F5\">\u20ac 250<\/td>\n<td align=\"center\" valign=\"middle\" bgcolor=\"#F5F5F5\">\u20ac 290<\/td>\n<td align=\"center\" valign=\"middle\" bgcolor=\"#F5F5F5\">\u20ac 335<\/td>\n<td align=\"center\" valign=\"middle\" bgcolor=\"#F5F5F5\">\u20ac 390<\/td>\n<td align=\"center\" valign=\"middle\" bgcolor=\"#F5F5F5\">\u20ac 450<\/td>\n<td align=\"center\" valign=\"middle\" bgcolor=\"#F5F5F5\">\u20ac 500<\/td>\n<td align=\"center\" valign=\"middle\" bgcolor=\"#F5F5F5\">\u20ac 570<\/td>\n<td align=\"center\" valign=\"middle\" bgcolor=\"#F5F5F5\">\u20ac 670<\/td>\n<td align=\"center\" valign=\"middle\" bgcolor=\"#F5F5F5\">\u20ac 790<\/td>\n<\/tr>\n<tr>\n<td valign=\"middle\" bgcolor=\"#F5F5F5\">Villa N 4<br \/>\n2 pers.<\/td>\n<td align=\"center\" valign=\"middle\" bgcolor=\"#F5F5F5\">\u20ac 150<\/td>\n<td align=\"center\" valign=\"middle\" bgcolor=\"#F5F5F5\">\u20ac 190<\/td>\n<td align=\"center\" valign=\"middle\" bgcolor=\"#F5F5F5\">\u20ac 210<\/td>\n<td align=\"center\" valign=\"middle\" bgcolor=\"#F5F5F5\">\u20ac 230<\/td>\n<td align=\"center\" valign=\"middle\" bgcolor=\"#F5F5F5\">\u20ac 265<\/td>\n<td align=\"center\" valign=\"middle\" bgcolor=\"#F5F5F5\">\u20ac 305<\/td>\n<td align=\"center\" valign=\"middle\" bgcolor=\"#F5F5F5\">\u20ac 365<\/td>\n<td align=\"center\" valign=\"middle\" bgcolor=\"#F5F5F5\">\u20ac 440<\/td>\n<td align=\"center\" valign=\"middle\" bgcolor=\"#F5F5F5\">\u20ac 530<\/td>\n<\/tr>\n<tr>\n<td valign=\"middle\" bgcolor=\"#F5F5F5\">Villa N 5<br \/>\n4 pers.<\/td>\n<td align=\"center\" valign=\"middle\" bgcolor=\"#F5F5F5\">\u20ac 280<\/td>\n<td align=\"center\" valign=\"middle\" bgcolor=\"#F5F5F5\">\u20ac 330<\/td>\n<td align=\"center\" valign=\"middle\" bgcolor=\"#F5F5F5\">\u20ac 380<\/td>\n<td align=\"center\" valign=\"middle\" bgcolor=\"#F5F5F5\">\u20ac 440<\/td>\n<td align=\"center\" valign=\"middle\" bgcolor=\"#F5F5F5\">\u20ac 490<\/td>\n<td align=\"center\" valign=\"middle\" bgcolor=\"#F5F5F5\">\u20ac 560<\/td>\n<td align=\"center\" valign=\"middle\" bgcolor=\"#F5F5F5\">\u20ac 640<\/td>\n<td align=\"center\" valign=\"middle\" bgcolor=\"#F5F5F5\">\u20ac 750<\/td>\n<td align=\"center\" valign=\"middle\" bgcolor=\"#F5F5F5\">\u20ac 920<\/td>\n<\/tr>\n<tr>\n<td valign=\"middle\" bgcolor=\"#F5F5F5\">Caravane P 1<br \/>\n4 pers.<\/td>\n<td align=\"center\" valign=\"middle\" bgcolor=\"#F5F5F5\">\u20ac 100<\/td>\n<td align=\"center\" valign=\"middle\" bgcolor=\"#F5F5F5\">\u20ac 115<\/td>\n<td align=\"center\" valign=\"middle\" bgcolor=\"#F5F5F5\">\u20ac 135<\/td>\n<td align=\"center\" valign=\"middle\" bgcolor=\"#F5F5F5\">\u20ac 155<\/td>\n<td align=\"center\" valign=\"middle\" bgcolor=\"#F5F5F5\">\u20ac 180<\/td>\n<td align=\"center\" valign=\"middle\" bgcolor=\"#F5F5F5\">\u20ac 205<\/td>\n<td align=\"center\" valign=\"middle\" bgcolor=\"#F5F5F5\">\u20ac 245<\/td>\n<td align=\"center\" valign=\"middle\" bgcolor=\"#F5F5F5\">\u20ac 295<\/td>\n<td align=\"center\" valign=\"middle\" bgcolor=\"#F5F5F5\">\u20ac 355<\/td>\n<\/tr>\n<tr>\n<td valign=\"middle\" bgcolor=\"#F5F5F5\">Caravane P 2<br \/>\n2 pers .<\/td>\n<td align=\"center\" valign=\"middle\" bgcolor=\"#F5F5F5\">\u20ac 90<\/td>\n<td align=\"center\" valign=\"middle\" bgcolor=\"#F5F5F5\">\u20ac 105<\/td>\n<td align=\"center\" valign=\"middle\" bgcolor=\"#F5F5F5\">\u20ac 120<\/td>\n<td align=\"center\" valign=\"middle\" bgcolor=\"#F5F5F5\">\u20ac 140<\/td>\n<td align=\"center\" valign=\"middle\" bgcolor=\"#F5F5F5\">\u20ac 160<\/td>\n<td align=\"center\" valign=\"middle\" bgcolor=\"#F5F5F5\">\u20ac 185<\/td>\n<td align=\"center\" valign=\"middle\" bgcolor=\"#F5F5F5\">\u20ac 220<\/td>\n<td align=\"center\" valign=\"middle\" bgcolor=\"#F5F5F5\">\u20ac 265<\/td>\n<td align=\"center\" valign=\"middle\" bgcolor=\"#F5F5F5\">\u20ac 320<\/td>\n<\/tr>\n<tr>\n<td valign=\"middle\" bgcolor=\"#F5F5F5\">Tente<br \/>\n4 pers.<\/td>\n<td align=\"center\" valign=\"middle\" bgcolor=\"#F5F5F5\">\u20ac 50<\/td>\n<td align=\"center\" valign=\"middle\" bgcolor=\"#F5F5F5\">\u20ac 75<\/td>\n<td align=\"center\" valign=\"middle\" bgcolor=\"#F5F5F5\">\u20ac 85<\/td>\n<td align=\"center\" valign=\"middle\" bgcolor=\"#F5F5F5\">\u20ac 95<\/td>\n<td align=\"center\" valign=\"middle\" bgcolor=\"#F5F5F5\">\u20ac 110<\/td>\n<td align=\"center\" valign=\"middle\" bgcolor=\"#F5F5F5\">\u20ac 125<\/td>\n<td align=\"center\" valign=\"middle\" bgcolor=\"#F5F5F5\">\u20ac 150<\/td>\n<td align=\"center\" valign=\"middle\" bgcolor=\"#F5F5F5\">\u20ac 180<\/td>\n<td align=\"center\" valign=\"middle\" bgcolor=\"#F5F5F5\">\u20ac 215<\/td>\n<\/tr>\n<tr>\n<td class=\"title\" align=\"center\" bgcolor=\"#087dc2\" width=\"19%\">TYPE D\u2019HEBERGEMENT<\/td>\n<td class=\"title\" align=\"center\" bgcolor=\"#087dc2\" width=\"9%\">A<\/td>\n<td class=\"title\" align=\"center\" bgcolor=\"#087dc2\" width=\"9%\">B<\/td>\n<td class=\"title\" align=\"center\" bgcolor=\"#087dc2\" width=\"9%\">C<\/td>\n<td class=\"title\" align=\"center\" bgcolor=\"#087dc2\" width=\"9%\">D<\/td>\n<td class=\"title\" align=\"center\" bgcolor=\"#087dc2\" width=\"9%\">E<\/td>\n<td class=\"title\" align=\"center\" bgcolor=\"#087dc2\" width=\"9%\">F<\/td>\n<td class=\"title\" align=\"center\" bgcolor=\"#087dc2\" width=\"9%\">G<\/td>\n<td class=\"title\" align=\"center\" bgcolor=\"#087dc2\" width=\"9%\">H<\/td>\n<td class=\"title\" align=\"center\" bgcolor=\"#087dc2\" width=\"9%\">I<\/td>\n<\/tr>\n<\/tbody>\n<\/table>\n<p>En basse saison, le co\u00fbt journalier d&#8217;un studio est de 40,00 \u20ac pour 2 p.l.; 60,00 \u20ac pour 4 p.l.; appartement de deux pi\u00e8ces avec 4-5 lits 80,00 \u20ac;<\/p>\n<p><strong>Durant la basse saison, le coin cuisine des logements n\u2019est pas utilisable.<br \/>\nSuppl\u00e9ment chauffage (sur demande): 5\u20ac\/jour pour les studios, 8\u20ac\/jour pour les appartements 2 pi\u00e8ces, 10\u20ac\/jour pour les autres logements.<\/strong><\/p>\n<p>* Le s\u00e9jour commence \u00e0 l&#8217;arriv\u00e9e \u00e0 partir de 16h00 et se termine \u00e0 10h00 le jour du d\u00e9part. Pour les arriv\u00e9es anticip\u00e9es, demandez \u00e0 la r\u00e9ception si le logement est disponible.<\/p>\n<p>* La fourniture d&#8217;un ensemble de linge de lit est incluse (avec changement hebdomadaire). Les serviettes de bain et les nappes de cuisine peuvent \u00eatre lou\u00e9s \u00e0 l&#8217;arriv\u00e9e 5,00 \u20ac par personne et par changement et 5,00 \u20ac respectivement pour 4 personnes et par changement.<\/p>\n<p>* Les vacanciers devront s\u2019occuper du rangement et m\u00e9nage de leur logement; si cela n\u2019est pas effectu\u00e9, la direction d\u00e9duira les forfaits suivants du montant initial de la caution: 15\u20ac pour les studios et caravanes, 20\u20ac pour les appartements 2 pi\u00e8ces, 25\u20ac pour les 3 pi\u00e8ces, 30\u20ac pour les 4 pi\u00e8ces.<\/p>\n<p>* Le m\u00e9nage peut \u00eatre effectu\u00e9 sur demande au tarif de 2\u20ac\/jour\/pers. Ce service comprend le rangement et nettoyage du logement, coin cuisine inclus.<\/p>\n<p>* Les tarifs comprennent la perte de la consommation d&#8217;\u00e9lectricit\u00e9, d&#8217;eau, gaz, de la TVA et de la taxe de s\u00e9jour.<\/p>\n<p>*<span class=\"Y2IQFc\" lang=\"fr\">Pendant la p\u00e9riode d&#8217;ouverture du lido, le service de plage est gratuit (parasol et deux transats par logement, <\/span>double pour l&#8217;appartement de quatre pi\u00e8ces), <span class=\"Y2IQFc\" lang=\"fr\">pour les s\u00e9jours d&#8217;au moins une semaine. <\/span><span class=\"Y2IQFc\" lang=\"fr\">Les places sur la plage sont attribu\u00e9es par la direction, en fonction des disponibilit\u00e9s. Pour les s\u00e9jours de moins d&#8217;une semaine, service de plage payant.<\/span><\/p>\n<p>* Parking de la premi\u00e8re voiture inclus; pour chaque voiture plus 25,00 \u20ac par semaine.<\/p>\n<p>* Climatisation, si n\u00e9cessaire, 30,00 \u20ac par semaine (dans les h\u00e9bergements B1, C1, C4, C6, H1, L1, N1, N2, N4 e N5).<\/p>\n<p>* Animaux accept\u00e9s. Co\u00fbt hebdomadaire de 30,00 \u20ac par chien, 20,00 \u20ac par chat. Y compris le co\u00fbt de l&#8217;assainissement du logement.<\/p>\n<p>* Caution: 100,00 \u20ac \u00e0 restituer en fin de s\u00e9jour apr\u00e8s restitution et \u00e9tat des lieux du logement.<\/p>\n<h2>RESTAURATION<\/h2>\n<p>Il est possible de profiter de la restauration, sur demande, de l&#8217;une des mani\u00e8res suivantes:<\/p>\n<ol>\n<li>d\u00e9jeuner au bar de la plage ;<\/li>\n<li>r\u00e9server des plats \u00e0 emporter ou une box lunch au restaurant ;<\/li>\n<li><strong>accord avec notre restaurant (pour une dur\u00e9e minimum de 6 jours cons\u00e9cutifs).<\/strong><\/li>\n<\/ol>\n<p>Prix par personne (possibilit\u00e9 de choisir une ou plusieurs formules):<br \/>\n\u2013 Petit-d\u00e9jeuner italien 4,50\u20ac;<br \/>\n\u2013 d\u00e9jeuner 18\u20ac;<br \/>\n\u2013 diner 14\u20ac;<br \/>\n\u2013 enfants de 0 \u00e0 3 ans: gratuits si ils consomment les repas des parents;<br \/>\n\u2013 enfants de 3 \u00e0 8 ans: r\u00e9duction de 30% &#8211; menu enfant;<br \/>\n\u2013 enfants de 8 \u00e0 12 ans: r\u00e9duction de 20%;<br \/>\nLes d\u00e9jeuners et diners comprennent 2 plats (\u00abprimo\u00bb et \u00abseconds\u00bb), un accompagnement, un fruit ou un dessert, l\u2019eau, le vin et le caf\u00e9 et d\u00e9butent par un d\u00e9jeuner ou un diner le jour de l\u2019arriv\u00e9e et finissent par un petit-d\u00e9jeuner le jour du d\u00e9part.<\/p>\n<p><strong> La demi-pension et la pension compl\u00e8te<\/strong> comprennent:<\/p>\n<p>Petit-d\u00e9jeuner italien, le d\u00e9jeuner ou le diner, avec choix de plats du jour. Les plats peuvent \u00eatre servis \u00e0 table ou pr\u00e9sent\u00e9s en buffet; le vin, l\u2019eau et le caf\u00e9 sont inclus. Il est propos\u00e9 aux enfants des menus qui leur sont d\u00e9di\u00e9s. Les boissons et consommations extra se payent quotidiennement au bar. Il est possible de remplacer le d\u00e9jeuner par une box-lunch \u00e0 consommer \u00e0 la plage ou en sorties.<\/p>\n<p>La formule h\u00f4teli\u00e8re, d&#8217;une dur\u00e9e d&#8217;une semaine, comprend le rangement et le m\u00e9nage bi-hebdomadaire du logement, le changement bi-hebdomadaire du linge de lit et du linge de toilette. Si vous optez pour la formule demi-pension, le m\u00e9nage du logement et la fourniture du linge de toilette ne sont pas fournis.<\/p>\n<p>Le personnel en charge effectue le rangement et m\u00e9nage des logements de 10h et 12h ou de 16h et 18h.<\/p>\n","protected":false},"excerpt":{"rendered":"<p>Le camping \u201cLa Bussola\u201d est situ\u00e9 sur la c\u00f4te sud de Manfredonia. Il se trouve directement sur la mer (pas de route \u00e0 traverser), \u00e0 environ 10km du centre-ville. Le terrain sur lequel il est situ\u00e9 est plat, donc adapt\u00e9<\/p>\n","protected":false},"author":3,"featured_media":34,"parent":0,"menu_order":0,"comment_status":"closed","ping_status":"closed","template":"","meta":{"footnotes":""},"class_list":["post-201","page","type-page","status-publish","has-post-thumbnail","hentry"],"_links":{"self":[{"href":"https:\/\/www.la-bussola.it\/fr\/wp-json\/wp\/v2\/pages\/201","targetHints":{"allow":["GET"]}}],"collection":[{"href":"https:\/\/www.la-bussola.it\/fr\/wp-json\/wp\/v2\/pages"}],"about":[{"href":"https:\/\/www.la-bussola.it\/fr\/wp-json\/wp\/v2\/types\/page"}],"author":[{"embeddable":true,"href":"https:\/\/www.la-bussola.it\/fr\/wp-json\/wp\/v2\/users\/3"}],"replies":[{"embeddable":true,"href":"https:\/\/www.la-bussola.it\/fr\/wp-json\/wp\/v2\/comments?post=201"}],"version-history":[{"count":0,"href":"https:\/\/www.la-bussola.it\/fr\/wp-json\/wp\/v2\/pages\/201\/revisions"}],"wp:featuredmedia":[{"embeddable":true,"href":"https:\/\/www.la-bussola.it\/fr\/wp-json\/wp\/v2\/media\/34"}],"wp:attachment":[{"href":"https:\/\/www.la-bussola.it\/fr\/wp-json\/wp\/v2\/media?parent=201"}],"curies":[{"name":"wp","href":"https:\/\/api.w.org\/{rel}","templated":true}]}}