{"id":204,"date":"2016-05-06T07:46:38","date_gmt":"2016-05-06T07:46:38","guid":{"rendered":"http:\/\/www.la-bussola.it\/?page_id=204"},"modified":"2025-01-15T16:16:25","modified_gmt":"2025-01-15T16:16:25","slug":"camping","status":"publish","type":"page","link":"https:\/\/www.la-bussola.it\/fr\/camping\/","title":{"rendered":"Camping"},"content":{"rendered":"<p>Au Camping la Bussola les vacanciers auront le plaisir de b\u00e9n\u00e9ficier d\u2019emplacements ombrag\u00e9s et \u00e0 proximit\u00e9 de la plage et des sanitaires qui distribuent de l\u2019eau chaude gratuitement. Les prises de branchements \u00e9lectriques sont centralis\u00e9es.<\/p>\n<p><strong>Tarifs de longue dur\u00e9e pour caravanes et camping-car \u00e0 prix r\u00e9duits en basse saison.<\/strong><\/p>\n<p><strong> Formule 2 personnes + un animal + une caravane ou un camping-car avec voiture (eau chaude comprise) du 1\/11 au 31\/03.<br \/>\n<\/strong><\/p>\n<p>&nbsp;<\/p>\n<h2 style=\"text-align: center;\">TARIFS JOURNALIERS POUR LES CAMPEURS<\/h2>\n<table class=\"tbl\" border=\"0\" width=\"100%\" cellspacing=\"1\" cellpadding=\"0\">\n<tbody>\n<tr>\n<td class=\"title\" align=\"center\" bgcolor=\"#087dc2\" width=\"7%\">PERIODE<\/td>\n<td class=\"title\" align=\"center\" bgcolor=\"#087dc2\" width=\"7%\">A<\/td>\n<td class=\"title\" align=\"center\" bgcolor=\"#087dc2\" width=\"7%\">B<\/td>\n<td class=\"title\" align=\"center\" bgcolor=\"#087dc2\" width=\"7%\">C<\/td>\n<td class=\"title\" align=\"center\" bgcolor=\"#087dc2\" width=\"7%\">D<\/td>\n<td class=\"title\" align=\"center\" bgcolor=\"#087dc2\" width=\"7%\">E<\/td>\n<\/tr>\n<tr>\n<td valign=\"middle\" bgcolor=\"#eaeaea\" height=\"30\">Tarif Camping-car *<\/td>\n<td align=\"center\" valign=\"middle\" bgcolor=\"#F5F5F5\" height=\"30\">16,00<\/td>\n<td align=\"center\" valign=\"middle\" bgcolor=\"#F5F5F5\" height=\"30\">20,00<\/td>\n<td align=\"center\" valign=\"middle\" bgcolor=\"#F5F5F5\" height=\"30\">22,00<\/td>\n<td align=\"center\" valign=\"middle\" bgcolor=\"#F5F5F5\" height=\"30\">27,00<\/td>\n<td align=\"center\" valign=\"middle\" bgcolor=\"#F5F5F5\" height=\"30\">35,00<\/td>\n<\/tr>\n<tr>\n<td valign=\"middle\" bgcolor=\"#eaeaea\" height=\"30\">Adulte suppl\u00e9mentaire<\/td>\n<td align=\"center\" valign=\"middle\" bgcolor=\"#F5F5F5\" height=\"30\">3,00<\/td>\n<td align=\"center\" valign=\"middle\" bgcolor=\"#F5F5F5\" height=\"30\">3,00<\/td>\n<td align=\"center\" valign=\"middle\" bgcolor=\"#F5F5F5\" height=\"30\">4,00<\/td>\n<td align=\"center\" valign=\"middle\" bgcolor=\"#F5F5F5\" height=\"30\">5,00<\/td>\n<td align=\"center\" valign=\"middle\" bgcolor=\"#F5F5F5\" height=\"30\">6,00<\/td>\n<\/tr>\n<tr>\n<td valign=\"middle\" bgcolor=\"#eaeaea\" height=\"30\">Enfant suppl\u00e9mentaire<\/td>\n<td align=\"center\" valign=\"middle\" bgcolor=\"#F5F5F5\" height=\"30\">Gratuit<\/td>\n<td align=\"center\" valign=\"middle\" bgcolor=\"#F5F5F5\" height=\"30\">3,00<\/td>\n<td align=\"center\" valign=\"middle\" bgcolor=\"#F5F5F5\" height=\"30\">3,00<\/td>\n<td align=\"center\" valign=\"middle\" bgcolor=\"#F5F5F5\" height=\"30\">4,00<\/td>\n<td align=\"center\" valign=\"middle\" bgcolor=\"#F5F5F5\" height=\"30\">5,00<\/td>\n<\/tr>\n<tr>\n<td valign=\"middle\" bgcolor=\"#eaeaea\" height=\"30\">Remorque<\/td>\n<td align=\"center\" valign=\"middle\" bgcolor=\"#F5F5F5\" height=\"30\">2,00<\/td>\n<td align=\"center\" valign=\"middle\" bgcolor=\"#F5F5F5\" height=\"30\">2,00<\/td>\n<td align=\"center\" valign=\"middle\" bgcolor=\"#F5F5F5\" height=\"30\">3,00<\/td>\n<td align=\"center\" valign=\"middle\" bgcolor=\"#F5F5F5\" height=\"30\">3,00<\/td>\n<td align=\"center\" valign=\"middle\" bgcolor=\"#F5F5F5\" height=\"30\">4,00<\/td>\n<\/tr>\n<tr>\n<td valign=\"middle\" bgcolor=\"#eaeaea\" height=\"30\">Igloo \u00e0 c\u00f4t\u00e9 du camping-car<\/td>\n<td align=\"center\" valign=\"middle\" bgcolor=\"#F5F5F5\" height=\"30\">3,00<\/td>\n<td align=\"center\" valign=\"middle\" bgcolor=\"#F5F5F5\" height=\"30\">4,00<\/td>\n<td align=\"center\" valign=\"middle\" bgcolor=\"#F5F5F5\" height=\"30\">5,00<\/td>\n<td align=\"center\" valign=\"middle\" bgcolor=\"#F5F5F5\" height=\"30\">6,00<\/td>\n<td align=\"center\" valign=\"middle\" bgcolor=\"#F5F5F5\" height=\"30\">7,00<\/td>\n<\/tr>\n<tr>\n<td valign=\"middle\" bgcolor=\"#eaeaea\" height=\"30\">Electricit\u00e9 6A<\/td>\n<td align=\"center\" valign=\"middle\" bgcolor=\"#F5F5F5\" height=\"30\">5,00<\/td>\n<td align=\"center\" valign=\"middle\" bgcolor=\"#F5F5F5\" height=\"30\">5,00<\/td>\n<td align=\"center\" valign=\"middle\" bgcolor=\"#F5F5F5\" height=\"30\">5,00<\/td>\n<td align=\"center\" valign=\"middle\" bgcolor=\"#F5F5F5\" height=\"30\">5,00<\/td>\n<td align=\"center\" valign=\"middle\" bgcolor=\"#F5F5F5\" height=\"30\">5,00<\/td>\n<\/tr>\n<tr>\n<td valign=\"middle\" bgcolor=\"#eaeaea\" height=\"30\">Chien<\/td>\n<td align=\"center\" valign=\"middle\" bgcolor=\"#F5F5F5\" height=\"30\">Gratuit<\/td>\n<td align=\"center\" valign=\"middle\" bgcolor=\"#F5F5F5\" height=\"30\">Gratuit<\/td>\n<td align=\"center\" valign=\"middle\" bgcolor=\"#F5F5F5\" height=\"30\">Gratuit<\/td>\n<td align=\"center\" valign=\"middle\" bgcolor=\"#F5F5F5\" height=\"30\">4,00<\/td>\n<td align=\"center\" valign=\"middle\" bgcolor=\"#F5F5F5\" height=\"30\">4,00<\/td>\n<\/tr>\n<tr>\n<td valign=\"middle\" bgcolor=\"#eaeaea\" height=\"30\">Journalier**<\/td>\n<td align=\"center\" valign=\"middle\" bgcolor=\"#F5F5F5\" height=\"30\">13,00<\/td>\n<td align=\"center\" valign=\"middle\" bgcolor=\"#F5F5F5\" height=\"30\">16,00<\/td>\n<td align=\"center\" valign=\"middle\" bgcolor=\"#F5F5F5\" height=\"30\">18,00<\/td>\n<td align=\"center\" valign=\"middle\" bgcolor=\"#F5F5F5\" height=\"30\">20,00<\/td>\n<td align=\"center\" valign=\"middle\" bgcolor=\"#F5F5F5\" height=\"30\">24,00<\/td>\n<\/tr>\n<tr>\n<td valign=\"middle\" bgcolor=\"#eaeaea\" height=\"30\">Camper stop***<\/td>\n<td align=\"center\" valign=\"middle\" bgcolor=\"#F5F5F5\" height=\"30\">15,00<\/td>\n<td align=\"center\" valign=\"middle\" bgcolor=\"#F5F5F5\" height=\"30\">15,00<\/td>\n<td align=\"center\" valign=\"middle\" bgcolor=\"#F5F5F5\" height=\"30\">15,00<\/td>\n<td align=\"center\" valign=\"middle\" bgcolor=\"#F5F5F5\" height=\"30\">15,00<\/td>\n<td align=\"center\" valign=\"middle\" bgcolor=\"#F5F5F5\" height=\"30\">15,00<\/td>\n<\/tr>\n<tr>\n<td valign=\"middle\" bgcolor=\"#eaeaea\" height=\"30\">Formule weekend (samedi et dimanche)****<\/td>\n<td align=\"center\" valign=\"middle\" bgcolor=\"#F5F5F5\" height=\"30\">28,00<\/td>\n<td align=\"center\" valign=\"middle\" bgcolor=\"#F5F5F5\" height=\"30\">34,00<\/td>\n<td align=\"center\" valign=\"middle\" bgcolor=\"#F5F5F5\" height=\"30\">38,00<\/td>\n<td align=\"center\" valign=\"middle\" bgcolor=\"#F5F5F5\" height=\"30\">44,00<\/td>\n<td align=\"center\" valign=\"middle\" bgcolor=\"#F5F5F5\" height=\"30\">52,00<\/td>\n<\/tr>\n<tr>\n<td valign=\"middle\" bgcolor=\"#eaeaea\" height=\"30\">Vidange Camping-car sans arr\u00eat<\/td>\n<td align=\"center\" valign=\"middle\" bgcolor=\"#F5F5F5\" height=\"30\">5,00<\/td>\n<td align=\"center\" valign=\"middle\" bgcolor=\"#F5F5F5\" height=\"30\">5,00<\/td>\n<td align=\"center\" valign=\"middle\" bgcolor=\"#F5F5F5\" height=\"30\">5,00<\/td>\n<td align=\"center\" valign=\"middle\" bgcolor=\"#F5F5F5\" height=\"30\">5,00<\/td>\n<td align=\"center\" valign=\"middle\" bgcolor=\"#F5F5F5\" height=\"30\">5,00<\/td>\n<\/tr>\n<\/tbody>\n<\/table>\n<p><strong>CAMPING P\u00c9RIODES SAISONNI\u00c8RES:<\/strong><\/p>\n<p><strong>A)<\/strong> 1.04 &#8211; 30.04<\/p>\n<p><strong>B)<\/strong> 1.05 &#8211; 16.05<\/p>\n<p><strong>C)<\/strong> 17.05 &#8211; 30.05 | 1.10 &#8211; 31.10<\/p>\n<p><strong>D)<\/strong> 1.07 &#8211; 31.07 | 1.09 &#8211; 30.09<\/p>\n<p><strong>E)<\/strong> 1.08 &#8211; 31.08<\/p>\n<p><strong>C)<\/strong> (P\u00e2ques) 18.04 &#8211; 23.04<\/p>\n<p>* Le \u201ctarif Camping-car\u201d comprend l\u2019emplacement pour l\u2019arr\u00eat du camping-car pour 24h avec \u00e0 bord 2 adultes et un enfant (3\/8 ans), l\u2019eau chaude pour toutes les installations, l\u2019aire de vidange des eaux us\u00e9es, la plage priv\u00e9e pour les s\u00e9jours de plus de 3 jours (un parasol + 2 transats).<br \/>\n** Le tarif \u201cJournalier\u201d pr\u00e9voit l\u2019arr\u00eat du camping-car de 7h \u00e0 21h et comprend l\u2019emplacement pour un camping-car avec 4 personnes \u00e0 bord, l\u2019\u00e9lectricit\u00e9 et l\u2019aire de vidange pour les eaux us\u00e9es.<br \/>\n*** Du 01 Octobre au 29 Avril (basse saison), est en place la formule \u201cCamper stop\u201d qui comprend un Camping-car ou un v\u00e9hicule + une caravane avec \u00e0 bord 2 personnes et un animal, l\u2019\u00e9lectricit\u00e9 6A.<br \/>\n**** La \u201cFormule weekend\u201d pr\u00e9voit l\u2019arr\u00eat du camping-car du vendredi apr\u00e8s-midi au dimanche soir, 4 personnes, vidange des eaux us\u00e9es.<\/p>\n<h2>TARIF JOURNALIER CARAVANE\/TENTE<\/h2>\n<table class=\"tbl\" border=\"0\" width=\"100%\" cellspacing=\"1\" cellpadding=\"0\">\n<tbody>\n<tr>\n<td class=\"title\" align=\"center\" bgcolor=\"#087dc2\" width=\"7%\"><\/td>\n<td class=\"title\" align=\"center\" bgcolor=\"#087dc2\" width=\"7%\">A<\/td>\n<td class=\"title\" align=\"center\" bgcolor=\"#087dc2\" width=\"7%\">B<\/td>\n<td class=\"title\" align=\"center\" bgcolor=\"#087dc2\" width=\"7%\">C<\/td>\n<td class=\"title\" align=\"center\" bgcolor=\"#087dc2\" width=\"7%\">D<\/td>\n<td class=\"title\" align=\"center\" bgcolor=\"#087dc2\" width=\"7%\">E<\/td>\n<\/tr>\n<tr>\n<td valign=\"middle\" bgcolor=\"#eaeaea\" height=\"30\">Adulte<\/td>\n<td align=\"center\" valign=\"middle\" bgcolor=\"#F5F5F5\" height=\"30\">3,00<\/td>\n<td align=\"center\" valign=\"middle\" bgcolor=\"#F5F5F5\" height=\"30\">4,00<\/td>\n<td align=\"center\" valign=\"middle\" bgcolor=\"#F5F5F5\" height=\"30\">5,00<\/td>\n<td align=\"center\" valign=\"middle\" bgcolor=\"#F5F5F5\" height=\"30\">6,00<\/td>\n<td align=\"center\" valign=\"middle\" bgcolor=\"#F5F5F5\" height=\"30\">8,00<\/td>\n<\/tr>\n<tr>\n<td valign=\"middle\" bgcolor=\"#eaeaea\" height=\"30\">Enfant de 3 \u00e0 8 ans<\/td>\n<td align=\"center\" valign=\"middle\" bgcolor=\"#F5F5F5\" height=\"30\">2,00<\/td>\n<td align=\"center\" valign=\"middle\" bgcolor=\"#F5F5F5\" height=\"30\">3,00<\/td>\n<td align=\"center\" valign=\"middle\" bgcolor=\"#F5F5F5\" height=\"30\">4,00<\/td>\n<td align=\"center\" valign=\"middle\" bgcolor=\"#F5F5F5\" height=\"30\">5,00<\/td>\n<td align=\"center\" valign=\"middle\" bgcolor=\"#F5F5F5\" height=\"30\">6,00<\/td>\n<\/tr>\n<tr>\n<td valign=\"middle\" bgcolor=\"#eaeaea\" height=\"30\">Tente igloo 2 personnes<\/td>\n<td align=\"center\" valign=\"middle\" bgcolor=\"#F5F5F5\" height=\"30\">2,00<\/td>\n<td align=\"center\" valign=\"middle\" bgcolor=\"#F5F5F5\" height=\"30\">3,00<\/td>\n<td align=\"center\" valign=\"middle\" bgcolor=\"#F5F5F5\" height=\"30\">4,00<\/td>\n<td align=\"center\" valign=\"middle\" bgcolor=\"#F5F5F5\" height=\"30\">5,00<\/td>\n<td align=\"center\" valign=\"middle\" bgcolor=\"#F5F5F5\" height=\"30\">6,00<\/td>\n<\/tr>\n<tr>\n<td valign=\"middle\" bgcolor=\"#eaeaea\" height=\"30\">Tente &gt; 2 pers. \/Tente bungalow<\/td>\n<td align=\"center\" valign=\"middle\" bgcolor=\"#F5F5F5\" height=\"30\">3,00<\/td>\n<td align=\"center\" valign=\"middle\" bgcolor=\"#F5F5F5\" height=\"30\">4,00<\/td>\n<td align=\"center\" valign=\"middle\" bgcolor=\"#F5F5F5\" height=\"30\">5,00<\/td>\n<td align=\"center\" valign=\"middle\" bgcolor=\"#F5F5F5\" height=\"30\">6,00<\/td>\n<td align=\"center\" valign=\"middle\" bgcolor=\"#F5F5F5\" height=\"30\">7,00<\/td>\n<\/tr>\n<tr>\n<td valign=\"middle\" bgcolor=\"#eaeaea\" height=\"30\">Caravane<\/td>\n<td align=\"center\" valign=\"middle\" bgcolor=\"#F5F5F5\" height=\"30\">5,00<\/td>\n<td align=\"center\" valign=\"middle\" bgcolor=\"#F5F5F5\" height=\"30\">6,00<\/td>\n<td align=\"center\" valign=\"middle\" bgcolor=\"#F5F5F5\" height=\"30\">7,00<\/td>\n<td align=\"center\" valign=\"middle\" bgcolor=\"#F5F5F5\" height=\"30\">8,00<\/td>\n<td align=\"center\" valign=\"middle\" bgcolor=\"#F5F5F5\" height=\"30\">9,00<\/td>\n<\/tr>\n<tr>\n<td valign=\"middle\" bgcolor=\"#eaeaea\" height=\"30\">Voiture<\/td>\n<td align=\"center\" valign=\"middle\" bgcolor=\"#F5F5F5\" height=\"30\">2,00<\/td>\n<td align=\"center\" valign=\"middle\" bgcolor=\"#F5F5F5\" height=\"30\">3,00<\/td>\n<td align=\"center\" valign=\"middle\" bgcolor=\"#F5F5F5\" height=\"30\">3,00<\/td>\n<td align=\"center\" valign=\"middle\" bgcolor=\"#F5F5F5\" height=\"30\">3,00<\/td>\n<td align=\"center\" valign=\"middle\" bgcolor=\"#F5F5F5\" height=\"30\">4,00<\/td>\n<\/tr>\n<tr>\n<td valign=\"middle\" bgcolor=\"#eaeaea\" height=\"30\">Moto<\/td>\n<td align=\"center\" valign=\"middle\" bgcolor=\"#F5F5F5\" height=\"30\">1,00<\/td>\n<td align=\"center\" valign=\"middle\" bgcolor=\"#F5F5F5\" height=\"30\">2,00<\/td>\n<td align=\"center\" valign=\"middle\" bgcolor=\"#F5F5F5\" height=\"30\">2,00<\/td>\n<td align=\"center\" valign=\"middle\" bgcolor=\"#F5F5F5\" height=\"30\">3,00<\/td>\n<td align=\"center\" valign=\"middle\" bgcolor=\"#F5F5F5\" height=\"30\">3,00<\/td>\n<\/tr>\n<tr>\n<td valign=\"middle\" bgcolor=\"#eaeaea\" height=\"30\">Remorque<\/td>\n<td align=\"center\" valign=\"middle\" bgcolor=\"#F5F5F5\" height=\"30\">2,00<\/td>\n<td align=\"center\" valign=\"middle\" bgcolor=\"#F5F5F5\" height=\"30\">2,00<\/td>\n<td align=\"center\" valign=\"middle\" bgcolor=\"#F5F5F5\" height=\"30\">3,00<\/td>\n<td align=\"center\" valign=\"middle\" bgcolor=\"#F5F5F5\" height=\"30\">3,00<\/td>\n<td align=\"center\" valign=\"middle\" bgcolor=\"#F5F5F5\" height=\"30\">4,00<\/td>\n<\/tr>\n<tr>\n<td valign=\"middle\" bgcolor=\"#eaeaea\" height=\"30\">Electricit\u00e9 caravane<\/td>\n<td align=\"center\" valign=\"middle\" bgcolor=\"#F5F5F5\" height=\"30\">5,00<\/td>\n<td align=\"center\" valign=\"middle\" bgcolor=\"#F5F5F5\" height=\"30\">5,00<\/td>\n<td align=\"center\" valign=\"middle\" bgcolor=\"#F5F5F5\" height=\"30\">5,00<\/td>\n<td align=\"center\" valign=\"middle\" bgcolor=\"#F5F5F5\" height=\"30\">5,00<\/td>\n<td align=\"center\" valign=\"middle\" bgcolor=\"#F5F5F5\" height=\"30\">5,00<\/td>\n<\/tr>\n<tr>\n<td valign=\"middle\" bgcolor=\"#eaeaea\" height=\"30\">Electricit\u00e9 tente\/remorque<\/td>\n<td align=\"center\" valign=\"middle\" bgcolor=\"#F5F5F5\" height=\"30\">3,00<\/td>\n<td align=\"center\" valign=\"middle\" bgcolor=\"#F5F5F5\" height=\"30\">3,00<\/td>\n<td align=\"center\" valign=\"middle\" bgcolor=\"#F5F5F5\" height=\"30\">3,00<\/td>\n<td align=\"center\" valign=\"middle\" bgcolor=\"#F5F5F5\" height=\"30\">3,00<\/td>\n<td align=\"center\" valign=\"middle\" bgcolor=\"#F5F5F5\" height=\"30\">3,00<\/td>\n<\/tr>\n<tr>\n<td valign=\"middle\" bgcolor=\"#eaeaea\" height=\"30\">Chien<\/td>\n<td align=\"center\" valign=\"middle\" bgcolor=\"#F5F5F5\" height=\"30\">gratis<\/td>\n<td align=\"center\" valign=\"middle\" bgcolor=\"#F5F5F5\" height=\"30\">gratis<\/td>\n<td align=\"center\" valign=\"middle\" bgcolor=\"#F5F5F5\" height=\"30\">gratis<\/td>\n<td align=\"center\" valign=\"middle\" bgcolor=\"#F5F5F5\" height=\"30\">4,00<\/td>\n<td align=\"center\" valign=\"middle\" bgcolor=\"#F5F5F5\" height=\"30\">4,00<\/td>\n<\/tr>\n<\/tbody>\n<\/table>\n<p>\u2013 Plage priv\u00e9e gratuite (un parasol + 2 transats) pour les s\u00e9jours de plus de 3 jours.<br \/>\n\u2013 Les emplacements sont ombrag\u00e9s gr\u00e2ce \u00e0 la pr\u00e9sence de grands arbres et sont dot\u00e9s de branchements centralis\u00e9s de 6A pour le raccordement \u00e9lectrique.<br \/>\n\u2013 Le camping dispose de 2 sanitaires r\u00e9cemment r\u00e9nov\u00e9s qui distribuent gratuitement de l\u2019eau chaude produite par des panneaux solaires et r\u00e9servoirs de stockage.<br \/>\n\u2013 R\u00e9duction de 5% pour les s\u00e9jours de plus de 6 jours.<br \/>\n\u2013 Afin de pouvoir b\u00e9n\u00e9ficier des emplacement les plus ombrag\u00e9s et les plus proches de la mer, il est possible de les r\u00e9server en payant le solde d\u2019avance et en obtenant ainsi la r\u00e9duction de 10% sur le montant total du s\u00e9jour \u2013 offre cumulable avec la r\u00e9duction de 5% pour les s\u00e9jours de plus de 6 jours.<br \/>\n\u2013 Le temps de s\u00e9jour dure 24h \u00e0 partir de l\u2019heure d\u2019arriv\u00e9e.<br \/>\n\u2013 Location frigo: 4\u20ac\/jour.<\/p>\n","protected":false},"excerpt":{"rendered":"<p>Au Camping la Bussola les vacanciers auront le plaisir de b\u00e9n\u00e9ficier d\u2019emplacements ombrag\u00e9s et \u00e0 proximit\u00e9 de la plage et des sanitaires qui distribuent de l\u2019eau chaude gratuitement. Les prises de branchements \u00e9lectriques sont centralis\u00e9es. Tarifs de longue dur\u00e9e pour<\/p>\n","protected":false},"author":3,"featured_media":35,"parent":0,"menu_order":0,"comment_status":"closed","ping_status":"closed","template":"","meta":{"footnotes":""},"class_list":["post-204","page","type-page","status-publish","has-post-thumbnail","hentry"],"_links":{"self":[{"href":"https:\/\/www.la-bussola.it\/fr\/wp-json\/wp\/v2\/pages\/204","targetHints":{"allow":["GET"]}}],"collection":[{"href":"https:\/\/www.la-bussola.it\/fr\/wp-json\/wp\/v2\/pages"}],"about":[{"href":"https:\/\/www.la-bussola.it\/fr\/wp-json\/wp\/v2\/types\/page"}],"author":[{"embeddable":true,"href":"https:\/\/www.la-bussola.it\/fr\/wp-json\/wp\/v2\/users\/3"}],"replies":[{"embeddable":true,"href":"https:\/\/www.la-bussola.it\/fr\/wp-json\/wp\/v2\/comments?post=204"}],"version-history":[{"count":0,"href":"https:\/\/www.la-bussola.it\/fr\/wp-json\/wp\/v2\/pages\/204\/revisions"}],"wp:featuredmedia":[{"embeddable":true,"href":"https:\/\/www.la-bussola.it\/fr\/wp-json\/wp\/v2\/media\/35"}],"wp:attachment":[{"href":"https:\/\/www.la-bussola.it\/fr\/wp-json\/wp\/v2\/media?parent=204"}],"curies":[{"name":"wp","href":"https:\/\/api.w.org\/{rel}","templated":true}]}}