{"id":206,"date":"2016-05-06T08:09:46","date_gmt":"2016-05-06T08:09:46","guid":{"rendered":"http:\/\/www.la-bussola.it\/?page_id=206"},"modified":"2022-03-20T09:28:01","modified_gmt":"2022-03-20T09:28:01","slug":"ristorant","status":"publish","type":"page","link":"https:\/\/www.la-bussola.it\/fr\/ristorant\/","title":{"rendered":"Ristorant"},"content":{"rendered":"<p style=\"text-align: justify;\">Visiter la r\u00e9gion des Pouilles c\u2019est d\u00e9couvrir de merveilleux paysages et panoramas mais c\u2019est aussi parcourir des itin\u00e9raires oeno-gastronomiques et d\u00e9guster des produits du terroir et de d\u00e9licieux plats r\u00e9gionaux servis dans l\u2019un des nombreux restaurants pr\u00e9sents sur le territoire.<br \/>\nParmi eux se trouve le restaurant \u00abLa Bussola\u00bb situ\u00e9 \u00e0 l\u2019int\u00e9rieur du camping et devenu une r\u00e9f\u00e9rence pour les amateurs de la cuisine locale.<\/p>\n<p style=\"text-align: justify;\"> Les repas sont servis au sein du complexe appel\u00e9 \u201cSciale\u201d, ancienne construction agricole de la ville de Siponto datant du d\u00e9but du IX si\u00e8cle, compos\u00e9e de vo\u00fbtes d\u2019ar\u00eates en roches du Monte Sant\u2019Angelo et enti\u00e8rement r\u00e9nov\u00e9e.<\/p>\n<p style=\"text-align: justify;\"> La fiert\u00e9 de notre cuisine sont nos fruits de mer crus, nos entr\u00e9es de fruits de mers et de poissons cuits, nos p\u00e2tes fraiches faites \u00e0 la main et pr\u00e9par\u00e9es avec passion et savoir-faire comme le veut la tradition locale, nos poissons et viandes et nos desserts faits maison. Nous servons \u00e9galement de d\u00e9licieuses pizzas et du pain frais, cuits dans le four \u00e0 bois du restaurant.<\/p>\n<div id='gallery-1' class='gallery galleryid-206 gallery-columns-6 gallery-size-medium'><dl class='gallery-item'>\n\t\t\t<dt class='gallery-icon landscape'>\n\t\t\t\t<a href='https:\/\/www.la-bussola.it\/wp-content\/uploads\/2015\/02\/ristorante1.jpg' rel=\"lightbox[206]\"><img loading=\"lazy\" decoding=\"async\" width=\"300\" height=\"206\" src=\"https:\/\/www.la-bussola.it\/wp-content\/uploads\/2015\/02\/ristorante1-300x206.jpg\" class=\"attachment-medium size-medium\" alt=\"\" srcset=\"https:\/\/www.la-bussola.it\/wp-content\/uploads\/2015\/02\/ristorante1-300x206.jpg 300w, https:\/\/www.la-bussola.it\/wp-content\/uploads\/2015\/02\/ristorante1.jpg 700w\" sizes=\"auto, (max-width: 300px) 100vw, 300px\" \/><\/a>\n\t\t\t<\/dt><\/dl><dl class='gallery-item'>\n\t\t\t<dt class='gallery-icon landscape'>\n\t\t\t\t<a href='https:\/\/www.la-bussola.it\/wp-content\/uploads\/2015\/02\/ristorante5.jpg' rel=\"lightbox[206]\"><img loading=\"lazy\" decoding=\"async\" width=\"300\" height=\"206\" src=\"https:\/\/www.la-bussola.it\/wp-content\/uploads\/2015\/02\/ristorante5-300x206.jpg\" class=\"attachment-medium size-medium\" alt=\"\" srcset=\"https:\/\/www.la-bussola.it\/wp-content\/uploads\/2015\/02\/ristorante5-300x206.jpg 300w, https:\/\/www.la-bussola.it\/wp-content\/uploads\/2015\/02\/ristorante5.jpg 700w\" sizes=\"auto, (max-width: 300px) 100vw, 300px\" \/><\/a>\n\t\t\t<\/dt><\/dl><dl class='gallery-item'>\n\t\t\t<dt class='gallery-icon landscape'>\n\t\t\t\t<a href='https:\/\/www.la-bussola.it\/wp-content\/uploads\/2015\/02\/ristorante2.jpg' rel=\"lightbox[206]\"><img loading=\"lazy\" decoding=\"async\" width=\"300\" height=\"206\" src=\"https:\/\/www.la-bussola.it\/wp-content\/uploads\/2015\/02\/ristorante2-300x206.jpg\" class=\"attachment-medium size-medium\" alt=\"\" srcset=\"https:\/\/www.la-bussola.it\/wp-content\/uploads\/2015\/02\/ristorante2-300x206.jpg 300w, https:\/\/www.la-bussola.it\/wp-content\/uploads\/2015\/02\/ristorante2.jpg 700w\" sizes=\"auto, (max-width: 300px) 100vw, 300px\" \/><\/a>\n\t\t\t<\/dt><\/dl><dl class='gallery-item'>\n\t\t\t<dt class='gallery-icon landscape'>\n\t\t\t\t<a href='https:\/\/www.la-bussola.it\/wp-content\/uploads\/2015\/02\/ristorante3.jpg' rel=\"lightbox[206]\"><img loading=\"lazy\" decoding=\"async\" width=\"300\" height=\"206\" src=\"https:\/\/www.la-bussola.it\/wp-content\/uploads\/2015\/02\/ristorante3-300x206.jpg\" class=\"attachment-medium size-medium\" alt=\"\" srcset=\"https:\/\/www.la-bussola.it\/wp-content\/uploads\/2015\/02\/ristorante3-300x206.jpg 300w, https:\/\/www.la-bussola.it\/wp-content\/uploads\/2015\/02\/ristorante3.jpg 700w\" sizes=\"auto, (max-width: 300px) 100vw, 300px\" \/><\/a>\n\t\t\t<\/dt><\/dl><dl class='gallery-item'>\n\t\t\t<dt class='gallery-icon landscape'>\n\t\t\t\t<a href='https:\/\/www.la-bussola.it\/wp-content\/uploads\/2015\/02\/ristorante4.jpg' rel=\"lightbox[206]\"><img loading=\"lazy\" decoding=\"async\" width=\"300\" height=\"206\" src=\"https:\/\/www.la-bussola.it\/wp-content\/uploads\/2015\/02\/ristorante4-300x206.jpg\" class=\"attachment-medium size-medium\" alt=\"\" srcset=\"https:\/\/www.la-bussola.it\/wp-content\/uploads\/2015\/02\/ristorante4-300x206.jpg 300w, https:\/\/www.la-bussola.it\/wp-content\/uploads\/2015\/02\/ristorante4.jpg 700w\" sizes=\"auto, (max-width: 300px) 100vw, 300px\" \/><\/a>\n\t\t\t<\/dt><\/dl><dl class='gallery-item'>\n\t\t\t<dt class='gallery-icon landscape'>\n\t\t\t\t<a href='https:\/\/www.la-bussola.it\/wp-content\/uploads\/2015\/02\/ristorante7.jpg' rel=\"lightbox[206]\"><img loading=\"lazy\" decoding=\"async\" width=\"300\" height=\"206\" src=\"https:\/\/www.la-bussola.it\/wp-content\/uploads\/2015\/02\/ristorante7-300x206.jpg\" class=\"attachment-medium size-medium\" alt=\"\" srcset=\"https:\/\/www.la-bussola.it\/wp-content\/uploads\/2015\/02\/ristorante7-300x206.jpg 300w, https:\/\/www.la-bussola.it\/wp-content\/uploads\/2015\/02\/ristorante7.jpg 700w\" sizes=\"auto, (max-width: 300px) 100vw, 300px\" \/><\/a>\n\t\t\t<\/dt><\/dl><br style=\"clear: both\" \/><dl class='gallery-item'>\n\t\t\t<dt class='gallery-icon landscape'>\n\t\t\t\t<a href='https:\/\/www.la-bussola.it\/wp-content\/uploads\/2015\/02\/ristorante9.jpg' rel=\"lightbox[206]\"><img loading=\"lazy\" decoding=\"async\" width=\"300\" height=\"206\" src=\"https:\/\/www.la-bussola.it\/wp-content\/uploads\/2015\/02\/ristorante9-300x206.jpg\" class=\"attachment-medium size-medium\" alt=\"\" srcset=\"https:\/\/www.la-bussola.it\/wp-content\/uploads\/2015\/02\/ristorante9-300x206.jpg 300w, https:\/\/www.la-bussola.it\/wp-content\/uploads\/2015\/02\/ristorante9.jpg 700w\" sizes=\"auto, (max-width: 300px) 100vw, 300px\" \/><\/a>\n\t\t\t<\/dt><\/dl><dl class='gallery-item'>\n\t\t\t<dt class='gallery-icon landscape'>\n\t\t\t\t<a href='https:\/\/www.la-bussola.it\/wp-content\/uploads\/2015\/02\/ristorante11.jpg' rel=\"lightbox[206]\"><img loading=\"lazy\" decoding=\"async\" width=\"300\" height=\"206\" src=\"https:\/\/www.la-bussola.it\/wp-content\/uploads\/2015\/02\/ristorante11-300x206.jpg\" class=\"attachment-medium size-medium\" alt=\"\" srcset=\"https:\/\/www.la-bussola.it\/wp-content\/uploads\/2015\/02\/ristorante11-300x206.jpg 300w, https:\/\/www.la-bussola.it\/wp-content\/uploads\/2015\/02\/ristorante11.jpg 700w\" sizes=\"auto, (max-width: 300px) 100vw, 300px\" \/><\/a>\n\t\t\t<\/dt><\/dl><dl class='gallery-item'>\n\t\t\t<dt class='gallery-icon landscape'>\n\t\t\t\t<a href='https:\/\/www.la-bussola.it\/wp-content\/uploads\/2015\/02\/ristorante8.jpg' rel=\"lightbox[206]\"><img loading=\"lazy\" decoding=\"async\" width=\"300\" height=\"206\" src=\"https:\/\/www.la-bussola.it\/wp-content\/uploads\/2015\/02\/ristorante8-300x206.jpg\" class=\"attachment-medium size-medium\" alt=\"\" srcset=\"https:\/\/www.la-bussola.it\/wp-content\/uploads\/2015\/02\/ristorante8-300x206.jpg 300w, https:\/\/www.la-bussola.it\/wp-content\/uploads\/2015\/02\/ristorante8.jpg 700w\" sizes=\"auto, (max-width: 300px) 100vw, 300px\" \/><\/a>\n\t\t\t<\/dt><\/dl><dl class='gallery-item'>\n\t\t\t<dt class='gallery-icon landscape'>\n\t\t\t\t<a href='https:\/\/www.la-bussola.it\/wp-content\/uploads\/2015\/02\/ristorante12.jpg' rel=\"lightbox[206]\"><img loading=\"lazy\" decoding=\"async\" width=\"300\" height=\"206\" src=\"https:\/\/www.la-bussola.it\/wp-content\/uploads\/2015\/02\/ristorante12-300x206.jpg\" class=\"attachment-medium size-medium\" alt=\"\" srcset=\"https:\/\/www.la-bussola.it\/wp-content\/uploads\/2015\/02\/ristorante12-300x206.jpg 300w, https:\/\/www.la-bussola.it\/wp-content\/uploads\/2015\/02\/ristorante12.jpg 700w\" sizes=\"auto, (max-width: 300px) 100vw, 300px\" \/><\/a>\n\t\t\t<\/dt><\/dl><dl class='gallery-item'>\n\t\t\t<dt class='gallery-icon landscape'>\n\t\t\t\t<a href='https:\/\/www.la-bussola.it\/wp-content\/uploads\/2015\/02\/ristorante10.jpg' rel=\"lightbox[206]\"><img loading=\"lazy\" decoding=\"async\" width=\"300\" height=\"206\" src=\"https:\/\/www.la-bussola.it\/wp-content\/uploads\/2015\/02\/ristorante10-300x206.jpg\" class=\"attachment-medium size-medium\" alt=\"\" srcset=\"https:\/\/www.la-bussola.it\/wp-content\/uploads\/2015\/02\/ristorante10-300x206.jpg 300w, https:\/\/www.la-bussola.it\/wp-content\/uploads\/2015\/02\/ristorante10.jpg 700w\" sizes=\"auto, (max-width: 300px) 100vw, 300px\" \/><\/a>\n\t\t\t<\/dt><\/dl>\n\t\t\t<br style='clear: both' \/>\n\t\t<\/div>\n\n","protected":false},"excerpt":{"rendered":"<p>Visiter la r\u00e9gion des Pouilles c\u2019est d\u00e9couvrir de merveilleux paysages et panoramas mais c\u2019est aussi parcourir des itin\u00e9raires oeno-gastronomiques et d\u00e9guster des produits du terroir et de d\u00e9licieux plats r\u00e9gionaux servis dans l\u2019un des nombreux restaurants pr\u00e9sents sur le territoire.<\/p>\n","protected":false},"author":3,"featured_media":0,"parent":0,"menu_order":0,"comment_status":"closed","ping_status":"closed","template":"","meta":{"footnotes":""},"class_list":["post-206","page","type-page","status-publish","hentry"],"_links":{"self":[{"href":"https:\/\/www.la-bussola.it\/fr\/wp-json\/wp\/v2\/pages\/206","targetHints":{"allow":["GET"]}}],"collection":[{"href":"https:\/\/www.la-bussola.it\/fr\/wp-json\/wp\/v2\/pages"}],"about":[{"href":"https:\/\/www.la-bussola.it\/fr\/wp-json\/wp\/v2\/types\/page"}],"author":[{"embeddable":true,"href":"https:\/\/www.la-bussola.it\/fr\/wp-json\/wp\/v2\/users\/3"}],"replies":[{"embeddable":true,"href":"https:\/\/www.la-bussola.it\/fr\/wp-json\/wp\/v2\/comments?post=206"}],"version-history":[{"count":0,"href":"https:\/\/www.la-bussola.it\/fr\/wp-json\/wp\/v2\/pages\/206\/revisions"}],"wp:attachment":[{"href":"https:\/\/www.la-bussola.it\/fr\/wp-json\/wp\/v2\/media?parent=206"}],"curies":[{"name":"wp","href":"https:\/\/api.w.org\/{rel}","templated":true}]}}