{"id":207,"date":"2016-05-06T16:37:39","date_gmt":"2016-05-06T16:37:39","guid":{"rendered":"http:\/\/www.la-bussola.it\/?page_id=207"},"modified":"2022-05-09T09:31:19","modified_gmt":"2022-05-09T09:31:19","slug":"plage","status":"publish","type":"page","link":"https:\/\/www.la-bussola.it\/fr\/plage\/","title":{"rendered":"Plage"},"content":{"rendered":"<h2>TARIF PLAGE AMENAGEE<\/h2>\n<p><strong>PERIODE: JUIN ET SEPTEMBRE<\/strong><\/p>\n<table class=\"tbl\" border=\"0\" width=\"100%\" cellspacing=\"1\" cellpadding=\"0\">\n<tbody>\n<tr>\n<td class=\"title\" align=\"center\" bgcolor=\"#087dc2\" width=\"31%\" height=\"30\"><\/td>\n<td class=\"title\" align=\"center\" bgcolor=\"#087dc2\" width=\"18%\" height=\"30\">Parasol<\/td>\n<td class=\"title\" align=\"center\" bgcolor=\"#087dc2\" width=\"18%\" height=\"30\">Chaise<\/td>\n<td class=\"title\" align=\"center\" bgcolor=\"#087dc2\" width=\"18%\" height=\"30\">Transat<\/td>\n<td class=\"title\" align=\"center\" bgcolor=\"#087dc2\" width=\"18%\" height=\"30\">Tris*<\/td>\n<\/tr>\n<tr>\n<td valign=\"middle\" bgcolor=\"#eaeaea\" height=\"30\">Du lundi au vendredi<\/td>\n<td align=\"center\" valign=\"middle\" bgcolor=\"#F5F5F5\" height=\"30\">4,00<\/td>\n<td align=\"center\" valign=\"middle\" bgcolor=\"#F5F5F5\" height=\"30\">3,00<\/td>\n<td align=\"center\" valign=\"middle\" bgcolor=\"#F5F5F5\" height=\"30\">3,50<\/td>\n<td align=\"center\" valign=\"middle\" bgcolor=\"#F5F5F5\" height=\"30\">10,00<\/td>\n<\/tr>\n<tr>\n<td valign=\"middle\" bgcolor=\"#eaeaea\" height=\"30\">Samedi, dimanche<br \/>\net jours f\u00e9ri\u00e9<\/td>\n<td align=\"center\" valign=\"middle\" bgcolor=\"#F5F5F5\" height=\"30\">5,00<\/td>\n<td align=\"center\" valign=\"middle\" bgcolor=\"#F5F5F5\" height=\"30\">3,50<\/td>\n<td align=\"center\" valign=\"middle\" bgcolor=\"#F5F5F5\" height=\"30\">4,00<\/td>\n<td align=\"center\" valign=\"middle\" bgcolor=\"#F5F5F5\" height=\"30\">11,00<\/td>\n<\/tr>\n<tr>\n<td valign=\"middle\" bgcolor=\"#eaeaea\" height=\"30\">1 Semaine<\/td>\n<td align=\"center\" valign=\"middle\" bgcolor=\"#F5F5F5\" height=\"30\">30,00<\/td>\n<td align=\"center\" valign=\"middle\" bgcolor=\"#F5F5F5\" height=\"30\">25,00<\/td>\n<td align=\"center\" valign=\"middle\" bgcolor=\"#F5F5F5\" height=\"30\">25,50<\/td>\n<td align=\"center\" valign=\"middle\" bgcolor=\"#F5F5F5\" height=\"30\">75,00<\/td>\n<\/tr>\n<tr>\n<td valign=\"middle\" bgcolor=\"#eaeaea\" height=\"30\">2 Semaines<\/td>\n<td align=\"center\" valign=\"middle\" bgcolor=\"#F5F5F5\" height=\"30\">55,00<\/td>\n<td align=\"center\" valign=\"middle\" bgcolor=\"#F5F5F5\" height=\"30\">45,00<\/td>\n<td align=\"center\" valign=\"middle\" bgcolor=\"#F5F5F5\" height=\"30\">50,00<\/td>\n<td align=\"center\" valign=\"middle\" bgcolor=\"#F5F5F5\" height=\"30\">135,00<\/td>\n<\/tr>\n<tr>\n<td valign=\"middle\" bgcolor=\"#eaeaea\" height=\"30\">3 Semaines<\/td>\n<td align=\"center\" valign=\"middle\" bgcolor=\"#F5F5F5\" height=\"30\">75,00<\/td>\n<td align=\"center\" valign=\"middle\" bgcolor=\"#F5F5F5\" height=\"30\">60,00<\/td>\n<td align=\"center\" valign=\"middle\" bgcolor=\"#F5F5F5\" height=\"30\">70,00<\/td>\n<td align=\"center\" valign=\"middle\" bgcolor=\"#F5F5F5\" height=\"30\">190,00<\/td>\n<\/tr>\n<tr>\n<td valign=\"middle\" bgcolor=\"#eaeaea\" height=\"30\">1 Mois<\/td>\n<td align=\"center\" valign=\"middle\" bgcolor=\"#F5F5F5\" height=\"30\">100,00<\/td>\n<td align=\"center\" valign=\"middle\" bgcolor=\"#F5F5F5\" height=\"30\">85,00<\/td>\n<td align=\"center\" valign=\"middle\" bgcolor=\"#F5F5F5\" height=\"30\">95,00<\/td>\n<td align=\"center\" valign=\"middle\" bgcolor=\"#F5F5F5\" height=\"30\">260,00<\/td>\n<\/tr>\n<\/tbody>\n<\/table>\n<p>* Tris = parasol + 2 transats (ou 2 chaises).<\/p>\n<p><strong>PERIODE: JUILLET ET AOUT<\/strong><\/p>\n<table class=\"tbl\" border=\"0\" width=\"100%\" cellspacing=\"1\" cellpadding=\"0\">\n<tbody>\n<tr>\n<td class=\"title\" align=\"center\" bgcolor=\"#087dc2\" width=\"31%\" height=\"30\"><\/td>\n<td class=\"title\" align=\"center\" bgcolor=\"#087dc2\" width=\"18%\" height=\"30\">Parasol<\/td>\n<td class=\"title\" align=\"center\" bgcolor=\"#087dc2\" width=\"18%\" height=\"30\">Chaise<\/td>\n<td class=\"title\" align=\"center\" bgcolor=\"#087dc2\" width=\"18%\" height=\"30\">Transat<\/td>\n<td class=\"title\" align=\"center\" bgcolor=\"#087dc2\" width=\"18%\" height=\"30\">Tris<\/td>\n<\/tr>\n<tr>\n<td valign=\"middle\" bgcolor=\"#eaeaea\" height=\"30\">Du lundi au vendredi<\/td>\n<td align=\"center\" valign=\"middle\" bgcolor=\"#F5F5F5\">5,00<\/td>\n<td align=\"center\" valign=\"middle\" bgcolor=\"#F5F5F5\">3,50<\/td>\n<td align=\"center\" valign=\"middle\" bgcolor=\"#F5F5F5\">4,00<\/td>\n<td align=\"center\" valign=\"middle\" bgcolor=\"#F5F5F5\">11,50<\/td>\n<\/tr>\n<tr>\n<td valign=\"middle\" bgcolor=\"#eaeaea\" height=\"30\">Samedi, dimanche<br \/>\net jour f\u00e9ri\u00e9<\/td>\n<td align=\"center\" valign=\"middle\" bgcolor=\"#F5F5F5\">5,50<\/td>\n<td align=\"center\" valign=\"middle\" bgcolor=\"#F5F5F5\">4,00<\/td>\n<td align=\"center\" valign=\"middle\" bgcolor=\"#F5F5F5\">4,50<\/td>\n<td align=\"center\" valign=\"middle\" bgcolor=\"#F5F5F5\">12,00<\/td>\n<\/tr>\n<tr>\n<td valign=\"middle\" bgcolor=\"#eaeaea\" height=\"30\">1 Semaine<\/td>\n<td align=\"center\" valign=\"middle\" bgcolor=\"#F5F5F5\">36,00<\/td>\n<td align=\"center\" valign=\"middle\" bgcolor=\"#F5F5F5\">30,00<\/td>\n<td align=\"center\" valign=\"middle\" bgcolor=\"#F5F5F5\">33,00<\/td>\n<td align=\"center\" valign=\"middle\" bgcolor=\"#F5F5F5\">95,00<\/td>\n<\/tr>\n<tr>\n<td valign=\"middle\" bgcolor=\"#eaeaea\" height=\"30\">2 Semaines<\/td>\n<td align=\"center\" valign=\"middle\" bgcolor=\"#F5F5F5\">65,00<\/td>\n<td align=\"center\" valign=\"middle\" bgcolor=\"#F5F5F5\">55,00<\/td>\n<td align=\"center\" valign=\"middle\" bgcolor=\"#F5F5F5\">65,00<\/td>\n<td align=\"center\" valign=\"middle\" bgcolor=\"#F5F5F5\">160,00<\/td>\n<\/tr>\n<tr>\n<td valign=\"middle\" bgcolor=\"#eaeaea\" height=\"30\">3 Semaines<\/td>\n<td align=\"center\" valign=\"middle\" bgcolor=\"#F5F5F5\">95,00<\/td>\n<td align=\"center\" valign=\"middle\" bgcolor=\"#F5F5F5\">85,00<\/td>\n<td align=\"center\" valign=\"middle\" bgcolor=\"#F5F5F5\">95,00<\/td>\n<td align=\"center\" valign=\"middle\" bgcolor=\"#F5F5F5\">275,00<\/td>\n<\/tr>\n<tr>\n<td valign=\"middle\" bgcolor=\"#eaeaea\" height=\"30\">1 Mois<\/td>\n<td align=\"center\" valign=\"middle\" bgcolor=\"#F5F5F5\">130,00<\/td>\n<td align=\"center\" valign=\"middle\" bgcolor=\"#F5F5F5\">110,00<\/td>\n<td align=\"center\" valign=\"middle\" bgcolor=\"#F5F5F5\">130,00<\/td>\n<td align=\"center\" valign=\"middle\" bgcolor=\"#F5F5F5\">350,00<\/td>\n<\/tr>\n<tr>\n<td valign=\"middle\" bgcolor=\"#eaeaea\" height=\"30\">2 Mois<\/td>\n<td align=\"center\" valign=\"middle\" bgcolor=\"#F5F5F5\">250,00<\/td>\n<td align=\"center\" valign=\"middle\" bgcolor=\"#F5F5F5\">200,00<\/td>\n<td align=\"center\" valign=\"middle\" bgcolor=\"#F5F5F5\">240,00<\/td>\n<td align=\"center\" valign=\"middle\" bgcolor=\"#F5F5F5\">600,00<\/td>\n<\/tr>\n<tr>\n<td valign=\"middle\" bgcolor=\"#eaeaea\" height=\"30\">Saison compl\u00e8te 3 Mois<\/td>\n<td align=\"center\" valign=\"middle\" bgcolor=\"#F5F5F5\" height=\"30\">310,00<\/td>\n<td align=\"center\" valign=\"middle\" bgcolor=\"#F5F5F5\" height=\"30\">260,00<\/td>\n<td align=\"center\" valign=\"middle\" bgcolor=\"#F5F5F5\" height=\"30\">290,00<\/td>\n<td align=\"center\" valign=\"middle\" bgcolor=\"#F5F5F5\" height=\"30\">820,00<\/td>\n<\/tr>\n<\/tbody>\n<\/table>\n<p>&nbsp;<\/p>\n<p><strong>SUPPLEMENT PARASOL EN 1\u00e8re LIGNE<br \/>\n(MOIS DE JUILLET ET D\u2019AOUT)<\/strong><\/p>\n<table class=\"tbl\" border=\"0\" width=\"100%\" cellspacing=\"1\" cellpadding=\"0\">\n<tbody>\n<tr>\n<td valign=\"middle\" bgcolor=\"#eaeaea\" width=\"31%\" height=\"30\">Journ\u00e9e<\/td>\n<td align=\"center\" valign=\"middle\" bgcolor=\"#F5F5F5\" width=\"18%\">1,50<\/td>\n<td align=\"center\" valign=\"middle\" bgcolor=\"#eaeaea\" width=\"18%\">3 Semaines<\/td>\n<td align=\"center\" valign=\"middle\" bgcolor=\"#F5F5F5\" width=\"18%\">25,00<\/td>\n<\/tr>\n<tr>\n<td valign=\"middle\" bgcolor=\"#eaeaea\" height=\"30\">1 Semaine<\/td>\n<td align=\"center\" valign=\"middle\" bgcolor=\"#F5F5F5\">9,00<\/td>\n<td align=\"center\" valign=\"middle\" bgcolor=\"#eaeaea\">1 Mois<\/td>\n<td align=\"center\" valign=\"middle\" bgcolor=\"#F5F5F5\">34,00<\/td>\n<\/tr>\n<tr>\n<td valign=\"middle\" bgcolor=\"#eaeaea\" height=\"30\">2 Semaines<\/td>\n<td align=\"center\" valign=\"middle\" bgcolor=\"#F5F5F5\">17,00<\/td>\n<td align=\"center\" valign=\"middle\" bgcolor=\"#eaeaea\">2 Mois et<br \/>\nSaison compl\u00e8te<\/td>\n<td align=\"center\" valign=\"middle\" bgcolor=\"#F5F5F5\">Gratuit<\/td>\n<\/tr>\n<\/tbody>\n<\/table>\n<p>* La vaste plage en face du \u201cLido\u201d est \u00e0 disposition de tous les r\u00e9sidents du village ainsi qu\u2019au public ext\u00e9rieur payant. Les vacanciers y ont acc\u00e8s libre et peuvent choisir entre la plage am\u00e9nag\u00e9e et la plage libre o\u00f9 il est possible, au-del\u00e0 de la rive et des espaces payants et d\u00e9limit\u00e9s par le \u201cLido\u201d, amener son propre mat\u00e9riel de plage.<br \/>\n* La plage priv\u00e9e de \u201cLa Bussola\u201d est vaste (90m de longueur x 200m de largeur) et compos\u00e9e de sable fin. Elle est prot\u00e9g\u00e9e par une importante v\u00e9g\u00e9tation parmi laquelle on trouve de grands arbres tels qu\u2019eucalyptus, oliviers de Boh\u00e8me, pins d\u2019Alep, pins maritimes, palmiers etc\u2026<br \/>\n* Les parasols, chaises et transats peuvent \u00eatre lou\u00e9s et positionn\u00e9s \u00e9galement sur la plage libre.<br \/>\n* Des terrains de jeux sont mis gratuitement \u00e0 disposition des clients du \u201cLido\u201d: beach-volley, beach-soccer, beach-tennis, terrains de p\u00e9tanques et parc de jeux pour les enfants.<br \/>\n* Location p\u00e9dalo: 12\u20ac\/h<br \/>\n* Jetons douche; froide 0,20\u20ac &#8211; chaude 0,50\u20ac<br \/>\n* Utilisation du gonfleur: 0,20\u20ac<br \/>\n* Location gaz\u00e9bo (structure avec toit en bois et 4 places assises): 6 \u20ac\/jour.<\/p>\n<p><strong>PARKING VOITURE VISITEURS<\/strong> (tarif journalier)<\/p>\n<table class=\"tbl\" border=\"0\" width=\"100%\" cellspacing=\"1\" cellpadding=\"0\">\n<tbody>\n<tr>\n<td class=\"title\" align=\"center\" bgcolor=\"#087dc2\" width=\"31%\" height=\"30\">PERIODE<\/td>\n<td class=\"title\" align=\"center\" bgcolor=\"#087dc2\" width=\"18%\" height=\"30\">25.04 \u2013 30.06<\/td>\n<td class=\"title\" align=\"center\" bgcolor=\"#087dc2\" width=\"18%\" height=\"30\">01.08 \u2013 30.08<\/td>\n<td class=\"title\" align=\"center\" bgcolor=\"#087dc2\" width=\"18%\" height=\"30\">\u00c0 partir du 24.08<\/td>\n<td class=\"title\" align=\"center\" bgcolor=\"#087dc2\" width=\"18%\" height=\"30\">Abonnement *<\/td>\n<\/tr>\n<tr>\n<td valign=\"middle\" bgcolor=\"#eaeaea\" height=\"30\">Du lundi au vendredi<\/td>\n<td align=\"center\" valign=\"middle\" bgcolor=\"#F5F5F5\">4,00<\/td>\n<td align=\"center\" valign=\"middle\" bgcolor=\"#F5F5F5\">5,00<\/td>\n<td align=\"center\" valign=\"middle\" bgcolor=\"#F5F5F5\">4,00<\/td>\n<td align=\"center\" valign=\"middle\" bgcolor=\"#F5F5F5\">38,00<\/td>\n<\/tr>\n<tr>\n<td valign=\"middle\" bgcolor=\"#eaeaea\" height=\"30\">Samedi, dimanche<br \/>\net jour f\u00e9ri\u00e9<\/td>\n<td align=\"center\" valign=\"middle\" bgcolor=\"#F5F5F5\">5,00<\/td>\n<td align=\"center\" valign=\"middle\" bgcolor=\"#F5F5F5\">6,00<\/td>\n<td align=\"center\" valign=\"middle\" bgcolor=\"#F5F5F5\">5,00<\/td>\n<td align=\"center\" valign=\"middle\" bgcolor=\"#F5F5F5\">&#8211;<\/td>\n<\/tr>\n<tr>\n<td valign=\"middle\" bgcolor=\"#eaeaea\" height=\"30\">Apr\u00e8s 14h30<\/td>\n<td align=\"center\" valign=\"middle\" bgcolor=\"#F5F5F5\">3,00<\/td>\n<td align=\"center\" valign=\"middle\" bgcolor=\"#F5F5F5\">4,00<\/td>\n<td align=\"center\" valign=\"middle\" bgcolor=\"#F5F5F5\">3,00<\/td>\n<td align=\"center\" valign=\"middle\" bgcolor=\"#F5F5F5\">23,00<\/td>\n<\/tr>\n<\/tbody>\n<\/table>\n<p>* Abonnement de 10 jours de parking cons\u00e9cutifs.<br \/>\n* Le parking est payant, sans surveillance, utilis\u00e9 par les clients journaliers du \u201cLido\u201d et ouvert de 7h30 \u00e0 20h.<br \/>\n* L\u2019acc\u00e8s au parking est automatis\u00e9 par le syst\u00e8me FAAC. Pour la sortie il est indispensable de se munir du ticket de sortie \u00e0 retirer au bar du \u00ab Lido \u00bb en y remettant le ticket d\u2019entr\u00e9e et en payant le tarif journalier indiqu\u00e9 ci-dessus.<br \/>\n* Tous les v\u00e9hicules de dimensions sup\u00e9rieures aux voitures (camionnettes etc.) devront payer un suppl\u00e9ment de 10\u20ac pendant les week end et jours f\u00e9ri\u00e9s du mois de Juillet et d\u2019Ao\u00fbt.<br \/>\n* Moto : r\u00e9duction de 30% sur tous les tarifs du parking.<br \/>\n* Il est interdit, au sein de l\u2019espace r\u00e9serv\u00e9 au parking et sur la plage, par ordre du port de Manfredonia, toute forme de camping sauvage, de quelque sorte que ce soit. De plus, il est formellement interdit d\u2019allumer des feux de camp, en particulier ceux aux flammes non prot\u00e9g\u00e9es.<\/p>\n","protected":false},"excerpt":{"rendered":"<p>TARIF PLAGE AMENAGEE PERIODE: JUIN ET SEPTEMBRE Parasol Chaise Transat Tris* Du lundi au vendredi 4,00 3,00 3,50 10,00 Samedi, dimanche et jours f\u00e9ri\u00e9 5,00 3,50 4,00 11,00 1 Semaine 30,00 25,00 25,50 75,00 2 Semaines 55,00 45,00 50,00 135,00<\/p>\n","protected":false},"author":3,"featured_media":37,"parent":0,"menu_order":0,"comment_status":"closed","ping_status":"closed","template":"","meta":{"footnotes":""},"class_list":["post-207","page","type-page","status-publish","has-post-thumbnail","hentry"],"_links":{"self":[{"href":"https:\/\/www.la-bussola.it\/fr\/wp-json\/wp\/v2\/pages\/207","targetHints":{"allow":["GET"]}}],"collection":[{"href":"https:\/\/www.la-bussola.it\/fr\/wp-json\/wp\/v2\/pages"}],"about":[{"href":"https:\/\/www.la-bussola.it\/fr\/wp-json\/wp\/v2\/types\/page"}],"author":[{"embeddable":true,"href":"https:\/\/www.la-bussola.it\/fr\/wp-json\/wp\/v2\/users\/3"}],"replies":[{"embeddable":true,"href":"https:\/\/www.la-bussola.it\/fr\/wp-json\/wp\/v2\/comments?post=207"}],"version-history":[{"count":0,"href":"https:\/\/www.la-bussola.it\/fr\/wp-json\/wp\/v2\/pages\/207\/revisions"}],"wp:featuredmedia":[{"embeddable":true,"href":"https:\/\/www.la-bussola.it\/fr\/wp-json\/wp\/v2\/media\/37"}],"wp:attachment":[{"href":"https:\/\/www.la-bussola.it\/fr\/wp-json\/wp\/v2\/media?parent=207"}],"curies":[{"name":"wp","href":"https:\/\/api.w.org\/{rel}","templated":true}]}}