{"id":210,"date":"2016-05-06T17:52:51","date_gmt":"2016-05-06T17:52:51","guid":{"rendered":"http:\/\/www.la-bussola.it\/?page_id=210"},"modified":"2016-05-22T21:19:47","modified_gmt":"2016-05-22T21:19:47","slug":"reservation-en-ligne","status":"publish","type":"page","link":"https:\/\/www.la-bussola.it\/fr\/reservation-en-ligne\/","title":{"rendered":"R\u00e9servation en ligne"},"content":{"rendered":"<p><strong> Pour une demande de devis\/r\u00e9servation envoyez-nous le formulaire ci-dessous.<br \/>\nNous vous r\u00e9pondrons dans les plus brefs d\u00e9lais.<br \/>\n<\/strong><\/p>\n\n<div class=\"wpcf7 no-js\" id=\"wpcf7-f230-o1\" lang=\"it-IT\" dir=\"ltr\" data-wpcf7-id=\"230\">\n<div class=\"screen-reader-response\"><p role=\"status\" aria-live=\"polite\" aria-atomic=\"true\"><\/p> <ul><\/ul><\/div>\n<form action=\"\/fr\/wp-json\/wp\/v2\/pages\/210#wpcf7-f230-o1\" method=\"post\" class=\"wpcf7-form init\" aria-label=\"Contact form\" novalidate=\"novalidate\" data-status=\"init\">\n<fieldset class=\"hidden-fields-container\"><input type=\"hidden\" name=\"_wpcf7\" value=\"230\" \/><input type=\"hidden\" name=\"_wpcf7_version\" value=\"6.1.5\" \/><input type=\"hidden\" name=\"_wpcf7_locale\" value=\"it_IT\" \/><input type=\"hidden\" name=\"_wpcf7_unit_tag\" value=\"wpcf7-f230-o1\" \/><input type=\"hidden\" name=\"_wpcf7_container_post\" value=\"0\" \/><input type=\"hidden\" name=\"_wpcf7_posted_data_hash\" value=\"\" \/><input type=\"hidden\" name=\"_wpcf7_recaptcha_response\" value=\"\" \/>\n<\/fieldset>\n<table width=\"100%\" border=\"0\" cellspacing=\"0\" cellpadding=\"0\">\n\t<tr>\n\t\t<td nowrap>\n\t\t\t<p>Date d\u2019arriv\u00e9e\n\t\t\t<\/p>\n\t\t<\/td>\n\t\t<td>\n\t\t\t<p><span class=\"wpcf7-form-control-wrap\" data-name=\"arrivo-giorno\"><select class=\"wpcf7-form-control wpcf7-select wpcf7-validates-as-required\" aria-required=\"true\" aria-invalid=\"false\" name=\"arrivo-giorno\"><option value=\"01\">01<\/option><option value=\"02\">02<\/option><option value=\"03\">03<\/option><option value=\"04\">04<\/option><option value=\"05\">05<\/option><option value=\"06\">06<\/option><option value=\"07\">07<\/option><option value=\"08\">08<\/option><option value=\"09\">09<\/option><option value=\"10\">10<\/option><option value=\"11\">11<\/option><option value=\"12\">12<\/option><option value=\"13\">13<\/option><option value=\"14\">14<\/option><option value=\"15\">15<\/option><option value=\"16\">16<\/option><option value=\"17\">17<\/option><option value=\"18\">18<\/option><option value=\"19\">19<\/option><option value=\"20\">20<\/option><option value=\"21\">21<\/option><option value=\"22\">22<\/option><option value=\"23\">23<\/option><option value=\"24\">24<\/option><option value=\"25\">25<\/option><option value=\"26\">26<\/option><option value=\"27\">27<\/option><option value=\"28\">28<\/option><option value=\"29\">29<\/option><option value=\"30\">30<\/option><option value=\"31\">31<\/option><\/select><\/span><span class=\"wpcf7-form-control-wrap\" data-name=\"arrivo-mese\"><select class=\"wpcf7-form-control wpcf7-select\" aria-invalid=\"false\" name=\"arrivo-mese\"><option value=\"Janvier\">Janvier<\/option><option value=\"F\u00e9vrier\">F\u00e9vrier<\/option><option value=\"Mars\">Mars<\/option><option value=\"Avril\">Avril<\/option><option value=\"Mai\">Mai<\/option><option value=\"Juin\">Juin<\/option><option value=\"Juillet\">Juillet<\/option><option value=\"Aout\">Aout<\/option><option value=\"Septembre\">Septembre<\/option><option value=\"Octobre\">Octobre<\/option><option value=\"Novembre\">Novembre<\/option><option value=\"D\u00e9cembre\">D\u00e9cembre<\/option><\/select><\/span>\n\t\t\t<\/p>\n\t\t<\/td>\n\t<\/tr>\n\t<tr>\n\t\t<td nowrap>\n\t\t\t<p>Date de d\u00e9part\n\t\t\t<\/p>\n\t\t<\/td>\n\t\t<td>\n\t\t\t<p><span class=\"wpcf7-form-control-wrap\" data-name=\"partenza-giorno\"><select class=\"wpcf7-form-control wpcf7-select wpcf7-validates-as-required\" aria-required=\"true\" aria-invalid=\"false\" name=\"partenza-giorno\"><option value=\"01\">01<\/option><option value=\"02\">02<\/option><option value=\"03\">03<\/option><option value=\"04\">04<\/option><option value=\"05\">05<\/option><option value=\"06\">06<\/option><option value=\"07\">07<\/option><option value=\"08\">08<\/option><option value=\"09\">09<\/option><option value=\"10\">10<\/option><option value=\"11\">11<\/option><option value=\"12\">12<\/option><option value=\"13\">13<\/option><option value=\"14\">14<\/option><option value=\"15\">15<\/option><option value=\"16\">16<\/option><option value=\"17\">17<\/option><option value=\"18\">18<\/option><option value=\"19\">19<\/option><option value=\"20\">20<\/option><option value=\"21\">21<\/option><option value=\"22\">22<\/option><option value=\"23\">23<\/option><option value=\"24\">24<\/option><option value=\"25\">25<\/option><option value=\"26\">26<\/option><option value=\"27\">27<\/option><option value=\"28\">28<\/option><option value=\"29\">29<\/option><option value=\"30\">30<\/option><option value=\"31\">31<\/option><\/select><\/span><span class=\"wpcf7-form-control-wrap\" data-name=\"partenza-mese\"><select class=\"wpcf7-form-control wpcf7-select\" aria-invalid=\"false\" name=\"partenza-mese\"><option value=\"Janvier\">Janvier<\/option><option value=\"F\u00e9vrier\">F\u00e9vrier<\/option><option value=\"Mars\">Mars<\/option><option value=\"Avril\">Avril<\/option><option value=\"Mai\">Mai<\/option><option value=\"Juin\">Juin<\/option><option value=\"Juillet\">Juillet<\/option><option value=\"Aout\">Aout<\/option><option value=\"Septembre\">Septembre<\/option><option value=\"Octobre\">Octobre<\/option><option value=\"Novembre\">Novembre<\/option><option value=\"D\u00e9cembre\">D\u00e9cembre<\/option><\/select><\/span>\n\t\t\t<\/p>\n\t\t<\/td>\n\t<\/tr>\n\t<tr>\n\t\t<td nowrap>\n\t\t\t<p>Nom\n\t\t\t<\/p>\n\t\t<\/td>\n\t\t<td>\n\t\t\t<p><span class=\"wpcf7-form-control-wrap\" data-name=\"nome\"><input size=\"40\" maxlength=\"150\" class=\"wpcf7-form-control wpcf7-text wpcf7-validates-as-required\" aria-required=\"true\" aria-invalid=\"false\" value=\"\" type=\"text\" name=\"nome\" \/><\/span>\n\t\t\t<\/p>\n\t\t<\/td>\n\t<\/tr>\n\t<tr>\n\t\t<td nowrap>\n\t\t\t<p>T\u00e9l\u00e9phone\n\t\t\t<\/p>\n\t\t<\/td>\n\t\t<td>\n\t\t\t<p><span class=\"wpcf7-form-control-wrap\" data-name=\"telefono\"><input size=\"40\" maxlength=\"50\" class=\"wpcf7-form-control wpcf7-text\" aria-invalid=\"false\" value=\"\" type=\"text\" name=\"telefono\" \/><\/span>\n\t\t\t<\/p>\n\t\t<\/td>\n\t<\/tr>\n\t<tr>\n\t\t<td nowrap>\n\t\t\t<p>E-mail\n\t\t\t<\/p>\n\t\t<\/td>\n\t\t<td>\n\t\t\t<p><span class=\"wpcf7-form-control-wrap\" data-name=\"email\"><input size=\"40\" maxlength=\"200\" class=\"wpcf7-form-control wpcf7-email wpcf7-validates-as-required wpcf7-text wpcf7-validates-as-email\" aria-required=\"true\" aria-invalid=\"false\" value=\"\" type=\"email\" name=\"email\" \/><\/span>\n\t\t\t<\/p>\n\t\t<\/td>\n\t<\/tr>\n\t<tr>\n\t\t<td colspan=\"2\" nowrap>\n\t\t\t<h3>Choisissez la Formule et les Options de votre s\u00e9jour\n\t\t\t<\/h3>\n\t\t<\/td>\n\t<\/tr>\n\t<tr>\n\t\t<td nowrap>\n\t\t\t<p><strong>Residence<\/strong>\n\t\t\t<\/p>\n\t\t<\/td>\n\t<\/tr>\n\t<td nowrap>\n\t\t<p>Type d'h\u00e9bergement\n\t\t<\/p>\n\t<\/td>\n\t<td>\n\t\t<p><span class=\"wpcf7-form-control-wrap\" data-name=\"residence-tipo-alloggio\"><input size=\"3\" maxlength=\"100\" class=\"wpcf7-form-control wpcf7-text\" aria-invalid=\"false\" value=\"\" type=\"text\" name=\"residence-tipo-alloggio\" \/><\/span>\n\t\t<\/p>\n\t<\/td>\n\t<tr>\n\t\t<td nowrap>\n\t\t\t<p>N\u00b0 de personnes\n\t\t\t<\/p>\n\t\t<\/td>\n\t\t<td>\n\t\t\t<p><span class=\"wpcf7-form-control-wrap\" data-name=\"residence-persone\"><input size=\"3\" maxlength=\"3\" class=\"wpcf7-form-control wpcf7-text\" aria-invalid=\"false\" value=\"\" type=\"text\" name=\"residence-persone\" \/><\/span>\n\t\t\t<\/p>\n\t\t<\/td>\n\t<\/tr>\n\t<tr>\n\t\t<td nowrap>\n\t\t\t<p>Animaux\n\t\t\t<\/p>\n\t\t<\/td>\n\t\t<td>\n\t\t\t<p><span class=\"wpcf7-form-control-wrap\" data-name=\"residence-animali\"><input size=\"3\" maxlength=\"3\" class=\"wpcf7-form-control wpcf7-text\" aria-invalid=\"false\" value=\"\" type=\"text\" name=\"residence-animali\" \/><\/span>\n\t\t\t<\/p>\n\t\t<\/td>\n\t<\/tr>\n\t<tr>\n\t\t<td colspan=\"2\" nowrap>\n\t\t\t<p>&nbsp;\n\t\t\t<\/p>\n\t\t<\/td>\n\t<\/tr>\n\t<tr>\n\t\t<td colspan=\"2\" nowrap>\n\t\t\t<p><strong>Convention avec le Restaurant (min. 6 jours)<\/strong>\n\t\t\t<\/p>\n\t\t<\/td>\n\t<\/tr>\n\t<tr>\n\t\t<td nowrap>\n\t\t\t<p><span class=\"wpcf7-form-control-wrap\" data-name=\"pde\"><span class=\"wpcf7-form-control wpcf7-checkbox\"><span class=\"wpcf7-list-item first last\"><input type=\"checkbox\" name=\"pde[]\" value=\"Petite D\u00e9j.\" \/><span class=\"wpcf7-list-item-label\">Petite D\u00e9j.<\/span><\/span><\/span><\/span><span class=\"wpcf7-form-control-wrap\" data-name=\"dej\"><span class=\"wpcf7-form-control wpcf7-checkbox\"><span class=\"wpcf7-list-item first last\"><input type=\"checkbox\" name=\"dej[]\" value=\"D\u00e9jeuner\" \/><span class=\"wpcf7-list-item-label\">D\u00e9jeuner<\/span><\/span><\/span><\/span><span class=\"wpcf7-form-control-wrap\" data-name=\"din\"><span class=\"wpcf7-form-control wpcf7-checkbox\"><span class=\"wpcf7-list-item first last\"><input type=\"checkbox\" name=\"din[]\" value=\"D\u00eener\" \/><span class=\"wpcf7-list-item-label\">D\u00eener<\/span><\/span><\/span><\/span>\n\t\t\t<\/p>\n\t\t<\/td>\n\t\t<td>\n\t\t\t<p>&nbsp;\n\t\t\t<\/p>\n\t\t<\/td>\n\t<\/tr>\n\t<tr>\n\t\t<td nowrap>\n\t\t\t<p>Adultes N\u00b0\n\t\t\t<\/p>\n\t\t<\/td>\n\t\t<td>\n\t\t\t<p><span class=\"wpcf7-form-control-wrap\" data-name=\"beb-persone\"><input size=\"3\" maxlength=\"3\" class=\"wpcf7-form-control wpcf7-text\" aria-invalid=\"false\" value=\"\" type=\"text\" name=\"beb-persone\" \/><\/span>\n\t\t\t<\/p>\n\t\t<\/td>\n\t<\/tr>\n\t<tr>\n\t\t<td nowrap>\n\t\t\t<p>Enfants (3\/8 ans 30% de r\u00e9duction) N\u00b0\n\t\t\t<\/p>\n\t\t<\/td>\n\t\t<td>\n\t\t\t<p><span class=\"wpcf7-form-control-wrap\" data-name=\"beb-bambini\"><input size=\"3\" maxlength=\"3\" class=\"wpcf7-form-control wpcf7-text\" aria-invalid=\"false\" value=\"\" type=\"text\" name=\"beb-bambini\" \/><\/span>\n\t\t\t<\/p>\n\t\t<\/td>\n\t<\/tr>\n\t<tr>\n\t\t<td nowrap>\n\t\t\t<p>Gar\u00e7ons (8\/12 ans 20% de r\u00e9duction) N\u00b0\n\t\t\t<\/p>\n\t\t<\/td>\n\t\t<td>\n\t\t\t<p><span class=\"wpcf7-form-control-wrap\" data-name=\"beb-ragazzi\"><input size=\"3\" maxlength=\"3\" class=\"wpcf7-form-control wpcf7-text\" aria-invalid=\"false\" value=\"\" type=\"text\" name=\"beb-ragazzi\" \/><\/span>\n\t\t\t<\/p>\n\t\t<\/td>\n\t<\/tr>\n\t<tr>\n\t\t<td colspan=\"2\" nowrap>\n\t\t\t<p>&nbsp;\n\t\t\t<\/p>\n\t\t<\/td>\n\t<\/tr>\n\t<tr>\n\t\t<td nowrap>\n\t\t\t<p><strong>Camping<\/strong>\n\t\t\t<\/p>\n\t\t<\/td>\n\t\t<td>\n\t\t\t<p><span class=\"wpcf7-form-control-wrap\" data-name=\"campeggio\"><span class=\"wpcf7-form-control wpcf7-checkbox\"><span class=\"wpcf7-list-item first last\"><input type=\"checkbox\" name=\"campeggio[]\" value=\"OUI\" \/><span class=\"wpcf7-list-item-label\">OUI<\/span><\/span><\/span><\/span>\n\t\t\t<\/p>\n\t\t<\/td>\n\t<\/tr>\n\t<tr>\n\t\t<td nowrap>\n\t\t\t<p>Adultes\n\t\t\t<\/p>\n\t\t<\/td>\n\t\t<td>\n\t\t\t<p><span class=\"wpcf7-form-control-wrap\" data-name=\"campeggio-adulti\"><input size=\"3\" maxlength=\"3\" class=\"wpcf7-form-control wpcf7-text\" aria-invalid=\"false\" value=\"\" type=\"text\" name=\"campeggio-adulti\" \/><\/span>\n\t\t\t<\/p>\n\t\t<\/td>\n\t<\/tr>\n\t<tr>\n\t\t<td nowrap>\n\t\t\t<p>Enfants (3\/8ans)\n\t\t\t<\/p>\n\t\t<\/td>\n\t\t<td>\n\t\t\t<p><span class=\"wpcf7-form-control-wrap\" data-name=\"campeggio-ragazzi\"><input size=\"3\" maxlength=\"3\" class=\"wpcf7-form-control wpcf7-text\" aria-invalid=\"false\" value=\"\" type=\"text\" name=\"campeggio-ragazzi\" \/><\/span>\n\t\t\t<\/p>\n\t\t<\/td>\n\t<\/tr>\n\t<tr>\n\t\t<td nowrap>\n\t\t\t<p><span class=\"wpcf7-form-control-wrap\" data-name=\"cmp\"><span class=\"wpcf7-form-control wpcf7-checkbox\"><span class=\"wpcf7-list-item first last\"><input type=\"checkbox\" name=\"cmp[]\" value=\"Campeur\" \/><span class=\"wpcf7-list-item-label\">Campeur<\/span><\/span><\/span><\/span><span class=\"wpcf7-form-control-wrap\" data-name=\"rlt\"><span class=\"wpcf7-form-control wpcf7-checkbox\"><span class=\"wpcf7-list-item first last\"><input type=\"checkbox\" name=\"rlt[]\" value=\"Caravane\" \/><span class=\"wpcf7-list-item-label\">Caravane<\/span><\/span><\/span><\/span><span class=\"wpcf7-form-control-wrap\" data-name=\"tnd\"><span class=\"wpcf7-form-control wpcf7-checkbox\"><span class=\"wpcf7-list-item first last\"><input type=\"checkbox\" name=\"tnd[]\" value=\"Rideau\" \/><span class=\"wpcf7-list-item-label\">Rideau<\/span><\/span><\/span><\/span><span class=\"wpcf7-form-control-wrap\" data-name=\"tnd\"><span class=\"wpcf7-form-control wpcf7-checkbox\"><span class=\"wpcf7-list-item first last\"><input type=\"checkbox\" name=\"tnd[]\" value=\"Voiture \/ Moto\" \/><span class=\"wpcf7-list-item-label\">Voiture \/ Moto<\/span><\/span><\/span><\/span>\n\t\t\t<\/p>\n\t\t<\/td>\n\t\t<td>\n\t\t\t<p>&nbsp;\n\t\t\t<\/p>\n\t\t<\/td>\n\t<\/tr>\n\t<tr>\n\t\t<td nowrap>\n\t\t\t<p>Animaux\n\t\t\t<\/p>\n\t\t<\/td>\n\t\t<td>\n\t\t\t<p><span class=\"wpcf7-form-control-wrap\" data-name=\"campeggio-animali\"><input size=\"3\" maxlength=\"3\" class=\"wpcf7-form-control wpcf7-text\" aria-invalid=\"false\" value=\"\" type=\"text\" name=\"campeggio-animali\" \/><\/span>\n\t\t\t<\/p>\n\t\t<\/td>\n\t<\/tr>\n\t<tr>\n\t\t<td colspan=\"2\" nowrap>\n\t\t\t<p>&nbsp;\n\t\t\t<\/p>\n\t\t<\/td>\n\t<\/tr>\n\t<tr>\n\t\t<td valign=\"middle\" nowrap style=\"vertical-align:middle\">\n\t\t\t<p>Demande d\u2019information\n\t\t\t<\/p>\n\t\t<\/td>\n\t\t<td>\n\t\t\t<p><span class=\"wpcf7-form-control-wrap\" data-name=\"richieste\"><textarea cols=\"4\" rows=\"5\" maxlength=\"2000\" class=\"wpcf7-form-control wpcf7-textarea\" aria-invalid=\"false\" name=\"richieste\"><\/textarea><\/span>\n\t\t\t<\/p>\n\t\t<\/td>\n\t<\/tr>\n\t<tr>\n\t\t<td colspan=\"2\" nowrap>\n\t\t\t<div class=\"privacy\">\n\t\t\t\t<p><strong>Autorisation au traitement des donn\u00e9es personnelles<\/strong><br \/>\n<a href=\"http:\/\/www.garanteprivacy.it\/garante\/doc.jsp?ID=1311248\" target=\"_blank\">Lien vers le site responsable de la protection des donn\u00e9es personnelles (Loi sur la confidentialit\u00e9)<\/a><br \/>\n<label><input type=\"checkbox\" name=\"autorizzo\" id=\"autorizzo\" value=\"autorizzo\" \/><\/label>Je d\u00e9clare avoir lu et approuv\u00e9 les informations relatives au traitement des donn\u00e9es personnelles.\n\t\t\t\t<\/p>\n\t\t\t<\/div>\n\t\t<\/td>\n\t<\/tr>\n\t<tr>\n\t\t<td colspan=\"2\" align=\"center\" nowrap>\n\t\t\t<p><input class=\"wpcf7-form-control wpcf7-submit has-spinner\" type=\"submit\" value=\"Send\" \/>\n\t\t\t<\/p>\n\t\t<\/td>\n\t<\/tr>\n<\/table><p style=\"display: none !important;\" class=\"akismet-fields-container\" data-prefix=\"_wpcf7_ak_\"><label>&#916;<textarea name=\"_wpcf7_ak_hp_textarea\" cols=\"45\" rows=\"8\" maxlength=\"100\"><\/textarea><\/label><input type=\"hidden\" id=\"ak_js_1\" name=\"_wpcf7_ak_js\" value=\"163\"\/><script type=\"text\/javascript\">\n\/* <![CDATA[ *\/\ndocument.getElementById( \"ak_js_1\" ).setAttribute( \"value\", ( new Date() ).getTime() );\n\/* ]]> *\/\n<\/script>\n<\/p><div class=\"wpcf7-response-output\" aria-hidden=\"true\"><\/div>\n<\/form>\n<\/div>\n\n","protected":false},"excerpt":{"rendered":"<p>Pour une demande de devis\/r\u00e9servation envoyez-nous le formulaire ci-dessous. Nous vous r\u00e9pondrons dans les plus brefs d\u00e9lais.<\/p>\n","protected":false},"author":3,"featured_media":0,"parent":0,"menu_order":0,"comment_status":"closed","ping_status":"closed","template":"","meta":{"footnotes":""},"class_list":["post-210","page","type-page","status-publish","hentry"],"_links":{"self":[{"href":"https:\/\/www.la-bussola.it\/fr\/wp-json\/wp\/v2\/pages\/210","targetHints":{"allow":["GET"]}}],"collection":[{"href":"https:\/\/www.la-bussola.it\/fr\/wp-json\/wp\/v2\/pages"}],"about":[{"href":"https:\/\/www.la-bussola.it\/fr\/wp-json\/wp\/v2\/types\/page"}],"author":[{"embeddable":true,"href":"https:\/\/www.la-bussola.it\/fr\/wp-json\/wp\/v2\/users\/3"}],"replies":[{"embeddable":true,"href":"https:\/\/www.la-bussola.it\/fr\/wp-json\/wp\/v2\/comments?post=210"}],"version-history":[{"count":0,"href":"https:\/\/www.la-bussola.it\/fr\/wp-json\/wp\/v2\/pages\/210\/revisions"}],"wp:attachment":[{"href":"https:\/\/www.la-bussola.it\/fr\/wp-json\/wp\/v2\/media?parent=210"}],"curies":[{"name":"wp","href":"https:\/\/api.w.org\/{rel}","templated":true}]}}