{"id":218,"date":"2017-12-26T11:44:55","date_gmt":"2017-12-26T11:44:55","guid":{"rendered":"http:\/\/www.la-bussola.it\/?page_id=218"},"modified":"2017-12-26T15:57:24","modified_gmt":"2017-12-26T15:57:24","slug":"san-giovanni-rotondo-fr","status":"publish","type":"page","link":"https:\/\/www.la-bussola.it\/fr\/san-giovanni-rotondo-fr\/","title":{"rendered":"San Giovanni Rotondo"},"content":{"rendered":"<p>San Giovanni Rotondo est le centre spirituel du Gargano et de nombreux p\u00e8lerins qui, chaque ann\u00e9e, rejoignent la ville pour prier sur la tombe de Padre Pio de Pietrelcina.<br \/>\nLa localit\u00e9 est situ\u00e9e dans une vall\u00e9e verdoyante qui surplombe Manfredonia et s\u2019ouvre au Sud Est du Mont Castellana sur le versant Sud du Gargano.<br \/>\nSan Giovanni est c\u00e9l\u00e8bre pour le Sanctuaire de Padre Pio de Pietralcina et pour son h\u00f4pital \u00ab Casa Sollivo della Sofferenza \u00bb d\u00e9vou\u00e9 au saint. Depuis plus de 50 ans San Giovanni Rotondo est la destination de tr\u00e8s nombreux p\u00e8lerins venus du monde entier pour admirer le couvent dans lequel Padre Pio re\u00e7u les stigmates.<\/p>\n<div id='gallery-1' class='gallery galleryid-218 gallery-columns-5 gallery-size-medium'><dl class='gallery-item'>\n\t\t\t<dt class='gallery-icon landscape'>\n\t\t\t\t<a href='https:\/\/www.la-bussola.it\/wp-content\/uploads\/2015\/02\/sangiovannirotondo2.jpg' rel=\"lightbox[218]\"><img loading=\"lazy\" decoding=\"async\" width=\"300\" height=\"225\" src=\"https:\/\/www.la-bussola.it\/wp-content\/uploads\/2015\/02\/sangiovannirotondo2-300x225.jpg\" class=\"attachment-medium size-medium\" alt=\"Ospedale Casa Sollievo della Sofferenza\" srcset=\"https:\/\/www.la-bussola.it\/wp-content\/uploads\/2015\/02\/sangiovannirotondo2-300x225.jpg 300w, https:\/\/www.la-bussola.it\/wp-content\/uploads\/2015\/02\/sangiovannirotondo2.jpg 700w\" sizes=\"auto, (max-width: 300px) 100vw, 300px\" \/><\/a>\n\t\t\t<\/dt><\/dl><dl class='gallery-item'>\n\t\t\t<dt class='gallery-icon landscape'>\n\t\t\t\t<a href='https:\/\/www.la-bussola.it\/wp-content\/uploads\/2015\/02\/sangiovannirotondo4.jpg' rel=\"lightbox[218]\"><img loading=\"lazy\" decoding=\"async\" width=\"300\" height=\"225\" src=\"https:\/\/www.la-bussola.it\/wp-content\/uploads\/2015\/02\/sangiovannirotondo4-300x225.jpg\" class=\"attachment-medium size-medium\" alt=\"La nuova chiesa dedicata a Padre Pio\" srcset=\"https:\/\/www.la-bussola.it\/wp-content\/uploads\/2015\/02\/sangiovannirotondo4-300x225.jpg 300w, https:\/\/www.la-bussola.it\/wp-content\/uploads\/2015\/02\/sangiovannirotondo4.jpg 700w\" sizes=\"auto, (max-width: 300px) 100vw, 300px\" \/><\/a>\n\t\t\t<\/dt><\/dl><dl class='gallery-item'>\n\t\t\t<dt class='gallery-icon landscape'>\n\t\t\t\t<a href='https:\/\/www.la-bussola.it\/wp-content\/uploads\/2015\/02\/sangiovannirotondo5.jpg' rel=\"lightbox[218]\"><img loading=\"lazy\" decoding=\"async\" width=\"300\" height=\"224\" src=\"https:\/\/www.la-bussola.it\/wp-content\/uploads\/2015\/02\/sangiovannirotondo5-300x224.jpg\" class=\"attachment-medium size-medium\" alt=\"La cripta custode della spoglie del Santo\" srcset=\"https:\/\/www.la-bussola.it\/wp-content\/uploads\/2015\/02\/sangiovannirotondo5-300x224.jpg 300w, https:\/\/www.la-bussola.it\/wp-content\/uploads\/2015\/02\/sangiovannirotondo5.jpg 700w\" sizes=\"auto, (max-width: 300px) 100vw, 300px\" \/><\/a>\n\t\t\t<\/dt><\/dl><dl class='gallery-item'>\n\t\t\t<dt class='gallery-icon landscape'>\n\t\t\t\t<a href='https:\/\/www.la-bussola.it\/wp-content\/uploads\/2015\/02\/sangiovannirotondo3.jpg' rel=\"lightbox[218]\"><img loading=\"lazy\" decoding=\"async\" width=\"300\" height=\"225\" src=\"https:\/\/www.la-bussola.it\/wp-content\/uploads\/2015\/02\/sangiovannirotondo3-300x225.jpg\" class=\"attachment-medium size-medium\" alt=\"Chiesa Santa Maria delle Grazie\" srcset=\"https:\/\/www.la-bussola.it\/wp-content\/uploads\/2015\/02\/sangiovannirotondo3-300x225.jpg 300w, https:\/\/www.la-bussola.it\/wp-content\/uploads\/2015\/02\/sangiovannirotondo3.jpg 700w\" sizes=\"auto, (max-width: 300px) 100vw, 300px\" \/><\/a>\n\t\t\t<\/dt><\/dl><dl class='gallery-item'>\n\t\t\t<dt class='gallery-icon landscape'>\n\t\t\t\t<a href='https:\/\/www.la-bussola.it\/wp-content\/uploads\/2015\/02\/sangiovannirotondo1.jpg' rel=\"lightbox[218]\"><img loading=\"lazy\" decoding=\"async\" width=\"300\" height=\"225\" src=\"https:\/\/www.la-bussola.it\/wp-content\/uploads\/2015\/02\/sangiovannirotondo1-300x225.jpg\" class=\"attachment-medium size-medium\" alt=\"La nuova chiesa dedicata a Padre Pio\" srcset=\"https:\/\/www.la-bussola.it\/wp-content\/uploads\/2015\/02\/sangiovannirotondo1-300x225.jpg 300w, https:\/\/www.la-bussola.it\/wp-content\/uploads\/2015\/02\/sangiovannirotondo1.jpg 700w\" sizes=\"auto, (max-width: 300px) 100vw, 300px\" \/><\/a>\n\t\t\t<\/dt><\/dl><br style=\"clear: both\" \/>\n\t\t<\/div>\n\n","protected":false},"excerpt":{"rendered":"<p>San Giovanni Rotondo est le centre spirituel du Gargano et de nombreux p\u00e8lerins qui, chaque ann\u00e9e, rejoignent la ville pour prier sur la tombe de Padre Pio de Pietrelcina. La localit\u00e9 est situ\u00e9e dans une vall\u00e9e verdoyante qui surplombe Manfredonia<\/p>\n","protected":false},"author":3,"featured_media":49,"parent":0,"menu_order":0,"comment_status":"closed","ping_status":"closed","template":"","meta":{"footnotes":""},"class_list":["post-218","page","type-page","status-publish","has-post-thumbnail","hentry"],"_links":{"self":[{"href":"https:\/\/www.la-bussola.it\/fr\/wp-json\/wp\/v2\/pages\/218","targetHints":{"allow":["GET"]}}],"collection":[{"href":"https:\/\/www.la-bussola.it\/fr\/wp-json\/wp\/v2\/pages"}],"about":[{"href":"https:\/\/www.la-bussola.it\/fr\/wp-json\/wp\/v2\/types\/page"}],"author":[{"embeddable":true,"href":"https:\/\/www.la-bussola.it\/fr\/wp-json\/wp\/v2\/users\/3"}],"replies":[{"embeddable":true,"href":"https:\/\/www.la-bussola.it\/fr\/wp-json\/wp\/v2\/comments?post=218"}],"version-history":[{"count":0,"href":"https:\/\/www.la-bussola.it\/fr\/wp-json\/wp\/v2\/pages\/218\/revisions"}],"wp:featuredmedia":[{"embeddable":true,"href":"https:\/\/www.la-bussola.it\/fr\/wp-json\/wp\/v2\/media\/49"}],"wp:attachment":[{"href":"https:\/\/www.la-bussola.it\/fr\/wp-json\/wp\/v2\/media?parent=218"}],"curies":[{"name":"wp","href":"https:\/\/api.w.org\/{rel}","templated":true}]}}