{"id":219,"date":"2017-12-26T11:44:54","date_gmt":"2017-12-26T11:44:54","guid":{"rendered":"http:\/\/www.la-bussola.it\/?page_id=219"},"modified":"2017-12-26T15:59:58","modified_gmt":"2017-12-26T15:59:58","slug":"vieste-et-peschici","status":"publish","type":"page","link":"https:\/\/www.la-bussola.it\/fr\/vieste-et-peschici\/","title":{"rendered":"Vieste et Peschici"},"content":{"rendered":"<p>Peschici est une station baln\u00e9aire du Gargano connue pour la qualit\u00e9 de ses plages, qui l\u2019ont amen\u00e9 \u00e0 obtenir de nombreuses fois le \u201cPavillon Bleu\u201d (Bandiera Blu), prestigieuse r\u00e9compense de la Fondation pour l\u2019Education \u00e0 l\u2019Environnement (FEE). Le village est compos\u00e9 de magnifiques maisons blanchies qui, unit aux falaises de craies blanches, forme un des panoramas les plus typiques de la r\u00e9gion des Pouilles.<br \/>\nVieste a \u00e9t\u00e9 r\u00e9compens\u00e9e plusieurs fois du Pavillon Bleu pour la qualit\u00e9 de ses plages. Elle fait partie du Parc National du Gargano et de sa Communaut\u00e9 de Montagne. A l\u2019entr\u00e9e de sa plage se dresse un monolithe d\u2019environ 250m de hauteur appel\u00e9 \u00ab Pizzomuno \u00bb, symbole m\u00eame du village. De nombreuses l\u00e9gendes lui sont attribu\u00e9es, souvent bien diff\u00e9rentes les unes des autres.<\/p>\n<div id='gallery-1' class='gallery galleryid-219 gallery-columns-5 gallery-size-medium'><dl class='gallery-item'>\n\t\t\t<dt class='gallery-icon landscape'>\n\t\t\t\t<a href='https:\/\/www.la-bussola.it\/wp-content\/uploads\/2015\/02\/peschici1.jpg' rel=\"lightbox[219]\"><img loading=\"lazy\" decoding=\"async\" width=\"300\" height=\"224\" src=\"https:\/\/www.la-bussola.it\/wp-content\/uploads\/2015\/02\/peschici1-300x224.jpg\" class=\"attachment-medium size-medium\" alt=\"Peschici\" srcset=\"https:\/\/www.la-bussola.it\/wp-content\/uploads\/2015\/02\/peschici1-300x224.jpg 300w, https:\/\/www.la-bussola.it\/wp-content\/uploads\/2015\/02\/peschici1.jpg 700w\" sizes=\"auto, (max-width: 300px) 100vw, 300px\" \/><\/a>\n\t\t\t<\/dt><\/dl><dl class='gallery-item'>\n\t\t\t<dt class='gallery-icon landscape'>\n\t\t\t\t<a href='https:\/\/www.la-bussola.it\/wp-content\/uploads\/2015\/02\/peschici2.jpg' rel=\"lightbox[219]\"><img loading=\"lazy\" decoding=\"async\" width=\"300\" height=\"225\" src=\"https:\/\/www.la-bussola.it\/wp-content\/uploads\/2015\/02\/peschici2-300x225.jpg\" class=\"attachment-medium size-medium\" alt=\"Peschici\" srcset=\"https:\/\/www.la-bussola.it\/wp-content\/uploads\/2015\/02\/peschici2-300x225.jpg 300w, https:\/\/www.la-bussola.it\/wp-content\/uploads\/2015\/02\/peschici2.jpg 700w\" sizes=\"auto, (max-width: 300px) 100vw, 300px\" \/><\/a>\n\t\t\t<\/dt><\/dl><dl class='gallery-item'>\n\t\t\t<dt class='gallery-icon landscape'>\n\t\t\t\t<a href='https:\/\/www.la-bussola.it\/wp-content\/uploads\/2015\/02\/vieste1.jpg' rel=\"lightbox[219]\"><img loading=\"lazy\" decoding=\"async\" width=\"300\" height=\"225\" src=\"https:\/\/www.la-bussola.it\/wp-content\/uploads\/2015\/02\/vieste1-300x225.jpg\" class=\"attachment-medium size-medium\" alt=\"Vieste\" srcset=\"https:\/\/www.la-bussola.it\/wp-content\/uploads\/2015\/02\/vieste1-300x225.jpg 300w, https:\/\/www.la-bussola.it\/wp-content\/uploads\/2015\/02\/vieste1.jpg 700w\" sizes=\"auto, (max-width: 300px) 100vw, 300px\" \/><\/a>\n\t\t\t<\/dt><\/dl><dl class='gallery-item'>\n\t\t\t<dt class='gallery-icon landscape'>\n\t\t\t\t<a href='https:\/\/www.la-bussola.it\/wp-content\/uploads\/2015\/02\/vieste2.jpg' rel=\"lightbox[219]\"><img loading=\"lazy\" decoding=\"async\" width=\"300\" height=\"225\" src=\"https:\/\/www.la-bussola.it\/wp-content\/uploads\/2015\/02\/vieste2-300x225.jpg\" class=\"attachment-medium size-medium\" alt=\"Vieste\" srcset=\"https:\/\/www.la-bussola.it\/wp-content\/uploads\/2015\/02\/vieste2-300x225.jpg 300w, https:\/\/www.la-bussola.it\/wp-content\/uploads\/2015\/02\/vieste2.jpg 700w\" sizes=\"auto, (max-width: 300px) 100vw, 300px\" \/><\/a>\n\t\t\t<\/dt><\/dl><dl class='gallery-item'>\n\t\t\t<dt class='gallery-icon landscape'>\n\t\t\t\t<a href='https:\/\/www.la-bussola.it\/wp-content\/uploads\/2015\/02\/vieste3.jpg' rel=\"lightbox[219]\"><img loading=\"lazy\" decoding=\"async\" width=\"300\" height=\"225\" src=\"https:\/\/www.la-bussola.it\/wp-content\/uploads\/2015\/02\/vieste3-300x225.jpg\" class=\"attachment-medium size-medium\" alt=\"Vieste\" srcset=\"https:\/\/www.la-bussola.it\/wp-content\/uploads\/2015\/02\/vieste3-300x225.jpg 300w, https:\/\/www.la-bussola.it\/wp-content\/uploads\/2015\/02\/vieste3.jpg 700w\" sizes=\"auto, (max-width: 300px) 100vw, 300px\" \/><\/a>\n\t\t\t<\/dt><\/dl><br style=\"clear: both\" \/>\n\t\t<\/div>\n\n","protected":false},"excerpt":{"rendered":"<p>Peschici est une station baln\u00e9aire du Gargano connue pour la qualit\u00e9 de ses plages, qui l\u2019ont amen\u00e9 \u00e0 obtenir de nombreuses fois le \u201cPavillon Bleu\u201d (Bandiera Blu), prestigieuse r\u00e9compense de la Fondation pour l\u2019Education \u00e0 l\u2019Environnement (FEE). Le village est<\/p>\n","protected":false},"author":3,"featured_media":45,"parent":0,"menu_order":0,"comment_status":"closed","ping_status":"closed","template":"","meta":{"footnotes":""},"class_list":["post-219","page","type-page","status-publish","has-post-thumbnail","hentry"],"_links":{"self":[{"href":"https:\/\/www.la-bussola.it\/fr\/wp-json\/wp\/v2\/pages\/219","targetHints":{"allow":["GET"]}}],"collection":[{"href":"https:\/\/www.la-bussola.it\/fr\/wp-json\/wp\/v2\/pages"}],"about":[{"href":"https:\/\/www.la-bussola.it\/fr\/wp-json\/wp\/v2\/types\/page"}],"author":[{"embeddable":true,"href":"https:\/\/www.la-bussola.it\/fr\/wp-json\/wp\/v2\/users\/3"}],"replies":[{"embeddable":true,"href":"https:\/\/www.la-bussola.it\/fr\/wp-json\/wp\/v2\/comments?post=219"}],"version-history":[{"count":0,"href":"https:\/\/www.la-bussola.it\/fr\/wp-json\/wp\/v2\/pages\/219\/revisions"}],"wp:featuredmedia":[{"embeddable":true,"href":"https:\/\/www.la-bussola.it\/fr\/wp-json\/wp\/v2\/media\/45"}],"wp:attachment":[{"href":"https:\/\/www.la-bussola.it\/fr\/wp-json\/wp\/v2\/media?parent=219"}],"curies":[{"name":"wp","href":"https:\/\/api.w.org\/{rel}","templated":true}]}}