{"id":220,"date":"2017-12-26T11:45:02","date_gmt":"2017-12-26T11:45:02","guid":{"rendered":"http:\/\/www.la-bussola.it\/?page_id=220"},"modified":"2017-12-26T16:08:33","modified_gmt":"2017-12-26T16:08:33","slug":"castel-del-monte-et-alberobello","status":"publish","type":"page","link":"https:\/\/www.la-bussola.it\/fr\/castel-del-monte-et-alberobello\/","title":{"rendered":"Castel del Monte et Alberobello"},"content":{"rendered":"<p>Castel del Monte, situ\u00e9 au sommet d\u2019une colline, est un monument unique en son genre dont la fonction demeure encore inexplicable pour de nombreux chercheurs et historiens. Il fait partie du Patrimoine Mondial de l\u2019UNESCO et est, sans aucun doute, un des lieux les plus admir\u00e9s et les plus myst\u00e9rieux d\u2019Italie.<br \/>\nAlberello est connue pour la c\u00e9l\u00e8bre forme conique de ses \u00ab Trulli \u00bb, maisons de pierres blanchies \u00e0 la chaux et aux toits en forme de c\u00f4nes, r\u00e9alis\u00e9s en dalles de calcaires empil\u00e9es les unes sur les autres sans ciment. On y trouve des quartiers entiers compos\u00e9s de \u00ab Trulli \u00bb, comme le quartier de \u00ab Aia Piccola \u00bb class\u00e9 au Patrimoine Mondiale de L\u2019UNESCO.<\/p>\n<div id='gallery-1' class='gallery galleryid-220 gallery-columns-5 gallery-size-medium'><dl class='gallery-item'>\n\t\t\t<dt class='gallery-icon landscape'>\n\t\t\t\t<a href='https:\/\/www.la-bussola.it\/wp-content\/uploads\/2015\/02\/alberobello3.jpg' rel=\"lightbox[220]\"><img loading=\"lazy\" decoding=\"async\" width=\"300\" height=\"219\" src=\"https:\/\/www.la-bussola.it\/wp-content\/uploads\/2015\/02\/alberobello3-300x219.jpg\" class=\"attachment-medium size-medium\" alt=\"Alberobello\" srcset=\"https:\/\/www.la-bussola.it\/wp-content\/uploads\/2015\/02\/alberobello3-300x219.jpg 300w, https:\/\/www.la-bussola.it\/wp-content\/uploads\/2015\/02\/alberobello3.jpg 800w\" sizes=\"auto, (max-width: 300px) 100vw, 300px\" \/><\/a>\n\t\t\t<\/dt><\/dl><dl class='gallery-item'>\n\t\t\t<dt class='gallery-icon landscape'>\n\t\t\t\t<a href='https:\/\/www.la-bussola.it\/wp-content\/uploads\/2015\/02\/alberobello1.jpg' rel=\"lightbox[220]\"><img loading=\"lazy\" decoding=\"async\" width=\"300\" height=\"224\" src=\"https:\/\/www.la-bussola.it\/wp-content\/uploads\/2015\/02\/alberobello1-300x224.jpg\" class=\"attachment-medium size-medium\" alt=\"Alberobello\" srcset=\"https:\/\/www.la-bussola.it\/wp-content\/uploads\/2015\/02\/alberobello1-300x224.jpg 300w, https:\/\/www.la-bussola.it\/wp-content\/uploads\/2015\/02\/alberobello1.jpg 800w\" sizes=\"auto, (max-width: 300px) 100vw, 300px\" \/><\/a>\n\t\t\t<\/dt><\/dl><dl class='gallery-item'>\n\t\t\t<dt class='gallery-icon landscape'>\n\t\t\t\t<a href='https:\/\/www.la-bussola.it\/wp-content\/uploads\/2015\/02\/alberobello2.jpg' rel=\"lightbox[220]\"><img loading=\"lazy\" decoding=\"async\" width=\"300\" height=\"227\" src=\"https:\/\/www.la-bussola.it\/wp-content\/uploads\/2015\/02\/alberobello2-300x227.jpg\" class=\"attachment-medium size-medium\" alt=\"Alberobello\" srcset=\"https:\/\/www.la-bussola.it\/wp-content\/uploads\/2015\/02\/alberobello2-300x227.jpg 300w, https:\/\/www.la-bussola.it\/wp-content\/uploads\/2015\/02\/alberobello2.jpg 790w\" sizes=\"auto, (max-width: 300px) 100vw, 300px\" \/><\/a>\n\t\t\t<\/dt><\/dl><dl class='gallery-item'>\n\t\t\t<dt class='gallery-icon landscape'>\n\t\t\t\t<a href='https:\/\/www.la-bussola.it\/wp-content\/uploads\/2015\/02\/casteldelmonte1.jpg' rel=\"lightbox[220]\"><img loading=\"lazy\" decoding=\"async\" width=\"300\" height=\"225\" src=\"https:\/\/www.la-bussola.it\/wp-content\/uploads\/2015\/02\/casteldelmonte1-300x225.jpg\" class=\"attachment-medium size-medium\" alt=\"Castel del Monte\" srcset=\"https:\/\/www.la-bussola.it\/wp-content\/uploads\/2015\/02\/casteldelmonte1-300x225.jpg 300w, https:\/\/www.la-bussola.it\/wp-content\/uploads\/2015\/02\/casteldelmonte1.jpg 800w\" sizes=\"auto, (max-width: 300px) 100vw, 300px\" \/><\/a>\n\t\t\t<\/dt><\/dl><dl class='gallery-item'>\n\t\t\t<dt class='gallery-icon landscape'>\n\t\t\t\t<a href='https:\/\/www.la-bussola.it\/wp-content\/uploads\/2015\/02\/casteldelmonte2.jpg' rel=\"lightbox[220]\"><img loading=\"lazy\" decoding=\"async\" width=\"300\" height=\"225\" src=\"https:\/\/www.la-bussola.it\/wp-content\/uploads\/2015\/02\/casteldelmonte2-300x225.jpg\" class=\"attachment-medium size-medium\" alt=\"Castel del Monte\" srcset=\"https:\/\/www.la-bussola.it\/wp-content\/uploads\/2015\/02\/casteldelmonte2-300x225.jpg 300w, https:\/\/www.la-bussola.it\/wp-content\/uploads\/2015\/02\/casteldelmonte2.jpg 800w\" sizes=\"auto, (max-width: 300px) 100vw, 300px\" \/><\/a>\n\t\t\t<\/dt><\/dl><br style=\"clear: both\" \/>\n\t\t<\/div>\n\n","protected":false},"excerpt":{"rendered":"<p>Castel del Monte, situ\u00e9 au sommet d\u2019une colline, est un monument unique en son genre dont la fonction demeure encore inexplicable pour de nombreux chercheurs et historiens. Il fait partie du Patrimoine Mondial de l\u2019UNESCO et est, sans aucun doute,<\/p>\n","protected":false},"author":3,"featured_media":47,"parent":0,"menu_order":0,"comment_status":"closed","ping_status":"closed","template":"","meta":{"footnotes":""},"class_list":["post-220","page","type-page","status-publish","has-post-thumbnail","hentry"],"_links":{"self":[{"href":"https:\/\/www.la-bussola.it\/fr\/wp-json\/wp\/v2\/pages\/220","targetHints":{"allow":["GET"]}}],"collection":[{"href":"https:\/\/www.la-bussola.it\/fr\/wp-json\/wp\/v2\/pages"}],"about":[{"href":"https:\/\/www.la-bussola.it\/fr\/wp-json\/wp\/v2\/types\/page"}],"author":[{"embeddable":true,"href":"https:\/\/www.la-bussola.it\/fr\/wp-json\/wp\/v2\/users\/3"}],"replies":[{"embeddable":true,"href":"https:\/\/www.la-bussola.it\/fr\/wp-json\/wp\/v2\/comments?post=220"}],"version-history":[{"count":0,"href":"https:\/\/www.la-bussola.it\/fr\/wp-json\/wp\/v2\/pages\/220\/revisions"}],"wp:featuredmedia":[{"embeddable":true,"href":"https:\/\/www.la-bussola.it\/fr\/wp-json\/wp\/v2\/media\/47"}],"wp:attachment":[{"href":"https:\/\/www.la-bussola.it\/fr\/wp-json\/wp\/v2\/media?parent=220"}],"curies":[{"name":"wp","href":"https:\/\/api.w.org\/{rel}","templated":true}]}}