{"id":221,"date":"2016-05-07T10:42:25","date_gmt":"2016-05-07T10:42:25","guid":{"rendered":"http:\/\/www.la-bussola.it\/?page_id=221"},"modified":"2017-12-26T16:06:58","modified_gmt":"2017-12-26T16:06:58","slug":"manfredonia-et-siponto","status":"publish","type":"page","link":"https:\/\/www.la-bussola.it\/fr\/manfredonia-et-siponto\/","title":{"rendered":"Manfredonia et Siponto"},"content":{"rendered":"<p>Manfredonia est une station baln\u00e9aire anim\u00e9e, une juxtaposition de maisons d\u2019\u00e9poque et de nouvelles constructions. Ville portuaire et maritime par excellence, son nom provient de celui de Manfred Ier de Sicile, roi de Sicile, fils l\u00e9gitime de Fr\u00e9deric II qui la construit au milieu du XIIIe si\u00e8cle pour loger les habitants de Sipontum, ville d\u00e9truite par les sarrasins et par un tremblement de terre.<br \/>\nManfred Ier de Sicile se fut b\u00e2tir un ch\u00e2teau, reconstruit successivement par Charles d\u2019Anjou, o\u00f9 si\u00e8ge d\u00e9sormais le Mus\u00e9e National d\u2019Arch\u00e9ologie de Manfredonia qui conserve la \u00ab St\u00e8le Daunie \u00bb, st\u00e8le fun\u00e9raire en pierre calcaire. De la veille ville de Sipontum, \u00e0 quelques m\u00e8tres de Manfredonia, demeurent de nombreux sites arch\u00e9ologiques ainsi que la magnifique Basilique de Siponto, la \u00abBasilica di Santa Maria Maggiore di Siponto\u00bb.<\/p>\n<div id='gallery-1' class='gallery galleryid-221 gallery-columns-5 gallery-size-medium'><dl class='gallery-item'>\n\t\t\t<dt class='gallery-icon landscape'>\n\t\t\t\t<a href='https:\/\/www.la-bussola.it\/wp-content\/uploads\/2015\/02\/manfredonia1.jpg' rel=\"lightbox[221]\"><img loading=\"lazy\" decoding=\"async\" width=\"300\" height=\"225\" src=\"https:\/\/www.la-bussola.it\/wp-content\/uploads\/2015\/02\/manfredonia1-300x225.jpg\" class=\"attachment-medium size-medium\" alt=\"Il Castello di Manfredonia\" srcset=\"https:\/\/www.la-bussola.it\/wp-content\/uploads\/2015\/02\/manfredonia1-300x225.jpg 300w, https:\/\/www.la-bussola.it\/wp-content\/uploads\/2015\/02\/manfredonia1.jpg 700w\" sizes=\"auto, (max-width: 300px) 100vw, 300px\" \/><\/a>\n\t\t\t<\/dt><\/dl><dl class='gallery-item'>\n\t\t\t<dt class='gallery-icon landscape'>\n\t\t\t\t<a href='https:\/\/www.la-bussola.it\/wp-content\/uploads\/2015\/02\/porto.manfredonia.jpg' rel=\"lightbox[221]\"><img loading=\"lazy\" decoding=\"async\" width=\"300\" height=\"224\" src=\"https:\/\/www.la-bussola.it\/wp-content\/uploads\/2015\/02\/porto.manfredonia-300x224.jpg\" class=\"attachment-medium size-medium\" alt=\"Vista panoramica di Manfredonia\" srcset=\"https:\/\/www.la-bussola.it\/wp-content\/uploads\/2015\/02\/porto.manfredonia-300x224.jpg 300w, https:\/\/www.la-bussola.it\/wp-content\/uploads\/2015\/02\/porto.manfredonia.jpg 700w\" sizes=\"auto, (max-width: 300px) 100vw, 300px\" \/><\/a>\n\t\t\t<\/dt><\/dl><dl class='gallery-item'>\n\t\t\t<dt class='gallery-icon landscape'>\n\t\t\t\t<a href='https:\/\/www.la-bussola.it\/wp-content\/uploads\/2015\/02\/chiesa.siponto.mattnata.jpg' rel=\"lightbox[221]\"><img loading=\"lazy\" decoding=\"async\" width=\"300\" height=\"224\" src=\"https:\/\/www.la-bussola.it\/wp-content\/uploads\/2015\/02\/chiesa.siponto.mattnata-300x224.jpg\" class=\"attachment-medium size-medium\" alt=\"Chiesa di Siponto a Manfredonia\" srcset=\"https:\/\/www.la-bussola.it\/wp-content\/uploads\/2015\/02\/chiesa.siponto.mattnata-300x224.jpg 300w, https:\/\/www.la-bussola.it\/wp-content\/uploads\/2015\/02\/chiesa.siponto.mattnata.jpg 700w\" sizes=\"auto, (max-width: 300px) 100vw, 300px\" \/><\/a>\n\t\t\t<\/dt><\/dl><dl class='gallery-item'>\n\t\t\t<dt class='gallery-icon landscape'>\n\t\t\t\t<a href='https:\/\/www.la-bussola.it\/wp-content\/uploads\/2015\/02\/castello.manfredonia1.jpg' rel=\"lightbox[221]\"><img loading=\"lazy\" decoding=\"async\" width=\"300\" height=\"225\" src=\"https:\/\/www.la-bussola.it\/wp-content\/uploads\/2015\/02\/castello.manfredonia1-300x225.jpg\" class=\"attachment-medium size-medium\" alt=\"Il Castello di Manfredonia\" srcset=\"https:\/\/www.la-bussola.it\/wp-content\/uploads\/2015\/02\/castello.manfredonia1-300x225.jpg 300w, https:\/\/www.la-bussola.it\/wp-content\/uploads\/2015\/02\/castello.manfredonia1.jpg 700w\" sizes=\"auto, (max-width: 300px) 100vw, 300px\" \/><\/a>\n\t\t\t<\/dt><\/dl>\n\t\t\t<br style='clear: both' \/>\n\t\t<\/div>\n\n","protected":false},"excerpt":{"rendered":"<p>Manfredonia est une station baln\u00e9aire anim\u00e9e, une juxtaposition de maisons d\u2019\u00e9poque et de nouvelles constructions. Ville portuaire et maritime par excellence, son nom provient de celui de Manfred Ier de Sicile, roi de Sicile, fils l\u00e9gitime de Fr\u00e9deric II qui<\/p>\n","protected":false},"author":3,"featured_media":44,"parent":0,"menu_order":0,"comment_status":"closed","ping_status":"closed","template":"","meta":{"footnotes":""},"class_list":["post-221","page","type-page","status-publish","has-post-thumbnail","hentry"],"_links":{"self":[{"href":"https:\/\/www.la-bussola.it\/fr\/wp-json\/wp\/v2\/pages\/221","targetHints":{"allow":["GET"]}}],"collection":[{"href":"https:\/\/www.la-bussola.it\/fr\/wp-json\/wp\/v2\/pages"}],"about":[{"href":"https:\/\/www.la-bussola.it\/fr\/wp-json\/wp\/v2\/types\/page"}],"author":[{"embeddable":true,"href":"https:\/\/www.la-bussola.it\/fr\/wp-json\/wp\/v2\/users\/3"}],"replies":[{"embeddable":true,"href":"https:\/\/www.la-bussola.it\/fr\/wp-json\/wp\/v2\/comments?post=221"}],"version-history":[{"count":0,"href":"https:\/\/www.la-bussola.it\/fr\/wp-json\/wp\/v2\/pages\/221\/revisions"}],"wp:featuredmedia":[{"embeddable":true,"href":"https:\/\/www.la-bussola.it\/fr\/wp-json\/wp\/v2\/media\/44"}],"wp:attachment":[{"href":"https:\/\/www.la-bussola.it\/fr\/wp-json\/wp\/v2\/media?parent=221"}],"curies":[{"name":"wp","href":"https:\/\/api.w.org\/{rel}","templated":true}]}}