{"id":223,"date":"2016-05-07T10:45:59","date_gmt":"2016-05-07T10:45:59","guid":{"rendered":"http:\/\/www.la-bussola.it\/?page_id=223"},"modified":"2017-12-26T16:05:26","modified_gmt":"2017-12-26T16:05:26","slug":"mattinata-fr","status":"publish","type":"page","link":"https:\/\/www.la-bussola.it\/fr\/mattinata-fr\/","title":{"rendered":"Mattinata"},"content":{"rendered":"<p>Le territoire de Mattinata, du sommet de la montagne en passant par les collines et jusqu\u2019aux plaines, est une succession de paysages verdoyants. A proximit\u00e9 de forets est pr\u00e9sente une v\u00e9g\u00e9tation de type m\u00e9diterran\u00e9enne riche de Pins, Ch\u00eanes, Garrigues, C\u00e8dres et H\u00eatres.<br \/>\nCe magnifique panorama est rendu encore plus suggestif par la pr\u00e9sence de fermes et d\u2019animaux laiss\u00e9s en libert\u00e9. Tout au long de l\u2019ann\u00e9e il est possible de go\u00fbter et de d\u00e9guster de nombreux produits du terroir, gr\u00e2ce \u00e0 la grande disponibilit\u00e9 des agriculteurs locaux.<\/p>\n<div id='gallery-1' class='gallery galleryid-223 gallery-columns-5 gallery-size-medium'><dl class='gallery-item'>\n\t\t\t<dt class='gallery-icon landscape'>\n\t\t\t\t<a href='https:\/\/www.la-bussola.it\/wp-content\/uploads\/2015\/02\/mattinata5.jpg' rel=\"lightbox[223]\"><img loading=\"lazy\" decoding=\"async\" width=\"300\" height=\"225\" src=\"https:\/\/www.la-bussola.it\/wp-content\/uploads\/2015\/02\/mattinata5-300x225.jpg\" class=\"attachment-medium size-medium\" alt=\"La spiaggia di Mattinata\" srcset=\"https:\/\/www.la-bussola.it\/wp-content\/uploads\/2015\/02\/mattinata5-300x225.jpg 300w, https:\/\/www.la-bussola.it\/wp-content\/uploads\/2015\/02\/mattinata5.jpg 600w\" sizes=\"auto, (max-width: 300px) 100vw, 300px\" \/><\/a>\n\t\t\t<\/dt><\/dl><dl class='gallery-item'>\n\t\t\t<dt class='gallery-icon landscape'>\n\t\t\t\t<a href='https:\/\/www.la-bussola.it\/wp-content\/uploads\/2015\/02\/mattinata3.jpg' rel=\"lightbox[223]\"><img loading=\"lazy\" decoding=\"async\" width=\"300\" height=\"224\" src=\"https:\/\/www.la-bussola.it\/wp-content\/uploads\/2015\/02\/mattinata3-300x224.jpg\" class=\"attachment-medium size-medium\" alt=\"La piana di Mattinata\" srcset=\"https:\/\/www.la-bussola.it\/wp-content\/uploads\/2015\/02\/mattinata3-300x224.jpg 300w, https:\/\/www.la-bussola.it\/wp-content\/uploads\/2015\/02\/mattinata3.jpg 600w\" sizes=\"auto, (max-width: 300px) 100vw, 300px\" \/><\/a>\n\t\t\t<\/dt><\/dl><dl class='gallery-item'>\n\t\t\t<dt class='gallery-icon landscape'>\n\t\t\t\t<a href='https:\/\/www.la-bussola.it\/wp-content\/uploads\/2015\/02\/mattinata1.jpg' rel=\"lightbox[223]\"><img loading=\"lazy\" decoding=\"async\" width=\"300\" height=\"225\" src=\"https:\/\/www.la-bussola.it\/wp-content\/uploads\/2015\/02\/mattinata1-300x225.jpg\" class=\"attachment-medium size-medium\" alt=\"Mattinata vista dall&#039;alto\" srcset=\"https:\/\/www.la-bussola.it\/wp-content\/uploads\/2015\/02\/mattinata1-300x225.jpg 300w, https:\/\/www.la-bussola.it\/wp-content\/uploads\/2015\/02\/mattinata1.jpg 600w\" sizes=\"auto, (max-width: 300px) 100vw, 300px\" \/><\/a>\n\t\t\t<\/dt><\/dl><dl class='gallery-item'>\n\t\t\t<dt class='gallery-icon landscape'>\n\t\t\t\t<a href='https:\/\/www.la-bussola.it\/wp-content\/uploads\/2015\/02\/mattinata2.jpg' rel=\"lightbox[223]\"><img loading=\"lazy\" decoding=\"async\" width=\"300\" height=\"225\" src=\"https:\/\/www.la-bussola.it\/wp-content\/uploads\/2015\/02\/mattinata2-300x225.jpg\" class=\"attachment-medium size-medium\" alt=\"Albero di ulivo\" srcset=\"https:\/\/www.la-bussola.it\/wp-content\/uploads\/2015\/02\/mattinata2-300x225.jpg 300w, https:\/\/www.la-bussola.it\/wp-content\/uploads\/2015\/02\/mattinata2.jpg 600w\" sizes=\"auto, (max-width: 300px) 100vw, 300px\" \/><\/a>\n\t\t\t<\/dt><\/dl><dl class='gallery-item'>\n\t\t\t<dt class='gallery-icon landscape'>\n\t\t\t\t<a href='https:\/\/www.la-bussola.it\/wp-content\/uploads\/2015\/02\/mattinata4.jpg' rel=\"lightbox[223]\"><img loading=\"lazy\" decoding=\"async\" width=\"300\" height=\"225\" src=\"https:\/\/www.la-bussola.it\/wp-content\/uploads\/2015\/02\/mattinata4-300x225.jpg\" class=\"attachment-medium size-medium\" alt=\"I Faraglioni di Puglia\" srcset=\"https:\/\/www.la-bussola.it\/wp-content\/uploads\/2015\/02\/mattinata4-300x225.jpg 300w, https:\/\/www.la-bussola.it\/wp-content\/uploads\/2015\/02\/mattinata4.jpg 600w\" sizes=\"auto, (max-width: 300px) 100vw, 300px\" \/><\/a>\n\t\t\t<\/dt><\/dl><br style=\"clear: both\" \/>\n\t\t<\/div>\n\n","protected":false},"excerpt":{"rendered":"<p>Le territoire de Mattinata, du sommet de la montagne en passant par les collines et jusqu\u2019aux plaines, est une succession de paysages verdoyants. A proximit\u00e9 de forets est pr\u00e9sente une v\u00e9g\u00e9tation de type m\u00e9diterran\u00e9enne riche de Pins, Ch\u00eanes, Garrigues, C\u00e8dres<\/p>\n","protected":false},"author":3,"featured_media":46,"parent":0,"menu_order":0,"comment_status":"closed","ping_status":"closed","template":"","meta":{"footnotes":""},"class_list":["post-223","page","type-page","status-publish","has-post-thumbnail","hentry"],"_links":{"self":[{"href":"https:\/\/www.la-bussola.it\/fr\/wp-json\/wp\/v2\/pages\/223","targetHints":{"allow":["GET"]}}],"collection":[{"href":"https:\/\/www.la-bussola.it\/fr\/wp-json\/wp\/v2\/pages"}],"about":[{"href":"https:\/\/www.la-bussola.it\/fr\/wp-json\/wp\/v2\/types\/page"}],"author":[{"embeddable":true,"href":"https:\/\/www.la-bussola.it\/fr\/wp-json\/wp\/v2\/users\/3"}],"replies":[{"embeddable":true,"href":"https:\/\/www.la-bussola.it\/fr\/wp-json\/wp\/v2\/comments?post=223"}],"version-history":[{"count":0,"href":"https:\/\/www.la-bussola.it\/fr\/wp-json\/wp\/v2\/pages\/223\/revisions"}],"wp:featuredmedia":[{"embeddable":true,"href":"https:\/\/www.la-bussola.it\/fr\/wp-json\/wp\/v2\/media\/46"}],"wp:attachment":[{"href":"https:\/\/www.la-bussola.it\/fr\/wp-json\/wp\/v2\/media?parent=223"}],"curies":[{"name":"wp","href":"https:\/\/api.w.org\/{rel}","templated":true}]}}