{"id":224,"date":"2016-05-07T10:49:26","date_gmt":"2016-05-07T10:49:26","guid":{"rendered":"http:\/\/www.la-bussola.it\/?page_id=224"},"modified":"2017-12-26T16:02:37","modified_gmt":"2017-12-26T16:02:37","slug":"monte-santangelo","status":"publish","type":"page","link":"https:\/\/www.la-bussola.it\/fr\/monte-santangelo\/","title":{"rendered":"Monte Sant&#8217;Angelo"},"content":{"rendered":"<p>Monte Sant \u2018Angelo se trouve en position panoramique sur un \u00e9peron du promontoire avec une vue sur la plaine du Tavoliere et sur le golfe de Manfredonia. L\u2019\u00e9peron est de nature calcaire et pr\u00e9sente de nombreuses cavernes et grottes parmi lesquelles se trouve celle o\u00f9 est apparu l\u2019archange Michel.<\/p>\n<div id='gallery-1' class='gallery galleryid-224 gallery-columns-5 gallery-size-medium'><dl class='gallery-item'>\n\t\t\t<dt class='gallery-icon landscape'>\n\t\t\t\t<a href='https:\/\/www.la-bussola.it\/wp-content\/uploads\/2015\/02\/montes.angelo2.jpg' rel=\"lightbox[224]\"><img loading=\"lazy\" decoding=\"async\" width=\"300\" height=\"229\" src=\"https:\/\/www.la-bussola.it\/wp-content\/uploads\/2015\/02\/montes.angelo2-300x229.jpg\" class=\"attachment-medium size-medium\" alt=\"Monte Sant&#039;Angelo\" srcset=\"https:\/\/www.la-bussola.it\/wp-content\/uploads\/2015\/02\/montes.angelo2-300x229.jpg 300w, https:\/\/www.la-bussola.it\/wp-content\/uploads\/2015\/02\/montes.angelo2.jpg 700w\" sizes=\"auto, (max-width: 300px) 100vw, 300px\" \/><\/a>\n\t\t\t<\/dt><\/dl><dl class='gallery-item'>\n\t\t\t<dt class='gallery-icon landscape'>\n\t\t\t\t<a href='https:\/\/www.la-bussola.it\/wp-content\/uploads\/2015\/02\/montes.angelo4.jpg' rel=\"lightbox[224]\"><img loading=\"lazy\" decoding=\"async\" width=\"300\" height=\"225\" src=\"https:\/\/www.la-bussola.it\/wp-content\/uploads\/2015\/02\/montes.angelo4-300x225.jpg\" class=\"attachment-medium size-medium\" alt=\"Monte Sant&#039;Angelo\" srcset=\"https:\/\/www.la-bussola.it\/wp-content\/uploads\/2015\/02\/montes.angelo4-300x225.jpg 300w, https:\/\/www.la-bussola.it\/wp-content\/uploads\/2015\/02\/montes.angelo4.jpg 700w\" sizes=\"auto, (max-width: 300px) 100vw, 300px\" \/><\/a>\n\t\t\t<\/dt><\/dl><dl class='gallery-item'>\n\t\t\t<dt class='gallery-icon landscape'>\n\t\t\t\t<a href='https:\/\/www.la-bussola.it\/wp-content\/uploads\/2015\/02\/montes.angelo3.jpg' rel=\"lightbox[224]\"><img loading=\"lazy\" decoding=\"async\" width=\"300\" height=\"212\" src=\"https:\/\/www.la-bussola.it\/wp-content\/uploads\/2015\/02\/montes.angelo3-300x212.jpg\" class=\"attachment-medium size-medium\" alt=\"Monte Sant&#039;Angelo\" srcset=\"https:\/\/www.la-bussola.it\/wp-content\/uploads\/2015\/02\/montes.angelo3-300x212.jpg 300w, https:\/\/www.la-bussola.it\/wp-content\/uploads\/2015\/02\/montes.angelo3.jpg 700w\" sizes=\"auto, (max-width: 300px) 100vw, 300px\" \/><\/a>\n\t\t\t<\/dt><\/dl><dl class='gallery-item'>\n\t\t\t<dt class='gallery-icon landscape'>\n\t\t\t\t<a href='https:\/\/www.la-bussola.it\/wp-content\/uploads\/2015\/02\/montes.angelo1.jpg' rel=\"lightbox[224]\"><img loading=\"lazy\" decoding=\"async\" width=\"300\" height=\"195\" src=\"https:\/\/www.la-bussola.it\/wp-content\/uploads\/2015\/02\/montes.angelo1-300x195.jpg\" class=\"attachment-medium size-medium\" alt=\"Monte Sant&#039;Angelo\" srcset=\"https:\/\/www.la-bussola.it\/wp-content\/uploads\/2015\/02\/montes.angelo1-300x195.jpg 300w, https:\/\/www.la-bussola.it\/wp-content\/uploads\/2015\/02\/montes.angelo1.jpg 700w\" sizes=\"auto, (max-width: 300px) 100vw, 300px\" \/><\/a>\n\t\t\t<\/dt><\/dl>\n\t\t\t<br style='clear: both' \/>\n\t\t<\/div>\n\n","protected":false},"excerpt":{"rendered":"<p>Monte Sant \u2018Angelo se trouve en position panoramique sur un \u00e9peron du promontoire avec une vue sur la plaine du Tavoliere et sur le golfe de Manfredonia. L\u2019\u00e9peron est de nature calcaire et pr\u00e9sente de nombreuses cavernes et grottes parmi<\/p>\n","protected":false},"author":3,"featured_media":48,"parent":0,"menu_order":0,"comment_status":"closed","ping_status":"closed","template":"","meta":{"footnotes":""},"class_list":["post-224","page","type-page","status-publish","has-post-thumbnail","hentry"],"_links":{"self":[{"href":"https:\/\/www.la-bussola.it\/fr\/wp-json\/wp\/v2\/pages\/224","targetHints":{"allow":["GET"]}}],"collection":[{"href":"https:\/\/www.la-bussola.it\/fr\/wp-json\/wp\/v2\/pages"}],"about":[{"href":"https:\/\/www.la-bussola.it\/fr\/wp-json\/wp\/v2\/types\/page"}],"author":[{"embeddable":true,"href":"https:\/\/www.la-bussola.it\/fr\/wp-json\/wp\/v2\/users\/3"}],"replies":[{"embeddable":true,"href":"https:\/\/www.la-bussola.it\/fr\/wp-json\/wp\/v2\/comments?post=224"}],"version-history":[{"count":0,"href":"https:\/\/www.la-bussola.it\/fr\/wp-json\/wp\/v2\/pages\/224\/revisions"}],"wp:featuredmedia":[{"embeddable":true,"href":"https:\/\/www.la-bussola.it\/fr\/wp-json\/wp\/v2\/media\/48"}],"wp:attachment":[{"href":"https:\/\/www.la-bussola.it\/fr\/wp-json\/wp\/v2\/media?parent=224"}],"curies":[{"name":"wp","href":"https:\/\/api.w.org\/{rel}","templated":true}]}}