{"id":39,"date":"2015-02-04T16:58:30","date_gmt":"2015-02-04T16:58:30","guid":{"rendered":"http:\/\/www.la-bussola.it\/?page_id=39"},"modified":"2017-12-26T16:03:18","modified_gmt":"2017-12-26T16:03:18","slug":"monte-santangelo","status":"publish","type":"page","link":"https:\/\/www.la-bussola.it\/it\/escursioni\/monte-santangelo\/","title":{"rendered":"Monte Sant&#8217;Angelo"},"content":{"rendered":"<p>Monte Sant&#8217;Angelo \u00e8 situato in una posizione panoramica su uno sperone meridionale del promontorio con la vista aperta sul Tavoliere e sul golfo di Manfredonia. Lo sperone \u00e8 di natura calcarea e presenta perci\u00f2 caverne e grotte tra le quali pi\u00f9 nota \u00e8 quella in cui si trova l&#8217;altare di S. Michele Arcangelo.<\/p>\n<div id='gallery-1' class='gallery galleryid-39 gallery-columns-5 gallery-size-medium'><dl class='gallery-item'>\n\t\t\t<dt class='gallery-icon landscape'>\n\t\t\t\t<a href='https:\/\/www.la-bussola.it\/wp-content\/uploads\/2015\/02\/montes.angelo2.jpg' rel=\"lightbox[39]\"><img loading=\"lazy\" decoding=\"async\" width=\"300\" height=\"229\" src=\"https:\/\/www.la-bussola.it\/wp-content\/uploads\/2015\/02\/montes.angelo2-300x229.jpg\" class=\"attachment-medium size-medium\" alt=\"Monte Sant&#039;Angelo\" srcset=\"https:\/\/www.la-bussola.it\/wp-content\/uploads\/2015\/02\/montes.angelo2-300x229.jpg 300w, https:\/\/www.la-bussola.it\/wp-content\/uploads\/2015\/02\/montes.angelo2.jpg 700w\" sizes=\"auto, (max-width: 300px) 100vw, 300px\" \/><\/a>\n\t\t\t<\/dt><\/dl><dl class='gallery-item'>\n\t\t\t<dt class='gallery-icon landscape'>\n\t\t\t\t<a href='https:\/\/www.la-bussola.it\/wp-content\/uploads\/2015\/02\/montes.angelo4.jpg' rel=\"lightbox[39]\"><img loading=\"lazy\" decoding=\"async\" width=\"300\" height=\"225\" src=\"https:\/\/www.la-bussola.it\/wp-content\/uploads\/2015\/02\/montes.angelo4-300x225.jpg\" class=\"attachment-medium size-medium\" alt=\"Monte Sant&#039;Angelo\" srcset=\"https:\/\/www.la-bussola.it\/wp-content\/uploads\/2015\/02\/montes.angelo4-300x225.jpg 300w, https:\/\/www.la-bussola.it\/wp-content\/uploads\/2015\/02\/montes.angelo4.jpg 700w\" sizes=\"auto, (max-width: 300px) 100vw, 300px\" \/><\/a>\n\t\t\t<\/dt><\/dl><dl class='gallery-item'>\n\t\t\t<dt class='gallery-icon landscape'>\n\t\t\t\t<a href='https:\/\/www.la-bussola.it\/wp-content\/uploads\/2015\/02\/montes.angelo3.jpg' rel=\"lightbox[39]\"><img loading=\"lazy\" decoding=\"async\" width=\"300\" height=\"212\" src=\"https:\/\/www.la-bussola.it\/wp-content\/uploads\/2015\/02\/montes.angelo3-300x212.jpg\" class=\"attachment-medium size-medium\" alt=\"Monte Sant&#039;Angelo\" srcset=\"https:\/\/www.la-bussola.it\/wp-content\/uploads\/2015\/02\/montes.angelo3-300x212.jpg 300w, https:\/\/www.la-bussola.it\/wp-content\/uploads\/2015\/02\/montes.angelo3.jpg 700w\" sizes=\"auto, (max-width: 300px) 100vw, 300px\" \/><\/a>\n\t\t\t<\/dt><\/dl><dl class='gallery-item'>\n\t\t\t<dt class='gallery-icon landscape'>\n\t\t\t\t<a href='https:\/\/www.la-bussola.it\/wp-content\/uploads\/2015\/02\/montes.angelo1.jpg' rel=\"lightbox[39]\"><img loading=\"lazy\" decoding=\"async\" width=\"300\" height=\"195\" src=\"https:\/\/www.la-bussola.it\/wp-content\/uploads\/2015\/02\/montes.angelo1-300x195.jpg\" class=\"attachment-medium size-medium\" alt=\"Monte Sant&#039;Angelo\" srcset=\"https:\/\/www.la-bussola.it\/wp-content\/uploads\/2015\/02\/montes.angelo1-300x195.jpg 300w, https:\/\/www.la-bussola.it\/wp-content\/uploads\/2015\/02\/montes.angelo1.jpg 700w\" sizes=\"auto, (max-width: 300px) 100vw, 300px\" \/><\/a>\n\t\t\t<\/dt><\/dl>\n\t\t\t<br style='clear: both' \/>\n\t\t<\/div>\n\n","protected":false},"excerpt":{"rendered":"<p>Monte Sant&#8217;Angelo \u00e8 situato in una posizione panoramica su uno sperone meridionale del promontorio con la vista aperta sul Tavoliere e sul golfo di Manfredonia. Lo sperone \u00e8 di natura calcarea e presenta perci\u00f2 caverne e grotte tra le quali<\/p>\n","protected":false},"author":3,"featured_media":48,"parent":18,"menu_order":0,"comment_status":"closed","ping_status":"closed","template":"","meta":{"footnotes":""},"class_list":["post-39","page","type-page","status-publish","has-post-thumbnail","hentry"],"_links":{"self":[{"href":"https:\/\/www.la-bussola.it\/fr\/wp-json\/wp\/v2\/pages\/39","targetHints":{"allow":["GET"]}}],"collection":[{"href":"https:\/\/www.la-bussola.it\/fr\/wp-json\/wp\/v2\/pages"}],"about":[{"href":"https:\/\/www.la-bussola.it\/fr\/wp-json\/wp\/v2\/types\/page"}],"author":[{"embeddable":true,"href":"https:\/\/www.la-bussola.it\/fr\/wp-json\/wp\/v2\/users\/3"}],"replies":[{"embeddable":true,"href":"https:\/\/www.la-bussola.it\/fr\/wp-json\/wp\/v2\/comments?post=39"}],"version-history":[{"count":0,"href":"https:\/\/www.la-bussola.it\/fr\/wp-json\/wp\/v2\/pages\/39\/revisions"}],"up":[{"embeddable":true,"href":"https:\/\/www.la-bussola.it\/fr\/wp-json\/wp\/v2\/pages\/18"}],"wp:featuredmedia":[{"embeddable":true,"href":"https:\/\/www.la-bussola.it\/fr\/wp-json\/wp\/v2\/media\/48"}],"wp:attachment":[{"href":"https:\/\/www.la-bussola.it\/fr\/wp-json\/wp\/v2\/media?parent=39"}],"curies":[{"name":"wp","href":"https:\/\/api.w.org\/{rel}","templated":true}]}}