{"id":11,"date":"2015-02-04T10:06:58","date_gmt":"2015-02-04T10:06:58","guid":{"rendered":"http:\/\/www.la-bussola.it\/?page_id=11"},"modified":"2026-02-10T16:30:59","modified_gmt":"2026-02-10T16:30:59","slug":"campeggio","status":"publish","type":"page","link":"https:\/\/www.la-bussola.it\/it\/campeggio\/","title":{"rendered":"Campeggio"},"content":{"rendered":"<p>Le piazzole sono disponibili in zone ombreggiate, vicine sia alla spiaggia che ai servizi igienici che erogano gratuitamente acqua calda. Le torrette per le prese di corrente sono centralizzate e situate in diversi punti all&#8217;interno della struttura.<br \/>\n<strong><br \/>\nCAMPER STOP:<\/strong><br \/>\n<strong>Equipaggio di due persone + un animale + camper\u00a0 nel periodo &#8220;A&#8221; dal 7\/01 al 30\/04. Costo giornaliero \u20ac 10,00 + \u20ac 5,00 attacco luce se richiesto.<\/strong><\/p>\n<h2 style=\"text-align: center;\">TARIFFE GIORNALIERE CAMPER<\/h2>\n<table class=\"tbl\" border=\"0\" width=\"100%\" cellspacing=\"1\" cellpadding=\"0\">\n<tbody>\n<tr>\n<td class=\"title\" align=\"center\" bgcolor=\"#087dc2\" width=\"7%\">PERIODO<\/td>\n<td class=\"title\" align=\"center\" bgcolor=\"#087dc2\" width=\"7%\">A<\/td>\n<td class=\"title\" align=\"center\" bgcolor=\"#087dc2\" width=\"7%\">B<\/td>\n<td class=\"title\" align=\"center\" bgcolor=\"#087dc2\" width=\"7%\">C<\/td>\n<td class=\"title\" align=\"center\" bgcolor=\"#087dc2\" width=\"7%\">D<\/td>\n<td class=\"title\" align=\"center\" bgcolor=\"#087dc2\" width=\"7%\">E<\/td>\n<\/tr>\n<tr>\n<td valign=\"middle\" bgcolor=\"#eaeaea\" height=\"30\">Tariffa Camper *<\/td>\n<td align=\"center\" valign=\"middle\" bgcolor=\"#F5F5F5\" height=\"30\">16,00<\/td>\n<td align=\"center\" valign=\"middle\" bgcolor=\"#F5F5F5\" height=\"30\">20,00<\/td>\n<td align=\"center\" valign=\"middle\" bgcolor=\"#F5F5F5\" height=\"30\">22,00<\/td>\n<td align=\"center\" valign=\"middle\" bgcolor=\"#F5F5F5\" height=\"30\">27,00<\/td>\n<td align=\"center\" valign=\"middle\" bgcolor=\"#F5F5F5\" height=\"30\">35,00<\/td>\n<\/tr>\n<tr>\n<td valign=\"middle\" bgcolor=\"#eaeaea\" height=\"30\">Adulto in pi\u00f9<\/td>\n<td align=\"center\" valign=\"middle\" bgcolor=\"#F5F5F5\" height=\"30\">3,00<\/td>\n<td align=\"center\" valign=\"middle\" bgcolor=\"#F5F5F5\" height=\"30\">3,00<\/td>\n<td align=\"center\" valign=\"middle\" bgcolor=\"#F5F5F5\" height=\"30\">4,00<\/td>\n<td align=\"center\" valign=\"middle\" bgcolor=\"#F5F5F5\" height=\"30\">5,00<\/td>\n<td align=\"center\" valign=\"middle\" bgcolor=\"#F5F5F5\" height=\"30\">6,00<\/td>\n<\/tr>\n<tr>\n<td valign=\"middle\" bgcolor=\"#eaeaea\" height=\"30\">Bambino in pi\u00f9<\/td>\n<td align=\"center\" valign=\"middle\" bgcolor=\"#F5F5F5\" height=\"30\">gratis<\/td>\n<td align=\"center\" valign=\"middle\" bgcolor=\"#F5F5F5\" height=\"30\">3,00<\/td>\n<td align=\"center\" valign=\"middle\" bgcolor=\"#F5F5F5\" height=\"30\">3,00<\/td>\n<td align=\"center\" valign=\"middle\" bgcolor=\"#F5F5F5\" height=\"30\">4,00<\/td>\n<td align=\"center\" valign=\"middle\" bgcolor=\"#F5F5F5\" height=\"30\">5,00<\/td>\n<\/tr>\n<tr>\n<td valign=\"middle\" bgcolor=\"#eaeaea\" height=\"30\">Carrello appendice<\/td>\n<td align=\"center\" valign=\"middle\" bgcolor=\"#F5F5F5\" height=\"30\">2,00<\/td>\n<td align=\"center\" valign=\"middle\" bgcolor=\"#F5F5F5\" height=\"30\">2,00<\/td>\n<td align=\"center\" valign=\"middle\" bgcolor=\"#F5F5F5\" height=\"30\">3,00<\/td>\n<td align=\"center\" valign=\"middle\" bgcolor=\"#F5F5F5\" height=\"30\">3,00<\/td>\n<td align=\"center\" valign=\"middle\" bgcolor=\"#F5F5F5\" height=\"30\">4,00<\/td>\n<\/tr>\n<tr>\n<td valign=\"middle\" bgcolor=\"#eaeaea\" height=\"30\">Igloo vicino camper<\/td>\n<td align=\"center\" valign=\"middle\" bgcolor=\"#F5F5F5\" height=\"30\">3,00<\/td>\n<td align=\"center\" valign=\"middle\" bgcolor=\"#F5F5F5\" height=\"30\">4,00<\/td>\n<td align=\"center\" valign=\"middle\" bgcolor=\"#F5F5F5\" height=\"30\">5,00<\/td>\n<td align=\"center\" valign=\"middle\" bgcolor=\"#F5F5F5\" height=\"30\">6,00<\/td>\n<td align=\"center\" valign=\"middle\" bgcolor=\"#F5F5F5\" height=\"30\">7,00<\/td>\n<\/tr>\n<tr>\n<td valign=\"middle\" bgcolor=\"#eaeaea\" height=\"30\">Elettricit\u00e0 6HP<\/td>\n<td align=\"center\" valign=\"middle\" bgcolor=\"#F5F5F5\" height=\"30\">5,00<\/td>\n<td align=\"center\" valign=\"middle\" bgcolor=\"#F5F5F5\" height=\"30\">5,00<\/td>\n<td align=\"center\" valign=\"middle\" bgcolor=\"#F5F5F5\" height=\"30\">5,00<\/td>\n<td align=\"center\" valign=\"middle\" bgcolor=\"#F5F5F5\" height=\"30\">5,00<\/td>\n<td align=\"center\" valign=\"middle\" bgcolor=\"#F5F5F5\" height=\"30\">5,00<\/td>\n<\/tr>\n<tr>\n<td valign=\"middle\" bgcolor=\"#eaeaea\" height=\"30\">Cane<\/td>\n<td align=\"center\" valign=\"middle\" bgcolor=\"#F5F5F5\" height=\"30\">gratis<\/td>\n<td align=\"center\" valign=\"middle\" bgcolor=\"#F5F5F5\" height=\"30\">gratis<\/td>\n<td align=\"center\" valign=\"middle\" bgcolor=\"#F5F5F5\" height=\"30\">gratis<\/td>\n<td align=\"center\" valign=\"middle\" bgcolor=\"#F5F5F5\" height=\"30\">4,00<\/td>\n<td align=\"center\" valign=\"middle\" bgcolor=\"#F5F5F5\" height=\"30\">4,00<\/td>\n<\/tr>\n<tr>\n<td valign=\"middle\" bgcolor=\"#eaeaea\" height=\"30\">Giornaliero**<\/td>\n<td align=\"center\" valign=\"middle\" bgcolor=\"#F5F5F5\" height=\"30\">13,00<\/td>\n<td align=\"center\" valign=\"middle\" bgcolor=\"#F5F5F5\" height=\"30\">16,00<\/td>\n<td align=\"center\" valign=\"middle\" bgcolor=\"#F5F5F5\" height=\"30\">18,00<\/td>\n<td align=\"center\" valign=\"middle\" bgcolor=\"#F5F5F5\" height=\"30\">20,00<\/td>\n<td align=\"center\" valign=\"middle\" bgcolor=\"#F5F5F5\" height=\"30\">24,00<\/td>\n<\/tr>\n<tr>\n<td valign=\"middle\" bgcolor=\"#eaeaea\" height=\"30\">Formula weekend (sabato e domenica)****<\/td>\n<td align=\"center\" valign=\"middle\" bgcolor=\"#F5F5F5\" height=\"30\">28,00<\/td>\n<td align=\"center\" valign=\"middle\" bgcolor=\"#F5F5F5\" height=\"30\">34,00<\/td>\n<td align=\"center\" valign=\"middle\" bgcolor=\"#F5F5F5\" height=\"30\">38,00<\/td>\n<td align=\"center\" valign=\"middle\" bgcolor=\"#F5F5F5\" height=\"30\">44,00<\/td>\n<td align=\"center\" valign=\"middle\" bgcolor=\"#F5F5F5\" height=\"30\">52,00<\/td>\n<\/tr>\n<tr>\n<td valign=\"middle\" bgcolor=\"#eaeaea\" height=\"30\">Camper service\u00a0carico e scarico senza sosta<\/td>\n<td align=\"center\" valign=\"middle\" bgcolor=\"#F5F5F5\" height=\"30\">5,00<\/td>\n<td align=\"center\" valign=\"middle\" bgcolor=\"#F5F5F5\" height=\"30\">5,00<\/td>\n<td align=\"center\" valign=\"middle\" bgcolor=\"#F5F5F5\" height=\"30\">5,00<\/td>\n<td align=\"center\" valign=\"middle\" bgcolor=\"#F5F5F5\" height=\"30\">5,00<\/td>\n<td align=\"center\" valign=\"middle\" bgcolor=\"#F5F5F5\" height=\"30\">5,00<\/td>\n<\/tr>\n<\/tbody>\n<\/table>\n<p><strong>PERIODI STAGIONALI CAMPEGGIO:<\/strong><br \/>\n<strong>A)<\/strong> 7.01 &#8211; 30.04<\/p>\n<p><strong>B)<\/strong> 1.05 &#8211; 16.05<\/p>\n<p><strong>C)<\/strong> 17.05 &#8211; 30.05 | 1.10 &#8211; 31.10<\/p>\n<p><strong>D)<\/strong> 1.06 &#8211; 31.07 | 26.09 &#8211; 30.09<\/p>\n<p><strong>Pasqua<\/strong> 1.04 &#8211; 7.04 | <strong>Natale <\/strong>23.12 \u2013 6.01<\/p>\n<p><strong>E)<\/strong> 1.08 &#8211; 25.08<\/p>\n<p>* La &#8220;tariffa camper&#8221; comprende la piazzola per la sosta del camper per 24 ore con equipaggio di due adulti ed un bambino (3 &#8211; 8 anni), acqua calda in tutti i servizi, carico e scarico acque, secondo disponibilit\u00e0, nei periodi C, D, E, servizio spiaggia (ombrellone e due lettini) per soste di almeno 6 giorni.<br \/>\n** La tariffa &#8220;Giornaliera&#8221; prevede la sosta in campeggio dalle 7:00 alle 21:00 ed include la piazzola per il camper, equipaggio di 4 persone, attacco luce, carico e scarico acque.<br \/>\n*** La &#8220;Formula weekend&#8221; prevede la sosta del camper da venerd\u00ec pomeriggio a domenica sera, equipaggio di 4 perone, carico e scarico acque e attacco luce.<\/p>\n<h2>TARIFFE GIORNALIERE ROULOTTE\/TENDA<\/h2>\n<table class=\"tbl\" border=\"0\" width=\"100%\" cellspacing=\"1\" cellpadding=\"0\">\n<tbody>\n<tr>\n<td class=\"title\" align=\"center\" bgcolor=\"#087dc2\" width=\"7%\"><\/td>\n<td class=\"title\" align=\"center\" bgcolor=\"#087dc2\" width=\"7%\">A<\/td>\n<td class=\"title\" align=\"center\" bgcolor=\"#087dc2\" width=\"7%\">B<\/td>\n<td class=\"title\" align=\"center\" bgcolor=\"#087dc2\" width=\"7%\">C<\/td>\n<td class=\"title\" align=\"center\" bgcolor=\"#087dc2\" width=\"7%\">D<\/td>\n<td class=\"title\" align=\"center\" bgcolor=\"#087dc2\" width=\"7%\">E<\/td>\n<\/tr>\n<tr>\n<td valign=\"middle\" bgcolor=\"#eaeaea\" height=\"30\">Adulti<\/td>\n<td align=\"center\" valign=\"middle\" bgcolor=\"#F5F5F5\" height=\"30\">3,00<\/td>\n<td align=\"center\" valign=\"middle\" bgcolor=\"#F5F5F5\" height=\"30\">4,00<\/td>\n<td align=\"center\" valign=\"middle\" bgcolor=\"#F5F5F5\" height=\"30\">5,00<\/td>\n<td align=\"center\" valign=\"middle\" bgcolor=\"#F5F5F5\" height=\"30\">6,00<\/td>\n<td align=\"center\" valign=\"middle\" bgcolor=\"#F5F5F5\" height=\"30\">8,00<\/td>\n<\/tr>\n<tr>\n<td valign=\"middle\" bgcolor=\"#eaeaea\" height=\"30\">Bambini 3- 8 anni<\/td>\n<td align=\"center\" valign=\"middle\" bgcolor=\"#F5F5F5\" height=\"30\">2,00<\/td>\n<td align=\"center\" valign=\"middle\" bgcolor=\"#F5F5F5\" height=\"30\">3,00<\/td>\n<td align=\"center\" valign=\"middle\" bgcolor=\"#F5F5F5\" height=\"30\">4,00<\/td>\n<td align=\"center\" valign=\"middle\" bgcolor=\"#F5F5F5\" height=\"30\">5,00<\/td>\n<td align=\"center\" valign=\"middle\" bgcolor=\"#F5F5F5\" height=\"30\">6,00<\/td>\n<\/tr>\n<tr>\n<td valign=\"middle\" bgcolor=\"#eaeaea\" height=\"30\">Tenda igloo 2 posti<\/td>\n<td align=\"center\" valign=\"middle\" bgcolor=\"#F5F5F5\" height=\"30\">2,00<\/td>\n<td align=\"center\" valign=\"middle\" bgcolor=\"#F5F5F5\" height=\"30\">3,00<\/td>\n<td align=\"center\" valign=\"middle\" bgcolor=\"#F5F5F5\" height=\"30\">4,00<\/td>\n<td align=\"center\" valign=\"middle\" bgcolor=\"#F5F5F5\" height=\"30\">5,00<\/td>\n<td align=\"center\" valign=\"middle\" bgcolor=\"#F5F5F5\" height=\"30\">6,00<\/td>\n<\/tr>\n<tr>\n<td valign=\"middle\" bgcolor=\"#eaeaea\" height=\"30\">Tenda\/carrello tenda<\/td>\n<td align=\"center\" valign=\"middle\" bgcolor=\"#F5F5F5\" height=\"30\">3,00<\/td>\n<td align=\"center\" valign=\"middle\" bgcolor=\"#F5F5F5\" height=\"30\">4,00<\/td>\n<td align=\"center\" valign=\"middle\" bgcolor=\"#F5F5F5\" height=\"30\">5,00<\/td>\n<td align=\"center\" valign=\"middle\" bgcolor=\"#F5F5F5\" height=\"30\">6,00<\/td>\n<td align=\"center\" valign=\"middle\" bgcolor=\"#F5F5F5\" height=\"30\">7,00<\/td>\n<\/tr>\n<tr>\n<td valign=\"middle\" bgcolor=\"#eaeaea\" height=\"30\">Roulotte<\/td>\n<td align=\"center\" valign=\"middle\" bgcolor=\"#F5F5F5\" height=\"30\">5,00<\/td>\n<td align=\"center\" valign=\"middle\" bgcolor=\"#F5F5F5\" height=\"30\">6,00<\/td>\n<td align=\"center\" valign=\"middle\" bgcolor=\"#F5F5F5\" height=\"30\">7,00<\/td>\n<td align=\"center\" valign=\"middle\" bgcolor=\"#F5F5F5\" height=\"30\">8,00<\/td>\n<td align=\"center\" valign=\"middle\" bgcolor=\"#F5F5F5\" height=\"30\">9,00<\/td>\n<\/tr>\n<tr>\n<td valign=\"middle\" bgcolor=\"#eaeaea\" height=\"30\">Auto<\/td>\n<td align=\"center\" valign=\"middle\" bgcolor=\"#F5F5F5\" height=\"30\">2,00<\/td>\n<td align=\"center\" valign=\"middle\" bgcolor=\"#F5F5F5\" height=\"30\">3,00<\/td>\n<td align=\"center\" valign=\"middle\" bgcolor=\"#F5F5F5\" height=\"30\">3,00<\/td>\n<td align=\"center\" valign=\"middle\" bgcolor=\"#F5F5F5\" height=\"30\">3,00<\/td>\n<td align=\"center\" valign=\"middle\" bgcolor=\"#F5F5F5\" height=\"30\">4,00<\/td>\n<\/tr>\n<tr>\n<td valign=\"middle\" bgcolor=\"#eaeaea\" height=\"30\">Moto\/Bici<\/td>\n<td align=\"center\" valign=\"middle\" bgcolor=\"#F5F5F5\" height=\"30\">1,00<\/td>\n<td align=\"center\" valign=\"middle\" bgcolor=\"#F5F5F5\" height=\"30\">2,00<\/td>\n<td align=\"center\" valign=\"middle\" bgcolor=\"#F5F5F5\" height=\"30\">2,00<\/td>\n<td align=\"center\" valign=\"middle\" bgcolor=\"#F5F5F5\" height=\"30\">3,00<\/td>\n<td align=\"center\" valign=\"middle\" bgcolor=\"#F5F5F5\" height=\"30\">3,00<\/td>\n<\/tr>\n<tr>\n<td valign=\"middle\" bgcolor=\"#eaeaea\" height=\"30\">Carrello appendice<\/td>\n<td align=\"center\" valign=\"middle\" bgcolor=\"#F5F5F5\" height=\"30\">2,00<\/td>\n<td align=\"center\" valign=\"middle\" bgcolor=\"#F5F5F5\" height=\"30\">2,00<\/td>\n<td align=\"center\" valign=\"middle\" bgcolor=\"#F5F5F5\" height=\"30\">3,00<\/td>\n<td align=\"center\" valign=\"middle\" bgcolor=\"#F5F5F5\" height=\"30\">3,00<\/td>\n<td align=\"center\" valign=\"middle\" bgcolor=\"#F5F5F5\" height=\"30\">4,00<\/td>\n<\/tr>\n<tr>\n<td valign=\"middle\" bgcolor=\"#eaeaea\" height=\"30\">Elettricit\u00e0 roulotte<\/td>\n<td align=\"center\" valign=\"middle\" bgcolor=\"#F5F5F5\" height=\"30\">5,00<\/td>\n<td align=\"center\" valign=\"middle\" bgcolor=\"#F5F5F5\" height=\"30\">5,00<\/td>\n<td align=\"center\" valign=\"middle\" bgcolor=\"#F5F5F5\" height=\"30\">5,00<\/td>\n<td align=\"center\" valign=\"middle\" bgcolor=\"#F5F5F5\" height=\"30\">5,00<\/td>\n<td align=\"center\" valign=\"middle\" bgcolor=\"#F5F5F5\" height=\"30\">5,00<\/td>\n<\/tr>\n<tr>\n<td valign=\"middle\" bgcolor=\"#eaeaea\" height=\"30\">Elet. tenda\/carrello t.<\/td>\n<td align=\"center\" valign=\"middle\" bgcolor=\"#F5F5F5\" height=\"30\">3,00<\/td>\n<td align=\"center\" valign=\"middle\" bgcolor=\"#F5F5F5\" height=\"30\">3,00<\/td>\n<td align=\"center\" valign=\"middle\" bgcolor=\"#F5F5F5\" height=\"30\">3,00<\/td>\n<td align=\"center\" valign=\"middle\" bgcolor=\"#F5F5F5\" height=\"30\">3,00<\/td>\n<td align=\"center\" valign=\"middle\" bgcolor=\"#F5F5F5\" height=\"30\">3,00<\/td>\n<\/tr>\n<tr>\n<td valign=\"middle\" bgcolor=\"#eaeaea\" height=\"30\">Cane<\/td>\n<td align=\"center\" valign=\"middle\" bgcolor=\"#F5F5F5\" height=\"30\">gratis<\/td>\n<td align=\"center\" valign=\"middle\" bgcolor=\"#F5F5F5\" height=\"30\">gratis<\/td>\n<td align=\"center\" valign=\"middle\" bgcolor=\"#F5F5F5\" height=\"30\">gratis<\/td>\n<td align=\"center\" valign=\"middle\" bgcolor=\"#F5F5F5\" height=\"30\">4,00<\/td>\n<td align=\"center\" valign=\"middle\" bgcolor=\"#F5F5F5\" height=\"30\">4,00<\/td>\n<\/tr>\n<\/tbody>\n<\/table>\n<p>&#8211; Nei periodi C, D, E, secondo disponibilit\u00e0, servizio spiaggia gratuito (ombrellone e due lettini) per soggiorni superiori a 6 gg.<br \/>\n&#8211; Le piazzole sono ombreggiate da alberi di alto fusto e sono dotate di torrette per l&#8217;attacco luce centralizzate da 6 hp<br \/>\n&#8211; Il campeggio dispone di due gruppi di servizi igienici che erogano gratuitamente acqua calda in tutti i servizi prodotta da pannelli solari con serbatoi ad accumulo<br \/>\n&#8211; Al fine di poter occupare le piazzole pi\u00f9 vicine al mare, e le pi\u00f9 ombreggiate, \u00e9 ammessa la prenotazione delle stesse, pagando anticipatamente tutto il periodo prenotato ed ottenere cos\u00ec uno sconto del 10% sull&#8217;intero importo del soggiorno.<br \/>\n&#8211; Il giorno di sosta decorre dall&#8217;ora di arrivo e dura 24 ore<br \/>\n&#8211; Noleggio frigorifero \u20ac 4,00\/giorno.<\/p>\n","protected":false},"excerpt":{"rendered":"<p>Le piazzole sono disponibili in zone ombreggiate, vicine sia alla spiaggia che ai servizi igienici che erogano gratuitamente acqua calda. Le torrette per le prese di corrente sono centralizzate e situate in diversi punti all&#8217;interno della struttura. CAMPER STOP: Equipaggio<\/p>\n","protected":false},"author":3,"featured_media":35,"parent":0,"menu_order":0,"comment_status":"closed","ping_status":"closed","template":"","meta":{"footnotes":""},"class_list":["post-11","page","type-page","status-publish","has-post-thumbnail","hentry"],"_links":{"self":[{"href":"https:\/\/www.la-bussola.it\/it\/wp-json\/wp\/v2\/pages\/11","targetHints":{"allow":["GET"]}}],"collection":[{"href":"https:\/\/www.la-bussola.it\/it\/wp-json\/wp\/v2\/pages"}],"about":[{"href":"https:\/\/www.la-bussola.it\/it\/wp-json\/wp\/v2\/types\/page"}],"author":[{"embeddable":true,"href":"https:\/\/www.la-bussola.it\/it\/wp-json\/wp\/v2\/users\/3"}],"replies":[{"embeddable":true,"href":"https:\/\/www.la-bussola.it\/it\/wp-json\/wp\/v2\/comments?post=11"}],"version-history":[{"count":0,"href":"https:\/\/www.la-bussola.it\/it\/wp-json\/wp\/v2\/pages\/11\/revisions"}],"wp:featuredmedia":[{"embeddable":true,"href":"https:\/\/www.la-bussola.it\/it\/wp-json\/wp\/v2\/media\/35"}],"wp:attachment":[{"href":"https:\/\/www.la-bussola.it\/it\/wp-json\/wp\/v2\/media?parent=11"}],"curies":[{"name":"wp","href":"https:\/\/api.w.org\/{rel}","templated":true}]}}