{"id":13,"date":"2015-02-04T10:07:50","date_gmt":"2015-02-04T10:07:50","guid":{"rendered":"http:\/\/www.la-bussola.it\/?page_id=13"},"modified":"2026-02-06T16:54:09","modified_gmt":"2026-02-06T16:54:09","slug":"lido","status":"publish","type":"page","link":"https:\/\/www.la-bussola.it\/it\/lido\/","title":{"rendered":"Lido"},"content":{"rendered":"<h2>COSTO DELLE ATTREZZATURE BALNEARI<\/h2>\n<p><strong>PERIODO: GIUGNO E SETTEMBRE<\/strong><\/p>\n<table class=\"tbl\" border=\"0\" width=\"100%\" cellspacing=\"1\" cellpadding=\"0\">\n<tbody>\n<tr>\n<td class=\"title\" align=\"center\" bgcolor=\"#087dc2\" width=\"31%\" height=\"30\"><\/td>\n<td class=\"title\" align=\"center\" bgcolor=\"#087dc2\" width=\"18%\" height=\"30\">Ombrellone<\/td>\n<td class=\"title\" align=\"center\" bgcolor=\"#087dc2\" width=\"18%\" height=\"30\">Sdraio o regista<\/td>\n<td class=\"title\" align=\"center\" bgcolor=\"#087dc2\" width=\"18%\" height=\"30\">Lettino<\/td>\n<td class=\"title\" align=\"center\" bgcolor=\"#087dc2\" width=\"18%\" height=\"30\">Tris*<\/td>\n<\/tr>\n<tr>\n<td valign=\"middle\" bgcolor=\"#eaeaea\" height=\"30\">Feriale<\/td>\n<td align=\"center\" valign=\"middle\" bgcolor=\"#F5F5F5\" height=\"30\">4,00<\/td>\n<td align=\"center\" valign=\"middle\" bgcolor=\"#F5F5F5\" height=\"30\">3,00<\/td>\n<td align=\"center\" valign=\"middle\" bgcolor=\"#F5F5F5\" height=\"30\">3,50<\/td>\n<td align=\"center\" valign=\"middle\" bgcolor=\"#F5F5F5\" height=\"30\">10,00<\/td>\n<\/tr>\n<tr>\n<td valign=\"middle\" bgcolor=\"#eaeaea\" height=\"30\">Prefestivo\/festivo<\/td>\n<td align=\"center\" valign=\"middle\" bgcolor=\"#F5F5F5\" height=\"30\">5,00<\/td>\n<td align=\"center\" valign=\"middle\" bgcolor=\"#F5F5F5\" height=\"30\">3,50<\/td>\n<td align=\"center\" valign=\"middle\" bgcolor=\"#F5F5F5\" height=\"30\">4,00<\/td>\n<td align=\"center\" valign=\"middle\" bgcolor=\"#F5F5F5\" height=\"30\">11,00<\/td>\n<\/tr>\n<tr>\n<td valign=\"middle\" bgcolor=\"#eaeaea\" height=\"30\">1 Settinama<\/td>\n<td align=\"center\" valign=\"middle\" bgcolor=\"#F5F5F5\" height=\"30\">30,00<\/td>\n<td align=\"center\" valign=\"middle\" bgcolor=\"#F5F5F5\" height=\"30\">25,00<\/td>\n<td align=\"center\" valign=\"middle\" bgcolor=\"#F5F5F5\" height=\"30\">25,50<\/td>\n<td align=\"center\" valign=\"middle\" bgcolor=\"#F5F5F5\" height=\"30\">75,00<\/td>\n<\/tr>\n<tr>\n<td valign=\"middle\" bgcolor=\"#eaeaea\" height=\"30\">2 Settimane<\/td>\n<td align=\"center\" valign=\"middle\" bgcolor=\"#F5F5F5\" height=\"30\">55,00<\/td>\n<td align=\"center\" valign=\"middle\" bgcolor=\"#F5F5F5\" height=\"30\">45,00<\/td>\n<td align=\"center\" valign=\"middle\" bgcolor=\"#F5F5F5\" height=\"30\">50,00<\/td>\n<td align=\"center\" valign=\"middle\" bgcolor=\"#F5F5F5\" height=\"30\">135,00<\/td>\n<\/tr>\n<tr>\n<td valign=\"middle\" bgcolor=\"#eaeaea\" height=\"30\">3 Settimane<\/td>\n<td align=\"center\" valign=\"middle\" bgcolor=\"#F5F5F5\" height=\"30\">75,00<\/td>\n<td align=\"center\" valign=\"middle\" bgcolor=\"#F5F5F5\" height=\"30\">60,00<\/td>\n<td align=\"center\" valign=\"middle\" bgcolor=\"#F5F5F5\" height=\"30\">70,00<\/td>\n<td align=\"center\" valign=\"middle\" bgcolor=\"#F5F5F5\" height=\"30\">190,00<\/td>\n<\/tr>\n<tr>\n<td valign=\"middle\" bgcolor=\"#eaeaea\" height=\"30\">1 Mese<\/td>\n<td align=\"center\" valign=\"middle\" bgcolor=\"#F5F5F5\" height=\"30\">100,00<\/td>\n<td align=\"center\" valign=\"middle\" bgcolor=\"#F5F5F5\" height=\"30\">85,00<\/td>\n<td align=\"center\" valign=\"middle\" bgcolor=\"#F5F5F5\" height=\"30\">95,00<\/td>\n<td align=\"center\" valign=\"middle\" bgcolor=\"#F5F5F5\" height=\"30\">260,00<\/td>\n<\/tr>\n<\/tbody>\n<\/table>\n<p>* Tris = ombrellone + 2 lettini (o 2 sdraio)<br \/>\n<strong>PERIODO: LUGLIO E AGOSTO<\/strong><\/p>\n<table class=\"tbl\" border=\"0\" width=\"100%\" cellspacing=\"1\" cellpadding=\"0\">\n<tbody>\n<tr>\n<td class=\"title\" align=\"center\" bgcolor=\"#087dc2\" width=\"31%\" height=\"30\"><\/td>\n<td class=\"title\" align=\"center\" bgcolor=\"#087dc2\" width=\"18%\" height=\"30\">Ombrellone<\/td>\n<td class=\"title\" align=\"center\" bgcolor=\"#087dc2\" width=\"18%\" height=\"30\">Sdraio o regista<\/td>\n<td class=\"title\" align=\"center\" bgcolor=\"#087dc2\" width=\"18%\" height=\"30\">Lettino<\/td>\n<td class=\"title\" align=\"center\" bgcolor=\"#087dc2\" width=\"18%\" height=\"30\">Tris<\/td>\n<\/tr>\n<tr>\n<td valign=\"middle\" bgcolor=\"#eaeaea\" height=\"30\">Feriale<\/td>\n<td align=\"center\" valign=\"middle\" bgcolor=\"#F5F5F5\">5,00<\/td>\n<td align=\"center\" valign=\"middle\" bgcolor=\"#F5F5F5\">3,50<\/td>\n<td align=\"center\" valign=\"middle\" bgcolor=\"#F5F5F5\">4,00<\/td>\n<td align=\"center\" valign=\"middle\" bgcolor=\"#F5F5F5\">11,50<\/td>\n<\/tr>\n<tr>\n<td valign=\"middle\" bgcolor=\"#eaeaea\" height=\"30\">Prefestivo\/festivo<\/td>\n<td align=\"center\" valign=\"middle\" bgcolor=\"#F5F5F5\">5,50<\/td>\n<td align=\"center\" valign=\"middle\" bgcolor=\"#F5F5F5\">4,00<\/td>\n<td align=\"center\" valign=\"middle\" bgcolor=\"#F5F5F5\">4,50<\/td>\n<td align=\"center\" valign=\"middle\" bgcolor=\"#F5F5F5\">12,00<\/td>\n<\/tr>\n<tr>\n<td valign=\"middle\" bgcolor=\"#eaeaea\" height=\"30\">1 Settimana<\/td>\n<td align=\"center\" valign=\"middle\" bgcolor=\"#F5F5F5\">36,00<\/td>\n<td align=\"center\" valign=\"middle\" bgcolor=\"#F5F5F5\">30,00<\/td>\n<td align=\"center\" valign=\"middle\" bgcolor=\"#F5F5F5\">33,00<\/td>\n<td align=\"center\" valign=\"middle\" bgcolor=\"#F5F5F5\">95,00<\/td>\n<\/tr>\n<tr>\n<td valign=\"middle\" bgcolor=\"#eaeaea\" height=\"30\">2 Settimane<\/td>\n<td align=\"center\" valign=\"middle\" bgcolor=\"#F5F5F5\">65,00<\/td>\n<td align=\"center\" valign=\"middle\" bgcolor=\"#F5F5F5\">55,00<\/td>\n<td align=\"center\" valign=\"middle\" bgcolor=\"#F5F5F5\">65,00<\/td>\n<td align=\"center\" valign=\"middle\" bgcolor=\"#F5F5F5\">160,00<\/td>\n<\/tr>\n<tr>\n<td valign=\"middle\" bgcolor=\"#eaeaea\" height=\"30\">3 Settimane<\/td>\n<td align=\"center\" valign=\"middle\" bgcolor=\"#F5F5F5\">95,00<\/td>\n<td align=\"center\" valign=\"middle\" bgcolor=\"#F5F5F5\">85,00<\/td>\n<td align=\"center\" valign=\"middle\" bgcolor=\"#F5F5F5\">95,00<\/td>\n<td align=\"center\" valign=\"middle\" bgcolor=\"#F5F5F5\">275,00<\/td>\n<\/tr>\n<tr>\n<td valign=\"middle\" bgcolor=\"#eaeaea\" height=\"30\">1 Mese<\/td>\n<td align=\"center\" valign=\"middle\" bgcolor=\"#F5F5F5\">130,00<\/td>\n<td align=\"center\" valign=\"middle\" bgcolor=\"#F5F5F5\">110,00<\/td>\n<td align=\"center\" valign=\"middle\" bgcolor=\"#F5F5F5\">130,00<\/td>\n<td align=\"center\" valign=\"middle\" bgcolor=\"#F5F5F5\">350,00<\/td>\n<\/tr>\n<tr>\n<td valign=\"middle\" bgcolor=\"#eaeaea\" height=\"30\">2 Mesi<\/td>\n<td align=\"center\" valign=\"middle\" bgcolor=\"#F5F5F5\">250,00<\/td>\n<td align=\"center\" valign=\"middle\" bgcolor=\"#F5F5F5\">200,00<\/td>\n<td align=\"center\" valign=\"middle\" bgcolor=\"#F5F5F5\">240,00<\/td>\n<td align=\"center\" valign=\"middle\" bgcolor=\"#F5F5F5\">600,00<\/td>\n<\/tr>\n<tr>\n<td valign=\"middle\" bgcolor=\"#eaeaea\" height=\"30\">Stagionale 3 mesi<\/td>\n<td align=\"center\" valign=\"middle\" bgcolor=\"#F5F5F5\" height=\"30\">310,00<\/td>\n<td align=\"center\" valign=\"middle\" bgcolor=\"#F5F5F5\" height=\"30\">260,00<\/td>\n<td align=\"center\" valign=\"middle\" bgcolor=\"#F5F5F5\" height=\"30\">290,00<\/td>\n<td align=\"center\" valign=\"middle\" bgcolor=\"#F5F5F5\" height=\"30\">820,00<\/td>\n<\/tr>\n<\/tbody>\n<\/table>\n<p><strong>SUPPLEMENTO OMBRELLONE IN PRIMA FILA (MESI DI LUGLIO E AGOSTO)<\/strong><\/p>\n<table class=\"tbl\" border=\"0\" width=\"100%\" cellspacing=\"1\" cellpadding=\"0\">\n<tbody>\n<tr>\n<td valign=\"middle\" bgcolor=\"#eaeaea\" width=\"31%\" height=\"30\">Giornaliero<\/td>\n<td align=\"center\" valign=\"middle\" bgcolor=\"#F5F5F5\" width=\"18%\">1,50<\/td>\n<td align=\"center\" valign=\"middle\" bgcolor=\"#eaeaea\" width=\"18%\">3 Settimane<\/td>\n<td align=\"center\" valign=\"middle\" bgcolor=\"#F5F5F5\" width=\"18%\">25,00<\/td>\n<\/tr>\n<tr>\n<td valign=\"middle\" bgcolor=\"#eaeaea\" height=\"30\">1 Settinama<\/td>\n<td align=\"center\" valign=\"middle\" bgcolor=\"#F5F5F5\">9,00<\/td>\n<td align=\"center\" valign=\"middle\" bgcolor=\"#eaeaea\">1 Mese<\/td>\n<td align=\"center\" valign=\"middle\" bgcolor=\"#F5F5F5\">34,00<\/td>\n<\/tr>\n<tr>\n<td valign=\"middle\" bgcolor=\"#eaeaea\" height=\"30\">2 Settimane<\/td>\n<td align=\"center\" valign=\"middle\" bgcolor=\"#F5F5F5\">17,00<\/td>\n<td align=\"center\" valign=\"middle\" bgcolor=\"#eaeaea\">2 mesi e Stagionale<\/td>\n<td align=\"center\" valign=\"middle\" bgcolor=\"#F5F5F5\">gratuito<\/td>\n<\/tr>\n<\/tbody>\n<\/table>\n<p>* L\u2019ampia spiaggia antistante il lido \u00e8 a disposizione di tutti gli ospiti del villaggio e del pubblico pagante esterno, i quali hanno libero accesso pedonale e possono scegliere di utilizzare o la zona a pagamento, attrezzata e riservata oppure la spiaggia libera, dove, al di fuori degli spazi che delimitano il lido a pagamento e la fascia di rispetto della battigia, possono sistemare le proprie attrezzature da spiaggia.<br \/>\n* La spiaggia del Lido \u201cLa Bussola\u201d\u00a0\u00e8 molto ampia (profonda 90 Mt. e larga 220 Mt.) ed \u00e8 caratterizzata da un arenile di sabbia finissima. Da terra \u00e9 protetta da una ricca vegetazione di alberi d\u2019alto fusto quali eucalipti, olivi di Boemia, acacie saline, pini d\u2019Aleppo, pini marittimi, palme, ecc.<br \/>\n* Ombrelloni, lettini e sdraio possono essere noleggiati anche per la spiaggia libera.<br \/>\n* Aree attrezzate con beach-volley, beach-soccer e parco giochi per bambini sono a disposizione degli ospiti del lido gratuitamente.<br \/>\n* Gettoni doccia: calda \u20ac 0,50<br \/>\n* Gonfia canotti: \u20ac 0,50<br \/>\n* Affitto gazebo (struttura con tetto in legno con 4 posti a sedere) \u20ac 8,00\/giorno.<\/p>\n<p><strong>PARCHEGGIO AUTOVETTURE PER UTENTI ESTERNI <\/strong>(tariffe giornaliere)<\/p>\n<table class=\"tbl\" border=\"0\" width=\"100%\" cellspacing=\"1\" cellpadding=\"0\">\n<tbody>\n<tr>\n<td class=\"title\" align=\"center\" bgcolor=\"#087dc2\" width=\"31%\" height=\"30\">PERIODO<\/td>\n<td class=\"title\" align=\"center\" bgcolor=\"#087dc2\" width=\"18%\" height=\"30\">25.04 \u2013 30.06<\/td>\n<td class=\"title\" align=\"center\" bgcolor=\"#087dc2\" width=\"18%\" height=\"30\">01.08 \u2013 30.08<\/td>\n<td class=\"title\" align=\"center\" bgcolor=\"#087dc2\" width=\"18%\" height=\"30\">dal 24.08 in poi<\/td>\n<td class=\"title\" align=\"center\" bgcolor=\"#087dc2\" width=\"18%\" height=\"30\">Abbonamento*<\/td>\n<\/tr>\n<tr>\n<td valign=\"middle\" bgcolor=\"#eaeaea\" height=\"30\">Feriale<\/td>\n<td align=\"center\" valign=\"middle\" bgcolor=\"#F5F5F5\">4,00<\/td>\n<td align=\"center\" valign=\"middle\" bgcolor=\"#F5F5F5\">5,00<\/td>\n<td align=\"center\" valign=\"middle\" bgcolor=\"#F5F5F5\">4,00<\/td>\n<td align=\"center\" valign=\"middle\" bgcolor=\"#F5F5F5\">38,00<\/td>\n<\/tr>\n<tr>\n<td valign=\"middle\" bgcolor=\"#eaeaea\" height=\"30\">Prefestivo\/Festivo<\/td>\n<td align=\"center\" valign=\"middle\" bgcolor=\"#F5F5F5\">5,00<\/td>\n<td align=\"center\" valign=\"middle\" bgcolor=\"#F5F5F5\">6,00<\/td>\n<td align=\"center\" valign=\"middle\" bgcolor=\"#F5F5F5\">5,00<\/td>\n<td align=\"center\" valign=\"middle\" bgcolor=\"#F5F5F5\">&#8211;<\/td>\n<\/tr>\n<tr>\n<td valign=\"middle\" bgcolor=\"#eaeaea\" height=\"30\">Dalle 14:30<\/td>\n<td align=\"center\" valign=\"middle\" bgcolor=\"#F5F5F5\">3,00<\/td>\n<td align=\"center\" valign=\"middle\" bgcolor=\"#F5F5F5\">4,00<\/td>\n<td align=\"center\" valign=\"middle\" bgcolor=\"#F5F5F5\">3,00<\/td>\n<td align=\"center\" valign=\"middle\" bgcolor=\"#F5F5F5\">23,00<\/td>\n<\/tr>\n<\/tbody>\n<\/table>\n<p><strong>Parcheggio con ombrellone e due lettini \u20ac 15,00 giornaliero<\/strong><\/p>\n<p>* Abbonamento 10 parcheggi consecutivi<\/p>\n<p>* Il parcheggio a pagamento, non custodito, \u00e9 utilizzato dagli utenti giornalieri del lido ed \u00e9 aperto dalle ore 7:30 alle ore 20:00.<br \/>\n* Tutti i veicoli di dimensioni superiori alle autovetture (furgoni, ecc.), nei giorni prefestivi e festivi di luglio ed agosto, pagano un supplemento di \u20ac 10,00.<br \/>\n* Moto: riduzione del 30% su tutte le tariffe del parcheggio.<br \/>\n* Nell\u2019area destinata al parcheggio e sulla spiaggia, per disposizione della Capitaneria di Porto di Manfredonia, \u00e8 vietata ogni forma di campeggio o pernottamento con qualsiasi mezzo o attrezzatura. Inoltre, \u00e8 rigorosamente vietato accendere fuochi, soprattutto con fiamme libere.<\/p>\n","protected":false},"excerpt":{"rendered":"<p>COSTO DELLE ATTREZZATURE BALNEARI PERIODO: GIUGNO E SETTEMBRE Ombrellone Sdraio o regista Lettino Tris* Feriale 4,00 3,00 3,50 10,00 Prefestivo\/festivo 5,00 3,50 4,00 11,00 1 Settinama 30,00 25,00 25,50 75,00 2 Settimane 55,00 45,00 50,00 135,00 3 Settimane 75,00 60,00<\/p>\n","protected":false},"author":3,"featured_media":37,"parent":0,"menu_order":0,"comment_status":"closed","ping_status":"closed","template":"","meta":{"footnotes":""},"class_list":["post-13","page","type-page","status-publish","has-post-thumbnail","hentry"],"_links":{"self":[{"href":"https:\/\/www.la-bussola.it\/it\/wp-json\/wp\/v2\/pages\/13","targetHints":{"allow":["GET"]}}],"collection":[{"href":"https:\/\/www.la-bussola.it\/it\/wp-json\/wp\/v2\/pages"}],"about":[{"href":"https:\/\/www.la-bussola.it\/it\/wp-json\/wp\/v2\/types\/page"}],"author":[{"embeddable":true,"href":"https:\/\/www.la-bussola.it\/it\/wp-json\/wp\/v2\/users\/3"}],"replies":[{"embeddable":true,"href":"https:\/\/www.la-bussola.it\/it\/wp-json\/wp\/v2\/comments?post=13"}],"version-history":[{"count":0,"href":"https:\/\/www.la-bussola.it\/it\/wp-json\/wp\/v2\/pages\/13\/revisions"}],"wp:featuredmedia":[{"embeddable":true,"href":"https:\/\/www.la-bussola.it\/it\/wp-json\/wp\/v2\/media\/37"}],"wp:attachment":[{"href":"https:\/\/www.la-bussola.it\/it\/wp-json\/wp\/v2\/media?parent=13"}],"curies":[{"name":"wp","href":"https:\/\/api.w.org\/{rel}","templated":true}]}}