{"id":153,"date":"2015-03-03T09:41:24","date_gmt":"2015-03-03T09:41:24","guid":{"rendered":"http:\/\/www.la-bussola.it\/?page_id=153"},"modified":"2026-02-10T16:32:06","modified_gmt":"2026-02-10T16:32:06","slug":"alloggi-campeggio-gargano","status":"publish","type":"page","link":"https:\/\/www.la-bussola.it\/it\/alloggi-campeggio-gargano\/","title":{"rendered":"Descrizione del campeggio e modalit\u00e0 di prenotazione"},"content":{"rendered":"<p><strong>Descrizione degli Alloggi<\/strong><\/p>\n<p>Il villaggio dispone di 200 posti letto costituiti da 50 strutture abitative tra monolocali, miniappartamenti e bungalow in muratura, cottage in legno e mansarde. Tutte le strutture sono sobrie e funzionali, dotate di spazi esterni che possono essere giardino, veranda, terrazza o balcone. Sono arredati in modo essenziale, dotati di televisore. L\u2019angolo cottura \u00e8 composto di un uniblock con cucina a quattro fuochi (negli alloggi da 2 posti letto a due fuochi), frigo da 140 lt. (eccetto l&#8217;alloggio N 1, con capacit\u00e0 adeguata alle persone che vi soggiornano), stoviglie e pentolame generico in acciaio inox, posateria assortita, moka, il tutto proporzionato al numero delle persone alloggiate. Per la pulizia dell\u2019alloggio sono in dotazione gli utensili essenziali. L\u2019acqua calda (prodotta in gran parte da pannelli solari) \u00e9 erogata in tutti gli alloggi e nei servizi del camping; l&#8217;acqua \u00e9 potabile ed \u00e9 fornita dall\u2019Acquedotto Pugliese (non ci sono pozzi). Gli alloggi sono tarati con potenza elettrica di 6Amp pertanto \u00e8 necessario utilizzare i piccoli elettrodomestici con basso assorbimento.<\/p>\n<p><strong><span style=\"text-decoration: underline;\">MONOLOCALI DA 2 POSTI LETTO\u00a0\u00a0 <\/span><\/strong><\/p>\n<p><span style=\"text-decoration: underline;\">Monolocale \u201cD\u201d (Mansarda) &#8211; 2 posti letto <\/span><\/p>\n<p>Monolocale in muratura per 2 persone di dimensioni ridotte (mq 12) + balconcino, economico ed adatto ai giovani. E\u2019 dotato di letto matrimoniale, angolo cottura, bagno con water, lavabo e doccia con scarico diretto sul pavimento. Accorpata ad altre unit\u00e0, \u00e8 posta al secondo piano dello \u201cSciale\u201d (antica masseria). E\u2019 priva di ascensore. Vi si accede tramite due rampe di scale (trenta gradini). Distanza dalla spiaggia: 300 mt.<\/p>\n<p><span style=\"text-decoration: underline;\">Monolocale \u201cN 4\u201d &#8211; 2 posti letto <\/span><\/p>\n<p>Monolocale in muratura, al piano terra, per 2 persone, di dimensioni ridotte (12 mq + 8 mq di patio recintato). E\u2019 un piccolo ambiente, economico e indicato per giovani, con aria condizionata, letto matrimoniale, angolo cottura, bagno con water, lavabo e box doccia esterno posto nel patio. L\u2019unit\u00e0 \u00e8 indipendente. Distanza dalla spiaggia: 250 mt.<\/p>\n<p><span style=\"text-decoration: underline;\">\u00a0<\/span><\/p>\n<p><strong><span style=\"text-decoration: underline;\">MONOLOCALI DA 4 POSTI LETTO<\/span><\/strong><\/p>\n<p><span style=\"text-decoration: underline;\">Monolocale \u201cA\u201d &#8211; 4 posti letto <\/span><\/p>\n<p>Bungalow monolocale in muratura con soffitto in legno, di recente ristrutturazione per 4 persone di 18 mq + 12 mq di patio. Letto matrimoniale a parete, porta a soffietto di separazione dal letto a castello, angolo cottura, bagno con water, lavabo e doccia con scarico diretto sul pavimento. Accorpato a schiera ad altre unit\u00e0 similari. Distanza dalla spiaggia: da 80 a 200 mt.<\/p>\n<p><span style=\"text-decoration: underline;\">Monolocale \u201cB\u201d e \u201cC\u201d \u2013 4\/5 posti letto\u00a0\u00a0\u00a0\u00a0 <\/span><\/p>\n<p>Bungalow monolocale come sopra, per 4 \u2013 5 persone di mq 23 + 12 mq di patio. Letto matrimoniale a parete, porta a soffietto di separazione dal letto a castello, eventuale 5\u00b0 letto aggiunto (lettino pieghevole se richiesto), angolo cottura, bagno con, water, lavabo e doccia saliscendi con scarico diretto sul pavimento. L\u2019unit\u00e0 \u00e8 singola (monolocale B) o unita ad altro monolocale (C). Alcune di esse sono state dotate di aria condizionata. Distanza dalla spiaggia: da 100 a 200 mt.<\/p>\n<p><span style=\"text-decoration: underline;\">Monolocale \u201cN 3\u201d &#8211; 4 posti letto\u00a0\u00a0 <\/span><\/p>\n<p>Monolocale in muratura per 4 persone di 20 mq + 30 mq di giardino. Camera con letto matrimoniale e pannello mobile di separazione dal letto a castello, angolo cottura, bagno con water, lavabo cabina con doccia saliscendi.\u00a0\u00c8 dotato di caminetto utilizzabile in inverno.\u00a0L\u2019unit\u00e0 pur essendo accorpata ad altra unit\u00e0 \u00e8 indipendente. Distanza dalla spiaggia: 250 mt.<\/p>\n<p><strong><span style=\"text-decoration: underline;\">BILOCALI \u201cE\u201d, \u201cF\u201d, \u201cG\u201d, \u201cH\u201d, \u201cL\u201d DA 4\/6 POSTI LETTO<\/span><\/strong><\/p>\n<p><span style=\"text-decoration: underline;\">Bilocale \u201cE\u201d (Mansarda) &#8211; 4\/6 posti letto\u00a0\u00a0 <\/span><\/p>\n<p>Bilocale in muratura per 4 persone di mq 20 + 10 mq di terrazzo coperto. Camera matrimoniale, camera soggiorno con letto a castello ed angolo cottura, bagno con cabina doccia, water, lavabo, bidet. Accorpata ad altre unit\u00e0 si trova al secondo piano dello \u201cSciale\u201d (antica masseria). E\u2019 priva di ascensore. Vi si accede tramite due rampe di scale (trenta gradini). Distanza dalla spiaggia: 300 mt.<\/p>\n<p><span style=\"text-decoration: underline;\">Bilocale \u201cF\u201d &#8211; 4\/6 posti letto\u00a0\u00a0 <\/span><\/p>\n<p>Miniappartamento bilocale in muratura per 4 &#8211; 6 persone di 28 mq + 10 mq di patio coperto. Camera matrimoniale, soggiorno con uno o due letti a castello (se uniti possono diventare 2 letti matrimoniali), angolo cottura, bagno con doccia (scarico diretto sul pavimento), water, bidet, lavabo. Gli appartamenti sono accorpati alle mansarde ed al ristorante dello \u201cSciale\u201d (antica masseria) e formano un unico corpo. Sono posti al piano terra. Distanza dalla spiaggia: 300 Mt.<\/p>\n<p><span style=\"text-decoration: underline;\">Bilocale \u201cG\u201d &#8211; 4\/6 posti letto\u00a0\u00a0 <\/span><\/p>\n<p>Miniappartamento bilocale in muratura per 4 &#8211; 6 persone di 28 mq + 10 mq di patio o ampia terrazza coperta. Camera matrimoniale, soggiorno con uno o due letti a castello (se uniti possono diventare 2 letti matrimoniali), angolo cottura, bagno con doccia (scarico diretto sul pavimento), water, bidet, lavabo. Gli appartamenti si trovano sopra i bilocali \u201cF\u201d e sono accorpati alle mansarde ed al ristorante dello \u201cSciale\u201d (antica masseria) e formano un unico corpo. Sono posti al piano rialzato e vi si accede tramite una scala. Distanza dalla spiaggia: 300 mt.<\/p>\n<p><span style=\"text-decoration: underline;\">Bilocale \u201cH\u201d &#8211; 4 posti letto <\/span><\/p>\n<p>Miniappartamento bilocale in muratura con aria condizionata da 4 posti letto di 22 mq + 18 mq di patio interamente recintato. Camera matrimoniale, altro ambiente con letto a castello e angolo cottura; aria condizionata; bagno con lavabo, water, bidet, cabina doccia. Sono due unit\u00e0 accorpate. Distanza dalla spiaggia: 80 mt.<\/p>\n<p><span style=\"text-decoration: underline;\">Cottage \u201cL\u201d &#8211; 4\/6 posti letto <\/span><\/p>\n<p>Struttura bilocale in legno di recente costruzione, interamente coibentata di 32 mq + 20 mq di patio. Camera matrimoniale e letto a castello con porta scorrevole di separazione tra i due letti, soggiorno con letto a castello ed angolo cottura; aria condizionata; bagno con cabina doccia, water, lavabo. L\u2019unit\u00e0 \u00e8 indipendente. Distanza dalla spiaggia: 100 mt.<\/p>\n<p><span style=\"text-decoration: underline;\">\u00a0<\/span><\/p>\n<p><strong><span style=\"text-decoration: underline;\">TRILOCALI \u201cM\u201d, \u201cN 2\u201d, \u201cN 5\u201d <\/span><\/strong><\/p>\n<p><span style=\"text-decoration: underline;\">Cottage \u201cM\u201d 4 posti letto <\/span><\/p>\n<p>Struttura trilocale in legno di recente costruzione interamente coibentata di 26 mq + 8 mq di patio. Camera matrimoniale, cameretta con letto a castello, piccolo soggiorno con angolo cottura, bagno con cabina doccia, water, lavabo. L\u2019unit\u00e0 \u00e9 accorpata ad altro cottage. Distanza dalla spiaggia: 200 Mt.<\/p>\n<p><span style=\"text-decoration: underline;\">Appartamento \u201cN 2\u201d &#8211; 6\/8 posti letto <\/span><\/p>\n<p>Struttura trilocale in muratura con aria condizionata, di 40 mq + 35 mq di giardino recintato. Ha due camere matrimoniali con possibilit\u00e0 di aggiungere in una delle due stanze uno o due letti a castello, locale disimpegno, bagno con box doccia, water, lavabo ed un secondo box doccia esterno con lavandino. Un vano cucina in muratura, esterno all\u2019alloggio \u00e8 posto nel giardino dove si mangia sotto un\u2019ampia tettoia e con barbecue a disposizione. L\u2019unit\u00e0 pur essendo accorpata ad altra unit\u00e0 \u00e8 indipendente. Distanza dalla spiaggia: 250 mt.<\/p>\n<p><span style=\"text-decoration: underline;\">Trilocale \u201cN 5\u201d da 4\/5 posti letto<\/span><\/p>\n<p>Struttura trilocale in muratura di mq 30 + patio di mq. 6. Due stanze con letti matrimoniali, soggiorno (ove \u00e9 possibile aggiungere un quinto letto pieghevole) con angolo cottura, bagno (water, lavabo, doccia sali-scendi con scarico al pavimento, aria condizionata e riscaldamento autonomo. L\u2019alloggio \u00e9 indipendente. Distanza dalla spiaggia: 300 mt.<\/p>\n<p><strong><span style=\"text-decoration: underline;\">QUADRILOCALI \u201cN 1\u201d<\/span><\/strong><\/p>\n<p><span style=\"text-decoration: underline;\">Villa N 1\u00a0\u00a0 8\/10 posti letto\u00a0\u00a0 <\/span><\/p>\n<p>Struttura quadrilocale in muratura con aria condizionata di 80 mq + 25 mq di patio + 300 mq di giardino privato interamente recintato con barbecue in muratura. Camera matrimoniale, seconda camera matrimoniale ricavata da un ampio salone e chiusa con porta scorrevole a soffietto, cameretta con letto a castello trasformabile in letto matrimoniale, soggiorno con 1 o 2 letti a castello; cucina, due bagni indipendenti con doccia, lavabo, water e bidet. La struttura pur essendo accorpata ad altra unit\u00e0 \u00e8 indipendente. Distanza dalla spiaggia: 200 mt.<\/p>\n<hr \/>\n<p><em><strong>Durata del soggiorno<\/strong><\/em><br \/>\nLa data di inizio e la durata del soggiorno sono liberi sia per il villaggio che per il campeggio.<\/p>\n<p><em><strong>Orario d\u2019arrivo<\/strong><\/em><br \/>\nGli alloggi sono disponibili a partire dalle ore 16:00 del giorno di arrivo e dovranno essere lasciati liberi entro le ore 10:00 del giorno di partenza. Gli ospiti che all\u2019arrivo volessero prenderne possesso, ove possibile, prima delle ore 16:00, non potranno eccepire l\u2019eventuale mancato riordino dell\u2019alloggio precedentemente occupato.<br \/>\nI campeggiatori possono accedere alla zona campeggio durante tutta la giornata ad eccezione delle ore del silenzio: dalle 14:00 alle 16:00 e dalle 23:00 alle 07:30.<\/p>\n<p><strong><em>Quote di soggiorno<br \/>\n<\/em><\/strong>Le quote di soggiorno indicate nel presente listino si riferiscono a periodi settimanali e comprendono l\u2019alloggio, le persone che lo occupano, i consumi di acqua, luce, gas ed il parcheggio di un\u2019auto per ciascun alloggio, n. 2 auto per l&#8217;alloggio N1.<br \/>\nLe persone dichiarate all\u2019arrivo saranno considerate presenti per tutto il periodo di soggiorno prenotato, senza tenere conto di eventuali assenze.<br \/>\nNon \u00e8 consentito occupare posti letto con persone diverse da quelle registrate all\u2019arrivo, senza la preventiva autorizzazione della direzione, nel qual caso stabilir\u00e0 anche l\u2019eventuale importo aggiuntivo da pagare.<\/p>\n<p><strong><em>Tariffe e Regolamento interno<\/em><\/strong><br \/>\nLe presenti norme e tariffe si trovano sul sito da dove possono essere scaricati. Inoltre sono affissi nelle bacheche del Campeggio e s\u2019intendono conosciuti ed approvati da ogni ospite presente a qualsiasi titolo all\u2019interno della struttura.<\/p>\n<p><strong><em>Agevolazioni e Convenzioni<\/em><\/strong><\/p>\n<p><em>Agevolazioni:<\/em><\/p>\n<ul>\n<li>\u00a0<em>Vacanza lunga<\/em>: i soggiorni di almeno tre settimane godono di uno sconto del 10% sulla seconda settimana e del 20% sulla terza e sulle successive. Lo sconto si applica alle settimane a prezzo pi\u00f9 basso ed \u00e8 cumulabile con altre agevolazioni;<\/li>\n<li>\u00a0<em>Per soggiorni di durata minima settimanale<\/em> nei periodi di apertura del lido, per la formula residence e per la formula campeggio, servizio spiaggia gratuito (ombrellone e due lettini) con posti assegnati dalla direzione e secondo disponibilit\u00e0;<\/li>\n<li>\u00a0<em>Prenotazione di una piazzola con pagamento anticipato del costo dell\u2019intero soggiorno<\/em>: sconto 10% cumulabile con altre agevolazioni;<\/li>\n<li>\u00a0<i>Soste in campeggio di almeno 6gg sconto del 5% sul costo del soggiorno.<\/i><\/li>\n<\/ul>\n<p><strong><em>Costi accessori facoltativi<\/em><\/strong><br \/>\n&#8211; Servizio lavanderia e stireria \u20ac 5,00 per ciclo di lavaggio (5 kg.);<br \/>\n&#8211; Culla bambino \u20ac 30,00\/settimana, da richiedere al momento della prenotazione;<br \/>\n&#8211; Campo tennis: singolo \u20ac 10,00\/h, doppio \u20ac 15,00\/h;<br \/>\n&#8211; Campo da calcetto max. 10 giocatori: \u20ac 30,00\/h;<br \/>\n&#8211; Illuminazione notturna campo tennis o calcetto \u20ac 6,00\/h;<br \/>\n&#8211; Aria condizionata (presente negli alloggi tipo \u201cB1\u201d, \u201cD1\u201d, \u201cH 1\u201d,\u201cL1\u201d, \u201cN2\u201d, \u201cN4\u201d, \u201cN5\u201d, \u201cC1\u201d e \u201cC4\u201d): \u20ac 30,00\/settimana.<\/p>\n<p><strong><em>Modalit\u00e0 di prenotazione e di pagamento<br \/>\n<\/em><\/strong>Le proposte degli alloggi si intendono valide fino a disponibilit\u00e0 degli stessi, i quali saranno riservati definitivamente solo dopo il versamento della caparra cofirmataria (50% del costo totale del soggiorno).<\/p>\n<p>Per la caparra versata tramite banca utilizzare i seguenti riferimenti: IBAN IT48 X054 2478 4500 0000 1001385 (se il bonifico proviene dall&#8217;estero indicare anche il BIC: BPBAIT3BXXX) Banca Popolare di Bari, Filiale di Manfredonia<\/p>\n<p><strong><em>Cauzione alloggi<\/em><\/strong><br \/>\nDeve essere versata all\u2019arrivo, contestualmente al pagamento del saldo, ed in contanti una cauzione di \u20ac 100,00. A fine soggiorno tale importo sar\u00e0 restituito dopo la verifica dello stato dei locali, operazione che effettuer\u00e0 il personale della reception all\u2019atto della restituzione delle chiavi dell\u2019alloggio. Verr\u00e0 trattenuto, eventualmente, quanto dovuto per la mancata pulizia degli ambienti e\/o per i danni arrecati agli stessi (in particolar modo alle zanzariere). Per le partenze effettuate durante l\u2019orario di chiusura della reception, che non consentono al personale addetto di effettuare la verifica sullo stato di riconsegna dei locali, la cauzione sar\u00e0 restituita successivamente alla partenza, tramite vaglia postale o bonifico bancario, dopo aver effettuato i dovuti controlli. Guasti, anomalie e mancanze, riscontrati alla consegna dell\u2019alloggio o durante il soggiorno, devono essere fatti presenti subito al personale del campeggio.<\/p>\n<p><em><strong>Rinunce<\/strong><\/em><br \/>\nLe comunicazioni riguardanti annullamenti o rinunce saranno prese in considerazione solo se fatte a mezzo telegramma, fax, raccomandata o e-mail. Si avr\u00e0 diritto alla restituzione della caparra confirmatoria di soggiorno versata, dedotto il 10% per recupero spese di amministrazione, se la disdetta perverr\u00e0 fino a 7 gg. prima dell\u2019inizio del soggiorno. Oltre tale termine sar\u00e0 possibile opzionare un altro periodo di permanenza, altrimenti si perder\u00e0 la caparra versata. La volontaria rinuncia a soggiornare e nei casi di riduzione del periodo di soggiorno per ritardato arrivo, anticipata partenza o per qualsiasi altra causa non prevede rimborsi e comporta l&#8217;obbligo del pagamento dell&#8217;intero periodo prenotato.<\/p>\n<p><strong><em>Reclami<\/em><\/strong><br \/>\nAl momento della prenotazione \u00e8 bene chiedere tutte le informazioni necessarie, al fine di sincerarsi se il campeggio soddisfa le proprie aspettative. Eventuali contestazioni fatte all\u2019arrivo per mancato gradimento della struttura o dell\u2019alloggio o per qualsiasi altro motivo, non esimono il cliente dall\u2019obbligo di pagare il saldo dell\u2019importo determinato al momento della prenotazione. Lo staff del campeggio cerca di prestare agli ospiti tutte le attenzioni per rendere la vacanza il pi\u00f9 piacevole possibile. Se nonostante ci\u00f2, qualcosa non dovesse essere di gradimento, si prega di mettersi in contatto con la direzione affinch\u00e9 possa intervenire per risolvere gli eventuali problemi.<\/p>\n<p><strong><em>Ospiti<\/em><\/strong><br \/>\nLe visite di parenti ed amici agli ospiti del campeggio sono spesso causa di discussione tra i villeggianti, in quanto arrecano disturbo ai vicini. Ci\u00f2 premesso, le visite vanno preventivamente autorizzate e sono ammesse dalle ore 8:00 alle ore 23:30. All\u2019arrivo gli ospiti devono consegnare alla reception i documenti personali di riconoscimento per la registrazione e se la loro permanenza \u00e8 superiore ad un\u2019ora, devono pagare una tariffa giornaliera di \u20ac 10,00 per il primo ospite (compreso il posto auto o moto da lasciare nel parcheggio del lido) e di \u20ac 3,00 per ogni ospite in pi\u00f9, compresi i bambini da 3 anni compiuti in poi. Per gli ospiti privi di automezzo: riduzione di \u20ac 4,00.<br \/>\nTutti gli ospiti dovranno rispettare le norme del regolamento interno.<\/p>\n<p><strong><em>Automezzi: circolazione e parcheggio<\/em><\/strong><br \/>\nDurante le ore del silenzio e della quiete (dalle 14:00 alle 16:00 e dalle 23:30 alle 7:30) \u00e8 vietata la circolazione dei mezzi all\u2019interno del campeggio. Dal 30 giugno al primo settembre sono vietati l\u2019accesso e la circolazione dei mezzi a motore all\u2019interno della struttura, salvo all\u2019arrivo e alla partenza per il tempo strettamente necessario ad effettuare le operazioni di scarico o carico dei bagagli e per la sistemazione dei campeggiatori. Sono esclusi dal divieto i mezzi di servizio e le biciclette. Nel suddetto periodo ad ogni unit\u00e0 abitativa o campeggiatore con autovettura \u00e8 assegnato un posto auto o moto nell\u2019area adibita a parcheggio o in appositi spazi, nei pressi degli alloggi. Per ogni auto o moto in pi\u00f9 oltre la prima, supplemento giornaliero, rispettivamente di \u20ac 3,50 ed \u20ac 2,50.<\/p>\n<p><strong><em>Animali<\/em><\/strong><br \/>\nGli animali sono accettati, ma devono essere segnalati al momento della prenotazione e per i campeggiatori al momento dell\u2019arrivo in campeggio. Dovranno essere in possesso del certificato di vaccinazione ed all\u2019interno del campeggio saranno tenuti sempre al guinzaglio e se del caso con la museruola. Sulla spiaggia possono sostare e fare il bagno in apposite zone indicate dalla direzione. La tariffa settimanale, nei periodi E, F, G, H, I \u00e9 di \u20ac 30,00 per il cane ed \u20ac 20,00 per il gatto. Per i campeggiatori tariffa come da tabella.<\/p>\n<p><strong><em>Attivit\u00e0 commerciali e lido<\/em><\/strong><br \/>\nIl villaggio dispone di due bar, piccolo spaccio sul lido dove \u00e8 possibile acquistare prodotti confezionati.<br \/>\n\u00c8 a disposizione la\u00a0 lavanderia a gettone e stireria.<br \/>\nLa struttura dispone di un\u2019ampia spiaggia privata sabbiosa dotata di servizi igienici, docce calde\/fredde, per met\u00e0 attrezzata con ombrelloni, sdraio e lettini a pagamento e l\u2019altra met\u00e0 destinata a spiaggia libera. E\u2019 previsto il servizio di assistenza ai bagnanti.<\/p>\n<p><strong><em>Varie<\/em><\/strong><br \/>\nUn servizio di linea urbana collega, ad orari prestabiliti ed affissi all\u2019esterno della reception, il campeggio con la citt\u00e0 di Manfredonia e viceversa e con il centro commerciale \u201cGargano\u201d. Inoltre, la stazione ferroviaria \u00e8 ben collegata con il campeggio con un comodo e conveniente servizio taxi.<br \/>\nL\u2019assistenza medica \u00e8 svolta presso l\u2019ospedale civile di Manfredonia dove \u00e8 operativo un moderno ed attrezzato \u201cpronto soccorso\u201d. In alternativa si pu\u00f2 ricorre alle prestazioni di medici privati che devono essere pagati direttamente dall\u2019ospite.<br \/>\nIl campeggio sorge in una delle pi\u00f9 importanti zone umide protette d&#8217;Europa, meta di birdwatchers provenienti da varie parti del mondo.<br \/>\nAlcune volte pu\u00f2 verificarsi, all\u2019imbrunire e per un periodo di tempo limitato, il problema della presenza delle zanzare. Premunirsi per l&#8217;occorrenza.<br \/>\nIn caso di difformit\u00e0 o di interpretazione tra il testo italiano e i testi tradotti in lingua straniera del listino prezzi e delle modalit\u00e0 di soggiorno fa fede quello in italiano.<\/p>\n","protected":false},"excerpt":{"rendered":"<p>Descrizione degli Alloggi Il villaggio dispone di 200 posti letto costituiti da 50 strutture abitative tra monolocali, miniappartamenti e bungalow in muratura, cottage in legno e mansarde. Tutte le strutture sono sobrie e funzionali, dotate di spazi esterni che possono<\/p>\n","protected":false},"author":3,"featured_media":0,"parent":0,"menu_order":0,"comment_status":"closed","ping_status":"closed","template":"","meta":{"footnotes":""},"class_list":["post-153","page","type-page","status-publish","hentry"],"_links":{"self":[{"href":"https:\/\/www.la-bussola.it\/it\/wp-json\/wp\/v2\/pages\/153","targetHints":{"allow":["GET"]}}],"collection":[{"href":"https:\/\/www.la-bussola.it\/it\/wp-json\/wp\/v2\/pages"}],"about":[{"href":"https:\/\/www.la-bussola.it\/it\/wp-json\/wp\/v2\/types\/page"}],"author":[{"embeddable":true,"href":"https:\/\/www.la-bussola.it\/it\/wp-json\/wp\/v2\/users\/3"}],"replies":[{"embeddable":true,"href":"https:\/\/www.la-bussola.it\/it\/wp-json\/wp\/v2\/comments?post=153"}],"version-history":[{"count":0,"href":"https:\/\/www.la-bussola.it\/it\/wp-json\/wp\/v2\/pages\/153\/revisions"}],"wp:attachment":[{"href":"https:\/\/www.la-bussola.it\/it\/wp-json\/wp\/v2\/media?parent=153"}],"curies":[{"name":"wp","href":"https:\/\/api.w.org\/{rel}","templated":true}]}}