{"id":38,"date":"2015-02-04T16:57:57","date_gmt":"2015-02-04T16:57:57","guid":{"rendered":"http:\/\/www.la-bussola.it\/?page_id=38"},"modified":"2017-12-26T15:58:11","modified_gmt":"2017-12-26T15:58:11","slug":"san-giovanni-rotondo","status":"publish","type":"page","link":"https:\/\/www.la-bussola.it\/it\/escursioni\/san-giovanni-rotondo\/","title":{"rendered":"San Giovanni Rotondo"},"content":{"rendered":"<p>San Giovanni Rotondo \u00e8 il centro della spiritualit\u00e0 del Gargano e dei pellegrini che ogni anno raggiungono la citt\u00e0 per pregare sulle spoglie del Santo Padre Pio da Pietrelcina.<\/p>\n<p>Il paese \u00e8 situato in una conca ben coltivata che si apre a Sud-Est del M. Castellana sul pendio meridionale del Gargano e si affaccia su Manfredonia.<\/p>\n<p>San Giovanni \u00e8 famosissima per il Santuario di Padre Pio da Pietralcina\u00a0 e per l&#8217;ospedale Casa Sollievo della Sofferenza voluto dal santo.<br \/>\nDa oltre 50 anni San Giovanni Rotondo \u00e8 meta di pellegrini da tutto il mondo per la presenza del Convento in cui padre Pio da Pietralcina visse e ricevette le stimmate.<\/p>\n<div id='gallery-1' class='gallery galleryid-38 gallery-columns-5 gallery-size-medium'><dl class='gallery-item'>\n\t\t\t<dt class='gallery-icon landscape'>\n\t\t\t\t<a href='https:\/\/www.la-bussola.it\/wp-content\/uploads\/2015\/02\/sangiovannirotondo2.jpg' rel=\"lightbox[38]\"><img loading=\"lazy\" decoding=\"async\" width=\"300\" height=\"225\" src=\"https:\/\/www.la-bussola.it\/wp-content\/uploads\/2015\/02\/sangiovannirotondo2-300x225.jpg\" class=\"attachment-medium size-medium\" alt=\"Ospedale Casa Sollievo della Sofferenza\" srcset=\"https:\/\/www.la-bussola.it\/wp-content\/uploads\/2015\/02\/sangiovannirotondo2-300x225.jpg 300w, https:\/\/www.la-bussola.it\/wp-content\/uploads\/2015\/02\/sangiovannirotondo2.jpg 700w\" sizes=\"auto, (max-width: 300px) 100vw, 300px\" \/><\/a>\n\t\t\t<\/dt><\/dl><dl class='gallery-item'>\n\t\t\t<dt class='gallery-icon landscape'>\n\t\t\t\t<a href='https:\/\/www.la-bussola.it\/wp-content\/uploads\/2015\/02\/sangiovannirotondo4.jpg' rel=\"lightbox[38]\"><img loading=\"lazy\" decoding=\"async\" width=\"300\" height=\"225\" src=\"https:\/\/www.la-bussola.it\/wp-content\/uploads\/2015\/02\/sangiovannirotondo4-300x225.jpg\" class=\"attachment-medium size-medium\" alt=\"La nuova chiesa dedicata a Padre Pio\" srcset=\"https:\/\/www.la-bussola.it\/wp-content\/uploads\/2015\/02\/sangiovannirotondo4-300x225.jpg 300w, https:\/\/www.la-bussola.it\/wp-content\/uploads\/2015\/02\/sangiovannirotondo4.jpg 700w\" sizes=\"auto, (max-width: 300px) 100vw, 300px\" \/><\/a>\n\t\t\t<\/dt><\/dl><dl class='gallery-item'>\n\t\t\t<dt class='gallery-icon landscape'>\n\t\t\t\t<a href='https:\/\/www.la-bussola.it\/wp-content\/uploads\/2015\/02\/sangiovannirotondo5.jpg' rel=\"lightbox[38]\"><img loading=\"lazy\" decoding=\"async\" width=\"300\" height=\"224\" src=\"https:\/\/www.la-bussola.it\/wp-content\/uploads\/2015\/02\/sangiovannirotondo5-300x224.jpg\" class=\"attachment-medium size-medium\" alt=\"La cripta custode della spoglie del Santo\" srcset=\"https:\/\/www.la-bussola.it\/wp-content\/uploads\/2015\/02\/sangiovannirotondo5-300x224.jpg 300w, https:\/\/www.la-bussola.it\/wp-content\/uploads\/2015\/02\/sangiovannirotondo5.jpg 700w\" sizes=\"auto, (max-width: 300px) 100vw, 300px\" \/><\/a>\n\t\t\t<\/dt><\/dl><dl class='gallery-item'>\n\t\t\t<dt class='gallery-icon landscape'>\n\t\t\t\t<a href='https:\/\/www.la-bussola.it\/wp-content\/uploads\/2015\/02\/sangiovannirotondo3.jpg' rel=\"lightbox[38]\"><img loading=\"lazy\" decoding=\"async\" width=\"300\" height=\"225\" src=\"https:\/\/www.la-bussola.it\/wp-content\/uploads\/2015\/02\/sangiovannirotondo3-300x225.jpg\" class=\"attachment-medium size-medium\" alt=\"Chiesa Santa Maria delle Grazie\" srcset=\"https:\/\/www.la-bussola.it\/wp-content\/uploads\/2015\/02\/sangiovannirotondo3-300x225.jpg 300w, https:\/\/www.la-bussola.it\/wp-content\/uploads\/2015\/02\/sangiovannirotondo3.jpg 700w\" sizes=\"auto, (max-width: 300px) 100vw, 300px\" \/><\/a>\n\t\t\t<\/dt><\/dl><dl class='gallery-item'>\n\t\t\t<dt class='gallery-icon landscape'>\n\t\t\t\t<a href='https:\/\/www.la-bussola.it\/wp-content\/uploads\/2015\/02\/sangiovannirotondo1.jpg' rel=\"lightbox[38]\"><img loading=\"lazy\" decoding=\"async\" width=\"300\" height=\"225\" src=\"https:\/\/www.la-bussola.it\/wp-content\/uploads\/2015\/02\/sangiovannirotondo1-300x225.jpg\" class=\"attachment-medium size-medium\" alt=\"La nuova chiesa dedicata a Padre Pio\" srcset=\"https:\/\/www.la-bussola.it\/wp-content\/uploads\/2015\/02\/sangiovannirotondo1-300x225.jpg 300w, https:\/\/www.la-bussola.it\/wp-content\/uploads\/2015\/02\/sangiovannirotondo1.jpg 700w\" sizes=\"auto, (max-width: 300px) 100vw, 300px\" \/><\/a>\n\t\t\t<\/dt><\/dl><br style=\"clear: both\" \/>\n\t\t<\/div>\n\n","protected":false},"excerpt":{"rendered":"<p>San Giovanni Rotondo \u00e8 il centro della spiritualit\u00e0 del Gargano e dei pellegrini che ogni anno raggiungono la citt\u00e0 per pregare sulle spoglie del Santo Padre Pio da Pietrelcina. Il paese \u00e8 situato in una conca ben coltivata che si<\/p>\n","protected":false},"author":3,"featured_media":49,"parent":18,"menu_order":0,"comment_status":"closed","ping_status":"closed","template":"","meta":{"footnotes":""},"class_list":["post-38","page","type-page","status-publish","has-post-thumbnail","hentry"],"_links":{"self":[{"href":"https:\/\/www.la-bussola.it\/it\/wp-json\/wp\/v2\/pages\/38","targetHints":{"allow":["GET"]}}],"collection":[{"href":"https:\/\/www.la-bussola.it\/it\/wp-json\/wp\/v2\/pages"}],"about":[{"href":"https:\/\/www.la-bussola.it\/it\/wp-json\/wp\/v2\/types\/page"}],"author":[{"embeddable":true,"href":"https:\/\/www.la-bussola.it\/it\/wp-json\/wp\/v2\/users\/3"}],"replies":[{"embeddable":true,"href":"https:\/\/www.la-bussola.it\/it\/wp-json\/wp\/v2\/comments?post=38"}],"version-history":[{"count":0,"href":"https:\/\/www.la-bussola.it\/it\/wp-json\/wp\/v2\/pages\/38\/revisions"}],"up":[{"embeddable":true,"href":"https:\/\/www.la-bussola.it\/it\/wp-json\/wp\/v2\/pages\/18"}],"wp:featuredmedia":[{"embeddable":true,"href":"https:\/\/www.la-bussola.it\/it\/wp-json\/wp\/v2\/media\/49"}],"wp:attachment":[{"href":"https:\/\/www.la-bussola.it\/it\/wp-json\/wp\/v2\/media?parent=38"}],"curies":[{"name":"wp","href":"https:\/\/api.w.org\/{rel}","templated":true}]}}