{"id":41,"date":"2015-02-04T16:59:10","date_gmt":"2015-02-04T16:59:10","guid":{"rendered":"http:\/\/www.la-bussola.it\/?page_id=41"},"modified":"2017-12-26T15:59:59","modified_gmt":"2017-12-26T15:59:59","slug":"vieste-e-peschici","status":"publish","type":"page","link":"https:\/\/www.la-bussola.it\/it\/escursioni\/vieste-e-peschici\/","title":{"rendered":"Vieste e Peschici"},"content":{"rendered":"<p>Peschici \u00e8 una rinomata stazione balneare garganica per la qualit\u00e0 del suo mare e l\u2019ottima balneazione, che l\u2019hanno portata ad ottenere pi\u00f9 volte insignita della Bandiera Blu, prestigioso riconoscimento della Foundation for Environmental Education. Il paesino \u00e8 di un bianco accecante che unito al vista della baia forma uno dei panorami pi\u00f9 tipici della Puglia.<\/p>\n<p>Vieste per la qualit\u00e0 delle sue acque di balneazione \u00e8 stata pi\u00f9 volte insignita della Bandiera Blu. Fa parte del Parco Nazionale del Gargano e della Comunit\u00e0 Montana del Gargano. All\u2019inizio della sua spiaggia\u00a0si erge\u00a0 un monolite alto circa 25 metri chiamato Pizzomunno che \u00e8 il simbolo stesso della cittadina garganica. Ad esso sono legate alcune leggende, spesso diverse l\u2019una dell\u2019altra.<\/p>\n<div id='gallery-1' class='gallery galleryid-41 gallery-columns-5 gallery-size-medium'><dl class='gallery-item'>\n\t\t\t<dt class='gallery-icon landscape'>\n\t\t\t\t<a href='https:\/\/www.la-bussola.it\/wp-content\/uploads\/2015\/02\/peschici1.jpg' rel=\"lightbox[41]\"><img loading=\"lazy\" decoding=\"async\" width=\"300\" height=\"224\" src=\"https:\/\/www.la-bussola.it\/wp-content\/uploads\/2015\/02\/peschici1-300x224.jpg\" class=\"attachment-medium size-medium\" alt=\"Peschici\" srcset=\"https:\/\/www.la-bussola.it\/wp-content\/uploads\/2015\/02\/peschici1-300x224.jpg 300w, https:\/\/www.la-bussola.it\/wp-content\/uploads\/2015\/02\/peschici1.jpg 700w\" sizes=\"auto, (max-width: 300px) 100vw, 300px\" \/><\/a>\n\t\t\t<\/dt><\/dl><dl class='gallery-item'>\n\t\t\t<dt class='gallery-icon landscape'>\n\t\t\t\t<a href='https:\/\/www.la-bussola.it\/wp-content\/uploads\/2015\/02\/peschici2.jpg' rel=\"lightbox[41]\"><img loading=\"lazy\" decoding=\"async\" width=\"300\" height=\"225\" src=\"https:\/\/www.la-bussola.it\/wp-content\/uploads\/2015\/02\/peschici2-300x225.jpg\" class=\"attachment-medium size-medium\" alt=\"Peschici\" srcset=\"https:\/\/www.la-bussola.it\/wp-content\/uploads\/2015\/02\/peschici2-300x225.jpg 300w, https:\/\/www.la-bussola.it\/wp-content\/uploads\/2015\/02\/peschici2.jpg 700w\" sizes=\"auto, (max-width: 300px) 100vw, 300px\" \/><\/a>\n\t\t\t<\/dt><\/dl><dl class='gallery-item'>\n\t\t\t<dt class='gallery-icon landscape'>\n\t\t\t\t<a href='https:\/\/www.la-bussola.it\/wp-content\/uploads\/2015\/02\/vieste1.jpg' rel=\"lightbox[41]\"><img loading=\"lazy\" decoding=\"async\" width=\"300\" height=\"225\" src=\"https:\/\/www.la-bussola.it\/wp-content\/uploads\/2015\/02\/vieste1-300x225.jpg\" class=\"attachment-medium size-medium\" alt=\"Vieste\" srcset=\"https:\/\/www.la-bussola.it\/wp-content\/uploads\/2015\/02\/vieste1-300x225.jpg 300w, https:\/\/www.la-bussola.it\/wp-content\/uploads\/2015\/02\/vieste1.jpg 700w\" sizes=\"auto, (max-width: 300px) 100vw, 300px\" \/><\/a>\n\t\t\t<\/dt><\/dl><dl class='gallery-item'>\n\t\t\t<dt class='gallery-icon landscape'>\n\t\t\t\t<a href='https:\/\/www.la-bussola.it\/wp-content\/uploads\/2015\/02\/vieste2.jpg' rel=\"lightbox[41]\"><img loading=\"lazy\" decoding=\"async\" width=\"300\" height=\"225\" src=\"https:\/\/www.la-bussola.it\/wp-content\/uploads\/2015\/02\/vieste2-300x225.jpg\" class=\"attachment-medium size-medium\" alt=\"Vieste\" srcset=\"https:\/\/www.la-bussola.it\/wp-content\/uploads\/2015\/02\/vieste2-300x225.jpg 300w, https:\/\/www.la-bussola.it\/wp-content\/uploads\/2015\/02\/vieste2.jpg 700w\" sizes=\"auto, (max-width: 300px) 100vw, 300px\" \/><\/a>\n\t\t\t<\/dt><\/dl><dl class='gallery-item'>\n\t\t\t<dt class='gallery-icon landscape'>\n\t\t\t\t<a href='https:\/\/www.la-bussola.it\/wp-content\/uploads\/2015\/02\/vieste3.jpg' rel=\"lightbox[41]\"><img loading=\"lazy\" decoding=\"async\" width=\"300\" height=\"225\" src=\"https:\/\/www.la-bussola.it\/wp-content\/uploads\/2015\/02\/vieste3-300x225.jpg\" class=\"attachment-medium size-medium\" alt=\"Vieste\" srcset=\"https:\/\/www.la-bussola.it\/wp-content\/uploads\/2015\/02\/vieste3-300x225.jpg 300w, https:\/\/www.la-bussola.it\/wp-content\/uploads\/2015\/02\/vieste3.jpg 700w\" sizes=\"auto, (max-width: 300px) 100vw, 300px\" \/><\/a>\n\t\t\t<\/dt><\/dl><br style=\"clear: both\" \/>\n\t\t<\/div>\n\n","protected":false},"excerpt":{"rendered":"<p>Peschici \u00e8 una rinomata stazione balneare garganica per la qualit\u00e0 del suo mare e l\u2019ottima balneazione, che l\u2019hanno portata ad ottenere pi\u00f9 volte insignita della Bandiera Blu, prestigioso riconoscimento della Foundation for Environmental Education. Il paesino \u00e8 di un bianco<\/p>\n","protected":false},"author":3,"featured_media":45,"parent":18,"menu_order":0,"comment_status":"closed","ping_status":"closed","template":"","meta":{"footnotes":""},"class_list":["post-41","page","type-page","status-publish","has-post-thumbnail","hentry"],"_links":{"self":[{"href":"https:\/\/www.la-bussola.it\/it\/wp-json\/wp\/v2\/pages\/41","targetHints":{"allow":["GET"]}}],"collection":[{"href":"https:\/\/www.la-bussola.it\/it\/wp-json\/wp\/v2\/pages"}],"about":[{"href":"https:\/\/www.la-bussola.it\/it\/wp-json\/wp\/v2\/types\/page"}],"author":[{"embeddable":true,"href":"https:\/\/www.la-bussola.it\/it\/wp-json\/wp\/v2\/users\/3"}],"replies":[{"embeddable":true,"href":"https:\/\/www.la-bussola.it\/it\/wp-json\/wp\/v2\/comments?post=41"}],"version-history":[{"count":0,"href":"https:\/\/www.la-bussola.it\/it\/wp-json\/wp\/v2\/pages\/41\/revisions"}],"up":[{"embeddable":true,"href":"https:\/\/www.la-bussola.it\/it\/wp-json\/wp\/v2\/pages\/18"}],"wp:featuredmedia":[{"embeddable":true,"href":"https:\/\/www.la-bussola.it\/it\/wp-json\/wp\/v2\/media\/45"}],"wp:attachment":[{"href":"https:\/\/www.la-bussola.it\/it\/wp-json\/wp\/v2\/media?parent=41"}],"curies":[{"name":"wp","href":"https:\/\/api.w.org\/{rel}","templated":true}]}}