{"id":43,"date":"2015-02-04T17:03:03","date_gmt":"2015-02-04T17:03:03","guid":{"rendered":"http:\/\/www.la-bussola.it\/?page_id=43"},"modified":"2017-12-26T16:08:34","modified_gmt":"2017-12-26T16:08:34","slug":"castel-del-monte-e-alberobello","status":"publish","type":"page","link":"https:\/\/www.la-bussola.it\/it\/escursioni\/castel-del-monte-e-alberobello\/","title":{"rendered":"Castel del Monte e Alberobello"},"content":{"rendered":"<p>Castel del Monte si trova su un pendio ed \u00e8 un monumento unico nel suo genere ancora avvolto in un mistero per gli storici e studiosi. E&#8217; stato dichiarato dall&#8217;UNESCO Patrimonio Mondiale dell&#8217;\u2019Umanit\u00e0 ed \u00e8 senza dubbio uno dei luoghi pi\u00f9 ammirati e pi\u00f9 misteriosi d&#8217;Italia.<\/p>\n<p>Alberobello \u00e8 conosciuta per la celebre forma conica dei suoi Trulli, sono gli edifici imbiancati a calce con i tetti conici, realizzati in lastre di calcare, impilati uno sull&#8217;altro senza calcina. Esistono interi quartieri composti dai Trulli, come il quartiere &#8220;Aia Piccola&#8221; e sono stati dichiarati dall&#8217;UNESCO Patrimonio Mondiale dell\u2019Umanit\u00e0.<\/p>\n<div id='gallery-1' class='gallery galleryid-43 gallery-columns-5 gallery-size-medium'><dl class='gallery-item'>\n\t\t\t<dt class='gallery-icon landscape'>\n\t\t\t\t<a href='https:\/\/www.la-bussola.it\/wp-content\/uploads\/2015\/02\/alberobello3.jpg' rel=\"lightbox[43]\"><img loading=\"lazy\" decoding=\"async\" width=\"300\" height=\"219\" src=\"https:\/\/www.la-bussola.it\/wp-content\/uploads\/2015\/02\/alberobello3-300x219.jpg\" class=\"attachment-medium size-medium\" alt=\"Alberobello\" srcset=\"https:\/\/www.la-bussola.it\/wp-content\/uploads\/2015\/02\/alberobello3-300x219.jpg 300w, https:\/\/www.la-bussola.it\/wp-content\/uploads\/2015\/02\/alberobello3.jpg 800w\" sizes=\"auto, (max-width: 300px) 100vw, 300px\" \/><\/a>\n\t\t\t<\/dt><\/dl><dl class='gallery-item'>\n\t\t\t<dt class='gallery-icon landscape'>\n\t\t\t\t<a href='https:\/\/www.la-bussola.it\/wp-content\/uploads\/2015\/02\/alberobello1.jpg' rel=\"lightbox[43]\"><img loading=\"lazy\" decoding=\"async\" width=\"300\" height=\"224\" src=\"https:\/\/www.la-bussola.it\/wp-content\/uploads\/2015\/02\/alberobello1-300x224.jpg\" class=\"attachment-medium size-medium\" alt=\"Alberobello\" srcset=\"https:\/\/www.la-bussola.it\/wp-content\/uploads\/2015\/02\/alberobello1-300x224.jpg 300w, https:\/\/www.la-bussola.it\/wp-content\/uploads\/2015\/02\/alberobello1.jpg 800w\" sizes=\"auto, (max-width: 300px) 100vw, 300px\" \/><\/a>\n\t\t\t<\/dt><\/dl><dl class='gallery-item'>\n\t\t\t<dt class='gallery-icon landscape'>\n\t\t\t\t<a href='https:\/\/www.la-bussola.it\/wp-content\/uploads\/2015\/02\/alberobello2.jpg' rel=\"lightbox[43]\"><img loading=\"lazy\" decoding=\"async\" width=\"300\" height=\"227\" src=\"https:\/\/www.la-bussola.it\/wp-content\/uploads\/2015\/02\/alberobello2-300x227.jpg\" class=\"attachment-medium size-medium\" alt=\"Alberobello\" srcset=\"https:\/\/www.la-bussola.it\/wp-content\/uploads\/2015\/02\/alberobello2-300x227.jpg 300w, https:\/\/www.la-bussola.it\/wp-content\/uploads\/2015\/02\/alberobello2.jpg 790w\" sizes=\"auto, (max-width: 300px) 100vw, 300px\" \/><\/a>\n\t\t\t<\/dt><\/dl><dl class='gallery-item'>\n\t\t\t<dt class='gallery-icon landscape'>\n\t\t\t\t<a href='https:\/\/www.la-bussola.it\/wp-content\/uploads\/2015\/02\/casteldelmonte1.jpg' rel=\"lightbox[43]\"><img loading=\"lazy\" decoding=\"async\" width=\"300\" height=\"225\" src=\"https:\/\/www.la-bussola.it\/wp-content\/uploads\/2015\/02\/casteldelmonte1-300x225.jpg\" class=\"attachment-medium size-medium\" alt=\"Castel del Monte\" srcset=\"https:\/\/www.la-bussola.it\/wp-content\/uploads\/2015\/02\/casteldelmonte1-300x225.jpg 300w, https:\/\/www.la-bussola.it\/wp-content\/uploads\/2015\/02\/casteldelmonte1.jpg 800w\" sizes=\"auto, (max-width: 300px) 100vw, 300px\" \/><\/a>\n\t\t\t<\/dt><\/dl><dl class='gallery-item'>\n\t\t\t<dt class='gallery-icon landscape'>\n\t\t\t\t<a href='https:\/\/www.la-bussola.it\/wp-content\/uploads\/2015\/02\/casteldelmonte2.jpg' rel=\"lightbox[43]\"><img loading=\"lazy\" decoding=\"async\" width=\"300\" height=\"225\" src=\"https:\/\/www.la-bussola.it\/wp-content\/uploads\/2015\/02\/casteldelmonte2-300x225.jpg\" class=\"attachment-medium size-medium\" alt=\"Castel del Monte\" srcset=\"https:\/\/www.la-bussola.it\/wp-content\/uploads\/2015\/02\/casteldelmonte2-300x225.jpg 300w, https:\/\/www.la-bussola.it\/wp-content\/uploads\/2015\/02\/casteldelmonte2.jpg 800w\" sizes=\"auto, (max-width: 300px) 100vw, 300px\" \/><\/a>\n\t\t\t<\/dt><\/dl><br style=\"clear: both\" \/>\n\t\t<\/div>\n\n","protected":false},"excerpt":{"rendered":"<p>Castel del Monte si trova su un pendio ed \u00e8 un monumento unico nel suo genere ancora avvolto in un mistero per gli storici e studiosi. E&#8217; stato dichiarato dall&#8217;UNESCO Patrimonio Mondiale dell&#8217;\u2019Umanit\u00e0 ed \u00e8 senza dubbio uno dei luoghi<\/p>\n","protected":false},"author":3,"featured_media":47,"parent":18,"menu_order":0,"comment_status":"closed","ping_status":"closed","template":"","meta":{"footnotes":""},"class_list":["post-43","page","type-page","status-publish","has-post-thumbnail","hentry"],"_links":{"self":[{"href":"https:\/\/www.la-bussola.it\/it\/wp-json\/wp\/v2\/pages\/43","targetHints":{"allow":["GET"]}}],"collection":[{"href":"https:\/\/www.la-bussola.it\/it\/wp-json\/wp\/v2\/pages"}],"about":[{"href":"https:\/\/www.la-bussola.it\/it\/wp-json\/wp\/v2\/types\/page"}],"author":[{"embeddable":true,"href":"https:\/\/www.la-bussola.it\/it\/wp-json\/wp\/v2\/users\/3"}],"replies":[{"embeddable":true,"href":"https:\/\/www.la-bussola.it\/it\/wp-json\/wp\/v2\/comments?post=43"}],"version-history":[{"count":0,"href":"https:\/\/www.la-bussola.it\/it\/wp-json\/wp\/v2\/pages\/43\/revisions"}],"up":[{"embeddable":true,"href":"https:\/\/www.la-bussola.it\/it\/wp-json\/wp\/v2\/pages\/18"}],"wp:featuredmedia":[{"embeddable":true,"href":"https:\/\/www.la-bussola.it\/it\/wp-json\/wp\/v2\/media\/47"}],"wp:attachment":[{"href":"https:\/\/www.la-bussola.it\/it\/wp-json\/wp\/v2\/media?parent=43"}],"curies":[{"name":"wp","href":"https:\/\/api.w.org\/{rel}","templated":true}]}}