{"id":9,"date":"2015-02-04T10:04:50","date_gmt":"2015-02-04T10:04:50","guid":{"rendered":"http:\/\/www.la-bussola.it\/?page_id=9"},"modified":"2026-02-10T16:05:09","modified_gmt":"2026-02-10T16:05:09","slug":"alloggi","status":"publish","type":"page","link":"https:\/\/www.la-bussola.it\/it\/alloggi\/","title":{"rendered":"Alloggi"},"content":{"rendered":"<p>Il camping &#8220;La Bussola&#8221; \u00e8 situato sulla Riviera sud di Manfredonia. Si trova direttamente sul mare (non si attraversano strade per raggiungere la spiaggia), a circa 10 km. dal centro della citt\u00e0. Il terreno sul quale sorge il complesso \u00e8 tutto pianeggiante, privo di barriere architettoniche, ed \u00e8 adatto alla circolazione delle biciclette, \u00e9 ombreggiato da alberi d&#8217;alto fusto (eucalipti, olivi di Boemia, pini marittimi e d&#8217;Aleppo, acacie saline, pioppi, querce, ecc.).<\/p>\n<p>Il Campeggio dispone di alloggi esterni e servizi igienici con doccia, angolo cottura, televisore, frigorifero, alcuni con aria condizionata, posto auto in parcheggio riservato.<\/p>\n<p>Gli amanti del mare e del sole hanno a disposizione un&#8217;ampia spiaggia sabbiosa con un fronte di circa 250mq, in parte libera ed in parte attrezzata a lido.<\/p>\n<p>Il mare, lievemente digradante, \u00e8 privo di insidie ed \u00e9 ideale per i bambini. E&#8217; il posto adatto alla vacanza della famiglia, da vivere nella quiete e nella naturalezza del campeggio.<\/p>\n<p style=\"text-align: center;\"><strong>FORMULA RESIDENCE<\/strong><\/p>\n<p><strong>PERIODI STAGIONALI: <\/strong><br \/>\n<strong>A)<\/strong> 7.01 &#8211; 20.03\u00a0| 31.10 &#8211; 22.12<\/p>\n<p><strong>B)<\/strong> 21.03 &#8211; 24.04<\/p>\n<p><strong>C)<\/strong> 25.04 &#8211; 15.05<\/p>\n<p><strong>D)<\/strong> 16.05 &#8211; 5.06 | 26.09 &#8211; 30.10<\/p>\n<p><strong>E)<\/strong> 6.06 &#8211; 26.06 | 29.08 \u2013 25.09<\/p>\n<p><strong>F)<\/strong> 27.06 &#8211; 10.07 | 22.08 \u2013 28.08<\/p>\n<p><strong>Pasqua<\/strong> 1.04 &#8211; 7.04 | <strong>Natale <\/strong>23.12 \u2013 6.01<\/p>\n<p><strong>G)<\/strong> 11.07 &#8211; 17.07<\/p>\n<p><strong>H)<\/strong> 18.07 &#8211; 31.07<\/p>\n<p><strong>I)<\/strong> 1.08 &#8211; 21.08<\/p>\n<p>Nei periodi A, B e C, per i soggiorni di durata inferiore alla settimana, il costo giornaliero si ottiene dividendo il costo della settimana per 4.<br \/>\nQUOTE SETTIMANALI PER ALLOGGI DA 2 A 8 POSTI LETTO.<\/p>\n<p>&nbsp;<\/p>\n<p>&nbsp;<\/p>\n<table class=\"tbl\" border=\"0\" width=\"100%\" cellspacing=\"1\" cellpadding=\"0\">\n<tbody>\n<tr>\n<td class=\"title\" align=\"center\" bgcolor=\"#087dc2\" width=\"19%\">TIPO DI ALLOGGIO<\/td>\n<td class=\"title\" align=\"center\" bgcolor=\"#087dc2\" width=\"9%\">A<\/td>\n<td class=\"title\" align=\"center\" bgcolor=\"#087dc2\" width=\"9%\">B<\/td>\n<td class=\"title\" align=\"center\" bgcolor=\"#087dc2\" width=\"9%\">C<\/td>\n<td class=\"title\" align=\"center\" bgcolor=\"#087dc2\" width=\"9%\">D<\/td>\n<td class=\"title\" align=\"center\" bgcolor=\"#087dc2\" width=\"9%\">E<\/td>\n<td class=\"title\" align=\"center\" bgcolor=\"#087dc2\" width=\"9%\">F<\/td>\n<td class=\"title\" align=\"center\" bgcolor=\"#087dc2\" width=\"9%\">G<\/td>\n<td class=\"title\" align=\"center\" bgcolor=\"#087dc2\" width=\"9%\">H<\/td>\n<td class=\"title\" align=\"center\" bgcolor=\"#087dc2\" width=\"9%\">I<\/td>\n<\/tr>\n<tr>\n<td valign=\"middle\" bgcolor=\"#F5F5F5\">Mansarda D<br \/>\n2 p.l.<\/td>\n<td align=\"center\" valign=\"middle\" bgcolor=\"#F5F5F5\">\u20ac 150<\/td>\n<td align=\"center\" valign=\"middle\" bgcolor=\"#F5F5F5\">\u20ac 180<\/td>\n<td align=\"center\" valign=\"middle\" bgcolor=\"#F5F5F5\">\u20ac 200<\/td>\n<td align=\"center\" valign=\"middle\" bgcolor=\"#F5F5F5\">\u20ac 230<\/td>\n<td align=\"center\" valign=\"middle\" bgcolor=\"#F5F5F5\">\u20ac 250<\/td>\n<td align=\"center\" valign=\"middle\" bgcolor=\"#F5F5F5\">\u20ac 300<\/td>\n<td align=\"center\" valign=\"middle\" bgcolor=\"#F5F5F5\">\u20ac 350<\/td>\n<td align=\"center\" valign=\"middle\" bgcolor=\"#F5F5F5\">\u20ac 400<\/td>\n<td align=\"center\" valign=\"middle\" bgcolor=\"#F5F5F5\">\u20ac 450<\/td>\n<\/tr>\n<tr>\n<td valign=\"middle\" bgcolor=\"#F5F5F5\">Mansarda E<br \/>\n4 p.l.<\/td>\n<td align=\"center\" valign=\"middle\" bgcolor=\"#F5F5F5\">\u20ac 250<\/td>\n<td align=\"center\" valign=\"middle\" bgcolor=\"#F5F5F5\">\u20ac 280<\/td>\n<td align=\"center\" valign=\"middle\" bgcolor=\"#F5F5F5\">\u20ac 300<\/td>\n<td align=\"center\" valign=\"middle\" bgcolor=\"#F5F5F5\">\u20ac 350<\/td>\n<td align=\"center\" valign=\"middle\" bgcolor=\"#F5F5F5\">\u20ac 380<\/td>\n<td align=\"center\" valign=\"middle\" bgcolor=\"#F5F5F5\">\u20ac 420<\/td>\n<td align=\"center\" valign=\"middle\" bgcolor=\"#F5F5F5\">\u20ac 500<\/td>\n<td align=\"center\" valign=\"middle\" bgcolor=\"#F5F5F5\">\u20ac 600<\/td>\n<td align=\"center\" valign=\"middle\" bgcolor=\"#F5F5F5\">\u20ac 700<\/td>\n<\/tr>\n<tr>\n<td valign=\"middle\" bgcolor=\"#F5F5F5\">Monoloc. A<br \/>\n4 p.l.<\/td>\n<td align=\"center\" valign=\"middle\" bgcolor=\"#F5F5F5\">\u20ac 200<\/td>\n<td align=\"center\" valign=\"middle\" bgcolor=\"#F5F5F5\">\u20ac 220<\/td>\n<td align=\"center\" valign=\"middle\" bgcolor=\"#F5F5F5\">\u20ac 250<\/td>\n<td align=\"center\" valign=\"middle\" bgcolor=\"#F5F5F5\">\u20ac 300<\/td>\n<td align=\"center\" valign=\"middle\" bgcolor=\"#F5F5F5\">\u20ac 350<\/td>\n<td align=\"center\" valign=\"middle\" bgcolor=\"#F5F5F5\">\u20ac 400<\/td>\n<td align=\"center\" valign=\"middle\" bgcolor=\"#F5F5F5\">\u20ac 430<\/td>\n<td align=\"center\" valign=\"middle\" bgcolor=\"#F5F5F5\">\u20ac 500<\/td>\n<td align=\"center\" valign=\"middle\" bgcolor=\"#F5F5F5\">\u20ac 620<\/td>\n<\/tr>\n<tr>\n<td valign=\"middle\" bgcolor=\"#F5F5F5\">Monoloc. B<br \/>\n4 p.l.<\/td>\n<td align=\"center\" valign=\"middle\" bgcolor=\"#F5F5F5\">\u20ac 210<\/td>\n<td align=\"center\" valign=\"middle\" bgcolor=\"#F5F5F5\">\u20ac 230<\/td>\n<td align=\"center\" valign=\"middle\" bgcolor=\"#F5F5F5\">\u20ac 265<\/td>\n<td align=\"center\" valign=\"middle\" bgcolor=\"#F5F5F5\">\u20ac 320<\/td>\n<td align=\"center\" valign=\"middle\" bgcolor=\"#F5F5F5\">\u20ac 370<\/td>\n<td align=\"center\" valign=\"middle\" bgcolor=\"#F5F5F5\">\u20ac 420<\/td>\n<td align=\"center\" valign=\"middle\" bgcolor=\"#F5F5F5\">\u20ac 450<\/td>\n<td align=\"center\" valign=\"middle\" bgcolor=\"#F5F5F5\">\u20ac 550<\/td>\n<td align=\"center\" valign=\"middle\" bgcolor=\"#F5F5F5\">\u20ac 660<\/td>\n<\/tr>\n<tr>\n<td valign=\"middle\" bgcolor=\"#F5F5F5\">Monoloc. C<br \/>\n4 p.l.<\/td>\n<td align=\"center\" valign=\"middle\" bgcolor=\"#F5F5F5\">\u20ac 230<\/td>\n<td align=\"center\" valign=\"middle\" bgcolor=\"#F5F5F5\">\u20ac 250<\/td>\n<td align=\"center\" valign=\"middle\" bgcolor=\"#F5F5F5\">\u20ac 280<\/td>\n<td align=\"center\" valign=\"middle\" bgcolor=\"#F5F5F5\">\u20ac 310<\/td>\n<td align=\"center\" valign=\"middle\" bgcolor=\"#F5F5F5\">\u20ac 360<\/td>\n<td align=\"center\" valign=\"middle\" bgcolor=\"#F5F5F5\">\u20ac 410<\/td>\n<td align=\"center\" valign=\"middle\" bgcolor=\"#F5F5F5\">\u20ac 450<\/td>\n<td align=\"center\" valign=\"middle\" bgcolor=\"#F5F5F5\">\u20ac 530<\/td>\n<td align=\"center\" valign=\"middle\" bgcolor=\"#F5F5F5\">\u20ac 640<\/td>\n<\/tr>\n<tr>\n<td valign=\"middle\" bgcolor=\"#F5F5F5\">Bilocale F<br \/>\n4 p.l.<\/td>\n<td align=\"center\" valign=\"middle\" bgcolor=\"#F5F5F5\">\u20ac 250<\/td>\n<td align=\"center\" valign=\"middle\" bgcolor=\"#F5F5F5\">\u20ac 290<\/td>\n<td align=\"center\" valign=\"middle\" bgcolor=\"#F5F5F5\">\u20ac 335<\/td>\n<td align=\"center\" valign=\"middle\" bgcolor=\"#F5F5F5\">\u20ac 390<\/td>\n<td align=\"center\" valign=\"middle\" bgcolor=\"#F5F5F5\">\u20ac 430<\/td>\n<td align=\"center\" valign=\"middle\" bgcolor=\"#F5F5F5\">\u20ac 480<\/td>\n<td align=\"center\" valign=\"middle\" bgcolor=\"#F5F5F5\">\u20ac 550<\/td>\n<td align=\"center\" valign=\"middle\" bgcolor=\"#F5F5F5\">\u20ac 680<\/td>\n<td align=\"center\" valign=\"middle\" bgcolor=\"#F5F5F5\">\u20ac 800<\/td>\n<\/tr>\n<tr>\n<td valign=\"middle\" bgcolor=\"#F5F5F5\">Bilocale G<br \/>\n4\/6 p.l.<\/td>\n<td align=\"center\" valign=\"middle\" bgcolor=\"#F5F5F5\">\u20ac 230<\/td>\n<td align=\"center\" valign=\"middle\" bgcolor=\"#F5F5F5\">\u20ac 265<\/td>\n<td align=\"center\" valign=\"middle\" bgcolor=\"#F5F5F5\">\u20ac 300<\/td>\n<td align=\"center\" valign=\"middle\" bgcolor=\"#F5F5F5\">\u20ac 360<\/td>\n<td align=\"center\" valign=\"middle\" bgcolor=\"#F5F5F5\">\u20ac 400<\/td>\n<td align=\"center\" valign=\"middle\" bgcolor=\"#F5F5F5\">\u20ac 460<\/td>\n<td align=\"center\" valign=\"middle\" bgcolor=\"#F5F5F5\">\u20ac 520<\/td>\n<td align=\"center\" valign=\"middle\" bgcolor=\"#F5F5F5\">\u20ac 640<\/td>\n<td align=\"center\" valign=\"middle\" bgcolor=\"#F5F5F5\">\u20ac 760<\/td>\n<\/tr>\n<tr>\n<td valign=\"middle\" bgcolor=\"#F5F5F5\">Bilocale H<br \/>\n4 p.l.<\/td>\n<td align=\"center\" valign=\"middle\" bgcolor=\"#F5F5F5\">\u20ac 250<\/td>\n<td align=\"center\" valign=\"middle\" bgcolor=\"#F5F5F5\">\u20ac 285<\/td>\n<td align=\"center\" valign=\"middle\" bgcolor=\"#F5F5F5\">\u20ac 320<\/td>\n<td align=\"center\" valign=\"middle\" bgcolor=\"#F5F5F5\">\u20ac 350<\/td>\n<td align=\"center\" valign=\"middle\" bgcolor=\"#F5F5F5\">\u20ac 390<\/td>\n<td align=\"center\" valign=\"middle\" bgcolor=\"#F5F5F5\">\u20ac 430<\/td>\n<td align=\"center\" valign=\"middle\" bgcolor=\"#F5F5F5\">\u20ac 530<\/td>\n<td align=\"center\" valign=\"middle\" bgcolor=\"#F5F5F5\">\u20ac 650<\/td>\n<td align=\"center\" valign=\"middle\" bgcolor=\"#F5F5F5\">\u20ac 780<\/td>\n<\/tr>\n<tr>\n<td valign=\"middle\" bgcolor=\"#F5F5F5\">Cottage L<br \/>\n4\/6 p.l.<\/td>\n<td align=\"center\" valign=\"middle\" bgcolor=\"#F5F5F5\">\u20ac 260<\/td>\n<td align=\"center\" valign=\"middle\" bgcolor=\"#F5F5F5\">\u20ac 300<\/td>\n<td align=\"center\" valign=\"middle\" bgcolor=\"#F5F5F5\">\u20ac 345<\/td>\n<td align=\"center\" valign=\"middle\" bgcolor=\"#F5F5F5\">\u20ac 400<\/td>\n<td align=\"center\" valign=\"middle\" bgcolor=\"#F5F5F5\">\u20ac 430<\/td>\n<td align=\"center\" valign=\"middle\" bgcolor=\"#F5F5F5\">\u20ac 530<\/td>\n<td align=\"center\" valign=\"middle\" bgcolor=\"#F5F5F5\">\u20ac 580<\/td>\n<td align=\"center\" valign=\"middle\" bgcolor=\"#F5F5F5\">\u20ac 700<\/td>\n<td align=\"center\" valign=\"middle\" bgcolor=\"#F5F5F5\">\u20ac 820<\/td>\n<\/tr>\n<tr>\n<td valign=\"middle\" bgcolor=\"#F5F5F5\">Cottage M<br \/>\n4 p.l.<\/td>\n<td align=\"center\" valign=\"middle\" bgcolor=\"#F5F5F5\">\u20ac 270<\/td>\n<td align=\"center\" valign=\"middle\" bgcolor=\"#F5F5F5\">\u20ac 310<\/td>\n<td align=\"center\" valign=\"middle\" bgcolor=\"#F5F5F5\">\u20ac 360<\/td>\n<td align=\"center\" valign=\"middle\" bgcolor=\"#F5F5F5\">\u20ac 415<\/td>\n<td align=\"center\" valign=\"middle\" bgcolor=\"#F5F5F5\">\u20ac 475<\/td>\n<td align=\"center\" valign=\"middle\" bgcolor=\"#F5F5F5\">\u20ac 545<\/td>\n<td align=\"center\" valign=\"middle\" bgcolor=\"#F5F5F5\">\u20ac 600<\/td>\n<td align=\"center\" valign=\"middle\" bgcolor=\"#F5F5F5\">\u20ac 710<\/td>\n<td align=\"center\" valign=\"middle\" bgcolor=\"#F5F5F5\">\u20ac 880<\/td>\n<\/tr>\n<tr>\n<td valign=\"middle\" bgcolor=\"#F5F5F5\">Villa N 1<br \/>\n8 p.l.<\/td>\n<td align=\"center\" valign=\"middle\" bgcolor=\"#F5F5F5\">\u20ac 400<\/td>\n<td align=\"center\" valign=\"middle\" bgcolor=\"#F5F5F5\">\u20ac 460<\/td>\n<td align=\"center\" valign=\"middle\" bgcolor=\"#F5F5F5\">\u20ac 530<\/td>\n<td align=\"center\" valign=\"middle\" bgcolor=\"#F5F5F5\">\u20ac 610<\/td>\n<td align=\"center\" valign=\"middle\" bgcolor=\"#F5F5F5\">\u20ac 700<\/td>\n<td align=\"center\" valign=\"middle\" bgcolor=\"#F5F5F5\">\u20ac 780<\/td>\n<td align=\"center\" valign=\"middle\" bgcolor=\"#F5F5F5\">\u20ac 920<\/td>\n<td align=\"center\" valign=\"middle\" bgcolor=\"#F5F5F5\">\u20ac 1100<\/td>\n<td align=\"center\" valign=\"middle\" bgcolor=\"#F5F5F5\">\u20ac 1280<\/td>\n<\/tr>\n<tr>\n<td valign=\"middle\" bgcolor=\"#F5F5F5\">App.to N 2<br \/>\n6 p.l.<\/td>\n<td align=\"center\" valign=\"middle\" bgcolor=\"#F5F5F5\">\u20ac 320<\/td>\n<td align=\"center\" valign=\"middle\" bgcolor=\"#F5F5F5\">\u20ac 365<\/td>\n<td align=\"center\" valign=\"middle\" bgcolor=\"#F5F5F5\">\u20ac 420<\/td>\n<td align=\"center\" valign=\"middle\" bgcolor=\"#F5F5F5\">\u20ac 480<\/td>\n<td align=\"center\" valign=\"middle\" bgcolor=\"#F5F5F5\">\u20ac 550<\/td>\n<td align=\"center\" valign=\"middle\" bgcolor=\"#F5F5F5\">\u20ac 620<\/td>\n<td align=\"center\" valign=\"middle\" bgcolor=\"#F5F5F5\">\u20ac 720<\/td>\n<td align=\"center\" valign=\"middle\" bgcolor=\"#F5F5F5\">\u20ac 830<\/td>\n<td align=\"center\" valign=\"middle\" bgcolor=\"#F5F5F5\">\u20ac 950<\/td>\n<\/tr>\n<tr>\n<td valign=\"middle\" bgcolor=\"#F5F5F5\">Monoloc. N 3<br \/>\n4 p.l.<\/td>\n<td align=\"center\" valign=\"middle\" bgcolor=\"#F5F5F5\">\u20ac 250<\/td>\n<td align=\"center\" valign=\"middle\" bgcolor=\"#F5F5F5\">\u20ac 290<\/td>\n<td align=\"center\" valign=\"middle\" bgcolor=\"#F5F5F5\">\u20ac 335<\/td>\n<td align=\"center\" valign=\"middle\" bgcolor=\"#F5F5F5\">\u20ac 390<\/td>\n<td align=\"center\" valign=\"middle\" bgcolor=\"#F5F5F5\">\u20ac 450<\/td>\n<td align=\"center\" valign=\"middle\" bgcolor=\"#F5F5F5\">\u20ac 500<\/td>\n<td align=\"center\" valign=\"middle\" bgcolor=\"#F5F5F5\">\u20ac 570<\/td>\n<td align=\"center\" valign=\"middle\" bgcolor=\"#F5F5F5\">\u20ac 670<\/td>\n<td align=\"center\" valign=\"middle\" bgcolor=\"#F5F5F5\">\u20ac 790<\/td>\n<\/tr>\n<tr>\n<td valign=\"middle\" bgcolor=\"#F5F5F5\">Monoloc. N 4<br \/>\n2 p.l.<\/td>\n<td align=\"center\" valign=\"middle\" bgcolor=\"#F5F5F5\">\u20ac 150<\/td>\n<td align=\"center\" valign=\"middle\" bgcolor=\"#F5F5F5\">\u20ac 190<\/td>\n<td align=\"center\" valign=\"middle\" bgcolor=\"#F5F5F5\">\u20ac 210<\/td>\n<td align=\"center\" valign=\"middle\" bgcolor=\"#F5F5F5\">\u20ac 230<\/td>\n<td align=\"center\" valign=\"middle\" bgcolor=\"#F5F5F5\">\u20ac 265<\/td>\n<td align=\"center\" valign=\"middle\" bgcolor=\"#F5F5F5\">\u20ac 305<\/td>\n<td align=\"center\" valign=\"middle\" bgcolor=\"#F5F5F5\">\u20ac 365<\/td>\n<td align=\"center\" valign=\"middle\" bgcolor=\"#F5F5F5\">\u20ac 440<\/td>\n<td align=\"center\" valign=\"middle\" bgcolor=\"#F5F5F5\">\u20ac 530<\/td>\n<\/tr>\n<tr>\n<td valign=\"middle\" bgcolor=\"#F5F5F5\">Triloc. N 5<br \/>\n4 p.l.<\/td>\n<td align=\"center\" valign=\"middle\" bgcolor=\"#F5F5F5\">\u20ac 280<\/td>\n<td align=\"center\" valign=\"middle\" bgcolor=\"#F5F5F5\">\u20ac 330<\/td>\n<td align=\"center\" valign=\"middle\" bgcolor=\"#F5F5F5\">\u20ac 380<\/td>\n<td align=\"center\" valign=\"middle\" bgcolor=\"#F5F5F5\">\u20ac 440<\/td>\n<td align=\"center\" valign=\"middle\" bgcolor=\"#F5F5F5\">\u20ac 490<\/td>\n<td align=\"center\" valign=\"middle\" bgcolor=\"#F5F5F5\">\u20ac 560<\/td>\n<td align=\"center\" valign=\"middle\" bgcolor=\"#F5F5F5\">\u20ac 640<\/td>\n<td align=\"center\" valign=\"middle\" bgcolor=\"#F5F5F5\">\u20ac 750<\/td>\n<td align=\"center\" valign=\"middle\" bgcolor=\"#F5F5F5\">\u20ac 920<\/td>\n<\/tr>\n<tr>\n<td class=\"title\" align=\"center\" bgcolor=\"#087dc2\" width=\"19%\">TIPO DI ALLOGGIO<\/td>\n<td class=\"title\" align=\"center\" bgcolor=\"#087dc2\" width=\"9%\">A<\/td>\n<td class=\"title\" align=\"center\" bgcolor=\"#087dc2\" width=\"9%\">B<\/td>\n<td class=\"title\" align=\"center\" bgcolor=\"#087dc2\" width=\"9%\">C<\/td>\n<td class=\"title\" align=\"center\" bgcolor=\"#087dc2\" width=\"9%\">D<\/td>\n<td class=\"title\" align=\"center\" bgcolor=\"#087dc2\" width=\"9%\">E<\/td>\n<td class=\"title\" align=\"center\" bgcolor=\"#087dc2\" width=\"9%\">F<\/td>\n<td class=\"title\" align=\"center\" bgcolor=\"#087dc2\" width=\"9%\">G<\/td>\n<td class=\"title\" align=\"center\" bgcolor=\"#087dc2\" width=\"9%\">H<\/td>\n<td class=\"title\" align=\"center\" bgcolor=\"#087dc2\" width=\"9%\">I<\/td>\n<\/tr>\n<\/tbody>\n<\/table>\n<p>&nbsp;<\/p>\n<p>Nel periodo &#8220;A&#8221; il costo giornaliero di un alloggio monolocale \u00e8 di \u20ac 40,00 per 2 p.l.; \u20ac 60,00 per 4 p.l.; bilocale da 4-5 posti letto \u20ac 80,00;<\/p>\n<p><strong>Negli alloggi, nel periodo di bassa stagione, l\u2019angolo cottura non \u00e8 utilizzabile. Riscaldamento, se richiesto, supplemento giornaliero per monolocale \u20ac 5,00, bilocale \u20ac 8,00, altre strutture \u20ac 10,00.<\/strong><\/p>\n<p>* Il soggiorno inizia con l\u2019arrivo dalle ore 16:00 in poi e termina alle ore 10:00 del giorno di partenza. Per arrivi anticipati chiedere alla reception se l&#8217;alloggio \u00e8 disponibile.<\/p>\n<p>* La biancheria da letto, da bagno e il tovagliato da cucina possono essere noleggiati all\u2019arrivo, rispettivamente ad \u20ac 8,00 per persona e per cambio ed \u20ac 5,00 per quattro persone e per cambio.<\/p>\n<p>* Gli ospiti dovranno provvedere a loro cura al riordino e alla pulizia dell\u2019alloggio; qualora non venisse riconsegnato pulito saranno trattenuti dal deposito cauzionale, quale costo forfettario per il riordino dell\u2019unit\u00e0 occupata, \u20ac 15,00 per monolocale, \u20ac 20,00 per bilocale, \u20ac 25,00 per trilocale ed \u20ac 30,00 per quadrilocale.<\/p>\n<p>* A richiesta si effettua la pulizia delle abitazioni al costo giornaliero di \u20ac 3,00 per persona presente. Il servizio comprende il riordino dell\u2019alloggio, cucina inclusa.<\/p>\n<p>* Le tariffe comprendono il forfait dei consumi di energia elettrica, acqua, gas, iva e tassa di soggiorno.<\/p>\n<p>* Nel periodo di apertura del lido il servizio spiaggia, secondo la disponibilit\u00e0, \u00e8 gratuito, (ombrellone e due lettini per alloggio, doppi per il quadrilocale) per i soggiorni di almeno una settimana. I posti sul lido sono assegnati dalla direzione, secondo la disponibilit\u00e0. Per soggiorni di durata inferiore alla settimana il servizio spiaggia a pagamento.<\/p>\n<p>* Parcheggio della prima auto \u00e8 incluso; \u00e8 per ogni auto in pi\u00f9 \u20ac 25,00 a settimana.<\/p>\n<p>* Aria condizionata, se richiesta, \u20ac 40,00 a settimana (negli alloggi B1, C1, C4, C6, H1, L1, N1, N2, N4 e N5).<\/p>\n<p>* Animali ammessi. Costo settimanale \u20ac 30,00 per cane, \u20ac 20,00 per gatto. \u00c8 compreso il costo per la sanificazione dell&#8217;alloggio.<\/p>\n<p>* Cauzione: \u20ac 100,00 restituibile a fine soggiorno dopo la riconsegna e la verifica dell\u2019alloggio.<br \/>\n<!--\n\n\n<h2>RISTORAZIONE<\/h2>\n\n\nE\u2019 possibile usufruire della ristorazione in uno dei seguenti modi:\n\n\n<ol>\n \t\n\n<li>utilizzo dell\u2019angolo cottura all\u2019interno dell\u2019alloggio;<\/li>\n\n\n \t\n\n<li>consumare il pranzo presso il bar della spiaggia;<\/li>\n\n\n \t\n\n<li>prenotare i piatti d\u2019asporto o un box-lunch al ristorante;<\/li>\n\n\n \t\n\n<li><strong>convenzione con il nostro ristorante (per un periodo minimo di 6gg. consecutivi) .<\/strong><\/li>\n\n\n<\/ol>\n\n\nCosti della convenzione per persona (\u00e9 possibile scegliere anche una sola delle proposte):\n\n- prima colazione all'italiana \u20ac 4,50;\n\n- pranzo \u20ac 18,00;\n\n- cena \u20ac 14,00;\n\n- bambini 0\/3 anni non compiuti gratis se consumano i pasti dei genitori;\n\n- bambini 3\/8 anni non compiuti sconto 30%, con men\u00f9 a loro dedicato;\n\n- ragazzi 8\/12 anni non compiuti sconto 20%.\n\nPranzo e cena prevedono: primo, secondo, contorno, frutta o dolce, acqua, vino e caff\u00e8, con inizio dal pranzo o dalla cena del giorno di arrivo e termine con la prima colazione del giorno di partenza.\nIl servizio spiaggia \u00e8 incluso e comprende 1 ombrellone e 2 lettini per ciascun alloggio con inizio dal giorno di arrivo per terminare il giorno prima della partenza.\n\n<strong>La formula mezza pensione o pensione completa <\/strong>comprende:\n\nla prima colazione all'italiana; il pranzo o la cena, con scelta di piatti dal men\u00f9 giornaliero che prevede: primo, secondo, contorno, frutta o dolce, 1\/2 acqua minerale, 1\/4 vino e caff\u00e8. Il servizio \u00e9 svolto al tavolo ed a buffet per alcune portate. Per i bambini \u00e8 previsto un men\u00f9 a loro dedicato. Le bevande e le consumazioni extra si pagano giornalmente al ristorante. E\u2019 consentito sostituire il pranzo con un box-lunch da consumare in spiaggia o al sacco in caso di gita.\nIl trattamento di pensione, ha inizio con il pranzo (pensione completa) o con la cena (mezza pensione) del giorno di arrivo e termina con la prima colazione del giorno di partenza.\n\nLa formula hotel, di durata settimanale, prevede il riordino e la pulizia bisettimanale dell\u2019abitazione, il cambio bisettimanale della biancheria da letto e della biancheria da bagno. Se si opta per la formula mezza pensione non \u00e8 prevista la pulizia dell'alloggio e la fornitura della biancheria da bagno.\n\nIl personale addetto al riordino delle camere effettuer\u00e0 le pulizie tra le 10:00 e le 12:00 oppure tra le 16:00 e le 18:00.--><\/p>\n","protected":false},"excerpt":{"rendered":"<p>Il camping &#8220;La Bussola&#8221; \u00e8 situato sulla Riviera sud di Manfredonia. Si trova direttamente sul mare (non si attraversano strade per raggiungere la spiaggia), a circa 10 km. dal centro della citt\u00e0. Il terreno sul quale sorge il complesso \u00e8<\/p>\n","protected":false},"author":3,"featured_media":34,"parent":0,"menu_order":0,"comment_status":"open","ping_status":"open","template":"","meta":{"footnotes":""},"class_list":["post-9","page","type-page","status-publish","has-post-thumbnail","hentry"],"_links":{"self":[{"href":"https:\/\/www.la-bussola.it\/it\/wp-json\/wp\/v2\/pages\/9","targetHints":{"allow":["GET"]}}],"collection":[{"href":"https:\/\/www.la-bussola.it\/it\/wp-json\/wp\/v2\/pages"}],"about":[{"href":"https:\/\/www.la-bussola.it\/it\/wp-json\/wp\/v2\/types\/page"}],"author":[{"embeddable":true,"href":"https:\/\/www.la-bussola.it\/it\/wp-json\/wp\/v2\/users\/3"}],"replies":[{"embeddable":true,"href":"https:\/\/www.la-bussola.it\/it\/wp-json\/wp\/v2\/comments?post=9"}],"version-history":[{"count":0,"href":"https:\/\/www.la-bussola.it\/it\/wp-json\/wp\/v2\/pages\/9\/revisions"}],"wp:featuredmedia":[{"embeddable":true,"href":"https:\/\/www.la-bussola.it\/it\/wp-json\/wp\/v2\/media\/34"}],"wp:attachment":[{"href":"https:\/\/www.la-bussola.it\/it\/wp-json\/wp\/v2\/media?parent=9"}],"curies":[{"name":"wp","href":"https:\/\/api.w.org\/{rel}","templated":true}]}}